{"id":84647,"date":"2024-07-23T17:32:40","date_gmt":"2024-07-23T10:32:40","guid":{"rendered":"https:\/\/www.workingskills.net\/?post_type=product&#038;p=84647"},"modified":"2026-03-17T09:26:39","modified_gmt":"2026-03-17T02:26:39","slug":"hcmiu-shcddk-nhom-ky-nang-danh-cho-sinh-vien-nam-1","status":"publish","type":"product","link":"https:\/\/www.workingskills.net\/vi\/san-pham\/hcmiu-shcddk-nhom-ky-nang-danh-cho-sinh-vien-nam-1\/","title":{"rendered":"SHCDDK &#8211; Nh\u00f3m k\u1ef9 n\u0103ng d\u00e0nh cho sinh vi\u00ean n\u0103m 1"},"content":{"rendered":"<p>Nh\u00f3m k\u1ef9 n\u0103ng d\u00e0nh cho sinh vi\u00ean n\u0103m 1<\/p>\n<ul>\n<li>K\u1ef9 n\u0103ng h\u1ecdc \u0111\u1ea1i h\u1ecdc hi\u1ec7u qu\u1ea3<\/li>\n<li>K\u1ef9 n\u0103ng l\u1eadp k\u1ebf ho\u1ea1ch h\u1ecdc t\u1eadp v\u00e0 tr\u1ea3i nghi\u1ec7m trong 4 n\u0103m \u0111\u1ea1i h\u1ecdc<\/li>\n<li>K\u1ef9 n\u0103ng giao ti\u1ebfp c\u01a1 b\u1ea3n<\/li>\n<li>K\u1ef9 n\u0103ng vi\u1ebft email, vi\u1ebft th\u01b0 \u1ee9ng tuy\u1ec3n, tr\u00ecnh b\u00e0y nguy\u1ec7n v\u1ecdng<\/li>\n<li>K\u1ef9 n\u0103ng l\u1eafng nghe v\u00e0 ph\u1ea3n h\u1ed3i<\/li>\n<li>S\u1eed d\u1ee5ng s\u01a1 \u0111\u1ed3 t\u01b0 duy trong h\u1ecdc t\u1eadp, \u0111\u1ecdc s\u00e1ch v\u00e0 thuy\u1ebft tr\u00ecnh<\/li>\n<\/ul>\n<p>Nh\u00f3m k\u1ef9 n\u0103ng n\u00e0y d\u00e0nh cho c\u00e1c sinh vi\u00ean n\u0103m 1, \u0111\u1ee3t sinh ho\u1ea1t c\u00f4ng d\u00e2n \u0111\u1ea7u kho\u00e1, Tr\u01b0\u1eddng \u0110\u1ea1i h\u1ecdc Qu\u1ed1c t\u1ebf TP. H\u1ed3 Ch\u00ed Minh.<\/p>","protected":false},"excerpt":{"rendered":"<p>Nh\u00f3m k\u1ef9 n\u0103ng d\u00e0nh cho c\u00e1c sinh vi\u00ean n\u0103m 1, \u0111\u1ee3t sinh ho\u1ea1t c\u00f4ng d\u00e2n \u0111\u1ea7u kho\u00e1, Tr\u01b0\u1eddng \u0110\u1ea1i h\u1ecdc Qu\u1ed1c t\u1ebf TP. H\u1ed3 Ch\u00ed Minh.<\/p>","protected":false},"featured_media":1691,"comment_status":"closed","ping_status":"closed","template":"","meta":{"_uag_custom_page_level_css":"","site-sidebar-layout":"default","site-content-layout":"","ast-site-content-layout":"default","site-content-style":"default","site-sidebar-style":"default","ast-global-header-display":"","ast-banner-title-visibility":"","ast-main-header-display":"","ast-hfb-above-header-display":"","ast-hfb-below-header-display":"","ast-hfb-mobile-header-display":"","site-post-title":"","ast-breadcrumbs-content":"","ast-featured-img":"","footer-sml-layout":"","theme-transparent-header-meta":"default","adv-header-id-meta":"","stick-header-meta":"","header-above-stick-meta":"","header-main-stick-meta":"","header-below-stick-meta":"","astra-migrate-meta-layouts":"set","ast-page-background-enabled":"default","ast-page-background-meta":{"desktop":{"background-color":"","background-image":"","background-repeat":"repeat","background-position":"center center","background-size":"auto","background-attachment":"scroll","background-type":"","background-media":"","overlay-type":"","overlay-color":"","overlay-opacity":"","overlay-gradient":""},"tablet":{"background-color":"","background-image":"","background-repeat":"repeat","background-position":"center center","background-size":"auto","background-attachment":"scroll","background-type":"","background-media":"","overlay-type":"","overlay-color":"","overlay-opacity":"","overlay-gradient":""},"mobile":{"background-color":"","background-image":"","background-repeat":"repeat","background-position":"center center","background-size":"auto","background-attachment":"scroll","background-type":"","background-media":"","overlay-type":"","overlay-color":"","overlay-opacity":"","overlay-gradient":""}},"ast-content-background-meta":{"desktop":{"background-color":"var(--ast-global-color-5)","background-image":"","background-repeat":"repeat","background-position":"center center","background-size":"auto","background-attachment":"scroll","background-type":"","background-media":"","overlay-type":"","overlay-color":"","overlay-opacity":"","overlay-gradient":""},"tablet":{"background-color":"var(--ast-global-color-5)","background-image":"","background-repeat":"repeat","background-position":"center center","background-size":"auto","background-attachment":"scroll","background-type":"","background-media":"","overlay-type":"","overlay-color":"","overlay-opacity":"","overlay-gradient":""},"mobile":{"background-color":"var(--ast-global-color-5)","background-image":"","background-repeat":"repeat","background-position":"center center","background-size":"auto","background-attachment":"scroll","background-type":"","background-media":"","overlay-type":"","overlay-color":"","overlay-opacity":"","overlay-gradient":""}}},"product_brand":[],"product_cat":[375],"product_tag":[],"class_list":{"0":"post-84647","1":"product","2":"type-product","3":"status-publish","4":"has-post-thumbnail","6":"product_cat-ky-nang-lam-viec-chuyen-nghiep-danh-cho-sinh-vien","7":"desktop-align-left","8":"tablet-align-left","9":"mobile-align-left","11":"first","12":"instock","13":"virtual","14":"sold-individually","15":"purchasable","16":"product-type-simple"},"uagb_featured_image_src":{"full":["https:\/\/www.workingskills.net\/wp-content\/uploads\/2016\/11\/Time-priority.jpg",350,250,false],"thumbnail":["https:\/\/www.workingskills.net\/wp-content\/uploads\/2016\/11\/Time-priority-150x150.jpg",150,150,true],"medium":["https:\/\/www.workingskills.net\/wp-content\/uploads\/2016\/11\/Time-priority-300x214.jpg",300,214,true],"medium_large":["https:\/\/www.workingskills.net\/wp-content\/uploads\/2016\/11\/Time-priority.jpg",350,250,false],"large":["https:\/\/www.workingskills.net\/wp-content\/uploads\/2016\/11\/Time-priority.jpg",350,250,false],"1536x1536":["https:\/\/www.workingskills.net\/wp-content\/uploads\/2016\/11\/Time-priority.jpg",350,250,false],"2048x2048":["https:\/\/www.workingskills.net\/wp-content\/uploads\/2016\/11\/Time-priority.jpg",350,250,false],"trp-custom-language-flag":["https:\/\/www.workingskills.net\/wp-content\/uploads\/2016\/11\/Time-priority.jpg",18,12,false],"woocommerce_thumbnail":["https:\/\/www.workingskills.net\/wp-content\/uploads\/2016\/11\/Time-priority-300x250.jpg",300,250,true],"woocommerce_single":["https:\/\/www.workingskills.net\/wp-content\/uploads\/2016\/11\/Time-priority.jpg",350,250,false],"woocommerce_gallery_thumbnail":["https:\/\/www.workingskills.net\/wp-content\/uploads\/2016\/11\/Time-priority-100x100.jpg",100,100,true]},"uagb_author_info":{"display_name":"Ho\u00e0ng Nguy\u1ec5n","author_link":"https:\/\/www.workingskills.net\/vi\/author\/"},"uagb_comment_info":0,"uagb_excerpt":"Nh\u00f3m k\u1ef9 n\u0103ng d\u00e0nh cho c\u00e1c sinh vi\u00ean n\u0103m 1, \u0111\u1ee3t sinh ho\u1ea1t c\u00f4ng d\u00e2n \u0111\u1ea7u kho\u00e1, Tr\u01b0\u1eddng \u0110\u1ea1i h\u1ecdc Qu\u1ed1c t\u1ebf TP. H\u1ed3 Ch\u00ed Minh.","_links":{"self":[{"href":"https:\/\/www.workingskills.net\/vi\/wp-json\/wp\/v2\/product\/84647","targetHints":{"allow":["GET"]}}],"collection":[{"href":"https:\/\/www.workingskills.net\/vi\/wp-json\/wp\/v2\/product"}],"about":[{"href":"https:\/\/www.workingskills.net\/vi\/wp-json\/wp\/v2\/types\/product"}],"replies":[{"embeddable":true,"href":"https:\/\/www.workingskills.net\/vi\/wp-json\/wp\/v2\/comments?post=84647"}],"wp:featuredmedia":[{"embeddable":true,"href":"https:\/\/www.workingskills.net\/vi\/wp-json\/wp\/v2\/media\/1691"}],"wp:attachment":[{"href":"https:\/\/www.workingskills.net\/vi\/wp-json\/wp\/v2\/media?parent=84647"}],"wp:term":[{"taxonomy":"product_brand","embeddable":true,"href":"https:\/\/www.workingskills.net\/vi\/wp-json\/wp\/v2\/product_brand?post=84647"},{"taxonomy":"product_cat","embeddable":true,"href":"https:\/\/www.workingskills.net\/vi\/wp-json\/wp\/v2\/product_cat?post=84647"},{"taxonomy":"product_tag","embeddable":true,"href":"https:\/\/www.workingskills.net\/vi\/wp-json\/wp\/v2\/product_tag?post=84647"}],"curies":[{"name":"wp","href":"https:\/\/api.w.org\/{rel}","templated":true}]}}