{"id":36347,"date":"2020-09-04T11:49:58","date_gmt":"2020-09-04T04:49:58","guid":{"rendered":"https:\/\/workingskills.net\/?post_type=product&#038;p=36347"},"modified":"2024-07-24T19:21:44","modified_gmt":"2024-07-24T12:21:44","slug":"bo-3-ky-nang-mem-nguoi-lam-marketing-khong-the-thieu","status":"publish","type":"product","link":"https:\/\/www.workingskills.net\/vi\/san-pham\/bo-3-ky-nang-mem-nguoi-lam-marketing-khong-the-thieu\/","title":{"rendered":"B\u1ed8 3 K\u1ef8 N\u0102NG &#8220;M\u1ec0M&#8221; NG\u01af\u1edcI L\u00c0M MARKETING KH\u00d4NG TH\u1ec2 THI\u1ebeU\u200b"},"content":{"rendered":"<ul>\n<li><strong>B\u1ea1n \u0111ang mu\u1ed1n tr\u1edf th\u00e0nh m\u1ed9t nh\u00e2n vi\u00ean Marketing?<\/strong><\/li>\n<li><strong>B\u1ea1n \u0111\u00e3 \u1ee9ng tuy\u1ec3n v\u00e0o m\u1ed9t v\u1ecb tr\u00ed nh\u00e2n vi\u00ean Marketing nh\u01b0ng kh\u00f4ng \u0111\u01b0\u1ee3c nh\u1eadn?<\/strong><\/li>\n<li><strong>B\u1ea1n \u0111ang l\u00e0m vi\u1ec7c trong l\u0129nh v\u1ef1c Marketing nh\u01b0ng v\u1eabn c\u1ea3m th\u1ea5y thi\u1ebfu t\u1ef1 tin?<\/strong><\/li>\n<\/ul>\n<p>N\u1ebfu b\u1ea1n \u0111ang tr\u1ea3i qua nh\u1eefng t\u00ecnh hu\u1ed1ng tr\u00ean th\u00ec c\u00f3 th\u1ec3 b\u1ea1n \u0111ang &#8220;thi\u1ebfu \u0111i&#8221; m\u1ed9t s\u1ed1 k\u1ef9 n\u0103ng quan tr\u1ecdng d\u00e0nh cho ng\u01b0\u1eddi l\u00e0m Marketing.<\/p>\n<p>Theo kh\u1ea3o s\u00e1t c\u1ee7a Internship.edu.vn (C\u1ed5ng th\u00f4ng tin th\u1ef1c t\u1eadp &#8211; vi\u1ec7c l\u00e0m d\u00e0nh cho sinh vi\u00ean, sinh vi\u00ean m\u1edbi t\u1ed1t nghi\u1ec7p) tr\u00ean 1000 doanh nghi\u1ec7p l\u00e0m vi\u1ec7c trong l\u0129nh v\u1ef1c Marketing th\u00ec ph\u1ea7n l\u1edbn c\u00e1c doanh nghi\u1ec7p \u0111\u1ec1u ph\u1ea3n h\u1ed3i r\u1eb1ng<strong>:<\/strong><\/p>\n<ul>\n<li><strong>H\u01a1n 80% sinh vi\u00ean thi\u1ebfu c\u00e1c k\u1ef9 n\u0103ng c\u1ea7n thi\u1ebft cho vai tr\u00f2 nh\u00e2n vi\u00ean Marketing.<\/strong><\/li>\n<li><strong>H\u01a1n 75% sinh vi\u00ean kh\u00f4ng n\u1eafm v\u1eefng c\u00e1c k\u1ef9 n\u0103ng quan tr\u1ecdng c\u1ee7a m\u1ed9t nh\u00e2n vi\u00ean Marketing nh\u01b0ng l\u1ea1i ngh\u0129 r\u1eb1ng m\u00ecnh \u0111ang c\u00f3 nh\u1eefng k\u1ef9 n\u0103ng \u0111\u00f3.<\/strong><\/li>\n<li><strong>H\u01a1n 50% sinh vi\u00ean v\u1eabn c\u00f2n m\u01a1 h\u1ed3 v\u1ec1 nh\u1eefng k\u1ef9 n\u0103ng l\u00e0m vi\u1ec7c chuy\u00ean nghi\u1ec7p d\u00e0nh cho nh\u00e2n vi\u00ean Marketing.<\/strong><\/li>\n<\/ul>\n<p>V\u1eady nh\u1eefng k\u1ef9 n\u0103ng \u0111\u00f3 l\u00e0 g\u00ec? D\u01b0\u1edbi \u0111\u00e2y l\u00e0 B\u1ed9 3 K\u1ef9 N\u0103ng &#8220;M\u1ec1m&#8221; Kh\u00f4ng Th\u1ec3 Thi\u1ebfu d\u00e0nh cho b\u1ea5t k\u1ef3 ai mu\u1ed1n theo \u0111u\u1ed5i l\u0129nh v\u1ef1c Marketing, \u0111\u00f3 l\u00e0<\/p>\n<ul>\n<li>\n<h4><strong>K\u1ef9 n\u0103ng giao ti\u1ebfp r\u00f5 r\u00e0ng, cu\u1ed1n h\u00fat ng\u01b0\u1eddi kh\u00e1c<\/strong><\/h4>\n<\/li>\n<li>\n<h4><strong>K\u1ef9 n\u0103ng qu\u1ea3n l\u00fd th\u1eddi gian, l\u1eadp k\u1ebf ho\u1ea1ch chuy\u00ean nghi\u1ec7p<\/strong><\/h4>\n<\/li>\n<li>\n<h4><strong>K\u1ef9 n\u0103ng thuy\u1ebft tr\u00ecnh &#8211; k\u1ec3 chuy\u1ec7n thu h\u00fat<\/strong><\/h4>\n<\/li>\n<\/ul>\n<p><strong>N\u1ebfu nh\u01b0 b\u1ea1n \u0111ang mu\u1ed1n theo \u0111u\u1ed5i l\u0129nh v\u1ef1c Marketing v\u00e0 mong mu\u1ed1n th\u00e0nh c\u00f4ng tr\u00ean l\u0129nh v\u1ef1c n\u00e0y th\u00ec h\u00e3y \u0111\u1ec3 ch\u00fang t\u00f4i gi\u00fap b\u1ea1n. H\u00e3y tham gia ngay Kh\u00f3a h\u1ecdc tr\u1ef1c tuy\u1ebfn &#8220;B\u1ed8 3 K\u1ef8 N\u0102NG &#8220;M\u1ec0M&#8221; NG\u01af\u1edcI L\u00c0M MARKETING KH\u00d4NG TH\u1ec2 THI\u1ebeU\u200b&#8221; c\u1ee7a Workingskills.net. \u0110\u1ebfn v\u1edbi ch\u00fang t\u00f4i, nh\u1eefng g\u00ec b\u1ea1n \u0111\u01b0\u1ee3c tr\u1ea3i nghi\u1ec7m KH\u00d4NG CH\u1ec8 L\u00c0 M\u1ed8T KH\u00d3A H\u1eccC:<\/strong><\/p>\n<ul>\n<li>B\u1ea1n s\u1ebd bi\u1ebft c\u00e1ch giao ti\u1ebfp, tr\u00ecnh b\u00e0y hi\u1ec7u qu\u1ea3, chuy\u00ean nghi\u1ec7p t\u1eeb c\u00e1ch vi\u1ebft email \u0111\u1ebfn c\u00e1ch chia s\u1ebb \u00fd t\u01b0\u1edfng, quan \u0111i\u1ec3m c\u1ee7a b\u1ea3n th\u00e2n v\u1edbi nh\u1eefng k\u1ef9 thu\u1eadt nh\u01b0 &#8220;Nguy\u00ean t\u1eafc 7C trong giao ti\u1ebfp&#8221;, &#8220;C\u1eeda s\u1ed5 Johari&#8221; hay v\u1edbi &#8220;H\u00e0nh tr\u00ecnh t\u1ea1o \u1ea5n t\u01b0\u1ee3ng ban \u0111\u1ea7u khi b\u01b0\u1edbc v\u00e0o m\u00f4i tr\u01b0\u1eddng c\u00f4ng s\u1edf&#8221;.<\/li>\n<li>B\u1ea1n s\u1ebd bi\u1ebft c\u00e1ch thuy\u1ebft tr\u00ecnh &#8211; k\u1ec3 chuy\u1ec7n m\u1ed9t c\u00e1ch \u0111\u1ea7y t\u1ef1 tin th\u00f4ng qua nh\u1eefng k\u1ef9 thu\u1eadt nh\u01b0 &#8220;Ngh\u1ec7 thu\u1eadt thuy\u1ebft tr\u00ecnh si\u00eau t\u1ed1c&#8221;, &#8220;K\u1ef9 thu\u1eadt thuy\u1ebft tr\u00ecnh Monroe&#8221;, &#8220;B\u1ed1n c\u1ea5u tr\u00fac thuy\u1ebft tr\u00ecnh hi\u1ec7u qu\u1ea3 th\u01b0\u1eddng g\u1eb7p&#8221;,&#8230;<\/li>\n<li>Bi\u1ebft c\u00e1ch qu\u1ea3n l\u00fd th\u1eddi gian &#8211; qu\u1ea3n l\u00fd b\u1ea3n th\u00e2n v\u1edbi h\u00e0ng lo\u1ea1t k\u1ef9 thu\u1eadt hi\u1ec7u qu\u1ea3 nh\u01b0 &#8220;M\u00f4 h\u00ecnh \u0110\u00e1 &#8211; S\u1ecfi &#8211; C\u00e1t &#8211; N\u01b0\u1edbc&#8221;, &#8220;To do list&#8221;, &#8220;Ph\u01b0\u01a1ng ph\u00e1p l\u1eadp k\u1ebf ho\u1ea1ch 5WH2C5M&#8221;, &#8220;K\u1ef9 thu\u1eadt \u0111\u00f2n b\u1eaby&#8221;&#8230;<\/li>\n<li><strong>B\u1ea1n s\u1ebd \u0111\u01b0\u1ee3c ch\u00fang t\u00f4i t\u01b0 v\u1ea5n c\u00e1ch vi\u1ebft, \u0111i\u1ec1u ch\u1ec9nh CV ph\u00f9 h\u1ee3p v\u1edbi v\u1ecb tr\u00ed nh\u00e2n vi\u00ean Marketing.<\/strong><\/li>\n<li><strong>B\u1ea1n s\u1ebd \u0111\u01b0\u1ee3c ch\u00fang t\u00f4i k\u1ebft n\u1ed1i, g\u1eedi h\u1ed3 s\u01a1 \u1ee9ng tuy\u1ec3n \u0111\u1ebfn c\u00e1c doanh nghi\u1ec7p c\u00f3 nhu c\u1ea7u tuy\u1ec3n d\u1ee5ng v\u1ecb tr\u00ed Marketing ph\u00f9 h\u1ee3p.<\/strong><\/li>\n<li><strong>B\u1ea1n s\u1ebd \u0111\u01b0\u1ee3c \u0111\u1ed9i ng\u0169 chuy\u00ean gia c\u1ee7a ch\u00fang t\u00f4i t\u01b0 v\u1ea5n con \u0111\u01b0\u1eddng ph\u00e1t tri\u1ec3n ngh\u1ec1 nghi\u1ec7p Marketing c\u1ee7a m\u00ecnh.<\/strong><\/li>\n<li>Th\u1eddi h\u1ea1n truy c\u1eadp kh\u00f3a h\u1ecdc v\u00e0 h\u1ed7 tr\u1ee3 l\u00e0 <strong>365 ng\u00e0y<\/strong> k\u1ec3 t\u1eeb ng\u00e0y thanh to\u00e1n th\u00e0nh c\u00f4ng!<\/li>\n<\/ul>\n<h4><strong>Ch\u00fang t\u00f4i mang \u0111\u1ebfn cho b\u1ea1n KH\u00d4NG CH\u1ec8 L\u00c0 M\u1ed8T KH\u00d3A H\u1eccC m\u00e0 c\u00f2n l\u00e0 M\u1ed8T H\u00c0NH TR\u00ccNH NGH\u1ec0 NGHI\u1ec6P V\u1eeeNG CH\u1eaeC.<\/strong><\/h4>\n<p><strong>\u0110\u1ed9i ng\u0169 chuy\u00ean gia c\u1ee7a ch\u00fang t\u00f4i l\u00e0 ai?<\/strong><\/p>\n<ul>\n<li>\u0110\u1ed9i ng\u0169 c\u1ee7a ch\u00fang t\u00f4i l\u00e0 c\u00e1c chuy\u00ean gia \u0111\u00e0o t\u1ea1o, tuy\u1ec3n d\u1ee5ng v\u1edbi h\u01a1n 15 n\u0103m kinh nghi\u1ec7m trong vi\u1ec7c tuy\u1ec3n d\u1ee5ng, ph\u00e1t tri\u1ec3n t\u00e0i n\u0103ng cho c\u00e1c t\u1eadp \u0111o\u00e0n nh\u01b0 Unilever, P&amp;G, Pepsico, Nike, Samsung, Friesland Campina, Sacombank, ACB, VPBank, Grab, Nash Tech, DEK, KMS,&#8230; B\u1ea1n c\u00f3 th\u1ec3 tham kh\u1ea3o th\u00eam t\u1ea1i <a href=\"http:\/\/www.talentmind.edu.vn\/\" target=\"_blank\" rel=\"noreferrer noopener\">Talent Mind Education.<\/a><\/li>\n<\/ul>\n<h3><em><strong>\u01afU \u0110\u00c3I C\u1ef0C S\u1ed0C &#8211; GI\u1ea2M 50% T\u1eea NAY \u0110\u1ebeN H\u1ebeT 13\/09.<\/strong><\/em><\/h3>\n<h4><strong>H\u00e3y \u0111\u0103ng k\u00fd ngay h\u00f4m nay \u0111\u1ec3 c\u00f3 m\u1ed9t s\u1ef1 chu\u1ea9n b\u1ecb t\u1ed1t nh\u1ea5t cho s\u1ef1 nghi\u00eap t\u01b0\u01a1ng lai c\u1ee7a b\u1ea1n!<\/strong><\/h4>","protected":false},"excerpt":{"rendered":"<p>B\u1ea1n \u0111ang mu\u1ed1n tr\u1edf th\u00e0nh m\u1ed9t nh\u00e2n vi\u00ean Marketing? B\u1ea1n \u0111\u00e3 \u1ee9ng tuy\u1ec3n v\u00e0o m\u1ed9t v\u1ecb tr\u00ed nh\u00e2n vi\u00ean Marketing nh\u01b0ng kh\u00f4ng \u0111\u01b0\u1ee3c nh\u1eadn? B\u1ea1n \u0111ang l\u00e0m vi\u1ec7c trong l\u0129nh v\u1ef1c Marketing nh\u01b0ng v\u1eabn c\u1ea3m th\u1ea5y thi\u1ebfu t\u1ef1 tin? N\u1ebfu b\u1ea1n \u0111ang tr\u1ea3i qua nh\u1eefng t\u00ecnh hu\u1ed1ng tr\u00ean th\u00ec c\u00f3 th\u1ec3 b\u1ea1n \u0111ang &#8220;thi\u1ebfu \u0111i&#8221; [&hellip;]<\/p>","protected":false},"featured_media":29280,"comment_status":"closed","ping_status":"closed","template":"","meta":{"_uag_custom_page_level_css":"","site-sidebar-layout":"default","site-content-layout":"default","ast-site-content-layout":"default","site-content-style":"default","site-sidebar-style":"default","ast-global-header-display":"","ast-banner-title-visibility":"","ast-main-header-display":"","ast-hfb-above-header-display":"","ast-hfb-below-header-display":"","ast-hfb-mobile-header-display":"","site-post-title":"","ast-breadcrumbs-content":"","ast-featured-img":"","footer-sml-layout":"","theme-transparent-header-meta":"default","adv-header-id-meta":"","stick-header-meta":"","header-above-stick-meta":"","header-main-stick-meta":"","header-below-stick-meta":"","astra-migrate-meta-layouts":"set","ast-page-background-enabled":"default","ast-page-background-meta":{"desktop":{"background-color":"","background-image":"","background-repeat":"repeat","background-position":"center center","background-size":"auto","background-attachment":"scroll","background-type":"","background-media":"","overlay-type":"","overlay-color":"","overlay-opacity":"","overlay-gradient":""},"tablet":{"background-color":"","background-image":"","background-repeat":"repeat","background-position":"center center","background-size":"auto","background-attachment":"scroll","background-type":"","background-media":"","overlay-type":"","overlay-color":"","overlay-opacity":"","overlay-gradient":""},"mobile":{"background-color":"","background-image":"","background-repeat":"repeat","background-position":"center center","background-size":"auto","background-attachment":"scroll","background-type":"","background-media":"","overlay-type":"","overlay-color":"","overlay-opacity":"","overlay-gradient":""}},"ast-content-background-meta":{"desktop":{"background-color":"var(--ast-global-color-5)","background-image":"","background-repeat":"repeat","background-position":"center center","background-size":"auto","background-attachment":"scroll","background-type":"","background-media":"","overlay-type":"","overlay-color":"","overlay-opacity":"","overlay-gradient":""},"tablet":{"background-color":"var(--ast-global-color-5)","background-image":"","background-repeat":"repeat","background-position":"center center","background-size":"auto","background-attachment":"scroll","background-type":"","background-media":"","overlay-type":"","overlay-color":"","overlay-opacity":"","overlay-gradient":""},"mobile":{"background-color":"var(--ast-global-color-5)","background-image":"","background-repeat":"repeat","background-position":"center center","background-size":"auto","background-attachment":"scroll","background-type":"","background-media":"","overlay-type":"","overlay-color":"","overlay-opacity":"","overlay-gradient":""}}},"product_brand":[],"product_cat":[375],"product_tag":[],"class_list":{"0":"post-36347","1":"product","2":"type-product","3":"status-publish","4":"has-post-thumbnail","6":"product_cat-ky-nang-lam-viec-chuyen-nghiep-danh-cho-sinh-vien","7":"desktop-align-left","8":"tablet-align-left","9":"mobile-align-left","11":"first","12":"instock","13":"shipping-taxable","14":"purchasable","15":"product-type-simple"},"uagb_featured_image_src":{"full":["https:\/\/www.workingskills.net\/wp-content\/uploads\/2020\/04\/brainstorming1.png",350,250,false],"thumbnail":["https:\/\/www.workingskills.net\/wp-content\/uploads\/2020\/04\/brainstorming1-150x150.png",150,150,true],"medium":["https:\/\/www.workingskills.net\/wp-content\/uploads\/2020\/04\/brainstorming1-300x214.png",300,214,true],"medium_large":["https:\/\/www.workingskills.net\/wp-content\/uploads\/2020\/04\/brainstorming1.png",350,250,false],"large":["https:\/\/www.workingskills.net\/wp-content\/uploads\/2020\/04\/brainstorming1.png",350,250,false],"1536x1536":["https:\/\/www.workingskills.net\/wp-content\/uploads\/2020\/04\/brainstorming1.png",350,250,false],"2048x2048":["https:\/\/www.workingskills.net\/wp-content\/uploads\/2020\/04\/brainstorming1.png",350,250,false],"trp-custom-language-flag":["https:\/\/www.workingskills.net\/wp-content\/uploads\/2020\/04\/brainstorming1.png",18,12,false],"woocommerce_thumbnail":["https:\/\/www.workingskills.net\/wp-content\/uploads\/2020\/04\/brainstorming1-300x250.png",300,250,true],"woocommerce_single":["https:\/\/www.workingskills.net\/wp-content\/uploads\/2020\/04\/brainstorming1.png",350,250,false],"woocommerce_gallery_thumbnail":["https:\/\/www.workingskills.net\/wp-content\/uploads\/2020\/04\/brainstorming1-100x100.png",100,100,true]},"uagb_author_info":{"display_name":"Working Skills","author_link":"https:\/\/www.workingskills.net\/vi\/author\/"},"uagb_comment_info":0,"uagb_excerpt":"B\u1ea1n \u0111ang mu\u1ed1n tr\u1edf th\u00e0nh m\u1ed9t nh\u00e2n vi\u00ean Marketing? B\u1ea1n \u0111\u00e3 \u1ee9ng tuy\u1ec3n v\u00e0o m\u1ed9t v\u1ecb tr\u00ed nh\u00e2n vi\u00ean Marketing nh\u01b0ng kh\u00f4ng \u0111\u01b0\u1ee3c nh\u1eadn? B\u1ea1n \u0111ang l\u00e0m vi\u1ec7c trong l\u0129nh v\u1ef1c Marketing nh\u01b0ng v\u1eabn c\u1ea3m th\u1ea5y thi\u1ebfu t\u1ef1 tin? N\u1ebfu b\u1ea1n \u0111ang tr\u1ea3i qua nh\u1eefng t\u00ecnh hu\u1ed1ng tr\u00ean th\u00ec c\u00f3 th\u1ec3 b\u1ea1n \u0111ang &#8220;thi\u1ebfu \u0111i&#8221;&hellip;","_links":{"self":[{"href":"https:\/\/www.workingskills.net\/vi\/wp-json\/wp\/v2\/product\/36347","targetHints":{"allow":["GET"]}}],"collection":[{"href":"https:\/\/www.workingskills.net\/vi\/wp-json\/wp\/v2\/product"}],"about":[{"href":"https:\/\/www.workingskills.net\/vi\/wp-json\/wp\/v2\/types\/product"}],"replies":[{"embeddable":true,"href":"https:\/\/www.workingskills.net\/vi\/wp-json\/wp\/v2\/comments?post=36347"}],"wp:featuredmedia":[{"embeddable":true,"href":"https:\/\/www.workingskills.net\/vi\/wp-json\/wp\/v2\/media\/29280"}],"wp:attachment":[{"href":"https:\/\/www.workingskills.net\/vi\/wp-json\/wp\/v2\/media?parent=36347"}],"wp:term":[{"taxonomy":"product_brand","embeddable":true,"href":"https:\/\/www.workingskills.net\/vi\/wp-json\/wp\/v2\/product_brand?post=36347"},{"taxonomy":"product_cat","embeddable":true,"href":"https:\/\/www.workingskills.net\/vi\/wp-json\/wp\/v2\/product_cat?post=36347"},{"taxonomy":"product_tag","embeddable":true,"href":"https:\/\/www.workingskills.net\/vi\/wp-json\/wp\/v2\/product_tag?post=36347"}],"curies":[{"name":"wp","href":"https:\/\/api.w.org\/{rel}","templated":true}]}}