{"id":35656,"date":"2020-08-24T15:09:13","date_gmt":"2020-08-24T08:09:13","guid":{"rendered":"https:\/\/workingskills.net\/?post_type=product&#038;p=35656"},"modified":"2021-01-01T00:00:01","modified_gmt":"2020-12-31T17:00:01","slug":"khoa-hoc-chinh-phuc-nha-tuyen-dung","status":"publish","type":"product","link":"https:\/\/www.workingskills.net\/vi\/san-pham\/khoa-hoc-chinh-phuc-nha-tuyen-dung\/","title":{"rendered":"Kh\u00f3a h\u1ecdc &#8220;Chinh ph\u1ee5c nh\u00e0 tuy\u1ec3n d\u1ee5ng&#8221;"},"content":{"rendered":"<p>H\u00e0nh tr\u00ecnh chinh ph\u1ee5c nh\u00e0 tuy\u1ec3n d\u1ee5ng l\u00e0 m\u1ed9t h\u00e0nh tr\u00ecnh v\u1eeba \u0111\u01a1n gi\u1ea3n nh\u01b0ng c\u0169ng v\u1eeba th\u00e1ch th\u1ee9c. \u0110\u01a1n gi\u1ea3n v\u00ec c\u00e1ch th\u1ee9c ho\u1ea1t \u0111\u1ed9ng c\u1ee7a m\u1ed9t quy tr\u00ecnh ph\u1ecfng v\u1ea5n t\u1ea1i c\u00e1c doanh nghi\u1ec7p h\u1ea7u nh\u01b0 gi\u1ed1ng nhau v\u1edbi hai b\u01b0\u1edbc quan tr\u1ecdng: Nh\u1eadn h\u1ed3 s\u01a1 \u1ee9ng tuy\u1ec3n (CV) &#8211; Ph\u1ecfng v\u1ea5n. Tuy nhi\u00ean, h\u00e0nh tr\u00ecnh n\u00e0y c\u0169ng r\u1ea5t th\u00e1ch th\u1ee9c n\u1ebfu nh\u01b0 b\u1ea1n kh\u00f4ng th\u1ec3 th\u1ef1c hi\u1ec7n m\u1ed9t c\u00e1ch chuy\u00ean nghi\u1ec7p, ch\u1ec9n chu. C\u00f3 bao gi\u1edd b\u1ea1n t\u1ef1 h\u1ecfi:<\/p>\n<ul>\n<li>V\u00ec sao h\u1ed3 s\u01a1 \u1ee9ng tuy\u1ec3n (CV) c\u1ee7a t\u00f4i kh\u00f4ng \u0111\u01b0\u1ee3c doanh nghi\u1ec7p \u0111\u1ec3 \u00fd?<\/li>\n<li>V\u00ec sao kh\u00f4ng bao gi\u1edd t\u00f4i nh\u1eadn \u0111\u01b0\u1ee3c ph\u1ea3n h\u1ed3i c\u1ee7a doanh nghi\u1ec7p sau khi n\u1ed9p h\u1ed3 s\u01a1?<\/li>\n<li>V\u00ec sao bu\u1ed5i ph\u1ecfng v\u1ea5n c\u1ee7a t\u00f4i di\u1ec5n ra kh\u00f4ng su\u00f4n s\u1ebb?<\/li>\n<li>V\u00ec sao ph\u1ecfng v\u1ea5n t\u1ea1i nhi\u1ec1u n\u01a1i nh\u01b0ng nh\u00e0 tuy\u1ec3n d\u1ee5ng lu\u00f4n t\u1eeb ch\u1ed1i nh\u1eadn t\u00f4i?<\/li>\n<\/ul>\n<p><strong>N\u1ebfu \u0111\u00f3 l\u00e0 nh\u1eefng b\u0103n kho\u0103n c\u1ee7a b\u1ea1n th\u00ec kh\u00f3a h\u1ecdc &#8220;H\u00e0nh tr\u00ecnh chinh ph\u1ee5c nh\u00e0 tuy\u1ec3n d\u1ee5ng&#8221; n\u00e0y s\u1ebd gi\u00fap b\u1ea1n:<\/strong><\/p>\n<ul>\n<li>Bi\u1ebft c\u00e1ch vi\u1ebft m\u1ed9t email, m\u1ed9t th\u01b0 \u1ee9ng tuy\u1ec3n, th\u01b0 tr\u00ecnh b\u00e0y nguy\u1ec7n v\u1ecdng chuy\u00ean nghi\u1ec7p, ch\u1ec9n chu.<\/li>\n<li>Bi\u1ebft c\u00e1ch chu\u1ea9n b\u1ecb, bi\u00ean so\u1ea1n m\u1ed9t CV \u0111\u00fang, \u0111\u1ee7 v\u00e0 thu h\u00fat nh\u00e0 tuy\u1ec3n d\u1ee5ng.<\/li>\n<li>Bi\u1ebft c\u00e1ch chu\u1ea9n b\u1ecb v\u00e0 tham d\u1ef1 m\u1ed9t bu\u1ed5i ph\u1ecfng v\u1ea5n v\u1edbi s\u1ef1 t\u1ef1 tin, \u0111\u0129nh \u0111\u1ea1c, chuy\u00ean nghi\u1ec7p.<\/li>\n<\/ul>\n<p><strong>V\u00ec sao b\u1ea1n n\u00ean h\u1ecdc kh\u00f3a h\u1ecdc n\u00e0y?<\/strong><\/p>\n<ul>\n<li>Kh\u00f3a h\u1ecdc \u0111\u01b0\u1ee3c bi\u00ean so\u1ea1n b\u1edfi c\u00e1c chuy\u00ean gia \u0111\u00e0o t\u1ea1o, tuy\u1ec3n d\u1ee5ng c\u1ee7a c\u00f4ng ty Talent Mind Education v\u00e0 C\u1ed5ng th\u00f4ng tin th\u1ef1c t\u1eadp Internship.edu.vn. C\u00e1c chuy\u00ean gia c\u0169ng ch\u00fang t\u00f4i l\u00e0 nh\u1eefng ng\u01b0\u1eddi \u0111\u00e3 c\u00f3 h\u01a1n 15 n\u0103m kinh nghi\u1ec7m trong vi\u1ec7c tuy\u1ec3n d\u1ee5ng, ph\u00e1t tri\u1ec3n t\u00e0i n\u0103ng cho c\u00e1c t\u1eadp \u0111o\u00e0n nh\u01b0 Unilever, P&amp;G, Pepsico, Nike, Samsung, Friesland Campina, Sacombank, ACB, VPBank, Grab, Nash Tech, DEK, KMS,&#8230;<\/li>\n<li>Kh\u00f3a h\u1ecdc cung c\u1ea5p cho b\u1ea1n nh\u1eefng ki\u1ebfn th\u1ee9c, k\u1ef9 n\u0103ng, k\u1ef9 thu\u1eadt, g\u1ee3i \u00fd \u0111\u1ea7y \u0111\u1ee7 nh\u1ea5t khi tham d\u1ef1 v\u00e0o m\u1ed9t quy tr\u00ecnh ph\u1ecfng v\u1ea5n t\u1eeb vi\u1ec7c chu\u1ea9n b\u1ecb m\u1ed9t email, th\u01b0 \u1ee9ng tuy\u1ec3n cho \u0111\u1ebfn l\u00fac k\u1ebft th\u00fac bu\u1ed5i ph\u1ecfng v\u1ea5n.<\/li>\n<li>Kh\u00f3a h\u1ecdc \u0111\u00e3 \u0111\u01b0\u1ee3c tri\u1ec3n khai v\u00e0 c\u00f3 h\u01a1n 1,000 b\u1ea1n sinh vi\u00ean tr\u1ea3i nghi\u1ec7m v\u00e0 \u0111\u1ea1t k\u1ebft qu\u1ea3 t\u1ed1t trong nh\u1eefng l\u1ea7n \u1ee9ng tuy\u1ec3n c\u00f4ng vi\u1ec7c.<\/li>\n<li>B\u1ea1n s\u1ebd \u0111\u01b0\u1ee3c h\u1ed7 tr\u1ee3 v\u00e0 t\u01b0 v\u1ea5n tr\u1ef1c tuy\u1ebfn mi\u1ec5n ph\u00ed b\u1edfi nh\u1eefng chuy\u00ean gia \u0111\u00e0o t\u1ea1o doanh nghi\u1ec7p c\u1ee7a\u00a0<a href=\"http:\/\/www.talentmind.edu.vn\/\" target=\"_blank\" rel=\"noreferrer noopener\">Talent Mind Education<\/a> trong su\u1ed1t 365 ng\u00e0y tr\u1ea3i nghi\u1ec7m kho\u00e1 h\u1ecdc.<\/li>\n<\/ul>\n<p><strong>H\u00e3y \u0111\u0103ng k\u00fd kh\u00f3a h\u1ecdc ngay h\u00f4m nay \u0111\u1ec3 c\u00f3 m\u1ed9t s\u1ef1 chu\u1ea9n b\u1ecb t\u1ed1t nh\u1ea5t cho s\u1ef1 nghi\u00eap t\u01b0\u01a1ng lai c\u1ee7a b\u1ea1n!<\/strong><\/p>\n<p><strong>Chi ti\u1ebft c\u00e1c kh\u00f3a h\u1ecdc:<\/strong><\/p>\n<ul class=\"list-of-courses uo-list\">\n<li><a href=\"https:\/\/www.workingskills.net\/vi\/courses\/ky-nang-viet-email-thu-ung-tuyen-thu-trinh-bay-nguyen-vong-danh-cho-sinh-vien-khoi-nganh-kinh-te\/\" target=\"_blank\" rel=\"noopener noreferrer\">K\u1ef9 n\u0103ng vi\u1ebft email, th\u01b0 \u1ee9ng tuy\u1ec3n, th\u01b0 tr\u00ecnh b\u00e0y nguy\u1ec7n v\u1ecdng d\u00e0nh cho sinh vi\u00ean kh\u1ed1i ng\u00e0nh kinh t\u1ebf<\/a><\/li>\n<li><a href=\"https:\/\/www.workingskills.net\/vi\/courses\/ky-nang-phong-van-co-ban-danh-cho-sinh-vien-khoi-nganh-kinh-te\/\" target=\"_blank\" rel=\"noopener noreferrer\">K\u1ef9 n\u0103ng ph\u1ecfng v\u1ea5n c\u01a1 b\u1ea3n d\u00e0nh cho sinh vi\u00ean kh\u1ed1i ng\u00e0nh kinh t\u1ebf<\/a><\/li>\n<li><a href=\"https:\/\/www.workingskills.net\/vi\/courses\/ky-nang-viet-cv-danh-cho-sinh-vien-khoi-nganh-kinh-te\/\" target=\"_blank\" rel=\"noopener noreferrer\">K\u1ef9 n\u0103ng vi\u1ebft CV d\u00e0nh cho sinh vi\u00ean kh\u1ed1i ng\u00e0nh kinh t\u1ebf<\/a><\/li>\n<\/ul>","protected":false},"excerpt":{"rendered":"<p>H\u00e0nh tr\u00ecnh chinh ph\u1ee5c nh\u00e0 tuy\u1ec3n d\u1ee5ng l\u00e0 m\u1ed9t h\u00e0nh tr\u00ecnh v\u1eeba \u0111\u01a1n gi\u1ea3n nh\u01b0ng c\u0169ng v\u1eeba th\u00e1ch th\u1ee9c. \u0110\u01a1n gi\u1ea3n v\u00ec c\u00e1ch th\u1ee9c ho\u1ea1t \u0111\u1ed9ng c\u1ee7a m\u1ed9t quy tr\u00ecnh ph\u1ecfng v\u1ea5n t\u1ea1i c\u00e1c doanh nghi\u1ec7p h\u1ea7u nh\u01b0 gi\u1ed1ng nhau v\u1edbi hai b\u01b0\u1edbc quan tr\u1ecdng: Nh\u1eadn h\u1ed3 s\u01a1 \u1ee9ng tuy\u1ec3n (CV) &#8211; Ph\u1ecfng v\u1ea5n. Tuy [&hellip;]<\/p>","protected":false},"featured_media":29292,"comment_status":"closed","ping_status":"closed","template":"","meta":{"_uag_custom_page_level_css":"","site-sidebar-layout":"default","site-content-layout":"default","ast-site-content-layout":"","site-content-style":"default","site-sidebar-style":"default","ast-global-header-display":"","ast-banner-title-visibility":"","ast-main-header-display":"","ast-hfb-above-header-display":"","ast-hfb-below-header-display":"","ast-hfb-mobile-header-display":"","site-post-title":"","ast-breadcrumbs-content":"","ast-featured-img":"","footer-sml-layout":"","theme-transparent-header-meta":"default","adv-header-id-meta":"","stick-header-meta":"","header-above-stick-meta":"","header-main-stick-meta":"","header-below-stick-meta":"","astra-migrate-meta-layouts":"default","ast-page-background-enabled":"default","ast-page-background-meta":{"desktop":{"background-color":"","background-image":"","background-repeat":"repeat","background-position":"center center","background-size":"auto","background-attachment":"scroll","background-type":"","background-media":"","overlay-type":"","overlay-color":"","overlay-opacity":"","overlay-gradient":""},"tablet":{"background-color":"","background-image":"","background-repeat":"repeat","background-position":"center center","background-size":"auto","background-attachment":"scroll","background-type":"","background-media":"","overlay-type":"","overlay-color":"","overlay-opacity":"","overlay-gradient":""},"mobile":{"background-color":"","background-image":"","background-repeat":"repeat","background-position":"center center","background-size":"auto","background-attachment":"scroll","background-type":"","background-media":"","overlay-type":"","overlay-color":"","overlay-opacity":"","overlay-gradient":""}},"ast-content-background-meta":{"desktop":{"background-color":"var(--ast-global-color-5)","background-image":"","background-repeat":"repeat","background-position":"center center","background-size":"auto","background-attachment":"scroll","background-type":"","background-media":"","overlay-type":"","overlay-color":"","overlay-opacity":"","overlay-gradient":""},"tablet":{"background-color":"var(--ast-global-color-5)","background-image":"","background-repeat":"repeat","background-position":"center center","background-size":"auto","background-attachment":"scroll","background-type":"","background-media":"","overlay-type":"","overlay-color":"","overlay-opacity":"","overlay-gradient":""},"mobile":{"background-color":"var(--ast-global-color-5)","background-image":"","background-repeat":"repeat","background-position":"center center","background-size":"auto","background-attachment":"scroll","background-type":"","background-media":"","overlay-type":"","overlay-color":"","overlay-opacity":"","overlay-gradient":""}}},"product_brand":[],"product_cat":[375],"product_tag":[],"class_list":{"0":"post-35656","1":"product","2":"type-product","3":"status-publish","4":"has-post-thumbnail","6":"product_cat-ky-nang-lam-viec-chuyen-nghiep-danh-cho-sinh-vien","7":"desktop-align-left","8":"tablet-align-left","9":"mobile-align-left","11":"first","12":"instock","13":"shipping-taxable","14":"purchasable","15":"product-type-simple"},"uagb_featured_image_src":{"full":["https:\/\/www.workingskills.net\/wp-content\/uploads\/2020\/04\/job-interview2.jpg",350,250,false],"thumbnail":["https:\/\/www.workingskills.net\/wp-content\/uploads\/2020\/04\/job-interview2-150x150.jpg",150,150,true],"medium":["https:\/\/www.workingskills.net\/wp-content\/uploads\/2020\/04\/job-interview2-300x214.jpg",300,214,true],"medium_large":["https:\/\/www.workingskills.net\/wp-content\/uploads\/2020\/04\/job-interview2.jpg",350,250,false],"large":["https:\/\/www.workingskills.net\/wp-content\/uploads\/2020\/04\/job-interview2.jpg",350,250,false],"1536x1536":["https:\/\/www.workingskills.net\/wp-content\/uploads\/2020\/04\/job-interview2.jpg",350,250,false],"2048x2048":["https:\/\/www.workingskills.net\/wp-content\/uploads\/2020\/04\/job-interview2.jpg",350,250,false],"trp-custom-language-flag":["https:\/\/www.workingskills.net\/wp-content\/uploads\/2020\/04\/job-interview2.jpg",18,12,false],"woocommerce_thumbnail":["https:\/\/www.workingskills.net\/wp-content\/uploads\/2020\/04\/job-interview2-300x250.jpg",300,250,true],"woocommerce_single":["https:\/\/www.workingskills.net\/wp-content\/uploads\/2020\/04\/job-interview2.jpg",350,250,false],"woocommerce_gallery_thumbnail":["https:\/\/www.workingskills.net\/wp-content\/uploads\/2020\/04\/job-interview2-100x100.jpg",100,100,true]},"uagb_author_info":{"display_name":"Working Skills","author_link":"https:\/\/www.workingskills.net\/vi\/author\/"},"uagb_comment_info":0,"uagb_excerpt":"H\u00e0nh tr\u00ecnh chinh ph\u1ee5c nh\u00e0 tuy\u1ec3n d\u1ee5ng l\u00e0 m\u1ed9t h\u00e0nh tr\u00ecnh v\u1eeba \u0111\u01a1n gi\u1ea3n nh\u01b0ng c\u0169ng v\u1eeba th\u00e1ch th\u1ee9c. \u0110\u01a1n gi\u1ea3n v\u00ec c\u00e1ch th\u1ee9c ho\u1ea1t \u0111\u1ed9ng c\u1ee7a m\u1ed9t quy tr\u00ecnh ph\u1ecfng v\u1ea5n t\u1ea1i c\u00e1c doanh nghi\u1ec7p h\u1ea7u nh\u01b0 gi\u1ed1ng nhau v\u1edbi hai b\u01b0\u1edbc quan tr\u1ecdng: Nh\u1eadn h\u1ed3 s\u01a1 \u1ee9ng tuy\u1ec3n (CV) &#8211; Ph\u1ecfng v\u1ea5n. Tuy&hellip;","_links":{"self":[{"href":"https:\/\/www.workingskills.net\/vi\/wp-json\/wp\/v2\/product\/35656","targetHints":{"allow":["GET"]}}],"collection":[{"href":"https:\/\/www.workingskills.net\/vi\/wp-json\/wp\/v2\/product"}],"about":[{"href":"https:\/\/www.workingskills.net\/vi\/wp-json\/wp\/v2\/types\/product"}],"replies":[{"embeddable":true,"href":"https:\/\/www.workingskills.net\/vi\/wp-json\/wp\/v2\/comments?post=35656"}],"wp:featuredmedia":[{"embeddable":true,"href":"https:\/\/www.workingskills.net\/vi\/wp-json\/wp\/v2\/media\/29292"}],"wp:attachment":[{"href":"https:\/\/www.workingskills.net\/vi\/wp-json\/wp\/v2\/media?parent=35656"}],"wp:term":[{"taxonomy":"product_brand","embeddable":true,"href":"https:\/\/www.workingskills.net\/vi\/wp-json\/wp\/v2\/product_brand?post=35656"},{"taxonomy":"product_cat","embeddable":true,"href":"https:\/\/www.workingskills.net\/vi\/wp-json\/wp\/v2\/product_cat?post=35656"},{"taxonomy":"product_tag","embeddable":true,"href":"https:\/\/www.workingskills.net\/vi\/wp-json\/wp\/v2\/product_tag?post=35656"}],"curies":[{"name":"wp","href":"https:\/\/api.w.org\/{rel}","templated":true}]}}