{"id":35526,"date":"2020-08-03T22:06:13","date_gmt":"2020-08-03T15:06:13","guid":{"rendered":"https:\/\/workingskills.net\/?post_type=product&#038;p=35526"},"modified":"2020-08-03T22:07:35","modified_gmt":"2020-08-03T15:07:35","slug":"ky-nang-viet-email-thu-ung-tuyen-thu-trinh-bay-nguyen-vong-danh-cho-sinh-vien-khoi-nganh-khxh","status":"publish","type":"product","link":"https:\/\/www.workingskills.net\/vi\/san-pham\/ky-nang-viet-email-thu-ung-tuyen-thu-trinh-bay-nguyen-vong-danh-cho-sinh-vien-khoi-nganh-khxh\/","title":{"rendered":"K\u1ef9 n\u0103ng vi\u1ebft email, th\u01b0 \u1ee9ng tuy\u1ec3n, th\u01b0 tr\u00ecnh b\u00e0y nguy\u1ec7n v\u1ecdng d\u00e0nh cho sinh vi\u00ean kh\u1ed1i ng\u00e0nh khoa h\u1ecdc x\u00e3 h\u1ed9i"},"content":{"rendered":"<p><em>M\u00e3 kho\u00e1 h\u1ecdc: SSVE-025<br \/>\nPhi\u00ean b\u1ea3n: K\u1ef9 n\u0103ng vi\u1ebft th\u01b0 \u2013 Ti\u1ebfng Vi\u1ec7t<\/em><\/p>\n<p>Ng\u00e0y nay, khi \u0111i ph\u1ecfng v\u1ea5n xin vi\u1ec7c, \u0111\u1ec3 \u0111\u1ea1t \u0111\u01b0\u1ee3c k\u1ebft qu\u1ea3 t\u1ed1t, b\u1ea1n c\u1ea7n c\u00f3 s\u1ef1 chu\u1ea9n b\u1ecb ch\u1ec9n chu t\u1eeb l\u00fac b\u1eaft \u0111\u1ea7u vi\u1ebft email cho \u0111\u1ebfn khi vi\u1ebft CV, th\u01b0 tr\u00ecnh b\u00e0y nguy\u1ec7n v\u1ecdng, th\u01b0 \u1ee9ng tuy\u1ec3n c\u00f4ng vi\u1ec7c. M\u1ed9t email chuy\u00ean nghi\u1ec7p s\u1ebd gi\u00fap cho nh\u00e0 tuy\u1ec3n d\u1ee5ng \u1ea5n t\u01b0\u1ee3ng v\u1ec1 b\u1ea1n. Th\u01b0 tr\u00ecnh b\u00e0y nguy\u1ec7n v\u1ecdng, th\u01b0 \u1ee9ng tuy\u1ec3n l\u00e0 nh\u1eefng c\u00f4ng c\u1ee5 h\u1eefu \u00edch gi\u00fap b\u1ea1n tr\u00ecnh b\u00e0y c\u1ee5 th\u1ec3 v\u00e0 r\u00f5 r\u00e0ng h\u01a1n nh\u1eefng d\u1ef1 \u0111\u1ecbnh, mong mu\u1ed1n c\u1ee7a b\u1ea3n th\u00e2n m\u00e0 CV kh\u00f4ng th\u1ec3 m\u00f4 t\u1ea3 \u0111\u1ea7y \u0111\u1ee7. <br data-rich-text-line-break=\"true\" \/>B\u1ea1n mu\u1ed1n vi\u1ebft m\u1ed9t email nh\u01b0ng kh\u00f4ng bi\u1ebft ph\u1ea3i b\u1eaft \u0111\u1ea7u t\u1eeb \u0111\u00e2u? <br data-rich-text-line-break=\"true\" \/>B\u1ea1n \u0111\u00e3 th\u00e0nh th\u1ea1o khi vi\u1ebft th\u01b0 \u1ee9ng tuy\u1ec3n (cover letter)?<br data-rich-text-line-break=\"true\" \/>B\u1ea1n \u0111\u00e3 bi\u1ebft vi\u1ebft th\u01b0 tr\u00ecnh b\u00e0y nguy\u1ec7n v\u1ecdng (motivation letter) \u0111\u00fang c\u00e1ch?<\/p>\n<p>Kh\u00f3a h\u1ecdc n\u00e0y s\u1ebd gi\u00fap b\u1ea1n trang b\u1ecb m\u1ed9t b\u1ed9 h\u1ed3 s\u01a1 \u1ee9ng tuy\u1ec3n chuy\u00ean nghi\u1ec7p v\u00e0 \u1ea5n t\u01b0\u1ee3ng.<\/p>\n<p><em>B\u1ea1n s\u1ebd \u0111\u01b0\u1ee3c h\u1ed7 tr\u1ee3 v\u00e0 t\u01b0 v\u1ea5n tr\u1ef1c tuy\u1ebfn mi\u1ec5n ph\u00ed b\u1edfi nh\u1eefng chuy\u00ean gia \u0111\u00e0o t\u1ea1o doanh nghi\u1ec7p c\u1ee7a\u00a0<a href=\"http:\/\/www.talentmind.edu.vn\/\" target=\"_blank\" rel=\"noreferrer noopener\">Talent Mind Education<\/a>\u00a0trong su\u1ed1t 365 ng\u00e0y tr\u1ea3i nghi\u1ec7m kho\u00e1 h\u1ecdc.<\/em><\/p>\n<h3><strong>Sau kh\u00f3a h\u1ecdc k\u1ef9 n\u0103ng n\u00e0y, b\u1ea1n c\u00f3 th\u1ec3:<\/strong><\/h3>\n<ul>\n<li>N\u1eafm b\u1eaft \u0111\u01b0\u1ee3c c\u1ea5u tr\u00fac v\u00e0 c\u00e1c ph\u1ea7n c\u1ea7n c\u00f3 c\u1ee7a m\u1ed9t email chuy\u00ean nghi\u1ec7p<\/li>\n<li>Bi\u1ebft c\u00e1ch vi\u1ebft m\u1ed9t l\u00e1 th\u01b0 xin vi\u1ec7c (cover letter) chuy\u00ean nghi\u1ec7p<\/li>\n<li>Bi\u1ebft c\u00e1ch vi\u1ebft m\u1ed9t l\u00e1 th\u01b0 tr\u00ecnh b\u00e0y nguy\u1ec7n v\u1ecdng (motivation letter) chuy\u00ean nghi\u1ec7p<\/li>\n<li>Tham kh\u1ea3o m\u1ed9t s\u1ed1 m\u1eabu th\u01b0 th\u01b0\u1eddng g\u1eb7p<\/li>\n<li>Th\u1eed th\u00e1ch kh\u1ea3 n\u0103ng vi\u1ebft th\u01b0 c\u1ee7a b\u1ea3n th\u00e2n<\/li>\n<\/ul>","protected":false},"excerpt":{"rendered":"<p>M\u00e3 kho\u00e1 h\u1ecdc: SSVE-025 Phi\u00ean b\u1ea3n: K\u1ef9 n\u0103ng vi\u1ebft th\u01b0 \u2013 Ti\u1ebfng Vi\u1ec7t Ng\u00e0y nay, khi \u0111i ph\u1ecfng v\u1ea5n xin vi\u1ec7c, \u0111\u1ec3 \u0111\u1ea1t \u0111\u01b0\u1ee3c k\u1ebft qu\u1ea3 t\u1ed1t, b\u1ea1n c\u1ea7n c\u00f3 s\u1ef1 chu\u1ea9n b\u1ecb ch\u1ec9n chu t\u1eeb l\u00fac b\u1eaft \u0111\u1ea7u vi\u1ebft email cho \u0111\u1ebfn khi vi\u1ebft CV, th\u01b0 tr\u00ecnh b\u00e0y nguy\u1ec7n v\u1ecdng, th\u01b0 \u1ee9ng tuy\u1ec3n c\u00f4ng [&hellip;]<\/p>","protected":false},"featured_media":19873,"comment_status":"open","ping_status":"closed","template":"","meta":{"_uag_custom_page_level_css":"","site-sidebar-layout":"default","site-content-layout":"default","ast-site-content-layout":"","site-content-style":"default","site-sidebar-style":"default","ast-global-header-display":"","ast-banner-title-visibility":"","ast-main-header-display":"","ast-hfb-above-header-display":"","ast-hfb-below-header-display":"","ast-hfb-mobile-header-display":"","site-post-title":"","ast-breadcrumbs-content":"","ast-featured-img":"","footer-sml-layout":"","theme-transparent-header-meta":"default","adv-header-id-meta":"","stick-header-meta":"","header-above-stick-meta":"","header-main-stick-meta":"","header-below-stick-meta":"","astra-migrate-meta-layouts":"default","ast-page-background-enabled":"default","ast-page-background-meta":{"desktop":{"background-color":"","background-image":"","background-repeat":"repeat","background-position":"center center","background-size":"auto","background-attachment":"scroll","background-type":"","background-media":"","overlay-type":"","overlay-color":"","overlay-opacity":"","overlay-gradient":""},"tablet":{"background-color":"","background-image":"","background-repeat":"repeat","background-position":"center center","background-size":"auto","background-attachment":"scroll","background-type":"","background-media":"","overlay-type":"","overlay-color":"","overlay-opacity":"","overlay-gradient":""},"mobile":{"background-color":"","background-image":"","background-repeat":"repeat","background-position":"center center","background-size":"auto","background-attachment":"scroll","background-type":"","background-media":"","overlay-type":"","overlay-color":"","overlay-opacity":"","overlay-gradient":""}},"ast-content-background-meta":{"desktop":{"background-color":"var(--ast-global-color-5)","background-image":"","background-repeat":"repeat","background-position":"center center","background-size":"auto","background-attachment":"scroll","background-type":"","background-media":"","overlay-type":"","overlay-color":"","overlay-opacity":"","overlay-gradient":""},"tablet":{"background-color":"var(--ast-global-color-5)","background-image":"","background-repeat":"repeat","background-position":"center center","background-size":"auto","background-attachment":"scroll","background-type":"","background-media":"","overlay-type":"","overlay-color":"","overlay-opacity":"","overlay-gradient":""},"mobile":{"background-color":"var(--ast-global-color-5)","background-image":"","background-repeat":"repeat","background-position":"center center","background-size":"auto","background-attachment":"scroll","background-type":"","background-media":"","overlay-type":"","overlay-color":"","overlay-opacity":"","overlay-gradient":""}}},"product_brand":[],"product_cat":[375],"product_tag":[551,536,611,609],"class_list":{"0":"post-35526","1":"product","2":"type-product","3":"status-publish","4":"has-post-thumbnail","6":"product_cat-ky-nang-lam-viec-chuyen-nghiep-danh-cho-sinh-vien","7":"product_tag-ky-nang-viet","8":"product_tag-ky-nang-viet-thu","9":"product_tag-letters-writing-skills","10":"product_tag-writing-skills","11":"desktop-align-left","12":"tablet-align-left","13":"mobile-align-left","15":"first","16":"instock","17":"virtual","18":"sold-individually","19":"taxable","20":"purchasable","21":"product-type-courses"},"uagb_featured_image_src":{"full":["https:\/\/www.workingskills.net\/wp-content\/uploads\/2019\/07\/writing1.jpg",350,250,false],"thumbnail":["https:\/\/www.workingskills.net\/wp-content\/uploads\/2019\/07\/writing1-150x150.jpg",150,150,true],"medium":["https:\/\/www.workingskills.net\/wp-content\/uploads\/2019\/07\/writing1-300x214.jpg",300,214,true],"medium_large":["https:\/\/www.workingskills.net\/wp-content\/uploads\/2019\/07\/writing1.jpg",350,250,false],"large":["https:\/\/www.workingskills.net\/wp-content\/uploads\/2019\/07\/writing1.jpg",350,250,false],"1536x1536":["https:\/\/www.workingskills.net\/wp-content\/uploads\/2019\/07\/writing1.jpg",350,250,false],"2048x2048":["https:\/\/www.workingskills.net\/wp-content\/uploads\/2019\/07\/writing1.jpg",350,250,false],"trp-custom-language-flag":["https:\/\/www.workingskills.net\/wp-content\/uploads\/2019\/07\/writing1.jpg",18,12,false],"woocommerce_thumbnail":["https:\/\/www.workingskills.net\/wp-content\/uploads\/2019\/07\/writing1-300x250.jpg",300,250,true],"woocommerce_single":["https:\/\/www.workingskills.net\/wp-content\/uploads\/2019\/07\/writing1.jpg",350,250,false],"woocommerce_gallery_thumbnail":["https:\/\/www.workingskills.net\/wp-content\/uploads\/2019\/07\/writing1-100x100.jpg",100,100,true]},"uagb_author_info":{"display_name":"Working Skills","author_link":"https:\/\/www.workingskills.net\/vi\/author\/"},"uagb_comment_info":0,"uagb_excerpt":"M\u00e3 kho\u00e1 h\u1ecdc: SSVE-025 Phi\u00ean b\u1ea3n: K\u1ef9 n\u0103ng vi\u1ebft th\u01b0 \u2013 Ti\u1ebfng Vi\u1ec7t Ng\u00e0y nay, khi \u0111i ph\u1ecfng v\u1ea5n xin vi\u1ec7c, \u0111\u1ec3 \u0111\u1ea1t \u0111\u01b0\u1ee3c k\u1ebft qu\u1ea3 t\u1ed1t, b\u1ea1n c\u1ea7n c\u00f3 s\u1ef1 chu\u1ea9n b\u1ecb ch\u1ec9n chu t\u1eeb l\u00fac b\u1eaft \u0111\u1ea7u vi\u1ebft email cho \u0111\u1ebfn khi vi\u1ebft CV, th\u01b0 tr\u00ecnh b\u00e0y nguy\u1ec7n v\u1ecdng, th\u01b0 \u1ee9ng tuy\u1ec3n c\u00f4ng&hellip;","_links":{"self":[{"href":"https:\/\/www.workingskills.net\/vi\/wp-json\/wp\/v2\/product\/35526","targetHints":{"allow":["GET"]}}],"collection":[{"href":"https:\/\/www.workingskills.net\/vi\/wp-json\/wp\/v2\/product"}],"about":[{"href":"https:\/\/www.workingskills.net\/vi\/wp-json\/wp\/v2\/types\/product"}],"replies":[{"embeddable":true,"href":"https:\/\/www.workingskills.net\/vi\/wp-json\/wp\/v2\/comments?post=35526"}],"wp:featuredmedia":[{"embeddable":true,"href":"https:\/\/www.workingskills.net\/vi\/wp-json\/wp\/v2\/media\/19873"}],"wp:attachment":[{"href":"https:\/\/www.workingskills.net\/vi\/wp-json\/wp\/v2\/media?parent=35526"}],"wp:term":[{"taxonomy":"product_brand","embeddable":true,"href":"https:\/\/www.workingskills.net\/vi\/wp-json\/wp\/v2\/product_brand?post=35526"},{"taxonomy":"product_cat","embeddable":true,"href":"https:\/\/www.workingskills.net\/vi\/wp-json\/wp\/v2\/product_cat?post=35526"},{"taxonomy":"product_tag","embeddable":true,"href":"https:\/\/www.workingskills.net\/vi\/wp-json\/wp\/v2\/product_tag?post=35526"}],"curies":[{"name":"wp","href":"https:\/\/api.w.org\/{rel}","templated":true}]}}