{"id":35506,"date":"2020-08-03T21:22:02","date_gmt":"2020-08-03T14:22:02","guid":{"rendered":"https:\/\/workingskills.net\/?post_type=product&#038;p=35506"},"modified":"2020-08-03T21:23:24","modified_gmt":"2020-08-03T14:23:24","slug":"combo-chinh-phuc-nha-tuyen-dung-tu-van-cv-danh-cho-sinh-vien-khoi-nganh-cong-nghe-thong-tin","status":"publish","type":"product","link":"https:\/\/www.workingskills.net\/vi\/san-pham\/combo-chinh-phuc-nha-tuyen-dung-tu-van-cv-danh-cho-sinh-vien-khoi-nganh-cong-nghe-thong-tin\/","title":{"rendered":"Combo &#8220;Chinh ph\u1ee5c nh\u00e0 tuy\u1ec3n d\u1ee5ng&#8221; + T\u01b0 v\u1ea5n CV d\u00e0nh cho sinh vi\u00ean kh\u1ed1i ng\u00e0nh c\u00f4ng ngh\u1ec7 th\u00f4ng tin"},"content":{"rendered":"<p><strong>B\u1ea1n mong mu\u1ed1n nh\u1eadn \u0111\u01b0\u1ee3c \u01b0u \u0111\u00e3i t\u1ed1t h\u01a1n cho <a href=\"https:\/\/www.workingskills.net\/vi\/san-pham\/khoa-hoc-chinh-phuc-nha-tuyen-dung-danh-cho-sinh-vien-khoi-nganh-cong-nghe-thong-tin\/\" target=\"_blank\" rel=\"noopener noreferrer\">Kh\u00f3a h\u1ecdc &#8220;Chinh ph\u1ee5c nh\u00e0 tuy\u1ec3n d\u1ee5ng&#8221;<\/a> v\u00e0 <a href=\"https:\/\/www.workingskills.net\/vi\/san-pham\/tu-van-cv-danh-cho-sinh-vien\/\" target=\"_blank\" rel=\"noopener noreferrer\">T\u01b0 v\u1ea5n CV?<\/a><\/strong><\/p>\n<p><strong>H\u00e3y \u0111\u1eb7t mua g\u00f3i Combo n\u00e0y \u0111\u1ec3 h\u01b0\u1edfng \u01b0u \u0111\u00e3i l\u00ean \u0111\u1ebfn 30%.<\/strong><\/p>","protected":false},"excerpt":{"rendered":"<p>B\u1ea1n mong mu\u1ed1n nh\u1eadn \u0111\u01b0\u1ee3c \u01b0u \u0111\u00e3i t\u1ed1t h\u01a1n cho Kh\u00f3a h\u1ecdc &#8220;Chinh ph\u1ee5c nh\u00e0 tuy\u1ec3n d\u1ee5ng&#8221; v\u00e0 T\u01b0 v\u1ea5n CV? H\u00e3y \u0111\u1eb7t mua g\u00f3i Combo n\u00e0y \u0111\u1ec3 h\u01b0\u1edfng \u01b0u \u0111\u00e3i l\u00ean \u0111\u1ebfn 30%.<\/p>","protected":false},"featured_media":1712,"comment_status":"closed","ping_status":"closed","template":"","meta":{"_uag_custom_page_level_css":"","site-sidebar-layout":"default","site-content-layout":"default","ast-site-content-layout":"","site-content-style":"default","site-sidebar-style":"default","ast-global-header-display":"","ast-banner-title-visibility":"","ast-main-header-display":"","ast-hfb-above-header-display":"","ast-hfb-below-header-display":"","ast-hfb-mobile-header-display":"","site-post-title":"","ast-breadcrumbs-content":"","ast-featured-img":"","footer-sml-layout":"","theme-transparent-header-meta":"default","adv-header-id-meta":"","stick-header-meta":"","header-above-stick-meta":"","header-main-stick-meta":"","header-below-stick-meta":"","astra-migrate-meta-layouts":"default","ast-page-background-enabled":"default","ast-page-background-meta":{"desktop":{"background-color":"","background-image":"","background-repeat":"repeat","background-position":"center center","background-size":"auto","background-attachment":"scroll","background-type":"","background-media":"","overlay-type":"","overlay-color":"","overlay-opacity":"","overlay-gradient":""},"tablet":{"background-color":"","background-image":"","background-repeat":"repeat","background-position":"center center","background-size":"auto","background-attachment":"scroll","background-type":"","background-media":"","overlay-type":"","overlay-color":"","overlay-opacity":"","overlay-gradient":""},"mobile":{"background-color":"","background-image":"","background-repeat":"repeat","background-position":"center center","background-size":"auto","background-attachment":"scroll","background-type":"","background-media":"","overlay-type":"","overlay-color":"","overlay-opacity":"","overlay-gradient":""}},"ast-content-background-meta":{"desktop":{"background-color":"var(--ast-global-color-5)","background-image":"","background-repeat":"repeat","background-position":"center center","background-size":"auto","background-attachment":"scroll","background-type":"","background-media":"","overlay-type":"","overlay-color":"","overlay-opacity":"","overlay-gradient":""},"tablet":{"background-color":"var(--ast-global-color-5)","background-image":"","background-repeat":"repeat","background-position":"center center","background-size":"auto","background-attachment":"scroll","background-type":"","background-media":"","overlay-type":"","overlay-color":"","overlay-opacity":"","overlay-gradient":""},"mobile":{"background-color":"var(--ast-global-color-5)","background-image":"","background-repeat":"repeat","background-position":"center center","background-size":"auto","background-attachment":"scroll","background-type":"","background-media":"","overlay-type":"","overlay-color":"","overlay-opacity":"","overlay-gradient":""}}},"product_brand":[],"product_cat":[375],"product_tag":[],"class_list":{"0":"post-35506","1":"product","2":"type-product","3":"status-publish","4":"has-post-thumbnail","6":"product_cat-ky-nang-lam-viec-chuyen-nghiep-danh-cho-sinh-vien","7":"desktop-align-left","8":"tablet-align-left","9":"mobile-align-left","11":"first","12":"instock","13":"virtual","14":"sold-individually","15":"taxable","16":"purchasable","17":"product-type-group"},"uagb_featured_image_src":{"full":["https:\/\/www.workingskills.net\/wp-content\/uploads\/2016\/03\/Examination-Toolbox.jpg",350,250,false],"thumbnail":["https:\/\/www.workingskills.net\/wp-content\/uploads\/2016\/03\/Examination-Toolbox-150x150.jpg",150,150,true],"medium":["https:\/\/www.workingskills.net\/wp-content\/uploads\/2016\/03\/Examination-Toolbox-300x214.jpg",300,214,true],"medium_large":["https:\/\/www.workingskills.net\/wp-content\/uploads\/2016\/03\/Examination-Toolbox.jpg",350,250,false],"large":["https:\/\/www.workingskills.net\/wp-content\/uploads\/2016\/03\/Examination-Toolbox.jpg",350,250,false],"1536x1536":["https:\/\/www.workingskills.net\/wp-content\/uploads\/2016\/03\/Examination-Toolbox.jpg",350,250,false],"2048x2048":["https:\/\/www.workingskills.net\/wp-content\/uploads\/2016\/03\/Examination-Toolbox.jpg",350,250,false],"trp-custom-language-flag":["https:\/\/www.workingskills.net\/wp-content\/uploads\/2016\/03\/Examination-Toolbox.jpg",18,12,false],"woocommerce_thumbnail":["https:\/\/www.workingskills.net\/wp-content\/uploads\/2016\/03\/Examination-Toolbox-300x250.jpg",300,250,true],"woocommerce_single":["https:\/\/www.workingskills.net\/wp-content\/uploads\/2016\/03\/Examination-Toolbox.jpg",350,250,false],"woocommerce_gallery_thumbnail":["https:\/\/www.workingskills.net\/wp-content\/uploads\/2016\/03\/Examination-Toolbox-100x100.jpg",100,100,true]},"uagb_author_info":{"display_name":"Working Skills","author_link":"https:\/\/www.workingskills.net\/vi\/author\/"},"uagb_comment_info":0,"uagb_excerpt":"B\u1ea1n mong mu\u1ed1n nh\u1eadn \u0111\u01b0\u1ee3c \u01b0u \u0111\u00e3i t\u1ed1t h\u01a1n cho Kh\u00f3a h\u1ecdc &#8220;Chinh ph\u1ee5c nh\u00e0 tuy\u1ec3n d\u1ee5ng&#8221; v\u00e0 T\u01b0 v\u1ea5n CV? H\u00e3y \u0111\u1eb7t mua g\u00f3i Combo n\u00e0y \u0111\u1ec3 h\u01b0\u1edfng \u01b0u \u0111\u00e3i l\u00ean \u0111\u1ebfn 30%.","_links":{"self":[{"href":"https:\/\/www.workingskills.net\/vi\/wp-json\/wp\/v2\/product\/35506","targetHints":{"allow":["GET"]}}],"collection":[{"href":"https:\/\/www.workingskills.net\/vi\/wp-json\/wp\/v2\/product"}],"about":[{"href":"https:\/\/www.workingskills.net\/vi\/wp-json\/wp\/v2\/types\/product"}],"replies":[{"embeddable":true,"href":"https:\/\/www.workingskills.net\/vi\/wp-json\/wp\/v2\/comments?post=35506"}],"wp:featuredmedia":[{"embeddable":true,"href":"https:\/\/www.workingskills.net\/vi\/wp-json\/wp\/v2\/media\/1712"}],"wp:attachment":[{"href":"https:\/\/www.workingskills.net\/vi\/wp-json\/wp\/v2\/media?parent=35506"}],"wp:term":[{"taxonomy":"product_brand","embeddable":true,"href":"https:\/\/www.workingskills.net\/vi\/wp-json\/wp\/v2\/product_brand?post=35506"},{"taxonomy":"product_cat","embeddable":true,"href":"https:\/\/www.workingskills.net\/vi\/wp-json\/wp\/v2\/product_cat?post=35506"},{"taxonomy":"product_tag","embeddable":true,"href":"https:\/\/www.workingskills.net\/vi\/wp-json\/wp\/v2\/product_tag?post=35506"}],"curies":[{"name":"wp","href":"https:\/\/api.w.org\/{rel}","templated":true}]}}