{"id":27844,"date":"2019-10-03T21:29:43","date_gmt":"2019-10-03T14:29:43","guid":{"rendered":"https:\/\/workingskills.net\/?post_type=product&#038;p=27844"},"modified":"2020-07-24T15:38:41","modified_gmt":"2020-07-24T08:38:41","slug":"ky-nang-viet-co-ban-danh-cho-sinh-vien-khoi-nganh-xa-hoi","status":"publish","type":"product","link":"https:\/\/www.workingskills.net\/vi\/san-pham\/ky-nang-viet-co-ban-danh-cho-sinh-vien-khoi-nganh-xa-hoi\/","title":{"rendered":"K\u1ef9 n\u0103ng vi\u1ebft c\u01a1 b\u1ea3n d\u00e0nh cho sinh vi\u00ean kh\u1ed1i ng\u00e0nh x\u00e3 h\u1ed9i"},"content":{"rendered":"<p><em>M\u00e3 kho\u00e1 h\u1ecdc: SSVT-023<br \/>\nPhi\u00ean b\u1ea3n: K\u1ef9 n\u0103ng vi\u1ebft c\u01a1 b\u1ea3n \u2013 Ti\u1ebfng Vi\u1ec7t<\/em><\/p>\n<p>B\u1ea1n c\u00f3 bao gi\u1edd g\u1eb7p kh\u00f3 kh\u0103n khi ph\u1ea3i vi\u1ebft email, <a href=\"https:\/\/www.workingskills.net\/vi\/courses\/ky-nang-viet-tieu-luan-khoa-luan-danh-cho-sinh-vien-khoi-nganh-xa-hoi\/\" target=\"_blank\" rel=\"noreferrer noopener\" aria-label=\"ti\u1ec3u lu\u1eadn (m\u1edf trong tab m\u1edbi)\">ti\u1ec3u lu\u1eadn<\/a>\u00a0hay b\u00e0i b\u00e1o c\u00e1o?<br \/>\nB\u1ea1n b\u0103n kho\u0103n kh\u00f4ng bi\u1ebft n\u00ean d\u00f9ng t\u1eeb ng\u1eef sao cho \u0111\u00fang ch\u00ednh t\u1ea3 v\u00e0 ph\u00f9 h\u1ee3p v\u1edbi ng\u1eef c\u1ea3nh?<br \/>\nB\u1ea1n kh\u00f4ng bi\u1ebft n\u00ean vi\u1ebft c\u00e2u v\u00e0 s\u1eafp x\u1ebfp c\u00e1c \u00fd nh\u01b0 th\u1ebf n\u00e0o cho h\u1ee3p logic?<br \/>\nB\u1ea1n mu\u1ed1n vi\u1ebft m\u1ed9t email nh\u01b0ng kh\u00f4ng bi\u1ebft ph\u1ea3i b\u1eaft \u0111\u1ea7u t\u1eeb \u0111\u00e2u?<br \/>\nT\u1ea5t c\u1ea3 nh\u1eefng v\u1ea5n \u0111\u1ec1 tr\u00ean \u0111\u1ec1u s\u1ebd tr\u1edf n\u00ean th\u1eadt d\u1ec5 d\u00e0ng khi b\u1ea1n n\u1eafm b\u1eaft v\u00e0 l\u00e0m ch\u1ee7 \u0111\u01b0\u1ee3c k\u1ef9 n\u0103ng vi\u1ebft th\u00f4ng qua kh\u00f3a h\u1ecdc K\u1ef9 n\u0103ng vi\u1ebft c\u01a1 b\u1ea3n n\u00e0y.<\/p>\n<p><em>B\u1ea1n s\u1ebd \u0111\u01b0\u1ee3c h\u1ed7 tr\u1ee3 v\u00e0 t\u01b0 v\u1ea5n tr\u1ef1c tuy\u1ebfn mi\u1ec5n ph\u00ed b\u1edfi nh\u1eefng chuy\u00ean gia \u0111\u00e0o t\u1ea1o doanh nghi\u1ec7p c\u1ee7a\u00a0<a href=\"http:\/\/www.talentmind.edu.vn\/\" target=\"_blank\" rel=\"noreferrer noopener\">Talent Mind Education<\/a>\u00a0trong su\u1ed1t 365 ng\u00e0y tr\u1ea3i nghi\u1ec7m kho\u00e1 h\u1ecdc.<\/em><\/p>\n<h3><strong>Sau kh\u00f3a h\u1ecdc n\u00e0y, b\u1ea1n c\u00f3 th\u1ec3:<\/strong><\/h3>\n<ul>\n<li>Ki\u1ec3m tra m\u1ee9c \u0111\u1ed9 v\u1eefng v\u00e0ng c\u1ee7a m\u00ecnh v\u1ec1 nh\u1eefng ki\u1ebfn th\u1ee9c c\u01a1 b\u1ea3n khi vi\u1ebft nh\u01b0 ch\u00ednh t\u1ea3, ng\u1eef ph\u00e1p, c\u00e2u, d\u1ea5u c\u00e2u, \u0111o\u1ea1n<\/li>\n<li>Ki\u1ec3m tra v\u1ed1n t\u1eeb v\u1ef1ng ti\u1ebfng Vi\u1ec7t c\u1ee7a b\u1ea1n<\/li>\n<li>Bi\u1ebft c\u00e1ch vi\u1ebft m\u1ed9t b\u1ee9c email ho\u00e0n ch\u1ec9nh<\/li>\n<li>Tham kh\u1ea3o m\u1ed9t s\u1ed1 m\u1eabu email th\u01b0\u1eddng g\u1eb7p<\/li>\n<\/ul>","protected":false},"excerpt":{"rendered":"<p>M\u00e3 kho\u00e1 h\u1ecdc: SSVT-023 Phi\u00ean b\u1ea3n: K\u1ef9 n\u0103ng vi\u1ebft c\u01a1 b\u1ea3n \u2013 Ti\u1ebfng Vi\u1ec7t B\u1ea1n c\u00f3 bao gi\u1edd g\u1eb7p kh\u00f3 kh\u0103n khi ph\u1ea3i vi\u1ebft email, ti\u1ec3u lu\u1eadn\u00a0hay b\u00e0i b\u00e1o c\u00e1o? B\u1ea1n b\u0103n kho\u0103n kh\u00f4ng bi\u1ebft n\u00ean d\u00f9ng t\u1eeb ng\u1eef sao cho \u0111\u00fang ch\u00ednh t\u1ea3 v\u00e0 ph\u00f9 h\u1ee3p v\u1edbi ng\u1eef c\u1ea3nh? B\u1ea1n kh\u00f4ng bi\u1ebft n\u00ean vi\u1ebft [&hellip;]<\/p>","protected":false},"featured_media":1704,"comment_status":"open","ping_status":"closed","template":"","meta":{"_uag_custom_page_level_css":"","site-sidebar-layout":"default","site-content-layout":"default","ast-site-content-layout":"","site-content-style":"default","site-sidebar-style":"default","ast-global-header-display":"","ast-banner-title-visibility":"","ast-main-header-display":"","ast-hfb-above-header-display":"","ast-hfb-below-header-display":"","ast-hfb-mobile-header-display":"","site-post-title":"","ast-breadcrumbs-content":"","ast-featured-img":"","footer-sml-layout":"","theme-transparent-header-meta":"default","adv-header-id-meta":"","stick-header-meta":"","header-above-stick-meta":"","header-main-stick-meta":"","header-below-stick-meta":"","astra-migrate-meta-layouts":"default","ast-page-background-enabled":"default","ast-page-background-meta":{"desktop":{"background-color":"","background-image":"","background-repeat":"repeat","background-position":"center center","background-size":"auto","background-attachment":"scroll","background-type":"","background-media":"","overlay-type":"","overlay-color":"","overlay-opacity":"","overlay-gradient":""},"tablet":{"background-color":"","background-image":"","background-repeat":"repeat","background-position":"center center","background-size":"auto","background-attachment":"scroll","background-type":"","background-media":"","overlay-type":"","overlay-color":"","overlay-opacity":"","overlay-gradient":""},"mobile":{"background-color":"","background-image":"","background-repeat":"repeat","background-position":"center center","background-size":"auto","background-attachment":"scroll","background-type":"","background-media":"","overlay-type":"","overlay-color":"","overlay-opacity":"","overlay-gradient":""}},"ast-content-background-meta":{"desktop":{"background-color":"var(--ast-global-color-5)","background-image":"","background-repeat":"repeat","background-position":"center center","background-size":"auto","background-attachment":"scroll","background-type":"","background-media":"","overlay-type":"","overlay-color":"","overlay-opacity":"","overlay-gradient":""},"tablet":{"background-color":"var(--ast-global-color-5)","background-image":"","background-repeat":"repeat","background-position":"center center","background-size":"auto","background-attachment":"scroll","background-type":"","background-media":"","overlay-type":"","overlay-color":"","overlay-opacity":"","overlay-gradient":""},"mobile":{"background-color":"var(--ast-global-color-5)","background-image":"","background-repeat":"repeat","background-position":"center center","background-size":"auto","background-attachment":"scroll","background-type":"","background-media":"","overlay-type":"","overlay-color":"","overlay-opacity":"","overlay-gradient":""}}},"product_brand":[],"product_cat":[375],"product_tag":[613,551,534,609],"class_list":{"0":"post-27844","1":"product","2":"type-product","3":"status-publish","4":"has-post-thumbnail","6":"product_cat-ky-nang-lam-viec-chuyen-nghiep-danh-cho-sinh-vien","7":"product_tag-basic-writing-skills","8":"product_tag-ky-nang-viet","9":"product_tag-ky-nang-viet-co-ban","10":"product_tag-writing-skills","11":"desktop-align-left","12":"tablet-align-left","13":"mobile-align-left","15":"first","16":"instock","17":"virtual","18":"sold-individually","19":"taxable","20":"purchasable","21":"product-type-courses"},"uagb_featured_image_src":{"full":["https:\/\/www.workingskills.net\/wp-content\/uploads\/2016\/11\/Examination-Toolbox3.jpg",350,250,false],"thumbnail":["https:\/\/www.workingskills.net\/wp-content\/uploads\/2016\/11\/Examination-Toolbox3-150x150.jpg",150,150,true],"medium":["https:\/\/www.workingskills.net\/wp-content\/uploads\/2016\/11\/Examination-Toolbox3-300x214.jpg",300,214,true],"medium_large":["https:\/\/www.workingskills.net\/wp-content\/uploads\/2016\/11\/Examination-Toolbox3.jpg",350,250,false],"large":["https:\/\/www.workingskills.net\/wp-content\/uploads\/2016\/11\/Examination-Toolbox3.jpg",350,250,false],"1536x1536":["https:\/\/www.workingskills.net\/wp-content\/uploads\/2016\/11\/Examination-Toolbox3.jpg",350,250,false],"2048x2048":["https:\/\/www.workingskills.net\/wp-content\/uploads\/2016\/11\/Examination-Toolbox3.jpg",350,250,false],"trp-custom-language-flag":["https:\/\/www.workingskills.net\/wp-content\/uploads\/2016\/11\/Examination-Toolbox3.jpg",18,12,false],"woocommerce_thumbnail":["https:\/\/www.workingskills.net\/wp-content\/uploads\/2016\/11\/Examination-Toolbox3-300x250.jpg",300,250,true],"woocommerce_single":["https:\/\/www.workingskills.net\/wp-content\/uploads\/2016\/11\/Examination-Toolbox3.jpg",350,250,false],"woocommerce_gallery_thumbnail":["https:\/\/www.workingskills.net\/wp-content\/uploads\/2016\/11\/Examination-Toolbox3-100x100.jpg",100,100,true]},"uagb_author_info":{"display_name":"Working Skills","author_link":"https:\/\/www.workingskills.net\/vi\/author\/"},"uagb_comment_info":0,"uagb_excerpt":"M\u00e3 kho\u00e1 h\u1ecdc: SSVT-023 Phi\u00ean b\u1ea3n: K\u1ef9 n\u0103ng vi\u1ebft c\u01a1 b\u1ea3n \u2013 Ti\u1ebfng Vi\u1ec7t B\u1ea1n c\u00f3 bao gi\u1edd g\u1eb7p kh\u00f3 kh\u0103n khi ph\u1ea3i vi\u1ebft email, ti\u1ec3u lu\u1eadn\u00a0hay b\u00e0i b\u00e1o c\u00e1o? B\u1ea1n b\u0103n kho\u0103n kh\u00f4ng bi\u1ebft n\u00ean d\u00f9ng t\u1eeb ng\u1eef sao cho \u0111\u00fang ch\u00ednh t\u1ea3 v\u00e0 ph\u00f9 h\u1ee3p v\u1edbi ng\u1eef c\u1ea3nh? B\u1ea1n kh\u00f4ng bi\u1ebft n\u00ean vi\u1ebft&hellip;","_links":{"self":[{"href":"https:\/\/www.workingskills.net\/vi\/wp-json\/wp\/v2\/product\/27844","targetHints":{"allow":["GET"]}}],"collection":[{"href":"https:\/\/www.workingskills.net\/vi\/wp-json\/wp\/v2\/product"}],"about":[{"href":"https:\/\/www.workingskills.net\/vi\/wp-json\/wp\/v2\/types\/product"}],"replies":[{"embeddable":true,"href":"https:\/\/www.workingskills.net\/vi\/wp-json\/wp\/v2\/comments?post=27844"}],"wp:featuredmedia":[{"embeddable":true,"href":"https:\/\/www.workingskills.net\/vi\/wp-json\/wp\/v2\/media\/1704"}],"wp:attachment":[{"href":"https:\/\/www.workingskills.net\/vi\/wp-json\/wp\/v2\/media?parent=27844"}],"wp:term":[{"taxonomy":"product_brand","embeddable":true,"href":"https:\/\/www.workingskills.net\/vi\/wp-json\/wp\/v2\/product_brand?post=27844"},{"taxonomy":"product_cat","embeddable":true,"href":"https:\/\/www.workingskills.net\/vi\/wp-json\/wp\/v2\/product_cat?post=27844"},{"taxonomy":"product_tag","embeddable":true,"href":"https:\/\/www.workingskills.net\/vi\/wp-json\/wp\/v2\/product_tag?post=27844"}],"curies":[{"name":"wp","href":"https:\/\/api.w.org\/{rel}","templated":true}]}}