{"id":27842,"date":"2019-10-03T21:29:38","date_gmt":"2019-10-03T14:29:38","guid":{"rendered":"https:\/\/workingskills.net\/?post_type=product&#038;p=27842"},"modified":"2020-07-24T15:43:15","modified_gmt":"2020-07-24T08:43:15","slug":"ky-nang-viet-cv-danh-cho-sinh-vien-khoi-nganh-xa-hoi","status":"publish","type":"product","link":"https:\/\/www.workingskills.net\/vi\/san-pham\/ky-nang-viet-cv-danh-cho-sinh-vien-khoi-nganh-xa-hoi\/","title":{"rendered":"K\u1ef9 n\u0103ng vi\u1ebft CV d\u00e0nh cho sinh vi\u00ean kh\u1ed1i ng\u00e0nh x\u00e3 h\u1ed9i"},"content":{"rendered":"<p><em>M\u00e3 kho\u00e1 h\u1ecdc: SSVT-024<br \/>\nPhi\u00ean b\u1ea3n: K\u1ef9 n\u0103ng vi\u1ebft CV \u2013 Ti\u1ebfng Vi\u1ec7t<\/em><\/p>\n<p>Ng\u00e0y nay, khi \u0111i ph\u1ecfng v\u1ea5n xin vi\u1ec7c, b\u00ean c\u1ea1nh\u00a0<a href=\"https:\/\/www.workingskills.net\/vi\/courses\/ky-nang-viet-thu-danh-cho-sinh-vien-khoi-nganh-xa-hoi\/\" target=\"_blank\" rel=\"noreferrer noopener\" aria-label=\"th\u01b0 xin vi\u1ec7c (m\u1edf trong tab m\u1edbi)\">th\u01b0 tr\u00ecnh b\u00e0y nguy\u1ec7n v\u1ecdng\u00a0<\/a>th\u00ec CV \u0111\u00e3 tr\u1edf th\u00e0nh m\u1ed9t ph\u1ea7n kh\u00f4ng th\u1ec3 thi\u1ebfu trong h\u1ed3 s\u01a1 c\u1ee7a c\u00e1c b\u1ea1n sinh vi\u00ean. CV hay c\u00f2n g\u1ecdi l\u00e0 b\u1ea3n l\u00fd l\u1ecbch ngh\u1ec1 nghi\u1ec7p l\u00e0 m\u1ed9t trong nh\u1eefng c\u00e1ch th\u1ee9c d\u1ec5 d\u00e0ng v\u00e0 thu\u1eadn ti\u1ec7n nh\u1ea5t c\u00f3 th\u1ec3 gi\u00fap b\u1ea1n \u1ee9ng tuy\u1ec3n c\u00f4ng vi\u1ec7c. CV th\u1ec3 hi\u1ec7n chi ti\u1ebft nh\u1eefng th\u00f4ng tin c\u00e1 nh\u00e2n c\u00f3 th\u1ec3 gi\u00fap b\u1ea1n gi\u1edbi thi\u1ec7u b\u1ea3n th\u00e2n. B\u1ea1n c\u1ea7n \u201cb\u00e1n\u201d nh\u1eefng kh\u1ea3 n\u0103ng, kinh nghi\u1ec7m, k\u1ef9 n\u0103ng v\u00e0 n\u0103ng l\u1ef1c c\u1ee7a m\u00ecnh cho nh\u00e0 tuy\u1ec3n d\u1ee5ng \u0111\u1ec3 c\u00f3 c\u00f4ng vi\u1ec7c ph\u00f9 h\u1ee3p, t\u1ed1t nh\u1ea5t. V\u1eady th\u00ec:<br \/>\nB\u1ea1n \u0111\u00e3 bi\u1ebft c\u00e1ch t\u1ef1 t\u1ea1o cho m\u00ecnh m\u1ed9t CV ho\u00e0n ch\u1ec9nh ch\u01b0a?<br \/>\nB\u1ea1n c\u00f3 n\u1eafm \u0111\u01b0\u1ee3c nh\u1eefng n\u1ed9i dung g\u00ec s\u1ebd \u0111\u01b0\u1ee3c \u0111\u01b0a v\u00e0o CV \u0111\u1ec3 thu h\u00fat nh\u00e0 tuy\u1ec3n d\u1ee5ng?<br \/>\nB\u1ea1n n\u00ean v\u00e0 kh\u00f4ng n\u00ean vi\u1ebft g\u00ec v\u00e0o CV c\u1ee7a m\u00ecnh?<br \/>\nB\u1ea1n \u0111\u00e3 bi\u1ebft c\u00e1ch tr\u00ecnh b\u00e0y n\u1ed9i dung CV \u0111\u1ea7y \u0111\u1ee7 v\u00e0 logic?<br \/>\nVi\u1ec7c t\u1ef1 t\u1ea1o cho m\u00ecnh m\u1ed9t CV theo \u201cch\u1ea5t\u201d ri\u00eang s\u1ebd gi\u00fap b\u1ea1n g\u00e2y \u0111\u01b0\u1ee3c \u1ea5n t\u01b0\u1ee3ng t\u1ed1t trong m\u1eaft nh\u00e0 tuy\u1ec3n d\u1ee5ng. Do \u0111\u00f3 k\u1ef9 n\u0103ng vi\u1ebft CV l\u00e0 v\u00f4 c\u00f9ng quan tr\u1ecdng v\u00e0 c\u1ea7n thi\u1ebft gi\u00fap b\u1ea1n t\u00ecm \u0111\u01b0\u1ee3c m\u1ed9t c\u00f4ng vi\u1ec7c nh\u01b0 \u00fd.<\/p>\n<p><em>B\u1ea1n s\u1ebd \u0111\u01b0\u1ee3c h\u1ed7 tr\u1ee3 v\u00e0 t\u01b0 v\u1ea5n tr\u1ef1c tuy\u1ebfn mi\u1ec5n ph\u00ed b\u1edfi nh\u1eefng chuy\u00ean gia \u0111\u00e0o t\u1ea1o doanh nghi\u1ec7p c\u1ee7a\u00a0<a href=\"http:\/\/www.talentmind.edu.vn\/\" target=\"_blank\" rel=\"noreferrer noopener\">Talent Mind Education<\/a>\u00a0trong su\u1ed1t 365 ng\u00e0y tr\u1ea3i nghi\u1ec7m kho\u00e1 h\u1ecdc.<\/em><\/p>\n<h3><strong>Sau kh\u00f3a h\u1ecdc k\u1ef9 n\u0103ng vi\u1ebft CV n\u00e0y, b\u1ea1n c\u00f3 th\u1ec3:<\/strong><\/h3>\n<ul>\n<li>Bi\u1ebft \u0111\u01b0\u1ee3c nh\u1eefng n\u1ed9i dung \u201cPH\u1ea2I C\u00d3\u201d trong CV<\/li>\n<li>Bi\u1ebft \u0111\u01b0\u1ee3c c\u00e1ch tr\u00ecnh b\u00e0y CV sao cho hi\u1ec7u qu\u1ea3, thu h\u00fat nh\u00e0 tuy\u1ec3n d\u1ee5ng<\/li>\n<li>M\u00f4 t\u1ea3 kinh nghi\u1ec7m \u1ea5n t\u01b0\u1ee3ng b\u1eb1ng k\u1ef9 thu\u1eadt STAR<\/li>\n<li>N\u1eafm gi\u1eef \u201cb\u00ed m\u1eadt\u201d nh\u1eefng \u0111i\u1ec1u n\u00ean v\u00e0 kh\u00f4ng n\u00ean l\u00e0m khi vi\u1ebft CV<\/li>\n<li>Tham kh\u1ea3o m\u1ed9t s\u1ed1 m\u1eabu CV th\u01b0\u1eddng g\u1eb7p \u0111\u1ed1i v\u1edbi ng\u00e0nh ngh\u1ec1 c\u1ee7a b\u1ea1n<\/li>\n<\/ul>","protected":false},"excerpt":{"rendered":"<p>M\u00e3 kho\u00e1 h\u1ecdc: SSVT-024 Phi\u00ean b\u1ea3n: K\u1ef9 n\u0103ng vi\u1ebft CV \u2013 Ti\u1ebfng Vi\u1ec7t Ng\u00e0y nay, khi \u0111i ph\u1ecfng v\u1ea5n xin vi\u1ec7c, b\u00ean c\u1ea1nh\u00a0th\u01b0 tr\u00ecnh b\u00e0y nguy\u1ec7n v\u1ecdng\u00a0th\u00ec CV \u0111\u00e3 tr\u1edf th\u00e0nh m\u1ed9t ph\u1ea7n kh\u00f4ng th\u1ec3 thi\u1ebfu trong h\u1ed3 s\u01a1 c\u1ee7a c\u00e1c b\u1ea1n sinh vi\u00ean. CV hay c\u00f2n g\u1ecdi l\u00e0 b\u1ea3n l\u00fd l\u1ecbch ngh\u1ec1 nghi\u1ec7p l\u00e0 [&hellip;]<\/p>","protected":false},"featured_media":1696,"comment_status":"open","ping_status":"closed","template":"","meta":{"_uag_custom_page_level_css":"","site-sidebar-layout":"default","site-content-layout":"default","ast-site-content-layout":"","site-content-style":"default","site-sidebar-style":"default","ast-global-header-display":"","ast-banner-title-visibility":"","ast-main-header-display":"","ast-hfb-above-header-display":"","ast-hfb-below-header-display":"","ast-hfb-mobile-header-display":"","site-post-title":"","ast-breadcrumbs-content":"","ast-featured-img":"","footer-sml-layout":"","theme-transparent-header-meta":"default","adv-header-id-meta":"","stick-header-meta":"","header-above-stick-meta":"","header-main-stick-meta":"","header-below-stick-meta":"","astra-migrate-meta-layouts":"default","ast-page-background-enabled":"default","ast-page-background-meta":{"desktop":{"background-color":"","background-image":"","background-repeat":"repeat","background-position":"center center","background-size":"auto","background-attachment":"scroll","background-type":"","background-media":"","overlay-type":"","overlay-color":"","overlay-opacity":"","overlay-gradient":""},"tablet":{"background-color":"","background-image":"","background-repeat":"repeat","background-position":"center center","background-size":"auto","background-attachment":"scroll","background-type":"","background-media":"","overlay-type":"","overlay-color":"","overlay-opacity":"","overlay-gradient":""},"mobile":{"background-color":"","background-image":"","background-repeat":"repeat","background-position":"center center","background-size":"auto","background-attachment":"scroll","background-type":"","background-media":"","overlay-type":"","overlay-color":"","overlay-opacity":"","overlay-gradient":""}},"ast-content-background-meta":{"desktop":{"background-color":"var(--ast-global-color-5)","background-image":"","background-repeat":"repeat","background-position":"center center","background-size":"auto","background-attachment":"scroll","background-type":"","background-media":"","overlay-type":"","overlay-color":"","overlay-opacity":"","overlay-gradient":""},"tablet":{"background-color":"var(--ast-global-color-5)","background-image":"","background-repeat":"repeat","background-position":"center center","background-size":"auto","background-attachment":"scroll","background-type":"","background-media":"","overlay-type":"","overlay-color":"","overlay-opacity":"","overlay-gradient":""},"mobile":{"background-color":"var(--ast-global-color-5)","background-image":"","background-repeat":"repeat","background-position":"center center","background-size":"auto","background-attachment":"scroll","background-type":"","background-media":"","overlay-type":"","overlay-color":"","overlay-opacity":"","overlay-gradient":""}}},"product_brand":[],"product_cat":[375],"product_tag":[612,551,535,609],"class_list":{"0":"post-27842","1":"product","2":"type-product","3":"status-publish","4":"has-post-thumbnail","6":"product_cat-ky-nang-lam-viec-chuyen-nghiep-danh-cho-sinh-vien","7":"product_tag-cv-writing-skills","8":"product_tag-ky-nang-viet","9":"product_tag-ky-nang-viet-cv","10":"product_tag-writing-skills","11":"desktop-align-left","12":"tablet-align-left","13":"mobile-align-left","15":"first","16":"instock","17":"virtual","18":"sold-individually","19":"taxable","20":"purchasable","21":"product-type-courses"},"uagb_featured_image_src":{"full":["https:\/\/www.workingskills.net\/wp-content\/uploads\/2016\/11\/writtingCV1.png",350,250,false],"thumbnail":["https:\/\/www.workingskills.net\/wp-content\/uploads\/2016\/11\/writtingCV1-150x150.png",150,150,true],"medium":["https:\/\/www.workingskills.net\/wp-content\/uploads\/2016\/11\/writtingCV1-300x214.png",300,214,true],"medium_large":["https:\/\/www.workingskills.net\/wp-content\/uploads\/2016\/11\/writtingCV1.png",350,250,false],"large":["https:\/\/www.workingskills.net\/wp-content\/uploads\/2016\/11\/writtingCV1.png",350,250,false],"1536x1536":["https:\/\/www.workingskills.net\/wp-content\/uploads\/2016\/11\/writtingCV1.png",350,250,false],"2048x2048":["https:\/\/www.workingskills.net\/wp-content\/uploads\/2016\/11\/writtingCV1.png",350,250,false],"trp-custom-language-flag":["https:\/\/www.workingskills.net\/wp-content\/uploads\/2016\/11\/writtingCV1.png",18,12,false],"woocommerce_thumbnail":["https:\/\/www.workingskills.net\/wp-content\/uploads\/2016\/11\/writtingCV1-300x250.png",300,250,true],"woocommerce_single":["https:\/\/www.workingskills.net\/wp-content\/uploads\/2016\/11\/writtingCV1.png",350,250,false],"woocommerce_gallery_thumbnail":["https:\/\/www.workingskills.net\/wp-content\/uploads\/2016\/11\/writtingCV1-100x100.png",100,100,true]},"uagb_author_info":{"display_name":"Working Skills","author_link":"https:\/\/www.workingskills.net\/vi\/author\/"},"uagb_comment_info":0,"uagb_excerpt":"M\u00e3 kho\u00e1 h\u1ecdc: SSVT-024 Phi\u00ean b\u1ea3n: K\u1ef9 n\u0103ng vi\u1ebft CV \u2013 Ti\u1ebfng Vi\u1ec7t Ng\u00e0y nay, khi \u0111i ph\u1ecfng v\u1ea5n xin vi\u1ec7c, b\u00ean c\u1ea1nh\u00a0th\u01b0 tr\u00ecnh b\u00e0y nguy\u1ec7n v\u1ecdng\u00a0th\u00ec CV \u0111\u00e3 tr\u1edf th\u00e0nh m\u1ed9t ph\u1ea7n kh\u00f4ng th\u1ec3 thi\u1ebfu trong h\u1ed3 s\u01a1 c\u1ee7a c\u00e1c b\u1ea1n sinh vi\u00ean. CV hay c\u00f2n g\u1ecdi l\u00e0 b\u1ea3n l\u00fd l\u1ecbch ngh\u1ec1 nghi\u1ec7p l\u00e0&hellip;","_links":{"self":[{"href":"https:\/\/www.workingskills.net\/vi\/wp-json\/wp\/v2\/product\/27842","targetHints":{"allow":["GET"]}}],"collection":[{"href":"https:\/\/www.workingskills.net\/vi\/wp-json\/wp\/v2\/product"}],"about":[{"href":"https:\/\/www.workingskills.net\/vi\/wp-json\/wp\/v2\/types\/product"}],"replies":[{"embeddable":true,"href":"https:\/\/www.workingskills.net\/vi\/wp-json\/wp\/v2\/comments?post=27842"}],"wp:featuredmedia":[{"embeddable":true,"href":"https:\/\/www.workingskills.net\/vi\/wp-json\/wp\/v2\/media\/1696"}],"wp:attachment":[{"href":"https:\/\/www.workingskills.net\/vi\/wp-json\/wp\/v2\/media?parent=27842"}],"wp:term":[{"taxonomy":"product_brand","embeddable":true,"href":"https:\/\/www.workingskills.net\/vi\/wp-json\/wp\/v2\/product_brand?post=27842"},{"taxonomy":"product_cat","embeddable":true,"href":"https:\/\/www.workingskills.net\/vi\/wp-json\/wp\/v2\/product_cat?post=27842"},{"taxonomy":"product_tag","embeddable":true,"href":"https:\/\/www.workingskills.net\/vi\/wp-json\/wp\/v2\/product_tag?post=27842"}],"curies":[{"name":"wp","href":"https:\/\/api.w.org\/{rel}","templated":true}]}}