{"id":27793,"date":"2019-10-03T13:06:46","date_gmt":"2019-10-03T06:06:46","guid":{"rendered":"https:\/\/workingskills.net\/?post_type=product&#038;p=27793"},"modified":"2025-04-04T09:38:12","modified_gmt":"2025-04-04T02:38:12","slug":"ky-nang-viet-tieu-luan-khoa-luan-danh-cho-sinh-vien-khoi-nganh-cong-nghe-ky-thuat","status":"publish","type":"product","link":"https:\/\/www.workingskills.net\/vi\/san-pham\/ky-nang-viet-tieu-luan-khoa-luan-danh-cho-sinh-vien-khoi-nganh-cong-nghe-ky-thuat\/","title":{"rendered":"K\u1ef9 n\u0103ng vi\u1ebft ti\u1ec3u lu\u1eadn \u2013 kh\u00f3a lu\u1eadn d\u00e0nh cho sinh vi\u00ean kh\u1ed1i ng\u00e0nh c\u00f4ng ngh\u1ec7 k\u1ef9 thu\u1eadt"},"content":{"rendered":"<p><em>M\u00e3 kho\u00e1 h\u1ecdc: SSVT-026<br \/>\nPhi\u00ean b\u1ea3n: K\u1ef9 n\u0103ng vi\u1ebft ti\u1ec3u lu\u1eadn \u2013 kh\u00f3a lu\u1eadn \u2013 Ti\u1ebfng Vi\u1ec7t<\/em><\/p>\n<p>K\u1ef9 n\u0103ng vi\u1ebft lu\u1eadn l\u00e0 m\u1ed9t ph\u1ea7n kh\u00f4ng th\u1ec3 thi\u1ebfu \u0111\u1ed1i v\u1edbi sinh vi\u00ean khi c\u00f2n ng\u1ed3i tr\u00ean gh\u1ebf gi\u1ea3ng \u0111\u01b0\u1eddng. H\u1ea7u nh\u01b0 b\u1ea5t k\u1ef3 sinh vi\u00ean n\u00e0o c\u0169ng ph\u1ea3i vi\u1ebft ti\u1ec3u lu\u1eadn ho\u1eb7c kh\u00f3a lu\u1eadn \u00edt nh\u1ea5t m\u1ed9t l\u1ea7n trong \u0111\u1eddi. V\u1eady:<br \/>\nB\u1ea1n \u0111\u00e3 bi\u1ebft m\u1ed9t b\u00e0i ti\u1ec3u lu\u1eadn, kh\u00f3a lu\u1eadn c\u00f3 c\u1ea5u tr\u00fac nh\u01b0 th\u1ebf n\u00e0o?<br \/>\nB\u1ea1n c\u1ea7n l\u00e0m g\u00ec \u0111\u1ec3 b\u1eaft \u0111\u1ea7u b\u00e0i lu\u1eadn c\u1ee7a m\u00ecnh?<br \/>\nL\u00e0m sao \u0111\u1ec3 c\u00f3 \u0111\u01b0\u1ee3c m\u1ed9t b\u00e0i lu\u1eadn chuy\u00ean nghi\u1ec7p, kh\u00f4ng c\u00f3 nhi\u1ec1u sai s\u00f3t?<br \/>\nKh\u00f3a h\u1ecdc k\u1ef9 n\u0103ng vi\u1ebft b\u00e0i lu\u1eadn s\u1ebd gi\u00fap b\u1ea1n tr\u1ea3 l\u1eddi c\u00e1c c\u00e2u h\u1ecfi tr\u00ean. C\u00f9ng v\u1edbi\u00a0<a href=\"https:\/\/www.workingskills.net\/vi\/courses\/ky-nang-viet-co-ban-danh-cho-sinh-vien-khoi-nganh-cong-nghe-ky-thuat\/\" target=\"_blank\" rel=\"noreferrer noopener\" aria-label=\"kh\u00f3a h\u1ecdc k\u1ef9 n\u0103ng vi\u1ebft c\u01a1 b\u1ea3n (m\u1edf trong tab m\u1edbi)\">kh\u00f3a h\u1ecdc k\u1ef9 n\u0103ng vi\u1ebft c\u01a1 b\u1ea3n<\/a>, sau kh\u00f3a h\u1ecdc n\u00e0y, b\u1ea1n s\u1ebd \u0111\u01b0\u1ee3c cung c\u1ea5p nh\u1eefng ki\u1ebfn th\u1ee9c c\u1ea7n thi\u1ebft v\u00e0 tr\u1edf n\u00ean t\u1ef1 tin h\u01a1n khi b\u1eaft \u0111\u1ea7u b\u00e0i lu\u1eadn c\u1ee7a m\u00ecnh.<\/p>\n<p><em>B\u1ea1n s\u1ebd \u0111\u01b0\u1ee3c h\u1ed7 tr\u1ee3 v\u00e0 t\u01b0 v\u1ea5n tr\u1ef1c tuy\u1ebfn mi\u1ec5n ph\u00ed b\u1edfi nh\u1eefng chuy\u00ean gia \u0111\u00e0o t\u1ea1o doanh nghi\u1ec7p c\u1ee7a\u00a0<a href=\"http:\/\/www.talentmind.edu.vn\/\" target=\"_blank\" rel=\"noreferrer noopener\">Talent Mind Education<\/a>\u00a0trong su\u1ed1t 365 ng\u00e0y tr\u1ea3i nghi\u1ec7m kho\u00e1 h\u1ecdc.<\/em><\/p>\n<h3><strong>Sau kh\u00f3a h\u1ecdc k\u1ef9 n\u0103ng vi\u1ebft ti\u1ec3u lu\u1eadn \u2013 kh\u00f3a lu\u1eadn n\u00e0y, b\u1ea1n c\u00f3 th\u1ec3:<\/strong><\/h3>\n<ul>\n<li>Ph\u00e2n bi\u1ec7t \u0111\u01b0\u1ee3c ti\u1ec3u lu\u1eadn, kh\u00f3a lu\u1eadn<\/li>\n<li>Bi\u1ebft c\u00e1ch t\u00ecm ki\u1ebfm, nghi\u00ean c\u1ee9u t\u00e0i li\u1ec7u ph\u00f9 h\u1ee3p cho b\u00e0i ti\u1ec3u lu\u1eadn, kh\u00f3a lu\u1eadn<\/li>\n<li>Bi\u1ebft c\u00e1ch ph\u00e1t tri\u1ec3n n\u1ed9i dung cho m\u1ed9t b\u00e0i ti\u1ec3u lu\u1eadn, kh\u00f3a lu\u1eadn<\/li>\n<li>Bi\u1ebft \u0111\u01b0\u1ee3c nh\u1eefng y\u00eau c\u1ea7u c\u01a1 b\u1ea3n, c\u1ea7n thi\u1ebft c\u1ee7a m\u1ed9t b\u00e0i ti\u1ec3u lu\u1eadn, kh\u00f3a lu\u1eadn<\/li>\n<li>Ki\u1ec3m tra c\u00e1c sai s\u00f3t v\u00e0 n\u00e2ng cao t\u00ednh ch\u00ednh x\u00e1c, chuy\u00ean nghi\u1ec7p c\u1ee7a b\u00e0i lu\u1eadn th\u00f4ng qua\u00a0c\u00e1c k\u1ef9 thu\u1eadt \u0111\u1ecdc so\u00e1t, b\u00ecnh duy\u1ec7t v\u00e0 in \u1ea5n<\/li>\n<\/ul>","protected":false},"excerpt":{"rendered":"<p>M\u00e3 kho\u00e1 h\u1ecdc: SSVT-026 Phi\u00ean b\u1ea3n: K\u1ef9 n\u0103ng vi\u1ebft ti\u1ec3u lu\u1eadn \u2013 kh\u00f3a lu\u1eadn \u2013 Ti\u1ebfng Vi\u1ec7t K\u1ef9 n\u0103ng vi\u1ebft lu\u1eadn l\u00e0 m\u1ed9t ph\u1ea7n kh\u00f4ng th\u1ec3 thi\u1ebfu \u0111\u1ed1i v\u1edbi sinh vi\u00ean khi c\u00f2n ng\u1ed3i tr\u00ean gh\u1ebf gi\u1ea3ng \u0111\u01b0\u1eddng. H\u1ea7u nh\u01b0 b\u1ea5t k\u1ef3 sinh vi\u00ean n\u00e0o c\u0169ng ph\u1ea3i vi\u1ebft ti\u1ec3u lu\u1eadn ho\u1eb7c kh\u00f3a lu\u1eadn \u00edt nh\u1ea5t [&hellip;]<\/p>","protected":false},"featured_media":0,"comment_status":"open","ping_status":"closed","template":"","meta":{"_uag_custom_page_level_css":"","site-sidebar-layout":"default","site-content-layout":"default","ast-site-content-layout":"default","site-content-style":"default","site-sidebar-style":"default","ast-global-header-display":"","ast-banner-title-visibility":"","ast-main-header-display":"","ast-hfb-above-header-display":"","ast-hfb-below-header-display":"","ast-hfb-mobile-header-display":"","site-post-title":"","ast-breadcrumbs-content":"","ast-featured-img":"","footer-sml-layout":"","theme-transparent-header-meta":"default","adv-header-id-meta":"","stick-header-meta":"","header-above-stick-meta":"","header-main-stick-meta":"","header-below-stick-meta":"","astra-migrate-meta-layouts":"set","ast-page-background-enabled":"default","ast-page-background-meta":{"desktop":{"background-color":"","background-image":"","background-repeat":"repeat","background-position":"center center","background-size":"auto","background-attachment":"scroll","background-type":"","background-media":"","overlay-type":"","overlay-color":"","overlay-opacity":"","overlay-gradient":""},"tablet":{"background-color":"","background-image":"","background-repeat":"repeat","background-position":"center center","background-size":"auto","background-attachment":"scroll","background-type":"","background-media":"","overlay-type":"","overlay-color":"","overlay-opacity":"","overlay-gradient":""},"mobile":{"background-color":"","background-image":"","background-repeat":"repeat","background-position":"center center","background-size":"auto","background-attachment":"scroll","background-type":"","background-media":"","overlay-type":"","overlay-color":"","overlay-opacity":"","overlay-gradient":""}},"ast-content-background-meta":{"desktop":{"background-color":"var(--ast-global-color-5)","background-image":"","background-repeat":"repeat","background-position":"center center","background-size":"auto","background-attachment":"scroll","background-type":"","background-media":"","overlay-type":"","overlay-color":"","overlay-opacity":"","overlay-gradient":""},"tablet":{"background-color":"var(--ast-global-color-5)","background-image":"","background-repeat":"repeat","background-position":"center center","background-size":"auto","background-attachment":"scroll","background-type":"","background-media":"","overlay-type":"","overlay-color":"","overlay-opacity":"","overlay-gradient":""},"mobile":{"background-color":"var(--ast-global-color-5)","background-image":"","background-repeat":"repeat","background-position":"center center","background-size":"auto","background-attachment":"scroll","background-type":"","background-media":"","overlay-type":"","overlay-color":"","overlay-opacity":"","overlay-gradient":""}}},"product_brand":[],"product_cat":[375],"product_tag":[610,551,538,537,609],"class_list":{"0":"post-27793","1":"product","2":"type-product","3":"status-publish","5":"product_cat-ky-nang-lam-viec-chuyen-nghiep-danh-cho-sinh-vien","6":"product_tag-essay-thesis-writing-skills","7":"product_tag-ky-nang-viet","8":"product_tag-ky-nang-viet-khoa-luan","9":"product_tag-ky-nang-viet-tieu-luan","10":"product_tag-writing-skills","11":"desktop-align-left","12":"tablet-align-left","13":"mobile-align-left","15":"first","16":"instock","17":"virtual","18":"sold-individually","19":"taxable","20":"purchasable","21":"product-type-courses"},"uagb_featured_image_src":{"full":false,"thumbnail":false,"medium":false,"medium_large":false,"large":false,"1536x1536":false,"2048x2048":false,"trp-custom-language-flag":false,"woocommerce_thumbnail":false,"woocommerce_single":false,"woocommerce_gallery_thumbnail":false},"uagb_author_info":{"display_name":"Working Skills","author_link":"https:\/\/www.workingskills.net\/vi\/author\/"},"uagb_comment_info":0,"uagb_excerpt":"M\u00e3 kho\u00e1 h\u1ecdc: SSVT-026 Phi\u00ean b\u1ea3n: K\u1ef9 n\u0103ng vi\u1ebft ti\u1ec3u lu\u1eadn \u2013 kh\u00f3a lu\u1eadn \u2013 Ti\u1ebfng Vi\u1ec7t K\u1ef9 n\u0103ng vi\u1ebft lu\u1eadn l\u00e0 m\u1ed9t ph\u1ea7n kh\u00f4ng th\u1ec3 thi\u1ebfu \u0111\u1ed1i v\u1edbi sinh vi\u00ean khi c\u00f2n ng\u1ed3i tr\u00ean gh\u1ebf gi\u1ea3ng \u0111\u01b0\u1eddng. H\u1ea7u nh\u01b0 b\u1ea5t k\u1ef3 sinh vi\u00ean n\u00e0o c\u0169ng ph\u1ea3i vi\u1ebft ti\u1ec3u lu\u1eadn ho\u1eb7c kh\u00f3a lu\u1eadn \u00edt nh\u1ea5t&hellip;","_links":{"self":[{"href":"https:\/\/www.workingskills.net\/vi\/wp-json\/wp\/v2\/product\/27793","targetHints":{"allow":["GET"]}}],"collection":[{"href":"https:\/\/www.workingskills.net\/vi\/wp-json\/wp\/v2\/product"}],"about":[{"href":"https:\/\/www.workingskills.net\/vi\/wp-json\/wp\/v2\/types\/product"}],"replies":[{"embeddable":true,"href":"https:\/\/www.workingskills.net\/vi\/wp-json\/wp\/v2\/comments?post=27793"}],"wp:attachment":[{"href":"https:\/\/www.workingskills.net\/vi\/wp-json\/wp\/v2\/media?parent=27793"}],"wp:term":[{"taxonomy":"product_brand","embeddable":true,"href":"https:\/\/www.workingskills.net\/vi\/wp-json\/wp\/v2\/product_brand?post=27793"},{"taxonomy":"product_cat","embeddable":true,"href":"https:\/\/www.workingskills.net\/vi\/wp-json\/wp\/v2\/product_cat?post=27793"},{"taxonomy":"product_tag","embeddable":true,"href":"https:\/\/www.workingskills.net\/vi\/wp-json\/wp\/v2\/product_tag?post=27793"}],"curies":[{"name":"wp","href":"https:\/\/api.w.org\/{rel}","templated":true}]}}