{"id":26645,"date":"2019-08-13T14:25:49","date_gmt":"2019-08-13T07:25:49","guid":{"rendered":"https:\/\/workingskills.net\/?post_type=product&#038;p=26645"},"modified":"2020-07-31T12:10:22","modified_gmt":"2020-07-31T05:10:22","slug":"tu-van-cv-danh-cho-nguoi-di-lam","status":"publish","type":"product","link":"https:\/\/www.workingskills.net\/vi\/san-pham\/tu-van-cv-danh-cho-nguoi-di-lam\/","title":{"rendered":"T\u01b0 v\u1ea5n CV d\u00e0nh cho ng\u01b0\u1eddi \u0111i l\u00e0m"},"content":{"rendered":"<p><em>M\u00e3 kho\u00e1 h\u1ecdc: CLVG-001<br \/>\nPhi\u00ean b\u1ea3n: T\u01b0 v\u1ea5n CV \u2013 Ti\u1ebfng Vi\u1ec7t<\/em><\/p>\n<p>Sau khi \u0111\u00e3 t\u1ef1 m\u00ecnh\u00a0<a href=\"https:\/\/www.workingskills.net\/vi\/courses\/ky-nang-phong-van-co-ban\/\" target=\"_blank\" rel=\"noreferrer noopener\" aria-label=\"chu\u1ea9n b\u1ecb m\u1ed9t CV ho\u00e0n ch\u1ec9nh (m\u1edf trong tab m\u1edbi)\">chu\u1ea9n b\u1ecb m\u1ed9t CV ho\u00e0n ch\u1ec9nh<\/a>, ch\u1eafc h\u1eb3n b\u1ea1n v\u1eabn c\u00f2n nh\u1eefng b\u0103n kho\u0103n v\u1ec1 CV c\u1ee7a m\u00ecnh:<br \/>\nKh\u00f4ng bi\u1ebft CV c\u1ee7a b\u1ea1n \u0111\u00e3 \u0111\u1ea7y \u0111\u1ee7 n\u1ed9i dung?<br \/>\nKh\u00f4ng bi\u1ebft CV c\u1ee7a b\u1ea1n \u0111\u00e3 tr\u00ecnh b\u00e0y m\u1ed9t c\u00e1ch h\u1ee3p l\u00fd, logic?<br \/>\nCV c\u1ee7a b\u1ea1n c\u00f3 c\u00e1ch tr\u00ecnh b\u00e0y thu h\u00fat, chuy\u00ean nghi\u1ec7p hay kh\u00f4ng?<br \/>\nCV c\u1ee7a b\u1ea1n c\u00f3 m\u1eafc ph\u1ea3i l\u1ed7i ch\u00ednh t\u1ea3 n\u00e0o kh\u00f4ng?<br \/>\nCV c\u1ee7a b\u1ea1n c\u00f2n nh\u1eefng l\u1ed7i n\u00e0o m\u00e0 m\u00ecnh kh\u00f4ng th\u1ea5y?<\/p>\n<p><em>N\u1ebfu nh\u01b0 b\u1ea1n v\u1eabn ch\u01b0a th\u1eadt s\u1ef1 t\u1ef1 tin v\u1ec1 CV c\u1ee7a m\u00ecnh th\u00ec h\u00e3y g\u1eedi CV cho ch\u00fang t\u00f4i. C\u00e1c chuy\u00ean gia \u0111\u00e0o t\u1ea1o doanh nghi\u1ec7p c\u1ee7a\u00a0<\/em><a href=\"http:\/\/www.talentmind.edu.vn\/\" target=\"_blank\" rel=\"noreferrer noopener\"><em>Talent Mind Education<\/em><\/a><em>\u00a0s\u1ebd review v\u00e0 t\u01b0 v\u1ea5n cho b\u1ea1n c\u00e1ch th\u1ee9c ho\u00e0n thi\u1ec7n CV c\u1ee7a m\u00ecnh chuy\u00ean nghi\u1ec7p, thu h\u00fat h\u01a1n.<\/em><\/p>\n<h3><strong>Sau khi ch\u00fang t\u00f4i t\u01b0 v\u1ea5n CV, b\u1ea1n s\u1ebd \u0111\u01b0\u1ee3c:<\/strong><\/h3>\n<ul>\n<li>\u0110\u1ea3m b\u1ea3o CV \u0111\u00e1p \u1ee9ng c\u00e1c ti\u00eau ch\u00ed c\u01a1 b\u1ea3n m\u00e0 nh\u00e0 tuy\u1ec3n d\u1ee5ng y\u00eau c\u1ea7u<\/li>\n<li>\u0110\u1ea3m b\u1ea3o CV tr\u1edf n\u00ean chuy\u00ean nghi\u1ec7p, ch\u1ec9n chu h\u01a1n trong m\u1eaft nh\u00e0 tuy\u1ec3n d\u1ee5ng<\/li>\n<li>Nh\u1eadn \u0111\u01b0\u1ee3c nh\u1eefng l\u1eddi khuy\u00ean h\u1eefu \u00edch t\u1eeb c\u00e1c chuy\u00ean gia c\u1ee7a ch\u00fang t\u00f4i<\/li>\n<li>H\u1ed7 tr\u1ee3 review CV \u0111\u1ebfn 3 l\u1ea7n<\/li>\n<li>Nh\u1eadn \u0111\u01b0\u1ee3c ph\u1ea3n h\u1ed3i trong v\u00f2ng 48h k\u1ec3 t\u1eeb khi b\u1ea1n g\u1eedi CV cho ch\u00fang t\u00f4i<\/li>\n<\/ul>","protected":false},"excerpt":{"rendered":"<p>M\u00e3 kho\u00e1 h\u1ecdc: CLVG-001 Phi\u00ean b\u1ea3n: T\u01b0 v\u1ea5n CV \u2013 Ti\u1ebfng Vi\u1ec7t Sau khi \u0111\u00e3 t\u1ef1 m\u00ecnh\u00a0chu\u1ea9n b\u1ecb m\u1ed9t CV ho\u00e0n ch\u1ec9nh, ch\u1eafc h\u1eb3n b\u1ea1n v\u1eabn c\u00f2n nh\u1eefng b\u0103n kho\u0103n v\u1ec1 CV c\u1ee7a m\u00ecnh: Kh\u00f4ng bi\u1ebft CV c\u1ee7a b\u1ea1n \u0111\u00e3 \u0111\u1ea7y \u0111\u1ee7 n\u1ed9i dung? Kh\u00f4ng bi\u1ebft CV c\u1ee7a b\u1ea1n \u0111\u00e3 tr\u00ecnh b\u00e0y m\u1ed9t c\u00e1ch h\u1ee3p [&hellip;]<\/p>","protected":false},"featured_media":1679,"comment_status":"open","ping_status":"closed","template":"","meta":{"_uag_custom_page_level_css":"","site-sidebar-layout":"default","site-content-layout":"default","ast-site-content-layout":"","site-content-style":"default","site-sidebar-style":"default","ast-global-header-display":"","ast-banner-title-visibility":"","ast-main-header-display":"","ast-hfb-above-header-display":"","ast-hfb-below-header-display":"","ast-hfb-mobile-header-display":"","site-post-title":"","ast-breadcrumbs-content":"","ast-featured-img":"","footer-sml-layout":"","theme-transparent-header-meta":"default","adv-header-id-meta":"","stick-header-meta":"","header-above-stick-meta":"","header-main-stick-meta":"","header-below-stick-meta":"","astra-migrate-meta-layouts":"default","ast-page-background-enabled":"default","ast-page-background-meta":{"desktop":{"background-color":"","background-image":"","background-repeat":"repeat","background-position":"center center","background-size":"auto","background-attachment":"scroll","background-type":"","background-media":"","overlay-type":"","overlay-color":"","overlay-opacity":"","overlay-gradient":""},"tablet":{"background-color":"","background-image":"","background-repeat":"repeat","background-position":"center center","background-size":"auto","background-attachment":"scroll","background-type":"","background-media":"","overlay-type":"","overlay-color":"","overlay-opacity":"","overlay-gradient":""},"mobile":{"background-color":"","background-image":"","background-repeat":"repeat","background-position":"center center","background-size":"auto","background-attachment":"scroll","background-type":"","background-media":"","overlay-type":"","overlay-color":"","overlay-opacity":"","overlay-gradient":""}},"ast-content-background-meta":{"desktop":{"background-color":"var(--ast-global-color-5)","background-image":"","background-repeat":"repeat","background-position":"center center","background-size":"auto","background-attachment":"scroll","background-type":"","background-media":"","overlay-type":"","overlay-color":"","overlay-opacity":"","overlay-gradient":""},"tablet":{"background-color":"var(--ast-global-color-5)","background-image":"","background-repeat":"repeat","background-position":"center center","background-size":"auto","background-attachment":"scroll","background-type":"","background-media":"","overlay-type":"","overlay-color":"","overlay-opacity":"","overlay-gradient":""},"mobile":{"background-color":"var(--ast-global-color-5)","background-image":"","background-repeat":"repeat","background-position":"center center","background-size":"auto","background-attachment":"scroll","background-type":"","background-media":"","overlay-type":"","overlay-color":"","overlay-opacity":"","overlay-gradient":""}}},"product_brand":[],"product_cat":[375],"product_tag":[605,541],"class_list":{"0":"post-26645","1":"product","2":"type-product","3":"status-publish","4":"has-post-thumbnail","6":"product_cat-ky-nang-lam-viec-chuyen-nghiep-danh-cho-sinh-vien","7":"product_tag-cv-review","8":"product_tag-tu-van-cv","9":"desktop-align-left","10":"tablet-align-left","11":"mobile-align-left","13":"first","14":"instock","15":"virtual","16":"sold-individually","17":"purchasable","18":"product-type-course"},"uagb_featured_image_src":{"full":["https:\/\/www.workingskills.net\/wp-content\/uploads\/2016\/11\/writtingCV-Copy.jpg",350,250,false],"thumbnail":["https:\/\/www.workingskills.net\/wp-content\/uploads\/2016\/11\/writtingCV-Copy-150x150.jpg",150,150,true],"medium":["https:\/\/www.workingskills.net\/wp-content\/uploads\/2016\/11\/writtingCV-Copy-300x214.jpg",300,214,true],"medium_large":["https:\/\/www.workingskills.net\/wp-content\/uploads\/2016\/11\/writtingCV-Copy.jpg",350,250,false],"large":["https:\/\/www.workingskills.net\/wp-content\/uploads\/2016\/11\/writtingCV-Copy.jpg",350,250,false],"1536x1536":["https:\/\/www.workingskills.net\/wp-content\/uploads\/2016\/11\/writtingCV-Copy.jpg",350,250,false],"2048x2048":["https:\/\/www.workingskills.net\/wp-content\/uploads\/2016\/11\/writtingCV-Copy.jpg",350,250,false],"trp-custom-language-flag":["https:\/\/www.workingskills.net\/wp-content\/uploads\/2016\/11\/writtingCV-Copy.jpg",18,12,false],"woocommerce_thumbnail":["https:\/\/www.workingskills.net\/wp-content\/uploads\/2016\/11\/writtingCV-Copy-300x250.jpg",300,250,true],"woocommerce_single":["https:\/\/www.workingskills.net\/wp-content\/uploads\/2016\/11\/writtingCV-Copy.jpg",350,250,false],"woocommerce_gallery_thumbnail":["https:\/\/www.workingskills.net\/wp-content\/uploads\/2016\/11\/writtingCV-Copy-100x100.jpg",100,100,true]},"uagb_author_info":{"display_name":"Working Skills","author_link":"https:\/\/www.workingskills.net\/vi\/author\/"},"uagb_comment_info":0,"uagb_excerpt":"M\u00e3 kho\u00e1 h\u1ecdc: CLVG-001 Phi\u00ean b\u1ea3n: T\u01b0 v\u1ea5n CV \u2013 Ti\u1ebfng Vi\u1ec7t Sau khi \u0111\u00e3 t\u1ef1 m\u00ecnh\u00a0chu\u1ea9n b\u1ecb m\u1ed9t CV ho\u00e0n ch\u1ec9nh, ch\u1eafc h\u1eb3n b\u1ea1n v\u1eabn c\u00f2n nh\u1eefng b\u0103n kho\u0103n v\u1ec1 CV c\u1ee7a m\u00ecnh: Kh\u00f4ng bi\u1ebft CV c\u1ee7a b\u1ea1n \u0111\u00e3 \u0111\u1ea7y \u0111\u1ee7 n\u1ed9i dung? Kh\u00f4ng bi\u1ebft CV c\u1ee7a b\u1ea1n \u0111\u00e3 tr\u00ecnh b\u00e0y m\u1ed9t c\u00e1ch h\u1ee3p&hellip;","_links":{"self":[{"href":"https:\/\/www.workingskills.net\/vi\/wp-json\/wp\/v2\/product\/26645","targetHints":{"allow":["GET"]}}],"collection":[{"href":"https:\/\/www.workingskills.net\/vi\/wp-json\/wp\/v2\/product"}],"about":[{"href":"https:\/\/www.workingskills.net\/vi\/wp-json\/wp\/v2\/types\/product"}],"replies":[{"embeddable":true,"href":"https:\/\/www.workingskills.net\/vi\/wp-json\/wp\/v2\/comments?post=26645"}],"wp:featuredmedia":[{"embeddable":true,"href":"https:\/\/www.workingskills.net\/vi\/wp-json\/wp\/v2\/media\/1679"}],"wp:attachment":[{"href":"https:\/\/www.workingskills.net\/vi\/wp-json\/wp\/v2\/media?parent=26645"}],"wp:term":[{"taxonomy":"product_brand","embeddable":true,"href":"https:\/\/www.workingskills.net\/vi\/wp-json\/wp\/v2\/product_brand?post=26645"},{"taxonomy":"product_cat","embeddable":true,"href":"https:\/\/www.workingskills.net\/vi\/wp-json\/wp\/v2\/product_cat?post=26645"},{"taxonomy":"product_tag","embeddable":true,"href":"https:\/\/www.workingskills.net\/vi\/wp-json\/wp\/v2\/product_tag?post=26645"}],"curies":[{"name":"wp","href":"https:\/\/api.w.org\/{rel}","templated":true}]}}