{"id":26206,"date":"2019-08-04T11:20:52","date_gmt":"2019-08-04T04:20:52","guid":{"rendered":"https:\/\/workingskills.net\/?post_type=product&#038;p=26206"},"modified":"2020-07-24T15:44:23","modified_gmt":"2020-07-24T08:44:23","slug":"trac-nghiem-tinh-cach-phu-hop-voi-nghe-nghiep-danh-cho-sinh-vien","status":"publish","type":"product","link":"https:\/\/www.workingskills.net\/vi\/san-pham\/trac-nghiem-tinh-cach-phu-hop-voi-nghe-nghiep-danh-cho-sinh-vien\/","title":{"rendered":"Tr\u1eafc nghi\u1ec7m t\u00ednh c\u00e1ch ph\u00f9 h\u1ee3p v\u1edbi ngh\u1ec1 nghi\u1ec7p d\u00e0nh cho sinh vi\u00ean"},"content":{"rendered":"<p><em>M\u00e3 kho\u00e1 h\u1ecdc: TSVG-003<br \/>\nPhi\u00ean b\u1ea3n: Tr\u1eafc nghi\u1ec7m t\u00ednh c\u00e1ch \u2013 Ti\u1ebfng Vi\u1ec7t<\/em><\/p>\n<p>\u0110\u1ec3 c\u00f3 th\u1ec3 ho\u1ea1ch \u0111\u1ecbnh ngh\u1ec1 nghi\u1ec7p t\u01b0\u01a1ng lai, tr\u01b0\u1edbc ti\u00ean, b\u1ea1n ph\u1ea3i hi\u1ec3u r\u00f5 v\u1ec1 b\u1ea3n th\u00e2n m\u00ecnh. M\u1ed9t trong nh\u1eefng c\u00e1ch kh\u00e1m ph\u00e1 b\u1ea3n th\u00e2n hi\u1ec7u qu\u1ea3 ch\u00ednh l\u00e0 th\u00f4ng qua c\u00e1c b\u00e0i tr\u1eafc nghi\u1ec7m:<\/p>\n<p><a href=\"https:\/\/www.workingskills.net\/vi\/courses\/trac-nghiem-nghe-nghiep-theo-ky-nang\/\" target=\"_blank\" rel=\"noreferrer noopener\">Tr\u1eafc nghi\u1ec7m ngh\u1ec1 nghi\u1ec7p theo k\u1ef9 n\u0103ng<\/a><br \/>\n<a href=\"https:\/\/www.workingskills.net\/vi\/courses\/trac-nghiem-diem-manh-ban-than\/\" target=\"_blank\" rel=\"noreferrer noopener\">Tr\u1eafc nghi\u1ec7m \u0111i\u1ec3m m\u1ea1nh b\u1ea3n th\u00e2n<\/a><br \/>\n<a href=\"https:\/\/www.workingskills.net\/vi\/courses\/trac-nghiem-xu-huong-nghe-nghiep-theo-so-thich-ban-than\/\" target=\"_blank\" rel=\"noreferrer noopener\">Tr\u1eafc nghi\u1ec7m xu h\u01b0\u1edbng ngh\u1ec1 nghi\u1ec7p theo s\u1edf th\u00edch b\u1ea3n th\u00e2n<\/a><br \/>\nTr\u1eafc nghi\u1ec7m t\u00ednh c\u00e1ch ph\u00f9 h\u1ee3p v\u1edbi ngh\u1ec1 nghi\u1ec7p<\/p>\n<p>B\u00e0i tr\u1eafc nghi\u1ec7m n\u00e0y cho b\u1ea1n bi\u1ebft m\u00ecnh thu\u1ed9c nh\u00f3m t\u00ednh c\u00e1ch n\u00e0o v\u00e0 th\u00f4ng qua nh\u00f3m t\u00ednh c\u00e1ch \u0111\u00f3, b\u1ea1n s\u1ebd x\u00e1c \u0111\u1ecbnh \u0111\u01b0\u1ee3c ngh\u1ec1 nghi\u1ec7p n\u00e0o l\u00e0 ph\u00f9 h\u1ee3p v\u1edbi b\u1ea3n th\u00e2n.<br \/>\nB\u00e0i tr\u1eafc nghi\u1ec7m g\u1ed3m c\u00f3 93 c\u00e2u h\u1ecfi kh\u00e1c nhau. Th\u1eddi gian ho\u00e0n th\u00e0nh m\u1ed7i c\u00e2u h\u1ecfi l\u00e0 10 gi\u00e2y.<br \/>\nSau khi ho\u00e0n th\u00e0nh, b\u1ea1n s\u1ebd c\u00f3 k\u1ebft qu\u1ea3 c\u1ee7a 4 nh\u00f3m t\u00ednh c\u00e1ch c\u01a1 b\u1ea3n m\u00f4 t\u1ea3 t\u00ednh c\u00e1ch v\u00e0 ngh\u1ec1 nghi\u1ec7p ph\u00f9 h\u1ee3p v\u1edbi b\u1ea3n th\u00e2n b\u1ea1n.<br \/>\n\u0110\u1ec3 l\u00e0m t\u1ed1t b\u00e0i tr\u1eafc nghi\u1ec7m n\u00e0y, b\u1ea1n c\u1ea7n t\u1eadp trung trong th\u1eddi gian 20 ph\u00fat.<\/p>\n<p><em>B\u1ea1n s\u1ebd \u0111\u01b0\u1ee3c h\u1ed7 tr\u1ee3 v\u00e0 t\u01b0 v\u1ea5n tr\u1ef1c tuy\u1ebfn mi\u1ec5n ph\u00ed b\u1edfi nh\u1eefng chuy\u00ean gia \u0111\u00e0o t\u1ea1o doanh nghi\u1ec7p c\u1ee7a\u00a0<a href=\"http:\/\/www.talentmind.edu.vn\/\" target=\"_blank\" rel=\"noreferrer noopener\">Talent Mind Education<\/a>\u00a0trong su\u1ed1t 365 ng\u00e0y tr\u1ea3i nghi\u1ec7m kho\u00e1 h\u1ecdc.<\/em><\/p>\n<h3><strong>Sau kh\u00f3a h\u1ecdc n\u00e0y, b\u1ea1n c\u00f3 th\u1ec3:<\/strong><\/h3>\n<ul>\n<li>Hi\u1ec3u r\u00f5 t\u00ednh c\u00e1ch c\u1ee7a b\u1ea3n th\u00e2n<\/li>\n<li>X\u00e1c \u0111\u1ecbnh ngh\u1ec1 nghi\u1ec7p ph\u00f9 h\u1ee3p v\u1edbi nh\u1eefng t\u00ednh c\u00e1ch c\u1ee7a b\u1ea3n th\u00e2n<\/li>\n<li>Hi\u1ec3u r\u00f5 h\u01a1n v\u1ec1 b\u1ea3n th\u00e2n<\/li>\n<\/ul>","protected":false},"excerpt":{"rendered":"<p>M\u00e3 kho\u00e1 h\u1ecdc: TSVG-003 Phi\u00ean b\u1ea3n: Tr\u1eafc nghi\u1ec7m t\u00ednh c\u00e1ch \u2013 Ti\u1ebfng Vi\u1ec7t \u0110\u1ec3 c\u00f3 th\u1ec3 ho\u1ea1ch \u0111\u1ecbnh ngh\u1ec1 nghi\u1ec7p t\u01b0\u01a1ng lai, tr\u01b0\u1edbc ti\u00ean, b\u1ea1n ph\u1ea3i hi\u1ec3u r\u00f5 v\u1ec1 b\u1ea3n th\u00e2n m\u00ecnh. M\u1ed9t trong nh\u1eefng c\u00e1ch kh\u00e1m ph\u00e1 b\u1ea3n th\u00e2n hi\u1ec7u qu\u1ea3 ch\u00ednh l\u00e0 th\u00f4ng qua c\u00e1c b\u00e0i tr\u1eafc nghi\u1ec7m: Tr\u1eafc nghi\u1ec7m ngh\u1ec1 nghi\u1ec7p theo [&hellip;]<\/p>","protected":false},"featured_media":652,"comment_status":"open","ping_status":"closed","template":"","meta":{"_uag_custom_page_level_css":"","site-sidebar-layout":"default","site-content-layout":"default","ast-site-content-layout":"","site-content-style":"default","site-sidebar-style":"default","ast-global-header-display":"","ast-banner-title-visibility":"","ast-main-header-display":"","ast-hfb-above-header-display":"","ast-hfb-below-header-display":"","ast-hfb-mobile-header-display":"","site-post-title":"","ast-breadcrumbs-content":"","ast-featured-img":"","footer-sml-layout":"","theme-transparent-header-meta":"default","adv-header-id-meta":"","stick-header-meta":"","header-above-stick-meta":"","header-main-stick-meta":"","header-below-stick-meta":"","astra-migrate-meta-layouts":"default","ast-page-background-enabled":"default","ast-page-background-meta":{"desktop":{"background-color":"","background-image":"","background-repeat":"repeat","background-position":"center center","background-size":"auto","background-attachment":"scroll","background-type":"","background-media":"","overlay-type":"","overlay-color":"","overlay-opacity":"","overlay-gradient":""},"tablet":{"background-color":"","background-image":"","background-repeat":"repeat","background-position":"center center","background-size":"auto","background-attachment":"scroll","background-type":"","background-media":"","overlay-type":"","overlay-color":"","overlay-opacity":"","overlay-gradient":""},"mobile":{"background-color":"","background-image":"","background-repeat":"repeat","background-position":"center center","background-size":"auto","background-attachment":"scroll","background-type":"","background-media":"","overlay-type":"","overlay-color":"","overlay-opacity":"","overlay-gradient":""}},"ast-content-background-meta":{"desktop":{"background-color":"var(--ast-global-color-5)","background-image":"","background-repeat":"repeat","background-position":"center center","background-size":"auto","background-attachment":"scroll","background-type":"","background-media":"","overlay-type":"","overlay-color":"","overlay-opacity":"","overlay-gradient":""},"tablet":{"background-color":"var(--ast-global-color-5)","background-image":"","background-repeat":"repeat","background-position":"center center","background-size":"auto","background-attachment":"scroll","background-type":"","background-media":"","overlay-type":"","overlay-color":"","overlay-opacity":"","overlay-gradient":""},"mobile":{"background-color":"var(--ast-global-color-5)","background-image":"","background-repeat":"repeat","background-position":"center center","background-size":"auto","background-attachment":"scroll","background-type":"","background-media":"","overlay-type":"","overlay-color":"","overlay-opacity":"","overlay-gradient":""}}},"product_brand":[],"product_cat":[375],"product_tag":[701,637,547,710,703,704,709,702],"class_list":{"0":"post-26206","1":"product","2":"type-product","3":"status-publish","4":"has-post-thumbnail","6":"product_cat-ky-nang-lam-viec-chuyen-nghiep-danh-cho-sinh-vien","7":"product_tag-career-consulting","8":"product_tag-career-orientation-skills","9":"product_tag-ky-nang-dinh-huong-nghe-nghiep","10":"product_tag-personality-test","11":"product_tag-skills-tests","12":"product_tag-trac-nghiem-danh-gia-ky-nang","13":"product_tag-trac-nghiem-tinh-cach-phu-hop-voi-nghe-nghiep","14":"product_tag-tu-van-nghe-nghiep","15":"desktop-align-left","16":"tablet-align-left","17":"mobile-align-left","19":"first","20":"instock","21":"virtual","22":"sold-individually","23":"taxable","24":"purchasable","25":"product-type-courses"},"uagb_featured_image_src":{"full":["https:\/\/www.workingskills.net\/wp-content\/uploads\/2016\/01\/21.jpg",1050,800,false],"thumbnail":["https:\/\/www.workingskills.net\/wp-content\/uploads\/2016\/01\/21-150x150.jpg",150,150,true],"medium":["https:\/\/www.workingskills.net\/wp-content\/uploads\/2016\/01\/21-300x229.jpg",300,229,true],"medium_large":["https:\/\/www.workingskills.net\/wp-content\/uploads\/2016\/01\/21-768x585.jpg",768,585,true],"large":["https:\/\/www.workingskills.net\/wp-content\/uploads\/2016\/01\/21-1024x780.jpg",1024,780,true],"1536x1536":["https:\/\/www.workingskills.net\/wp-content\/uploads\/2016\/01\/21.jpg",1050,800,false],"2048x2048":["https:\/\/www.workingskills.net\/wp-content\/uploads\/2016\/01\/21.jpg",1050,800,false],"trp-custom-language-flag":["https:\/\/www.workingskills.net\/wp-content\/uploads\/2016\/01\/21.jpg",16,12,false],"woocommerce_thumbnail":["https:\/\/www.workingskills.net\/wp-content\/uploads\/2016\/01\/21-300x300.jpg",300,300,true],"woocommerce_single":["https:\/\/www.workingskills.net\/wp-content\/uploads\/2016\/01\/21-600x457.jpg",600,457,true],"woocommerce_gallery_thumbnail":["https:\/\/www.workingskills.net\/wp-content\/uploads\/2016\/01\/21-100x100.jpg",100,100,true]},"uagb_author_info":{"display_name":"Working Skills","author_link":"https:\/\/www.workingskills.net\/vi\/author\/"},"uagb_comment_info":0,"uagb_excerpt":"M\u00e3 kho\u00e1 h\u1ecdc: TSVG-003 Phi\u00ean b\u1ea3n: Tr\u1eafc nghi\u1ec7m t\u00ednh c\u00e1ch \u2013 Ti\u1ebfng Vi\u1ec7t \u0110\u1ec3 c\u00f3 th\u1ec3 ho\u1ea1ch \u0111\u1ecbnh ngh\u1ec1 nghi\u1ec7p t\u01b0\u01a1ng lai, tr\u01b0\u1edbc ti\u00ean, b\u1ea1n ph\u1ea3i hi\u1ec3u r\u00f5 v\u1ec1 b\u1ea3n th\u00e2n m\u00ecnh. M\u1ed9t trong nh\u1eefng c\u00e1ch kh\u00e1m ph\u00e1 b\u1ea3n th\u00e2n hi\u1ec7u qu\u1ea3 ch\u00ednh l\u00e0 th\u00f4ng qua c\u00e1c b\u00e0i tr\u1eafc nghi\u1ec7m: Tr\u1eafc nghi\u1ec7m ngh\u1ec1 nghi\u1ec7p theo&hellip;","_links":{"self":[{"href":"https:\/\/www.workingskills.net\/vi\/wp-json\/wp\/v2\/product\/26206","targetHints":{"allow":["GET"]}}],"collection":[{"href":"https:\/\/www.workingskills.net\/vi\/wp-json\/wp\/v2\/product"}],"about":[{"href":"https:\/\/www.workingskills.net\/vi\/wp-json\/wp\/v2\/types\/product"}],"replies":[{"embeddable":true,"href":"https:\/\/www.workingskills.net\/vi\/wp-json\/wp\/v2\/comments?post=26206"}],"wp:featuredmedia":[{"embeddable":true,"href":"https:\/\/www.workingskills.net\/vi\/wp-json\/wp\/v2\/media\/652"}],"wp:attachment":[{"href":"https:\/\/www.workingskills.net\/vi\/wp-json\/wp\/v2\/media?parent=26206"}],"wp:term":[{"taxonomy":"product_brand","embeddable":true,"href":"https:\/\/www.workingskills.net\/vi\/wp-json\/wp\/v2\/product_brand?post=26206"},{"taxonomy":"product_cat","embeddable":true,"href":"https:\/\/www.workingskills.net\/vi\/wp-json\/wp\/v2\/product_cat?post=26206"},{"taxonomy":"product_tag","embeddable":true,"href":"https:\/\/www.workingskills.net\/vi\/wp-json\/wp\/v2\/product_tag?post=26206"}],"curies":[{"name":"wp","href":"https:\/\/api.w.org\/{rel}","templated":true}]}}