{"id":26205,"date":"2019-08-04T11:20:08","date_gmt":"2019-08-04T04:20:08","guid":{"rendered":"https:\/\/workingskills.net\/?post_type=product&#038;p=26205"},"modified":"2020-07-24T15:44:30","modified_gmt":"2020-07-24T08:44:30","slug":"trac-nghiem-xu-huong-nghe-nghiep-theo-so-thich-ban-than-danh-cho-sinh-vien","status":"publish","type":"product","link":"https:\/\/www.workingskills.net\/vi\/san-pham\/trac-nghiem-xu-huong-nghe-nghiep-theo-so-thich-ban-than-danh-cho-sinh-vien\/","title":{"rendered":"Tr\u1eafc nghi\u1ec7m xu h\u01b0\u1edbng ngh\u1ec1 nghi\u1ec7p theo s\u1edf th\u00edch b\u1ea3n th\u00e2n d\u00e0nh cho sinh vi\u00ean"},"content":{"rendered":"<p><em>M\u00e3 kho\u00e1 h\u1ecdc: TSVG-002<br \/>\nPhi\u00ean b\u1ea3n: Tr\u1eafc nghi\u1ec7m xu h\u01b0\u1edbng ngh\u1ec1 nghi\u1ec7p theo s\u1edf th\u00edch \u2013 Ti\u1ebfng Vi\u1ec7t<\/em><\/p>\n<p>\u0110\u1ec3 c\u00f3 th\u1ec3 ho\u1ea1ch \u0111\u1ecbnh ngh\u1ec1 nghi\u1ec7p t\u01b0\u01a1ng lai, tr\u01b0\u1edbc ti\u00ean, b\u1ea1n ph\u1ea3i hi\u1ec3u r\u00f5 v\u1ec1 b\u1ea3n th\u00e2n m\u00ecnh. M\u1ed9t trong nh\u1eefng c\u00e1ch kh\u00e1m ph\u00e1 b\u1ea3n th\u00e2n hi\u1ec7u qu\u1ea3 ch\u00ednh l\u00e0 th\u00f4ng qua c\u00e1c b\u00e0i tr\u1eafc nghi\u1ec7m:<\/p>\n<p><a href=\"https:\/\/www.workingskills.net\/vi\/courses\/trac-nghiem-nghe-nghiep-theo-ky-nang\/\" target=\"_blank\" rel=\"noreferrer noopener\">Tr\u1eafc nghi\u1ec7m ngh\u1ec1 nghi\u1ec7p theo k\u1ef9 n\u0103ng<\/a><br \/>\n<a href=\"https:\/\/www.workingskills.net\/vi\/courses\/trac-nghiem-diem-manh-ban-than\/\" target=\"_blank\" rel=\"noreferrer noopener\">Tr\u1eafc nghi\u1ec7m \u0111i\u1ec3m m\u1ea1nh b\u1ea3n th\u00e2n<\/a><br \/>\nTr\u1eafc nghi\u1ec7m xu h\u01b0\u1edbng ngh\u1ec1 nghi\u1ec7p theo s\u1edf th\u00edch b\u1ea3n th\u00e2n<br \/>\n<a href=\"https:\/\/www.workingskills.net\/vi\/courses\/trac-nghiem-tinh-cach-phu-hop-voi-nghe-nghiep\/\" target=\"_blank\" rel=\"noreferrer noopener\">Tr\u1eafc nghi\u1ec7m t\u00ednh c\u00e1ch ph\u00f9 h\u1ee3p v\u1edbi ngh\u1ec1 nghi\u1ec7p<\/a><\/p>\n<p>B\u00e0i tr\u1eafc nghi\u1ec7m n\u00e0y cho b\u1ea1n bi\u1ebft \u0111\u01b0\u1ee3c nh\u1eefng ng\u00e0nh ngh\u1ec1 ph\u00f9 h\u1ee3p v\u1edbi nh\u1eefng xu h\u01b0\u1edbng s\u1edf th\u00edch c\u1ee7a b\u1ea1n trong nh\u00f3m 8 xu h\u01b0\u1edbng s\u1edf th\u00edch ph\u1ed5 bi\u1ebfn hi\u1ec7n nay.<br \/>\nNh\u1eefng xu h\u01b0\u1edbng s\u1edf th\u00edch \u0111\u1ea1t \u0111i\u1ec3m cao nh\u1ea5t ch\u00ednh l\u00e0 nh\u1eefng s\u1edf th\u00edch m\u00e0 b\u1ea1n quan t\u00e2m, d\u00e0nh nhi\u1ec1u th\u1eddi gian nh\u1ea5t cho n\u00f3 v\u00e0 ng\u01b0\u1ee3c l\u1ea1i, nh\u1eefng xu h\u01b0\u1edbng s\u1edf th\u00edch c\u00f3 \u0111i\u1ec3m th\u1ea5p nh\u1ea5t l\u00e0 nh\u1eefng \u0111i\u1ec1u m\u00e0 b\u1ea1n kh\u00f4ng th\u1eadt s\u1ef1 quan t\u00e2m \u0111\u1ebfn.<br \/>\nB\u00e0i tr\u1eafc nghi\u1ec7m g\u1ed3m c\u00f3 32 c\u00e2u h\u1ecfi kh\u00e1c nhau. Th\u1eddi gian ho\u00e0n th\u00e0nh m\u1ed7i c\u00e2u h\u1ecfi l\u00e0 10 gi\u00e2y.<\/p>\n<p><em>B\u1ea1n s\u1ebd \u0111\u01b0\u1ee3c h\u1ed7 tr\u1ee3 v\u00e0 t\u01b0 v\u1ea5n tr\u1ef1c tuy\u1ebfn mi\u1ec5n ph\u00ed b\u1edfi nh\u1eefng chuy\u00ean gia \u0111\u00e0o t\u1ea1o doanh nghi\u1ec7p c\u1ee7a\u00a0<a href=\"http:\/\/www.talentmind.edu.vn\/\" target=\"_blank\" rel=\"noreferrer noopener\">Talent Mind Education<\/a>\u00a0trong su\u1ed1t 365 ng\u00e0y tr\u1ea3i nghi\u1ec7m kho\u00e1 h\u1ecdc.<\/em><\/p>\n<h3><strong>Sau b\u00e0i tr\u1eafc nghi\u1ec7m n\u00e0y, b\u1ea1n c\u00f3 th\u1ec3:<\/strong><\/h3>\n<ul>\n<li>Hi\u1ec3u r\u00f5 s\u1edf th\u00edch c\u1ee7a b\u1ea3n th\u00e2n<\/li>\n<li>X\u00e1c \u0111\u1ecbnh ngh\u1ec1 nghi\u1ec7p ph\u00f9 h\u1ee3p v\u1edbi nh\u1eefng s\u1edf th\u00edch c\u1ee7a b\u1ea3n th\u00e2n<\/li>\n<li>Hi\u1ec3u r\u00f5 h\u01a1n v\u1ec1 b\u1ea3n th\u00e2n<\/li>\n<\/ul>","protected":false},"excerpt":{"rendered":"<p>M\u00e3 kho\u00e1 h\u1ecdc: TSVG-002 Phi\u00ean b\u1ea3n: Tr\u1eafc nghi\u1ec7m xu h\u01b0\u1edbng ngh\u1ec1 nghi\u1ec7p theo s\u1edf th\u00edch \u2013 Ti\u1ebfng Vi\u1ec7t \u0110\u1ec3 c\u00f3 th\u1ec3 ho\u1ea1ch \u0111\u1ecbnh ngh\u1ec1 nghi\u1ec7p t\u01b0\u01a1ng lai, tr\u01b0\u1edbc ti\u00ean, b\u1ea1n ph\u1ea3i hi\u1ec3u r\u00f5 v\u1ec1 b\u1ea3n th\u00e2n m\u00ecnh. M\u1ed9t trong nh\u1eefng c\u00e1ch kh\u00e1m ph\u00e1 b\u1ea3n th\u00e2n hi\u1ec7u qu\u1ea3 ch\u00ednh l\u00e0 th\u00f4ng qua c\u00e1c b\u00e0i tr\u1eafc nghi\u1ec7m: [&hellip;]<\/p>","protected":false},"featured_media":0,"comment_status":"open","ping_status":"closed","template":"","meta":{"_uag_custom_page_level_css":"","site-sidebar-layout":"default","site-content-layout":"default","ast-site-content-layout":"","site-content-style":"default","site-sidebar-style":"default","ast-global-header-display":"","ast-banner-title-visibility":"","ast-main-header-display":"","ast-hfb-above-header-display":"","ast-hfb-below-header-display":"","ast-hfb-mobile-header-display":"","site-post-title":"","ast-breadcrumbs-content":"","ast-featured-img":"","footer-sml-layout":"","theme-transparent-header-meta":"default","adv-header-id-meta":"","stick-header-meta":"","header-above-stick-meta":"","header-main-stick-meta":"","header-below-stick-meta":"","astra-migrate-meta-layouts":"default","ast-page-background-enabled":"default","ast-page-background-meta":{"desktop":{"background-color":"","background-image":"","background-repeat":"repeat","background-position":"center center","background-size":"auto","background-attachment":"scroll","background-type":"","background-media":"","overlay-type":"","overlay-color":"","overlay-opacity":"","overlay-gradient":""},"tablet":{"background-color":"","background-image":"","background-repeat":"repeat","background-position":"center center","background-size":"auto","background-attachment":"scroll","background-type":"","background-media":"","overlay-type":"","overlay-color":"","overlay-opacity":"","overlay-gradient":""},"mobile":{"background-color":"","background-image":"","background-repeat":"repeat","background-position":"center center","background-size":"auto","background-attachment":"scroll","background-type":"","background-media":"","overlay-type":"","overlay-color":"","overlay-opacity":"","overlay-gradient":""}},"ast-content-background-meta":{"desktop":{"background-color":"var(--ast-global-color-5)","background-image":"","background-repeat":"repeat","background-position":"center center","background-size":"auto","background-attachment":"scroll","background-type":"","background-media":"","overlay-type":"","overlay-color":"","overlay-opacity":"","overlay-gradient":""},"tablet":{"background-color":"var(--ast-global-color-5)","background-image":"","background-repeat":"repeat","background-position":"center center","background-size":"auto","background-attachment":"scroll","background-type":"","background-media":"","overlay-type":"","overlay-color":"","overlay-opacity":"","overlay-gradient":""},"mobile":{"background-color":"var(--ast-global-color-5)","background-image":"","background-repeat":"repeat","background-position":"center center","background-size":"auto","background-attachment":"scroll","background-type":"","background-media":"","overlay-type":"","overlay-color":"","overlay-opacity":"","overlay-gradient":""}}},"product_brand":[],"product_cat":[375],"product_tag":[701,637,708,547,703,704,707,702],"class_list":{"0":"post-26205","1":"product","2":"type-product","3":"status-publish","5":"product_cat-ky-nang-lam-viec-chuyen-nghiep-danh-cho-sinh-vien","6":"product_tag-career-consulting","7":"product_tag-career-orientation-skills","8":"product_tag-interest-test","9":"product_tag-ky-nang-dinh-huong-nghe-nghiep","10":"product_tag-skills-tests","11":"product_tag-trac-nghiem-danh-gia-ky-nang","12":"product_tag-trac-nghiem-xu-huong-nghe-nghiep-theo-so-thich-ban-than","13":"product_tag-tu-van-nghe-nghiep","14":"desktop-align-left","15":"tablet-align-left","16":"mobile-align-left","18":"first","19":"instock","20":"virtual","21":"sold-individually","22":"taxable","23":"purchasable","24":"product-type-courses"},"uagb_featured_image_src":{"full":false,"thumbnail":false,"medium":false,"medium_large":false,"large":false,"1536x1536":false,"2048x2048":false,"trp-custom-language-flag":false,"woocommerce_thumbnail":false,"woocommerce_single":false,"woocommerce_gallery_thumbnail":false},"uagb_author_info":{"display_name":"Working Skills","author_link":"https:\/\/www.workingskills.net\/vi\/author\/"},"uagb_comment_info":0,"uagb_excerpt":"M\u00e3 kho\u00e1 h\u1ecdc: TSVG-002 Phi\u00ean b\u1ea3n: Tr\u1eafc nghi\u1ec7m xu h\u01b0\u1edbng ngh\u1ec1 nghi\u1ec7p theo s\u1edf th\u00edch \u2013 Ti\u1ebfng Vi\u1ec7t \u0110\u1ec3 c\u00f3 th\u1ec3 ho\u1ea1ch \u0111\u1ecbnh ngh\u1ec1 nghi\u1ec7p t\u01b0\u01a1ng lai, tr\u01b0\u1edbc ti\u00ean, b\u1ea1n ph\u1ea3i hi\u1ec3u r\u00f5 v\u1ec1 b\u1ea3n th\u00e2n m\u00ecnh. M\u1ed9t trong nh\u1eefng c\u00e1ch kh\u00e1m ph\u00e1 b\u1ea3n th\u00e2n hi\u1ec7u qu\u1ea3 ch\u00ednh l\u00e0 th\u00f4ng qua c\u00e1c b\u00e0i tr\u1eafc nghi\u1ec7m:&hellip;","_links":{"self":[{"href":"https:\/\/www.workingskills.net\/vi\/wp-json\/wp\/v2\/product\/26205","targetHints":{"allow":["GET"]}}],"collection":[{"href":"https:\/\/www.workingskills.net\/vi\/wp-json\/wp\/v2\/product"}],"about":[{"href":"https:\/\/www.workingskills.net\/vi\/wp-json\/wp\/v2\/types\/product"}],"replies":[{"embeddable":true,"href":"https:\/\/www.workingskills.net\/vi\/wp-json\/wp\/v2\/comments?post=26205"}],"wp:attachment":[{"href":"https:\/\/www.workingskills.net\/vi\/wp-json\/wp\/v2\/media?parent=26205"}],"wp:term":[{"taxonomy":"product_brand","embeddable":true,"href":"https:\/\/www.workingskills.net\/vi\/wp-json\/wp\/v2\/product_brand?post=26205"},{"taxonomy":"product_cat","embeddable":true,"href":"https:\/\/www.workingskills.net\/vi\/wp-json\/wp\/v2\/product_cat?post=26205"},{"taxonomy":"product_tag","embeddable":true,"href":"https:\/\/www.workingskills.net\/vi\/wp-json\/wp\/v2\/product_tag?post=26205"}],"curies":[{"name":"wp","href":"https:\/\/api.w.org\/{rel}","templated":true}]}}