{"id":26169,"date":"2019-08-04T10:42:20","date_gmt":"2019-08-04T03:42:20","guid":{"rendered":"https:\/\/workingskills.net\/?post_type=product&#038;p=26169"},"modified":"2019-08-21T10:45:10","modified_gmt":"2019-08-21T03:45:10","slug":"quan-ly-thoi-gian-trong-moi-truong-cong-so","status":"publish","type":"product","link":"https:\/\/www.workingskills.net\/vi\/san-pham\/quan-ly-thoi-gian-trong-moi-truong-cong-so\/","title":{"rendered":"Qu\u1ea3n l\u00fd th\u1eddi gian trong m\u00f4i tr\u01b0\u1eddng c\u00f4ng s\u1edf"},"content":{"rendered":"<p><em>M\u00e3 kho\u00e1 h\u1ecdc: SLVG-026<br \/>\nPhi\u00ean b\u1ea3n: Qu\u1ea3n l\u00fd th\u1eddi gian trong m\u00f4i tr\u01b0\u1eddng c\u00f4ng s\u1edf \u2013 Ti\u1ebfng Vi\u1ec7t<\/em><\/p>\n<p>Khi l\u00e0m vi\u1ec7c trong m\u00f4i tr\u01b0\u1eddng c\u00f4ng s\u1edf, ch\u1eafc ch\u1eafn, b\u1ea1n s\u1ebd lu\u00f4n \u0111\u1ed1i m\u1eb7t v\u1edbi nhi\u1ec1u \u00e1p l\u1ef1c c\u1ee7a c\u00f4ng vi\u1ec7c.<br \/>\nS\u1ebd c\u00f3 nh\u1eefng l\u00fac b\u1ea1n r\u01a1i v\u00e0o t\u00ecnh tr\u1ea1ng \u201cl\u1ee5t vi\u1ec7c\u201d, l\u00e0m m\u00e3i kh\u00f4ng xong.<br \/>\nS\u1ebd c\u00f3 nh\u1eefng l\u00fac b\u1ea1n c\u1ea3m th\u1ea5y m\u1ec7t m\u1ecfi, \u00e1p l\u1ef1c khi ph\u1ea3i gi\u1ea3i quy\u1ebft c\u00f4ng vi\u1ec7c, y\u00eau c\u1ea7u t\u1eeb \u0111\u1ed3ng nghi\u1ec7p, qu\u1ea3n l\u00fd v\u00e0 c\u1ea3 nh\u00e2n vi\u00ean c\u1ee7a m\u00ecnh.<br \/>\nS\u1ebd c\u00f3 nh\u1eefng l\u00fac b\u1ea1n c\u1ea3m th\u1ea5y tr\u1edf n\u00ean \u201cqu\u00e1 t\u1ea3i\u201d v\u1edbi nh\u1eefng cu\u1ed9c h\u1ecdp li\u00ean t\u1ee5c m\u00e0 kh\u00f4ng \u201ct\u00ecm th\u1ea5y l\u1ed1i ra\u201d.<br \/>\nN\u1ebfu b\u1ea1n \u0111ang g\u1eb7p ph\u1ea3i nh\u1eefng v\u1ea5n \u0111\u1ec1 tr\u00ean th\u00ec kh\u00f3a h\u1ecdc n\u00e0y s\u1ebd gi\u00fap b\u1ea1n c\u00f3 \u0111\u01b0\u1ee3c m\u1ed9t ng\u00e0y l\u00e0m vi\u1ec7c hi\u1ec7u qu\u1ea3 v\u00e0 tho\u1ea3i m\u00e1i h\u01a1n.<\/p>\n<p><em>B\u1ea1n s\u1ebd \u0111\u01b0\u1ee3c h\u1ed7 tr\u1ee3 v\u00e0 t\u01b0 v\u1ea5n tr\u1ef1c tuy\u1ebfn mi\u1ec5n ph\u00ed b\u1edfi nh\u1eefng chuy\u00ean gia \u0111\u00e0o t\u1ea1o doanh nghi\u1ec7p c\u1ee7a\u00a0<a href=\"http:\/\/www.talentmind.edu.vn\/\" target=\"_blank\" rel=\"noreferrer noopener\">Talent Mind Education<\/a>\u00a0trong su\u1ed1t 365 ng\u00e0y tr\u1ea3i nghi\u1ec7m kho\u00e1 h\u1ecdc.<\/em><\/p>\n<h3><strong>Sau kh\u00f3a h\u1ecdc qu\u1ea3n l\u00fd th\u1eddi gian trong m\u00f4i tr\u01b0\u1eddng c\u00f4ng s\u1edf n\u00e0y, b\u1ea1n c\u00f3 th\u1ec3:<\/strong><\/h3>\n<ul>\n<li>Qu\u1ea3n l\u00fd th\u1eddi gian c\u1ee7a ng\u01b0\u1eddi kh\u00e1c \u0111\u1ec3 kh\u00f4ng \u1ea3nh h\u01b0\u1edfng \u0111\u1ebfn c\u00f4ng vi\u1ec7c c\u1ee7a b\u1ea3n th\u00e2n<\/li>\n<li>Qu\u1ea3n l\u00fd cu\u1ed9c h\u1ecdp hi\u1ec7u qu\u1ea3 v\u00e0 ti\u1ebft ki\u1ec7m th\u1eddi gian h\u01a1n<\/li>\n<li>Bi\u1ebft c\u00e1ch tham gia c\u00e1c cu\u1ed9c h\u1ecdp m\u1ed9t c\u00e1ch ch\u1ecdn l\u1ecdc v\u00e0 hi\u1ec7u qu\u1ea3 h\u01a1n<\/li>\n<li>Bi\u1ebft c\u00e1ch trao quy\u1ec1n, giao vi\u1ec7c cho ng\u01b0\u1eddi kh\u00e1c \u0111\u1ec3 c\u00f3 th\u00eam th\u1eddi gian t\u1eadp trung v\u00e0o nh\u1eefng c\u00f4ng vi\u1ec7c quan tr\u1ecdng v\u1edbi b\u1ea3n th\u00e2n<\/li>\n<\/ul>","protected":false},"excerpt":{"rendered":"<p>M\u00e3 kho\u00e1 h\u1ecdc: SLVG-026 Phi\u00ean b\u1ea3n: Qu\u1ea3n l\u00fd th\u1eddi gian trong m\u00f4i tr\u01b0\u1eddng c\u00f4ng s\u1edf \u2013 Ti\u1ebfng Vi\u1ec7t Khi l\u00e0m vi\u1ec7c trong m\u00f4i tr\u01b0\u1eddng c\u00f4ng s\u1edf, ch\u1eafc ch\u1eafn, b\u1ea1n s\u1ebd lu\u00f4n \u0111\u1ed1i m\u1eb7t v\u1edbi nhi\u1ec1u \u00e1p l\u1ef1c c\u1ee7a c\u00f4ng vi\u1ec7c. S\u1ebd c\u00f3 nh\u1eefng l\u00fac b\u1ea1n r\u01a1i v\u00e0o t\u00ecnh tr\u1ea1ng \u201cl\u1ee5t vi\u1ec7c\u201d, l\u00e0m m\u00e3i kh\u00f4ng xong. [&hellip;]<\/p>","protected":false},"featured_media":1691,"comment_status":"open","ping_status":"closed","template":"","meta":{"_uag_custom_page_level_css":"","site-sidebar-layout":"default","site-content-layout":"default","ast-site-content-layout":"","site-content-style":"default","site-sidebar-style":"default","ast-global-header-display":"","ast-banner-title-visibility":"","ast-main-header-display":"","ast-hfb-above-header-display":"","ast-hfb-below-header-display":"","ast-hfb-mobile-header-display":"","site-post-title":"","ast-breadcrumbs-content":"","ast-featured-img":"","footer-sml-layout":"","theme-transparent-header-meta":"default","adv-header-id-meta":"","stick-header-meta":"","header-above-stick-meta":"","header-main-stick-meta":"","header-below-stick-meta":"","astra-migrate-meta-layouts":"default","ast-page-background-enabled":"default","ast-page-background-meta":{"desktop":{"background-color":"","background-image":"","background-repeat":"repeat","background-position":"center center","background-size":"auto","background-attachment":"scroll","background-type":"","background-media":"","overlay-type":"","overlay-color":"","overlay-opacity":"","overlay-gradient":""},"tablet":{"background-color":"","background-image":"","background-repeat":"repeat","background-position":"center center","background-size":"auto","background-attachment":"scroll","background-type":"","background-media":"","overlay-type":"","overlay-color":"","overlay-opacity":"","overlay-gradient":""},"mobile":{"background-color":"","background-image":"","background-repeat":"repeat","background-position":"center center","background-size":"auto","background-attachment":"scroll","background-type":"","background-media":"","overlay-type":"","overlay-color":"","overlay-opacity":"","overlay-gradient":""}},"ast-content-background-meta":{"desktop":{"background-color":"var(--ast-global-color-5)","background-image":"","background-repeat":"repeat","background-position":"center center","background-size":"auto","background-attachment":"scroll","background-type":"","background-media":"","overlay-type":"","overlay-color":"","overlay-opacity":"","overlay-gradient":""},"tablet":{"background-color":"var(--ast-global-color-5)","background-image":"","background-repeat":"repeat","background-position":"center center","background-size":"auto","background-attachment":"scroll","background-type":"","background-media":"","overlay-type":"","overlay-color":"","overlay-opacity":"","overlay-gradient":""},"mobile":{"background-color":"var(--ast-global-color-5)","background-image":"","background-repeat":"repeat","background-position":"center center","background-size":"auto","background-attachment":"scroll","background-type":"","background-media":"","overlay-type":"","overlay-color":"","overlay-opacity":"","overlay-gradient":""}}},"product_brand":[],"product_cat":[375],"product_tag":[548,683,624,684],"class_list":{"0":"post-26169","1":"product","2":"type-product","3":"status-publish","4":"has-post-thumbnail","6":"product_cat-ky-nang-lam-viec-chuyen-nghiep-danh-cho-sinh-vien","7":"product_tag-ky-nang-quan-ly-thoi-gian","8":"product_tag-ky-nang-quan-ly-thoi-gian-trong-moi-truong-cong-so","9":"product_tag-time-management-skills","10":"product_tag-time-management-skills-in-workplace","11":"desktop-align-left","12":"tablet-align-left","13":"mobile-align-left","15":"first","16":"instock","17":"virtual","18":"sold-individually","19":"taxable","20":"purchasable","21":"product-type-courses"},"uagb_featured_image_src":{"full":["https:\/\/www.workingskills.net\/wp-content\/uploads\/2016\/11\/Time-priority.jpg",350,250,false],"thumbnail":["https:\/\/www.workingskills.net\/wp-content\/uploads\/2016\/11\/Time-priority-150x150.jpg",150,150,true],"medium":["https:\/\/www.workingskills.net\/wp-content\/uploads\/2016\/11\/Time-priority-300x214.jpg",300,214,true],"medium_large":["https:\/\/www.workingskills.net\/wp-content\/uploads\/2016\/11\/Time-priority.jpg",350,250,false],"large":["https:\/\/www.workingskills.net\/wp-content\/uploads\/2016\/11\/Time-priority.jpg",350,250,false],"1536x1536":["https:\/\/www.workingskills.net\/wp-content\/uploads\/2016\/11\/Time-priority.jpg",350,250,false],"2048x2048":["https:\/\/www.workingskills.net\/wp-content\/uploads\/2016\/11\/Time-priority.jpg",350,250,false],"trp-custom-language-flag":["https:\/\/www.workingskills.net\/wp-content\/uploads\/2016\/11\/Time-priority.jpg",18,12,false],"woocommerce_thumbnail":["https:\/\/www.workingskills.net\/wp-content\/uploads\/2016\/11\/Time-priority-300x250.jpg",300,250,true],"woocommerce_single":["https:\/\/www.workingskills.net\/wp-content\/uploads\/2016\/11\/Time-priority.jpg",350,250,false],"woocommerce_gallery_thumbnail":["https:\/\/www.workingskills.net\/wp-content\/uploads\/2016\/11\/Time-priority-100x100.jpg",100,100,true]},"uagb_author_info":{"display_name":"Working Skills","author_link":"https:\/\/www.workingskills.net\/vi\/author\/"},"uagb_comment_info":0,"uagb_excerpt":"M\u00e3 kho\u00e1 h\u1ecdc: SLVG-026 Phi\u00ean b\u1ea3n: Qu\u1ea3n l\u00fd th\u1eddi gian trong m\u00f4i tr\u01b0\u1eddng c\u00f4ng s\u1edf \u2013 Ti\u1ebfng Vi\u1ec7t Khi l\u00e0m vi\u1ec7c trong m\u00f4i tr\u01b0\u1eddng c\u00f4ng s\u1edf, ch\u1eafc ch\u1eafn, b\u1ea1n s\u1ebd lu\u00f4n \u0111\u1ed1i m\u1eb7t v\u1edbi nhi\u1ec1u \u00e1p l\u1ef1c c\u1ee7a c\u00f4ng vi\u1ec7c. S\u1ebd c\u00f3 nh\u1eefng l\u00fac b\u1ea1n r\u01a1i v\u00e0o t\u00ecnh tr\u1ea1ng \u201cl\u1ee5t vi\u1ec7c\u201d, l\u00e0m m\u00e3i kh\u00f4ng xong.&hellip;","_links":{"self":[{"href":"https:\/\/www.workingskills.net\/vi\/wp-json\/wp\/v2\/product\/26169","targetHints":{"allow":["GET"]}}],"collection":[{"href":"https:\/\/www.workingskills.net\/vi\/wp-json\/wp\/v2\/product"}],"about":[{"href":"https:\/\/www.workingskills.net\/vi\/wp-json\/wp\/v2\/types\/product"}],"replies":[{"embeddable":true,"href":"https:\/\/www.workingskills.net\/vi\/wp-json\/wp\/v2\/comments?post=26169"}],"wp:featuredmedia":[{"embeddable":true,"href":"https:\/\/www.workingskills.net\/vi\/wp-json\/wp\/v2\/media\/1691"}],"wp:attachment":[{"href":"https:\/\/www.workingskills.net\/vi\/wp-json\/wp\/v2\/media?parent=26169"}],"wp:term":[{"taxonomy":"product_brand","embeddable":true,"href":"https:\/\/www.workingskills.net\/vi\/wp-json\/wp\/v2\/product_brand?post=26169"},{"taxonomy":"product_cat","embeddable":true,"href":"https:\/\/www.workingskills.net\/vi\/wp-json\/wp\/v2\/product_cat?post=26169"},{"taxonomy":"product_tag","embeddable":true,"href":"https:\/\/www.workingskills.net\/vi\/wp-json\/wp\/v2\/product_tag?post=26169"}],"curies":[{"name":"wp","href":"https:\/\/api.w.org\/{rel}","templated":true}]}}