{"id":26140,"date":"2019-08-04T09:24:10","date_gmt":"2019-08-04T02:24:10","guid":{"rendered":"https:\/\/workingskills.net\/?post_type=product&#038;p=26140"},"modified":"2020-07-24T15:44:53","modified_gmt":"2020-07-24T08:44:53","slug":"ky-nang-quan-ly-tai-chinh-ca-nhan","status":"publish","type":"product","link":"https:\/\/www.workingskills.net\/vi\/san-pham\/ky-nang-quan-ly-tai-chinh-ca-nhan\/","title":{"rendered":"K\u1ef9 n\u0103ng qu\u1ea3n l\u00fd t\u00e0i ch\u00ednh c\u00e1 nh\u00e2n"},"content":{"rendered":"<p><em>M\u00e3 kho\u00e1 h\u1ecdc: SGVG-004<br \/>\nPhi\u00ean b\u1ea3n: K\u1ef9 n\u0103ng qu\u1ea3n l\u00fd t\u00e0i ch\u00ednh c\u00e1 nh\u00e2n \u2013 Ti\u1ebfng Vi\u1ec7t<\/em><\/p>\n<p>B\u1ea1n \u0111\u00e3 bao gi\u1edd r\u01a1i v\u00e0o c\u00e1c t\u00ecnh hu\u1ed1ng sau \u0111\u00e2y:<br \/>\nB\u1ea1n th\u1ea5y r\u1eb1ng m\u00ecnh mua s\u1eafm kh\u00f4ng nhi\u1ec1u nh\u01b0ng \u0111\u1ebfn cu\u1ed1i th\u00e1ng l\u1ea1i ch\u1eb3ng c\u00f2n ti\u1ec1n<br \/>\nB\u1ea1n \u0111i l\u00e0m v\u00e0 c\u00f3 thu nh\u1eadp h\u00e0ng th\u00e1ng nh\u01b0ng cu\u1ed1i th\u00e1ng v\u1eabn ph\u1ea3i xin ti\u1ec1n ba m\u1eb9 m\u1edbi \u0111\u1ee7 chi ti\u00eau ho\u1eb7c \u201c\u0103n m\u00ec g\u00f3i\u201d.<br \/>\nB\u1ea1n kh\u00f4ng nh\u1edb \u0111\u01b0\u1ee3c m\u00ecnh \u0111\u00e3 chi nh\u1eefng kho\u1ea3n n\u00e0o trong th\u00e1ng<br \/>\nB\u1ea1n l\u00e0m m\u00e3i m\u00e0 v\u1eabn kh\u00f4ng ti\u1ebft ki\u1ec7m \u0111\u01b0\u1ee3c \u0111\u1ed3ng n\u00e0o<br \/>\nN\u1ebfu b\u1ea1n g\u1eb7p ph\u1ea3i nh\u1eefng v\u1ea5n \u0111\u1ec1 t\u01b0\u01a1ng t\u1ef1 nh\u01b0 tr\u00ean th\u00ec \u0111\u1eebng qu\u00e1 lo l\u1eafng, kh\u00f3a h\u1ecdc n\u00e0y s\u1ebd gi\u00fap b\u1ea1n t\u00ecm ra nh\u1eefng c\u00e1ch th\u1ee9c \u0111\u1ec3 ki\u1ec3m so\u00e1t chi ti\u00eau c\u1ee7a b\u1ea3n th\u00e2n hi\u1ec7u qu\u1ea3 h\u01a1n.<\/p>\n<p><em>B\u1ea1n s\u1ebd \u0111\u01b0\u1ee3c h\u1ed7 tr\u1ee3 v\u00e0 t\u01b0 v\u1ea5n tr\u1ef1c tuy\u1ebfn mi\u1ec5n ph\u00ed b\u1edfi nh\u1eefng chuy\u00ean gia \u0111\u00e0o t\u1ea1o doanh nghi\u1ec7p c\u1ee7a\u00a0<a href=\"http:\/\/www.talentmind.edu.vn\/\" target=\"_blank\" rel=\"noreferrer noopener\">Talent Mind Education<\/a>\u00a0trong su\u1ed1t 365 ng\u00e0y tr\u1ea3i nghi\u1ec7m kho\u00e1 h\u1ecdc.<\/em><\/p>\n<h3><strong>Sau kh\u00f3a h\u1ecdc k\u1ef9 n\u0103ng qu\u1ea3n l\u00fd t\u00e0i ch\u00ednh c\u00e1 nh\u00e2n n\u00e0y, b\u1ea1n c\u00f3 th\u1ec3:<\/strong><\/h3>\n<ul>\n<li>Hi\u1ec3u \u0111\u01b0\u1ee3c t\u1ea7m quan tr\u1ecdng c\u1ee7a vi\u1ec7c qu\u1ea3n l\u00fd t\u00e0i ch\u00ednh c\u00e1 nh\u00e2n<\/li>\n<li>\u0110\u00e1nh gi\u00e1 \u0111\u01b0\u1ee3c kh\u1ea3 n\u0103ng qu\u1ea3n l\u00fd t\u00e0i ch\u00ednh c\u1ee7a b\u1ea3n th\u00e2n<\/li>\n<li>Bi\u1ebft \u0111\u01b0\u1ee3c \u201cti\u1ec1n c\u1ee7a m\u00ecnh \u0111\u00e3 \u0111i \u0111\u00e2u\u201d<\/li>\n<li>Bi\u1ebft c\u00e1ch chi ti\u00eau hi\u1ec7u qu\u1ea3 h\u01a1n trong vi\u1ec7c \u0103n u\u1ed1ng, \u0111i l\u1ea1i, mua s\u1eafm, gi\u00e1o d\u1ee5c<\/li>\n<li>N\u1eafm \u0111\u01b0\u1ee3c 7 nguy\u00ean t\u1eafc \u201cchi ti\u00eau th\u1ea7n k\u1ef3\u201d gi\u00fap b\u1ea1n ti\u1ebft ki\u1ec7m h\u01a1n<\/li>\n<li>L\u00e0m ch\u1ee7 d\u00f2ng ti\u1ec1n c\u1ee7a m\u00ecnh v\u1edbi ph\u01b0\u01a1ng ph\u00e1p qu\u1ea3n l\u00fd t\u00e0i ch\u00ednh 6 chi\u1ebfc h\u0169<\/li>\n<\/ul>","protected":false},"excerpt":{"rendered":"<p>M\u00e3 kho\u00e1 h\u1ecdc: SGVG-004 Phi\u00ean b\u1ea3n: K\u1ef9 n\u0103ng qu\u1ea3n l\u00fd t\u00e0i ch\u00ednh c\u00e1 nh\u00e2n \u2013 Ti\u1ebfng Vi\u1ec7t B\u1ea1n \u0111\u00e3 bao gi\u1edd r\u01a1i v\u00e0o c\u00e1c t\u00ecnh hu\u1ed1ng sau \u0111\u00e2y: B\u1ea1n th\u1ea5y r\u1eb1ng m\u00ecnh mua s\u1eafm kh\u00f4ng nhi\u1ec1u nh\u01b0ng \u0111\u1ebfn cu\u1ed1i th\u00e1ng l\u1ea1i ch\u1eb3ng c\u00f2n ti\u1ec1n B\u1ea1n \u0111i l\u00e0m v\u00e0 c\u00f3 thu nh\u1eadp h\u00e0ng th\u00e1ng nh\u01b0ng cu\u1ed1i [&hellip;]<\/p>","protected":false},"featured_media":2589,"comment_status":"open","ping_status":"closed","template":"","meta":{"_uag_custom_page_level_css":"","site-sidebar-layout":"default","site-content-layout":"default","ast-site-content-layout":"","site-content-style":"default","site-sidebar-style":"default","ast-global-header-display":"","ast-banner-title-visibility":"","ast-main-header-display":"","ast-hfb-above-header-display":"","ast-hfb-below-header-display":"","ast-hfb-mobile-header-display":"","site-post-title":"","ast-breadcrumbs-content":"","ast-featured-img":"","footer-sml-layout":"","theme-transparent-header-meta":"default","adv-header-id-meta":"","stick-header-meta":"","header-above-stick-meta":"","header-main-stick-meta":"","header-below-stick-meta":"","astra-migrate-meta-layouts":"default","ast-page-background-enabled":"default","ast-page-background-meta":{"desktop":{"background-color":"","background-image":"","background-repeat":"repeat","background-position":"center center","background-size":"auto","background-attachment":"scroll","background-type":"","background-media":"","overlay-type":"","overlay-color":"","overlay-opacity":"","overlay-gradient":""},"tablet":{"background-color":"","background-image":"","background-repeat":"repeat","background-position":"center center","background-size":"auto","background-attachment":"scroll","background-type":"","background-media":"","overlay-type":"","overlay-color":"","overlay-opacity":"","overlay-gradient":""},"mobile":{"background-color":"","background-image":"","background-repeat":"repeat","background-position":"center center","background-size":"auto","background-attachment":"scroll","background-type":"","background-media":"","overlay-type":"","overlay-color":"","overlay-opacity":"","overlay-gradient":""}},"ast-content-background-meta":{"desktop":{"background-color":"var(--ast-global-color-5)","background-image":"","background-repeat":"repeat","background-position":"center center","background-size":"auto","background-attachment":"scroll","background-type":"","background-media":"","overlay-type":"","overlay-color":"","overlay-opacity":"","overlay-gradient":""},"tablet":{"background-color":"var(--ast-global-color-5)","background-image":"","background-repeat":"repeat","background-position":"center center","background-size":"auto","background-attachment":"scroll","background-type":"","background-media":"","overlay-type":"","overlay-color":"","overlay-opacity":"","overlay-gradient":""},"mobile":{"background-color":"var(--ast-global-color-5)","background-image":"","background-repeat":"repeat","background-position":"center center","background-size":"auto","background-attachment":"scroll","background-type":"","background-media":"","overlay-type":"","overlay-color":"","overlay-opacity":"","overlay-gradient":""}}},"product_brand":[],"product_cat":[499],"product_tag":[676,675],"class_list":{"0":"post-26140","1":"product","2":"type-product","3":"status-publish","4":"has-post-thumbnail","6":"product_cat-life-health-skills","7":"product_tag-ky-nang-quan-ly-tai-chinh-ca-nhan","8":"product_tag-personal-finance-management","9":"desktop-align-left","10":"tablet-align-left","11":"mobile-align-left","13":"first","14":"instock","15":"virtual","16":"sold-individually","17":"taxable","18":"purchasable","19":"product-type-courses"},"uagb_featured_image_src":{"full":["https:\/\/www.workingskills.net\/wp-content\/uploads\/2016\/12\/Exploring-yourself3.png",350,250,false],"thumbnail":["https:\/\/www.workingskills.net\/wp-content\/uploads\/2016\/12\/Exploring-yourself3-150x150.png",150,150,true],"medium":["https:\/\/www.workingskills.net\/wp-content\/uploads\/2016\/12\/Exploring-yourself3-300x214.png",300,214,true],"medium_large":["https:\/\/www.workingskills.net\/wp-content\/uploads\/2016\/12\/Exploring-yourself3.png",350,250,false],"large":["https:\/\/www.workingskills.net\/wp-content\/uploads\/2016\/12\/Exploring-yourself3.png",350,250,false],"1536x1536":["https:\/\/www.workingskills.net\/wp-content\/uploads\/2016\/12\/Exploring-yourself3.png",350,250,false],"2048x2048":["https:\/\/www.workingskills.net\/wp-content\/uploads\/2016\/12\/Exploring-yourself3.png",350,250,false],"trp-custom-language-flag":["https:\/\/www.workingskills.net\/wp-content\/uploads\/2016\/12\/Exploring-yourself3.png",18,12,false],"woocommerce_thumbnail":["https:\/\/www.workingskills.net\/wp-content\/uploads\/2016\/12\/Exploring-yourself3-300x250.png",300,250,true],"woocommerce_single":["https:\/\/www.workingskills.net\/wp-content\/uploads\/2016\/12\/Exploring-yourself3.png",350,250,false],"woocommerce_gallery_thumbnail":["https:\/\/www.workingskills.net\/wp-content\/uploads\/2016\/12\/Exploring-yourself3-100x100.png",100,100,true]},"uagb_author_info":{"display_name":"Working Skills","author_link":"https:\/\/www.workingskills.net\/vi\/author\/"},"uagb_comment_info":0,"uagb_excerpt":"M\u00e3 kho\u00e1 h\u1ecdc: SGVG-004 Phi\u00ean b\u1ea3n: K\u1ef9 n\u0103ng qu\u1ea3n l\u00fd t\u00e0i ch\u00ednh c\u00e1 nh\u00e2n \u2013 Ti\u1ebfng Vi\u1ec7t B\u1ea1n \u0111\u00e3 bao gi\u1edd r\u01a1i v\u00e0o c\u00e1c t\u00ecnh hu\u1ed1ng sau \u0111\u00e2y: B\u1ea1n th\u1ea5y r\u1eb1ng m\u00ecnh mua s\u1eafm kh\u00f4ng nhi\u1ec1u nh\u01b0ng \u0111\u1ebfn cu\u1ed1i th\u00e1ng l\u1ea1i ch\u1eb3ng c\u00f2n ti\u1ec1n B\u1ea1n \u0111i l\u00e0m v\u00e0 c\u00f3 thu nh\u1eadp h\u00e0ng th\u00e1ng nh\u01b0ng cu\u1ed1i&hellip;","_links":{"self":[{"href":"https:\/\/www.workingskills.net\/vi\/wp-json\/wp\/v2\/product\/26140","targetHints":{"allow":["GET"]}}],"collection":[{"href":"https:\/\/www.workingskills.net\/vi\/wp-json\/wp\/v2\/product"}],"about":[{"href":"https:\/\/www.workingskills.net\/vi\/wp-json\/wp\/v2\/types\/product"}],"replies":[{"embeddable":true,"href":"https:\/\/www.workingskills.net\/vi\/wp-json\/wp\/v2\/comments?post=26140"}],"wp:featuredmedia":[{"embeddable":true,"href":"https:\/\/www.workingskills.net\/vi\/wp-json\/wp\/v2\/media\/2589"}],"wp:attachment":[{"href":"https:\/\/www.workingskills.net\/vi\/wp-json\/wp\/v2\/media?parent=26140"}],"wp:term":[{"taxonomy":"product_brand","embeddable":true,"href":"https:\/\/www.workingskills.net\/vi\/wp-json\/wp\/v2\/product_brand?post=26140"},{"taxonomy":"product_cat","embeddable":true,"href":"https:\/\/www.workingskills.net\/vi\/wp-json\/wp\/v2\/product_cat?post=26140"},{"taxonomy":"product_tag","embeddable":true,"href":"https:\/\/www.workingskills.net\/vi\/wp-json\/wp\/v2\/product_tag?post=26140"}],"curies":[{"name":"wp","href":"https:\/\/api.w.org\/{rel}","templated":true}]}}