{"id":26139,"date":"2019-08-04T09:22:16","date_gmt":"2019-08-04T02:22:16","guid":{"rendered":"https:\/\/workingskills.net\/?post_type=product&#038;p=26139"},"modified":"2020-07-24T15:48:49","modified_gmt":"2020-07-24T08:48:49","slug":"ky-nang-an-toan-thoat-hiem","status":"publish","type":"product","link":"https:\/\/www.workingskills.net\/vi\/san-pham\/ky-nang-an-toan-thoat-hiem\/","title":{"rendered":"K\u1ef9 n\u0103ng an to\u00e0n tho\u00e1t hi\u1ec3m"},"content":{"rendered":"<p><em>M\u00e3 kho\u00e1 h\u1ecdc:\u00a0<\/em><em>SGVG-003<br \/>\nPhi\u00ean b\u1ea3n: K\u1ef9 n\u0103ng an to\u00e0n tho\u00e1t hi\u1ec3m \u2013 Ti\u1ebfng Vi\u1ec7t<\/em><\/p>\n<p>Trong cu\u1ed9c s\u1ed1ng, b\u1ea1n kh\u00f4ng th\u1ec3 d\u1ef1 \u0111o\u00e1n tr\u01b0\u1edbc chuy\u1ec7n g\u00ec s\u1ebd x\u1ea3y ra. B\u1ea1n \u0111\u00e3 bao gi\u1edd nghi\u00eam t\u00fac v\u00e0 suy ngh\u0129 \u0111\u1ebfn c\u00e1c t\u00ecnh hu\u1ed1ng sau \u0111\u00e2y:<br \/>\nN\u1ebfu nh\u01b0 trong l\u00fac mua s\u1eafm t\u1ea1i trung t\u00e2m th\u01b0\u01a1ng m\u1ea1i l\u1ea1i x\u1ea3y ra h\u1ecfa ho\u1ea1n th\u00ec b\u1ea1n s\u1ebd l\u00e0m g\u00ec?<br \/>\nN\u1ebfu nh\u01b0 trong l\u00fac t\u1eafm bi\u1ec3n, b\u1ea1n ho\u1eb7c b\u1ea1n b\u00e8 c\u1ee7a b\u1ea1n b\u1ecb \u0111u\u1ed1i n\u01b0\u1edbc th\u00ec b\u1ea1n s\u1ebd x\u1eed l\u00fd ra sao?<br \/>\nN\u1ebfu nh\u01b0 trong l\u00fac v\u1ec1 nh\u00e0 sau khi tan ca l\u00e0m vi\u1ec7c ho\u1eb7c k\u1ebft th\u00fac l\u1edbp h\u1ecdc \u0111\u00eam m\u00e0 g\u1eb7p ph\u1ea3i c\u01b0\u1edbp tr\u00ean \u0111\u01b0\u1eddng th\u00ec b\u1ea1n \u1ee9ng ph\u00f3 th\u1ebf n\u00e0o?<br \/>\nN\u1ebfu b\u1ea1n hay b\u1ea1n c\u1ee7a b\u1ea1n b\u1ecb qu\u1ea5y r\u1ed1i hay x\u00e2m h\u1ea1i t\u00ecnh d\u1ee5c trong l\u1edbp h\u1ecdc\/c\u00f4ng ty\/ngo\u00e0i \u0111\u01b0\u1eddng th\u00ec b\u1ea1n h\u00e0nh x\u1eed th\u1ebf n\u00e0o?<br \/>\nCh\u1eafc h\u1eb3n b\u1ea1n s\u1ebd c\u1ea3m th\u1ea5y b\u1ed1i r\u1ed1i khi ngh\u0129 \u0111\u1ebfn nh\u1eefng t\u00ecnh hu\u1ed1ng k\u1ec3 tr\u00ean. Kh\u00f3a h\u1ecdc k\u1ef9 n\u0103ng an to\u00e0n tho\u00e1t hi\u1ec3m n\u00e0y s\u1ebd trang b\u1ecb cho b\u1ea1n nh\u1eefng k\u1ef9 n\u0103ng, ki\u1ebfn th\u1ee9c c\u1ea7n thi\u1ebft \u0111\u1ec3 c\u00f3 th\u1ec3 b\u1ea3o v\u1ec7 b\u1ea3n th\u00e2n v\u00e0 ng\u01b0\u1eddi kh\u00e1c khi r\u01a1i v\u00e0o nh\u1eefng t\u00ecnh hu\u1ed1ng nguy hi\u1ec3m.<\/p>\n<p><em>B\u1ea1n s\u1ebd \u0111\u01b0\u1ee3c h\u1ed7 tr\u1ee3 v\u00e0 t\u01b0 v\u1ea5n tr\u1ef1c tuy\u1ebfn mi\u1ec5n ph\u00ed b\u1edfi nh\u1eefng chuy\u00ean gia \u0111\u00e0o t\u1ea1o doanh nghi\u1ec7p c\u1ee7a\u00a0<a href=\"http:\/\/www.talentmind.edu.vn\/\" target=\"_blank\" rel=\"noreferrer noopener\">Talent Mind Education<\/a>\u00a0trong su\u1ed1t 365 ng\u00e0y tr\u1ea3i nghi\u1ec7m kho\u00e1 h\u1ecdc.<\/em><\/p>\n<h3><strong>Sau kh\u00f3a h\u1ecdc k\u1ef9 n\u0103ng n\u00e0y, b\u1ea1n c\u00f3 th\u1ec3:<\/strong><\/h3>\n<ul>\n<li>Bi\u1ebft \u0111\u01b0\u1ee3c nh\u1eefng vi\u1ec7c c\u1ea7n l\u00e0m tr\u01b0\u1edbc v\u00e0 sau khi ch\u00e1y n\u1ed5 x\u1ea3y ra<\/li>\n<li>Bi\u1ebft c\u00e1ch tho\u00e1t kh\u1ecfi \u0111\u00e1m ch\u00e1y nh\u01b0 th\u1ebf n\u00e0o<\/li>\n<li>Bi\u1ebft \u0111\u01b0\u1ee3c nh\u1eefng nguy\u00ean t\u1eafc s\u1ed1ng c\u00f2n \u0111\u1ec3 kh\u00f4ng b\u1ecb \u0111u\u1ed1i n\u01b0\u1edbc<\/li>\n<li>Bi\u1ebft c\u00e1ch c\u1ee9u ng\u01b0\u1eddi\u00a0trong m\u1ed9t s\u1ed1 tr\u01b0\u1eddng h\u1ee3p nh\u01b0 b\u1ecb \u0111u\u1ed1i n\u01b0\u1edbc, b\u1ecb r\u1eafn c\u1eafn, b\u1ecb \u0111i\u1ec7n gi\u1eadt<\/li>\n<li>Bi\u1ebft c\u00e1ch b\u1ea3o v\u1ec7 b\u1ea3n th\u00e2n khi g\u1eb7p ph\u1ea3i tr\u1ed9m c\u01b0\u1edbp<\/li>\n<li>Bi\u1ebft c\u00e1ch ph\u00f2ng tr\u00e1nh v\u00e0 b\u1ea3o v\u1ec7 b\u1ea3n th\u00e2n khi b\u1ecb qu\u1ea5y r\u1ed1i, x\u00e2m h\u1ea1i t\u00ecnh d\u1ee5c<\/li>\n<\/ul>","protected":false},"excerpt":{"rendered":"<p>M\u00e3 kho\u00e1 h\u1ecdc:\u00a0SGVG-003 Phi\u00ean b\u1ea3n: K\u1ef9 n\u0103ng an to\u00e0n tho\u00e1t hi\u1ec3m \u2013 Ti\u1ebfng Vi\u1ec7t Trong cu\u1ed9c s\u1ed1ng, b\u1ea1n kh\u00f4ng th\u1ec3 d\u1ef1 \u0111o\u00e1n tr\u01b0\u1edbc chuy\u1ec7n g\u00ec s\u1ebd x\u1ea3y ra. B\u1ea1n \u0111\u00e3 bao gi\u1edd nghi\u00eam t\u00fac v\u00e0 suy ngh\u0129 \u0111\u1ebfn c\u00e1c t\u00ecnh hu\u1ed1ng sau \u0111\u00e2y: N\u1ebfu nh\u01b0 trong l\u00fac mua s\u1eafm t\u1ea1i trung t\u00e2m th\u01b0\u01a1ng m\u1ea1i l\u1ea1i [&hellip;]<\/p>","protected":false},"featured_media":1669,"comment_status":"open","ping_status":"closed","template":"","meta":{"_uag_custom_page_level_css":"","site-sidebar-layout":"default","site-content-layout":"default","ast-site-content-layout":"","site-content-style":"default","site-sidebar-style":"default","ast-global-header-display":"","ast-banner-title-visibility":"","ast-main-header-display":"","ast-hfb-above-header-display":"","ast-hfb-below-header-display":"","ast-hfb-mobile-header-display":"","site-post-title":"","ast-breadcrumbs-content":"","ast-featured-img":"","footer-sml-layout":"","theme-transparent-header-meta":"default","adv-header-id-meta":"","stick-header-meta":"","header-above-stick-meta":"","header-main-stick-meta":"","header-below-stick-meta":"","astra-migrate-meta-layouts":"default","ast-page-background-enabled":"default","ast-page-background-meta":{"desktop":{"background-color":"","background-image":"","background-repeat":"repeat","background-position":"center center","background-size":"auto","background-attachment":"scroll","background-type":"","background-media":"","overlay-type":"","overlay-color":"","overlay-opacity":"","overlay-gradient":""},"tablet":{"background-color":"","background-image":"","background-repeat":"repeat","background-position":"center center","background-size":"auto","background-attachment":"scroll","background-type":"","background-media":"","overlay-type":"","overlay-color":"","overlay-opacity":"","overlay-gradient":""},"mobile":{"background-color":"","background-image":"","background-repeat":"repeat","background-position":"center center","background-size":"auto","background-attachment":"scroll","background-type":"","background-media":"","overlay-type":"","overlay-color":"","overlay-opacity":"","overlay-gradient":""}},"ast-content-background-meta":{"desktop":{"background-color":"var(--ast-global-color-5)","background-image":"","background-repeat":"repeat","background-position":"center center","background-size":"auto","background-attachment":"scroll","background-type":"","background-media":"","overlay-type":"","overlay-color":"","overlay-opacity":"","overlay-gradient":""},"tablet":{"background-color":"var(--ast-global-color-5)","background-image":"","background-repeat":"repeat","background-position":"center center","background-size":"auto","background-attachment":"scroll","background-type":"","background-media":"","overlay-type":"","overlay-color":"","overlay-opacity":"","overlay-gradient":""},"mobile":{"background-color":"var(--ast-global-color-5)","background-image":"","background-repeat":"repeat","background-position":"center center","background-size":"auto","background-attachment":"scroll","background-type":"","background-media":"","overlay-type":"","overlay-color":"","overlay-opacity":"","overlay-gradient":""}}},"product_brand":[],"product_cat":[499],"product_tag":[673,674],"class_list":{"0":"post-26139","1":"product","2":"type-product","3":"status-publish","4":"has-post-thumbnail","6":"product_cat-life-health-skills","7":"product_tag-ky-nang-an-toan-thoat-hiem","8":"product_tag-safety-skills","9":"desktop-align-left","10":"tablet-align-left","11":"mobile-align-left","13":"first","14":"instock","15":"virtual","16":"sold-individually","17":"taxable","18":"purchasable","19":"product-type-courses"},"uagb_featured_image_src":{"full":["https:\/\/www.workingskills.net\/wp-content\/uploads\/2016\/11\/safety4.jpg",350,250,false],"thumbnail":["https:\/\/www.workingskills.net\/wp-content\/uploads\/2016\/11\/safety4-150x150.jpg",150,150,true],"medium":["https:\/\/www.workingskills.net\/wp-content\/uploads\/2016\/11\/safety4-300x214.jpg",300,214,true],"medium_large":["https:\/\/www.workingskills.net\/wp-content\/uploads\/2016\/11\/safety4.jpg",350,250,false],"large":["https:\/\/www.workingskills.net\/wp-content\/uploads\/2016\/11\/safety4.jpg",350,250,false],"1536x1536":["https:\/\/www.workingskills.net\/wp-content\/uploads\/2016\/11\/safety4.jpg",350,250,false],"2048x2048":["https:\/\/www.workingskills.net\/wp-content\/uploads\/2016\/11\/safety4.jpg",350,250,false],"trp-custom-language-flag":["https:\/\/www.workingskills.net\/wp-content\/uploads\/2016\/11\/safety4.jpg",18,12,false],"woocommerce_thumbnail":["https:\/\/www.workingskills.net\/wp-content\/uploads\/2016\/11\/safety4-300x250.jpg",300,250,true],"woocommerce_single":["https:\/\/www.workingskills.net\/wp-content\/uploads\/2016\/11\/safety4.jpg",350,250,false],"woocommerce_gallery_thumbnail":["https:\/\/www.workingskills.net\/wp-content\/uploads\/2016\/11\/safety4-100x100.jpg",100,100,true]},"uagb_author_info":{"display_name":"Working Skills","author_link":"https:\/\/www.workingskills.net\/vi\/author\/"},"uagb_comment_info":0,"uagb_excerpt":"M\u00e3 kho\u00e1 h\u1ecdc:\u00a0SGVG-003 Phi\u00ean b\u1ea3n: K\u1ef9 n\u0103ng an to\u00e0n tho\u00e1t hi\u1ec3m \u2013 Ti\u1ebfng Vi\u1ec7t Trong cu\u1ed9c s\u1ed1ng, b\u1ea1n kh\u00f4ng th\u1ec3 d\u1ef1 \u0111o\u00e1n tr\u01b0\u1edbc chuy\u1ec7n g\u00ec s\u1ebd x\u1ea3y ra. B\u1ea1n \u0111\u00e3 bao gi\u1edd nghi\u00eam t\u00fac v\u00e0 suy ngh\u0129 \u0111\u1ebfn c\u00e1c t\u00ecnh hu\u1ed1ng sau \u0111\u00e2y: N\u1ebfu nh\u01b0 trong l\u00fac mua s\u1eafm t\u1ea1i trung t\u00e2m th\u01b0\u01a1ng m\u1ea1i l\u1ea1i&hellip;","_links":{"self":[{"href":"https:\/\/www.workingskills.net\/vi\/wp-json\/wp\/v2\/product\/26139","targetHints":{"allow":["GET"]}}],"collection":[{"href":"https:\/\/www.workingskills.net\/vi\/wp-json\/wp\/v2\/product"}],"about":[{"href":"https:\/\/www.workingskills.net\/vi\/wp-json\/wp\/v2\/types\/product"}],"replies":[{"embeddable":true,"href":"https:\/\/www.workingskills.net\/vi\/wp-json\/wp\/v2\/comments?post=26139"}],"wp:featuredmedia":[{"embeddable":true,"href":"https:\/\/www.workingskills.net\/vi\/wp-json\/wp\/v2\/media\/1669"}],"wp:attachment":[{"href":"https:\/\/www.workingskills.net\/vi\/wp-json\/wp\/v2\/media?parent=26139"}],"wp:term":[{"taxonomy":"product_brand","embeddable":true,"href":"https:\/\/www.workingskills.net\/vi\/wp-json\/wp\/v2\/product_brand?post=26139"},{"taxonomy":"product_cat","embeddable":true,"href":"https:\/\/www.workingskills.net\/vi\/wp-json\/wp\/v2\/product_cat?post=26139"},{"taxonomy":"product_tag","embeddable":true,"href":"https:\/\/www.workingskills.net\/vi\/wp-json\/wp\/v2\/product_tag?post=26139"}],"curies":[{"name":"wp","href":"https:\/\/api.w.org\/{rel}","templated":true}]}}