{"id":26138,"date":"2019-08-04T09:21:36","date_gmt":"2019-08-04T02:21:36","guid":{"rendered":"https:\/\/workingskills.net\/?post_type=product&#038;p=26138"},"modified":"2020-07-24T15:48:55","modified_gmt":"2020-07-24T08:48:55","slug":"hiv-aids-cach-phong-chong-va-ung-xu-phu-hop","status":"publish","type":"product","link":"https:\/\/www.workingskills.net\/vi\/san-pham\/hiv-aids-cach-phong-chong-va-ung-xu-phu-hop\/","title":{"rendered":"HIV\/AIDS &#8211; C\u00e1ch ph\u00f2ng ch\u1ed1ng v\u00e0 \u1ee9ng x\u1eed ph\u00f9 h\u1ee3p"},"content":{"rendered":"<p><em>M\u00e3 kho\u00e1 h\u1ecdc: SGVG-002<br \/>\nPhi\u00ean b\u1ea3n: HIV\/AIDS \u2013 Ti\u1ebfng Vi\u1ec7t<\/em><\/p>\n<p>HIV\/ AIDS t\u1eeb l\u00e2u \u0111\u01b0\u1ee3c bi\u1ebft \u0111\u1ebfn l\u00e0 m\u1ed9t c\u0103n b\u1ec7nh th\u1ebf k\u1ec9, v\u1eabn ch\u01b0a c\u00f3 thu\u1ed1c \u0111\u1eb7c tr\u1ecb v\u00e0 v\u1eafc-xin ph\u00f2ng ng\u1eeba.<br \/>\nB\u1ea1n c\u00f3 bao gi\u1edd t\u00ecm hi\u1ec3u v\u1ec1 \u0111\u1ea1i d\u1ecbch HIV\/ AIDS n\u00e0y ch\u01b0a?<br \/>\nB\u1ea1n ngh\u0129 m\u00ecnh \u0111\u00e3 hi\u1ec3u v\u1ec1 HIV\/ AIDS?<br \/>\nB\u1ea1n ngh\u0129 HIV\/ AIDS s\u1ebd kh\u00f4ng \u1ea3nh h\u01b0\u1edfng \u0111\u1ebfn b\u1ea1n?<br \/>\nB\u1ea1n \u0111\u00e3 bi\u1ebft c\u00e1ch\u00a0<a href=\"https:\/\/www.workingskills.net\/vi\/courses\/giao-duc-gioi-tinh\/\" target=\"_blank\" rel=\"noreferrer noopener\" aria-label=\"quan h\u1ec7 t\u00ecnh d\u1ee5c an to\u00e0n (m\u1edf trong tab m\u1edbi)\">quan h\u1ec7 t\u00ecnh d\u1ee5c an to\u00e0n<\/a>\u00a0\u0111\u1ec3 kh\u00f4ng l\u00e2y nhi\u1ec5m c\u0103n b\u1ec7nh n\u00e0y?<br \/>\nTrong th\u1ebf gi\u1edbi hi\u1ec7n \u0111\u1ea1i ng\u00e0y nay, vi\u1ec7c trang b\u1ecb nh\u1eefng ki\u1ebfn th\u1ee9c v\u1ec1 ph\u00f2ng ch\u1ed1ng HIV\/AIDS ngay t\u1eeb \u0111\u1ea7u kh\u00f4ng bao gi\u1edd l\u00e0 l\u00e3ng ph\u00ed. Kh\u00f3a h\u1ecdc n\u00e0y s\u1ebd gi\u00fap b\u1ea1n c\u00f3 nh\u1eefng ki\u1ebfn th\u1ee9c c\u01a1 b\u1ea3n v\u1ec1 HIV\/ AIDS \u0111\u1ec3 b\u1ea3o v\u1ec7 b\u1ea1n v\u00e0 gia \u0111\u00ecnh kh\u1ecfi c\u0103n b\u1ec7nh th\u1ebf k\u1ec9 n\u00e0y.<\/p>\n<p><em>B\u1ea1n s\u1ebd \u0111\u01b0\u1ee3c h\u1ed7 tr\u1ee3 v\u00e0 t\u01b0 v\u1ea5n tr\u1ef1c tuy\u1ebfn mi\u1ec5n ph\u00ed b\u1edfi nh\u1eefng chuy\u00ean gia \u0111\u00e0o t\u1ea1o doanh nghi\u1ec7p c\u1ee7a\u00a0<a href=\"http:\/\/www.talentmind.edu.vn\/\" target=\"_blank\" rel=\"noreferrer noopener\">Talent Mind Education<\/a>\u00a0trong su\u1ed1t 365 ng\u00e0y tr\u1ea3i nghi\u1ec7m kho\u00e1 h\u1ecdc.<\/em><\/p>\n<h3><strong>Sau kh\u00f3a h\u1ecdc HIV\/AIDS n\u00e0y, b\u1ea1n c\u00f3 th\u1ec3:<\/strong><\/h3>\n<ul>\n<li>Ph\u00e2n bi\u1ec7t \u0111\u01b0\u1ee3c HIV v\u00e0 AIDS<\/li>\n<li>Bi\u1ebft \u0111\u01b0\u1ee3c nguy\u00ean nh\u00e2n l\u00e2y nhi\u1ec5m HIV v\u00e0 AIDS<\/li>\n<li>Bi\u1ebft c\u00e1ch x\u1eed l\u00fd khi b\u1ea3n th\u00e2n ho\u1eb7c ng\u01b0\u1eddi th\u00e2n b\u1ecb nhi\u1ec5m HIV<\/li>\n<li>Bi\u1ebft c\u00e1ch ch\u0103m s\u00f3c v\u00e0 c\u00f3 th\u00e1i \u0111\u1ed9 \u1ee9ng x\u1eed ph\u00f9 h\u1ee3p \u0111\u1ed1i v\u1edbi ng\u01b0\u1eddi nhi\u1ec5m HIV\/ AIDS<\/li>\n<li>Bi\u1ebft c\u00e1ch ph\u00f2ng ch\u1ed1ng l\u00e2y nhi\u1ec5m HIV\/ AIDS<\/li>\n<\/ul>","protected":false},"excerpt":{"rendered":"<p>M\u00e3 kho\u00e1 h\u1ecdc: SGVG-002 Phi\u00ean b\u1ea3n: HIV\/AIDS \u2013 Ti\u1ebfng Vi\u1ec7t HIV\/ AIDS t\u1eeb l\u00e2u \u0111\u01b0\u1ee3c bi\u1ebft \u0111\u1ebfn l\u00e0 m\u1ed9t c\u0103n b\u1ec7nh th\u1ebf k\u1ec9, v\u1eabn ch\u01b0a c\u00f3 thu\u1ed1c \u0111\u1eb7c tr\u1ecb v\u00e0 v\u1eafc-xin ph\u00f2ng ng\u1eeba. B\u1ea1n c\u00f3 bao gi\u1edd t\u00ecm hi\u1ec3u v\u1ec1 \u0111\u1ea1i d\u1ecbch HIV\/ AIDS n\u00e0y ch\u01b0a? B\u1ea1n ngh\u0129 m\u00ecnh \u0111\u00e3 hi\u1ec3u v\u1ec1 HIV\/ AIDS? B\u1ea1n [&hellip;]<\/p>","protected":false},"featured_media":0,"comment_status":"open","ping_status":"closed","template":"","meta":{"_uag_custom_page_level_css":"","site-sidebar-layout":"default","site-content-layout":"default","ast-site-content-layout":"","site-content-style":"default","site-sidebar-style":"default","ast-global-header-display":"","ast-banner-title-visibility":"","ast-main-header-display":"","ast-hfb-above-header-display":"","ast-hfb-below-header-display":"","ast-hfb-mobile-header-display":"","site-post-title":"","ast-breadcrumbs-content":"","ast-featured-img":"","footer-sml-layout":"","theme-transparent-header-meta":"default","adv-header-id-meta":"","stick-header-meta":"","header-above-stick-meta":"","header-main-stick-meta":"","header-below-stick-meta":"","astra-migrate-meta-layouts":"default","ast-page-background-enabled":"default","ast-page-background-meta":{"desktop":{"background-color":"","background-image":"","background-repeat":"repeat","background-position":"center center","background-size":"auto","background-attachment":"scroll","background-type":"","background-media":"","overlay-type":"","overlay-color":"","overlay-opacity":"","overlay-gradient":""},"tablet":{"background-color":"","background-image":"","background-repeat":"repeat","background-position":"center center","background-size":"auto","background-attachment":"scroll","background-type":"","background-media":"","overlay-type":"","overlay-color":"","overlay-opacity":"","overlay-gradient":""},"mobile":{"background-color":"","background-image":"","background-repeat":"repeat","background-position":"center center","background-size":"auto","background-attachment":"scroll","background-type":"","background-media":"","overlay-type":"","overlay-color":"","overlay-opacity":"","overlay-gradient":""}},"ast-content-background-meta":{"desktop":{"background-color":"var(--ast-global-color-5)","background-image":"","background-repeat":"repeat","background-position":"center center","background-size":"auto","background-attachment":"scroll","background-type":"","background-media":"","overlay-type":"","overlay-color":"","overlay-opacity":"","overlay-gradient":""},"tablet":{"background-color":"var(--ast-global-color-5)","background-image":"","background-repeat":"repeat","background-position":"center center","background-size":"auto","background-attachment":"scroll","background-type":"","background-media":"","overlay-type":"","overlay-color":"","overlay-opacity":"","overlay-gradient":""},"mobile":{"background-color":"var(--ast-global-color-5)","background-image":"","background-repeat":"repeat","background-position":"center center","background-size":"auto","background-attachment":"scroll","background-type":"","background-media":"","overlay-type":"","overlay-color":"","overlay-opacity":"","overlay-gradient":""}}},"product_brand":[],"product_cat":[499],"product_tag":[672],"class_list":{"0":"post-26138","1":"product","2":"type-product","3":"status-publish","5":"product_cat-life-health-skills","6":"product_tag-hiv-aids","7":"desktop-align-left","8":"tablet-align-left","9":"mobile-align-left","11":"first","12":"instock","13":"virtual","14":"sold-individually","15":"taxable","16":"purchasable","17":"product-type-courses"},"uagb_featured_image_src":{"full":false,"thumbnail":false,"medium":false,"medium_large":false,"large":false,"1536x1536":false,"2048x2048":false,"trp-custom-language-flag":false,"woocommerce_thumbnail":false,"woocommerce_single":false,"woocommerce_gallery_thumbnail":false},"uagb_author_info":{"display_name":"Working Skills","author_link":"https:\/\/www.workingskills.net\/vi\/author\/"},"uagb_comment_info":0,"uagb_excerpt":"M\u00e3 kho\u00e1 h\u1ecdc: SGVG-002 Phi\u00ean b\u1ea3n: HIV\/AIDS \u2013 Ti\u1ebfng Vi\u1ec7t HIV\/ AIDS t\u1eeb l\u00e2u \u0111\u01b0\u1ee3c bi\u1ebft \u0111\u1ebfn l\u00e0 m\u1ed9t c\u0103n b\u1ec7nh th\u1ebf k\u1ec9, v\u1eabn ch\u01b0a c\u00f3 thu\u1ed1c \u0111\u1eb7c tr\u1ecb v\u00e0 v\u1eafc-xin ph\u00f2ng ng\u1eeba. B\u1ea1n c\u00f3 bao gi\u1edd t\u00ecm hi\u1ec3u v\u1ec1 \u0111\u1ea1i d\u1ecbch HIV\/ AIDS n\u00e0y ch\u01b0a? B\u1ea1n ngh\u0129 m\u00ecnh \u0111\u00e3 hi\u1ec3u v\u1ec1 HIV\/ AIDS? B\u1ea1n&hellip;","_links":{"self":[{"href":"https:\/\/www.workingskills.net\/vi\/wp-json\/wp\/v2\/product\/26138","targetHints":{"allow":["GET"]}}],"collection":[{"href":"https:\/\/www.workingskills.net\/vi\/wp-json\/wp\/v2\/product"}],"about":[{"href":"https:\/\/www.workingskills.net\/vi\/wp-json\/wp\/v2\/types\/product"}],"replies":[{"embeddable":true,"href":"https:\/\/www.workingskills.net\/vi\/wp-json\/wp\/v2\/comments?post=26138"}],"wp:attachment":[{"href":"https:\/\/www.workingskills.net\/vi\/wp-json\/wp\/v2\/media?parent=26138"}],"wp:term":[{"taxonomy":"product_brand","embeddable":true,"href":"https:\/\/www.workingskills.net\/vi\/wp-json\/wp\/v2\/product_brand?post=26138"},{"taxonomy":"product_cat","embeddable":true,"href":"https:\/\/www.workingskills.net\/vi\/wp-json\/wp\/v2\/product_cat?post=26138"},{"taxonomy":"product_tag","embeddable":true,"href":"https:\/\/www.workingskills.net\/vi\/wp-json\/wp\/v2\/product_tag?post=26138"}],"curies":[{"name":"wp","href":"https:\/\/api.w.org\/{rel}","templated":true}]}}