{"id":26137,"date":"2019-08-04T09:20:48","date_gmt":"2019-08-04T02:20:48","guid":{"rendered":"https:\/\/workingskills.net\/?post_type=product&#038;p=26137"},"modified":"2020-07-24T15:49:04","modified_gmt":"2020-07-24T08:49:04","slug":"giao-duc-gioi-tinh","status":"publish","type":"product","link":"https:\/\/www.workingskills.net\/vi\/san-pham\/giao-duc-gioi-tinh\/","title":{"rendered":"Gi\u00e1o d\u1ee5c gi\u1edbi t\u00ednh"},"content":{"rendered":"<p><em>M\u00e3 kho\u00e1 h\u1ecdc:\u00a0<\/em><em>SGVG-001<br \/>\nPhi\u00ean b\u1ea3n: Gi\u00e1o d\u1ee5c gi\u1edbi t\u00ednh \u2013 Ti\u1ebfng Vi\u1ec7t<\/em><\/p>\n<p>\u1ede l\u1ee9a tu\u1ed5i thanh thi\u1ebfu ni\u00ean, b\u1ea1n \u0111\u00e3 th\u1eadt s\u1ef1 quan t\u00e2m v\u00e0 hi\u1ec3u bi\u1ebft \u0111\u00fang \u0111\u1eafn v\u1ec1 c\u00e1c v\u1ea5n \u0111\u1ec1 gi\u1edbi t\u00ednh v\u00e0 s\u1ee9c kh\u1ecfe sinh s\u1ea3n ch\u01b0a?<br \/>\nB\u1ea1n c\u00f3 ph\u00e2n bi\u1ec7t \u0111\u01b0\u1ee3c th\u1ebf n\u00e0o l\u00e0 t\u00ecnh b\u1ea1n v\u00e0 th\u1ebf n\u00e0o l\u00e0 t\u00ecnh y\u00eau kh\u00f4ng?<br \/>\nB\u1ea1n \u0111\u00e3 bi\u1ebft c\u00e1ch quan h\u1ec7 t\u00ecnh d\u1ee5c an to\u00e0n v\u00e0 ph\u00f2ng tr\u00e1nh c\u00e1c b\u1ec7nh l\u00e2y nhi\u1ec5m nh\u01b0\u00a0<a href=\"https:\/\/www.workingskills.net\/vi\/courses\/hiv-aids\/\" target=\"_blank\" rel=\"noreferrer noopener\" aria-label=\"HIV\/AIDS (m\u1edf trong tab m\u1edbi)\">HIV\/AIDS<\/a>?<br \/>\nKh\u00f3a h\u1ecdc n\u00e0y s\u1ebd cung c\u1ea5p cho b\u1ea1n nh\u1eefng ki\u1ebfn th\u1ee9c v\u1ec1 gi\u00e1o d\u1ee5c gi\u1edbi t\u00ednh, s\u1ee9c kh\u1ecfe sinh s\u1ea3n, t\u00ecnh b\u1ea1n, t\u00ecnh y\u00eau v\u00e0 t\u00ecnh d\u1ee5c \u2013 nh\u1eefng ki\u1ebfn th\u1ee9c t\u01b0\u1edfng ch\u1eebng \u0111\u01a1n gi\u1ea3n nh\u01b0ng r\u1ea5t quan tr\u1ecdng v\u00e0 c\u1ea7n thi\u1ebft \u0111\u1ed1i v\u1edbi cu\u1ed9c s\u1ed1ng c\u1ee7a b\u1ea1n.<\/p>\n<p><em>B\u1ea1n s\u1ebd \u0111\u01b0\u1ee3c h\u1ed7 tr\u1ee3 v\u00e0 t\u01b0 v\u1ea5n tr\u1ef1c tuy\u1ebfn mi\u1ec5n ph\u00ed b\u1edfi nh\u1eefng chuy\u00ean gia \u0111\u00e0o t\u1ea1o doanh nghi\u1ec7p c\u1ee7a\u00a0<a href=\"http:\/\/www.talentmind.edu.vn\/\" target=\"_blank\" rel=\"noreferrer noopener\">Talent Mind Education<\/a>\u00a0trong su\u1ed1t 365 ng\u00e0y tr\u1ea3i nghi\u1ec7m kho\u00e1 h\u1ecdc.<\/em><\/p>\n<h3><strong>Sau kh\u00f3a h\u1ecdc gi\u00e1o d\u1ee5c gi\u1edbi t\u00ednh n\u00e0y, b\u1ea1n c\u00f3 th\u1ec3:<\/strong><\/h3>\n<ul>\n<li>Nh\u1eadn bi\u1ebft \u0111\u01b0\u1ee3c nh\u1eefng thay \u0111\u1ed5i v\u1ec1 t\u00e2m sinh l\u00fd \u1edf l\u1ee9a tu\u1ed5i thanh thi\u1ebfu ni\u00ean<\/li>\n<li>Hi\u1ec3u h\u01a1n th\u1ebf n\u00e0o l\u00e0 t\u00ecnh b\u1ea1n v\u00e0 l\u00e0m sao c\u00f3 \u0111\u01b0\u1ee3c m\u1ed9t t\u00ecnh b\u1ea1n \u0111\u1eb9p<\/li>\n<li>Hi\u1ec3u r\u1eb1ng t\u00ecnh y\u00eau l\u00e0 s\u1ef1 t\u00f4n tr\u1ecdng \u0111\u1ebfn t\u1eeb c\u1ea3 hai. T\u00ecnh y\u00eau kh\u00f4ng ph\u1ea3i l\u00e0 s\u1ef1 \u00e9p bu\u1ed9c.<\/li>\n<li>Bi\u1ebft c\u00e1ch t\u1eeb ch\u1ed1i khi ch\u01b0a s\u1eb5n s\u00e0ng quan h\u1ec7 t\u00ecnh d\u1ee5c<\/li>\n<li>Bi\u1ebft c\u00e1ch quan h\u1ec7 t\u00ecnh d\u1ee5c c\u00f3 tr\u00e1ch nhi\u1ec7m<\/li>\n<li>Bi\u1ebft c\u00e1ch t\u00f4n tr\u1ecdng ng\u01b0\u1eddi b\u1ea1n kh\u00e1c gi\u1edbi<\/li>\n<li>Bi\u1ebft c\u00e1ch quan h\u1ec7 t\u00ecnh d\u1ee5c an to\u00e0n v\u00e0 ph\u00f2ng tr\u00e1nh mang thai<\/li>\n<li>Bi\u1ebft c\u00e1ch b\u1ea3o v\u1ec7 b\u1ea3n th\u00e2n khi b\u1ecb qu\u1ea5y r\u1ed1i v\u00e0 x\u00e2m h\u1ea1i t\u00ecnh d\u1ee5c<\/li>\n<\/ul>","protected":false},"excerpt":{"rendered":"<p>M\u00e3 kho\u00e1 h\u1ecdc:\u00a0SGVG-001 Phi\u00ean b\u1ea3n: Gi\u00e1o d\u1ee5c gi\u1edbi t\u00ednh \u2013 Ti\u1ebfng Vi\u1ec7t \u1ede l\u1ee9a tu\u1ed5i thanh thi\u1ebfu ni\u00ean, b\u1ea1n \u0111\u00e3 th\u1eadt s\u1ef1 quan t\u00e2m v\u00e0 hi\u1ec3u bi\u1ebft \u0111\u00fang \u0111\u1eafn v\u1ec1 c\u00e1c v\u1ea5n \u0111\u1ec1 gi\u1edbi t\u00ednh v\u00e0 s\u1ee9c kh\u1ecfe sinh s\u1ea3n ch\u01b0a? B\u1ea1n c\u00f3 ph\u00e2n bi\u1ec7t \u0111\u01b0\u1ee3c th\u1ebf n\u00e0o l\u00e0 t\u00ecnh b\u1ea1n v\u00e0 th\u1ebf n\u00e0o l\u00e0 [&hellip;]<\/p>","protected":false},"featured_media":0,"comment_status":"open","ping_status":"closed","template":"","meta":{"_uag_custom_page_level_css":"","site-sidebar-layout":"default","site-content-layout":"default","ast-site-content-layout":"","site-content-style":"default","site-sidebar-style":"default","ast-global-header-display":"","ast-banner-title-visibility":"","ast-main-header-display":"","ast-hfb-above-header-display":"","ast-hfb-below-header-display":"","ast-hfb-mobile-header-display":"","site-post-title":"","ast-breadcrumbs-content":"","ast-featured-img":"","footer-sml-layout":"","theme-transparent-header-meta":"default","adv-header-id-meta":"","stick-header-meta":"","header-above-stick-meta":"","header-main-stick-meta":"","header-below-stick-meta":"","astra-migrate-meta-layouts":"default","ast-page-background-enabled":"default","ast-page-background-meta":{"desktop":{"background-color":"","background-image":"","background-repeat":"repeat","background-position":"center center","background-size":"auto","background-attachment":"scroll","background-type":"","background-media":"","overlay-type":"","overlay-color":"","overlay-opacity":"","overlay-gradient":""},"tablet":{"background-color":"","background-image":"","background-repeat":"repeat","background-position":"center center","background-size":"auto","background-attachment":"scroll","background-type":"","background-media":"","overlay-type":"","overlay-color":"","overlay-opacity":"","overlay-gradient":""},"mobile":{"background-color":"","background-image":"","background-repeat":"repeat","background-position":"center center","background-size":"auto","background-attachment":"scroll","background-type":"","background-media":"","overlay-type":"","overlay-color":"","overlay-opacity":"","overlay-gradient":""}},"ast-content-background-meta":{"desktop":{"background-color":"var(--ast-global-color-5)","background-image":"","background-repeat":"repeat","background-position":"center center","background-size":"auto","background-attachment":"scroll","background-type":"","background-media":"","overlay-type":"","overlay-color":"","overlay-opacity":"","overlay-gradient":""},"tablet":{"background-color":"var(--ast-global-color-5)","background-image":"","background-repeat":"repeat","background-position":"center center","background-size":"auto","background-attachment":"scroll","background-type":"","background-media":"","overlay-type":"","overlay-color":"","overlay-opacity":"","overlay-gradient":""},"mobile":{"background-color":"var(--ast-global-color-5)","background-image":"","background-repeat":"repeat","background-position":"center center","background-size":"auto","background-attachment":"scroll","background-type":"","background-media":"","overlay-type":"","overlay-color":"","overlay-opacity":"","overlay-gradient":""}}},"product_brand":[],"product_cat":[499],"product_tag":[670,671],"class_list":{"0":"post-26137","1":"product","2":"type-product","3":"status-publish","5":"product_cat-life-health-skills","6":"product_tag-giao-duc-gioi-tinh","7":"product_tag-sexuality-education","8":"desktop-align-left","9":"tablet-align-left","10":"mobile-align-left","12":"first","13":"instock","14":"virtual","15":"sold-individually","16":"taxable","17":"purchasable","18":"product-type-courses"},"uagb_featured_image_src":{"full":false,"thumbnail":false,"medium":false,"medium_large":false,"large":false,"1536x1536":false,"2048x2048":false,"trp-custom-language-flag":false,"woocommerce_thumbnail":false,"woocommerce_single":false,"woocommerce_gallery_thumbnail":false},"uagb_author_info":{"display_name":"Working Skills","author_link":"https:\/\/www.workingskills.net\/vi\/author\/"},"uagb_comment_info":0,"uagb_excerpt":"M\u00e3 kho\u00e1 h\u1ecdc:\u00a0SGVG-001 Phi\u00ean b\u1ea3n: Gi\u00e1o d\u1ee5c gi\u1edbi t\u00ednh \u2013 Ti\u1ebfng Vi\u1ec7t \u1ede l\u1ee9a tu\u1ed5i thanh thi\u1ebfu ni\u00ean, b\u1ea1n \u0111\u00e3 th\u1eadt s\u1ef1 quan t\u00e2m v\u00e0 hi\u1ec3u bi\u1ebft \u0111\u00fang \u0111\u1eafn v\u1ec1 c\u00e1c v\u1ea5n \u0111\u1ec1 gi\u1edbi t\u00ednh v\u00e0 s\u1ee9c kh\u1ecfe sinh s\u1ea3n ch\u01b0a? B\u1ea1n c\u00f3 ph\u00e2n bi\u1ec7t \u0111\u01b0\u1ee3c th\u1ebf n\u00e0o l\u00e0 t\u00ecnh b\u1ea1n v\u00e0 th\u1ebf n\u00e0o l\u00e0&hellip;","_links":{"self":[{"href":"https:\/\/www.workingskills.net\/vi\/wp-json\/wp\/v2\/product\/26137","targetHints":{"allow":["GET"]}}],"collection":[{"href":"https:\/\/www.workingskills.net\/vi\/wp-json\/wp\/v2\/product"}],"about":[{"href":"https:\/\/www.workingskills.net\/vi\/wp-json\/wp\/v2\/types\/product"}],"replies":[{"embeddable":true,"href":"https:\/\/www.workingskills.net\/vi\/wp-json\/wp\/v2\/comments?post=26137"}],"wp:attachment":[{"href":"https:\/\/www.workingskills.net\/vi\/wp-json\/wp\/v2\/media?parent=26137"}],"wp:term":[{"taxonomy":"product_brand","embeddable":true,"href":"https:\/\/www.workingskills.net\/vi\/wp-json\/wp\/v2\/product_brand?post=26137"},{"taxonomy":"product_cat","embeddable":true,"href":"https:\/\/www.workingskills.net\/vi\/wp-json\/wp\/v2\/product_cat?post=26137"},{"taxonomy":"product_tag","embeddable":true,"href":"https:\/\/www.workingskills.net\/vi\/wp-json\/wp\/v2\/product_tag?post=26137"}],"curies":[{"name":"wp","href":"https:\/\/api.w.org\/{rel}","templated":true}]}}