{"id":26134,"date":"2019-08-03T19:31:44","date_gmt":"2019-08-03T12:31:44","guid":{"rendered":"https:\/\/workingskills.net\/?post_type=product&#038;p=26134"},"modified":"2020-07-30T12:12:56","modified_gmt":"2020-07-30T05:12:56","slug":"ky-nang-phong-van-nang-cao","status":"publish","type":"product","link":"https:\/\/www.workingskills.net\/vi\/san-pham\/ky-nang-phong-van-nang-cao\/","title":{"rendered":"K\u1ef9 n\u0103ng ph\u1ecfng v\u1ea5n n\u00e2ng cao d\u00e0nh cho ng\u01b0\u1eddi \u0111i l\u00e0m"},"content":{"rendered":"<p><em>M\u00e3 kho\u00e1 h\u1ecdc: SLVG-023<br \/>\nPhi\u00ean b\u1ea3n: K\u1ef9 n\u0103ng ph\u1ecfng v\u1ea5n n\u00e2ng cao \u2013 Ti\u1ebfng Vi\u1ec7t<\/em><\/p>\n<p>B\u1ea1n \u0111\u00e3 trang b\u1ecb nh\u1eefng\u00a0<a href=\"https:\/\/www.workingskills.net\/vi\/courses\/ky-nang-phong-van-co-ban\/\" target=\"_blank\" rel=\"noreferrer noopener\" aria-label=\" (m\u1edf trong tab m\u1edbi)\">k\u1ef9 n\u0103ng c\u1ea7n thi\u1ebft cho m\u1ed9t bu\u1ed5i ph\u1ecfng v\u1ea5n th\u00e0nh c\u00f4ng<\/a>. Th\u1ebf nh\u01b0ng:<br \/>\nB\u1ea1n \u0111\u00e3 tr\u1ea3i nghi\u1ec7m nh\u1eefng t\u00ecnh hu\u1ed1ng ph\u1ecfng v\u1ea5n th\u1ef1c t\u1ebf?<br \/>\nB\u1ea1n ngh\u0129 r\u1eb1ng m\u00ecnh \u0111\u00e3 c\u00f3 m\u1ed9t phong th\u00e1i ph\u1ecfng v\u1ea5n \u201cchuy\u00ean nghi\u1ec7p\u201d?<br \/>\nB\u1ea1n \u0111\u00e3 bao gi\u1edd tr\u1ea3i nghi\u1ec7m ph\u1ecfng v\u1ea5n qua \u0111i\u1ec7n tho\u1ea1i ho\u1eb7c skype?<br \/>\nB\u1ea1n \u0111\u00e3 n\u1eafm h\u1ebft nh\u1eefng b\u00ed quy\u1ebft cho bu\u1ed5i ph\u1ecfng v\u1ea5n th\u00e0nh c\u00f4ng?<br \/>\nN\u1ebfu v\u1eabn c\u00f2n b\u0103n kho\u0103n v\u00ec nh\u1eefng c\u00e2u h\u1ecfi tr\u00ean th\u00ec kh\u00f3a h\u1ecdc n\u00e0y s\u1ebd mang l\u1ea1i cho b\u1ea1n nh\u1eefng tr\u1ea3i nghi\u1ec7m ch\u01b0a t\u1eebng c\u00f3.<\/p>\n<p><em>B\u1ea1n s\u1ebd \u0111\u01b0\u1ee3c h\u1ed7 tr\u1ee3 v\u00e0 t\u01b0 v\u1ea5n tr\u1ef1c tuy\u1ebfn mi\u1ec5n ph\u00ed b\u1edfi nh\u1eefng chuy\u00ean gia \u0111\u00e0o t\u1ea1o doanh nghi\u1ec7p c\u1ee7a\u00a0<a href=\"http:\/\/www.talentmind.edu.vn\/\" target=\"_blank\" rel=\"noreferrer noopener\">Talent Mind Education<\/a>\u00a0trong su\u1ed1t 365 ng\u00e0y tr\u1ea3i nghi\u1ec7m kho\u00e1 h\u1ecdc.<\/em><\/p>\n<h3><strong>Sau kh\u00f3a h\u1ecdc k\u1ef9 n\u0103ng ph\u1ecfng v\u1ea5n n\u00e2ng cao n\u00e0y, b\u1ea1n c\u00f3 th\u1ec3:<\/strong><\/h3>\n<ul>\n<li>Gi\u1ea3i \u0111\u00e1p top 13 \u201csai l\u1ea7m ng\u1edb ng\u1ea9n\u201d c\u1ea7n tr\u00e1nh khi tham d\u1ef1 ph\u1ecfng v\u1ea5n<\/li>\n<li>Tr\u1ea3i nghi\u1ec7m m\u1ed9t s\u1ed1 t\u00ecnh hu\u1ed1ng ph\u1ecfng v\u1ea5n th\u1ef1c t\u1ebf th\u01b0\u1eddng g\u1eb7p<\/li>\n<li>Tr\u1ea3i nghi\u1ec7m m\u1ed9t bu\u1ed5i ph\u1ecfng v\u1ea5n qua Skype<\/li>\n<li>Tr\u1ea3i nghi\u1ec7m m\u1ed9t bu\u1ed5i ph\u1ecfng v\u1ea5n qua \u0111i\u1ec7n tho\u1ea1i<\/li>\n<li>Ki\u1ec3m tra phong th\u00e1i \u201cchuy\u00ean nghi\u1ec7p\u201d c\u1ee7a b\u1ea1n khi tham d\u1ef1 ph\u1ecfng v\u1ea5n<\/li>\n<\/ul>","protected":false},"excerpt":{"rendered":"<p>M\u00e3 kho\u00e1 h\u1ecdc: SLVG-023 Phi\u00ean b\u1ea3n: K\u1ef9 n\u0103ng ph\u1ecfng v\u1ea5n n\u00e2ng cao \u2013 Ti\u1ebfng Vi\u1ec7t B\u1ea1n \u0111\u00e3 trang b\u1ecb nh\u1eefng\u00a0k\u1ef9 n\u0103ng c\u1ea7n thi\u1ebft cho m\u1ed9t bu\u1ed5i ph\u1ecfng v\u1ea5n th\u00e0nh c\u00f4ng. Th\u1ebf nh\u01b0ng: B\u1ea1n \u0111\u00e3 tr\u1ea3i nghi\u1ec7m nh\u1eefng t\u00ecnh hu\u1ed1ng ph\u1ecfng v\u1ea5n th\u1ef1c t\u1ebf? B\u1ea1n ngh\u0129 r\u1eb1ng m\u00ecnh \u0111\u00e3 c\u00f3 m\u1ed9t phong th\u00e1i ph\u1ecfng v\u1ea5n \u201cchuy\u00ean [&hellip;]<\/p>","protected":false},"featured_media":19917,"comment_status":"open","ping_status":"closed","template":"","meta":{"_uag_custom_page_level_css":"","site-sidebar-layout":"default","site-content-layout":"default","ast-site-content-layout":"","site-content-style":"default","site-sidebar-style":"default","ast-global-header-display":"","ast-banner-title-visibility":"","ast-main-header-display":"","ast-hfb-above-header-display":"","ast-hfb-below-header-display":"","ast-hfb-mobile-header-display":"","site-post-title":"","ast-breadcrumbs-content":"","ast-featured-img":"","footer-sml-layout":"","theme-transparent-header-meta":"default","adv-header-id-meta":"","stick-header-meta":"","header-above-stick-meta":"","header-main-stick-meta":"","header-below-stick-meta":"","astra-migrate-meta-layouts":"default","ast-page-background-enabled":"default","ast-page-background-meta":{"desktop":{"background-color":"","background-image":"","background-repeat":"repeat","background-position":"center center","background-size":"auto","background-attachment":"scroll","background-type":"","background-media":"","overlay-type":"","overlay-color":"","overlay-opacity":"","overlay-gradient":""},"tablet":{"background-color":"","background-image":"","background-repeat":"repeat","background-position":"center center","background-size":"auto","background-attachment":"scroll","background-type":"","background-media":"","overlay-type":"","overlay-color":"","overlay-opacity":"","overlay-gradient":""},"mobile":{"background-color":"","background-image":"","background-repeat":"repeat","background-position":"center center","background-size":"auto","background-attachment":"scroll","background-type":"","background-media":"","overlay-type":"","overlay-color":"","overlay-opacity":"","overlay-gradient":""}},"ast-content-background-meta":{"desktop":{"background-color":"var(--ast-global-color-5)","background-image":"","background-repeat":"repeat","background-position":"center center","background-size":"auto","background-attachment":"scroll","background-type":"","background-media":"","overlay-type":"","overlay-color":"","overlay-opacity":"","overlay-gradient":""},"tablet":{"background-color":"var(--ast-global-color-5)","background-image":"","background-repeat":"repeat","background-position":"center center","background-size":"auto","background-attachment":"scroll","background-type":"","background-media":"","overlay-type":"","overlay-color":"","overlay-opacity":"","overlay-gradient":""},"mobile":{"background-color":"var(--ast-global-color-5)","background-image":"","background-repeat":"repeat","background-position":"center center","background-size":"auto","background-attachment":"scroll","background-type":"","background-media":"","overlay-type":"","overlay-color":"","overlay-opacity":"","overlay-gradient":""}}},"product_brand":[],"product_cat":[375],"product_tag":[607,606,552,540],"class_list":{"0":"post-26134","1":"product","2":"type-product","3":"status-publish","4":"has-post-thumbnail","6":"product_cat-ky-nang-lam-viec-chuyen-nghiep-danh-cho-sinh-vien","7":"product_tag-advanced-interview-skills","8":"product_tag-interview-skills","9":"product_tag-ky-nang-phong-van","10":"product_tag-ky-nang-phong-van-nang-cao","11":"desktop-align-left","12":"tablet-align-left","13":"mobile-align-left","15":"first","16":"instock","17":"virtual","18":"sold-individually","19":"taxable","20":"purchasable","21":"product-type-courses"},"uagb_featured_image_src":{"full":["https:\/\/www.workingskills.net\/wp-content\/uploads\/2019\/07\/job-interview.jpg",350,250,false],"thumbnail":["https:\/\/www.workingskills.net\/wp-content\/uploads\/2019\/07\/job-interview-150x150.jpg",150,150,true],"medium":["https:\/\/www.workingskills.net\/wp-content\/uploads\/2019\/07\/job-interview-300x214.jpg",300,214,true],"medium_large":["https:\/\/www.workingskills.net\/wp-content\/uploads\/2019\/07\/job-interview.jpg",350,250,false],"large":["https:\/\/www.workingskills.net\/wp-content\/uploads\/2019\/07\/job-interview.jpg",350,250,false],"1536x1536":["https:\/\/www.workingskills.net\/wp-content\/uploads\/2019\/07\/job-interview.jpg",350,250,false],"2048x2048":["https:\/\/www.workingskills.net\/wp-content\/uploads\/2019\/07\/job-interview.jpg",350,250,false],"trp-custom-language-flag":["https:\/\/www.workingskills.net\/wp-content\/uploads\/2019\/07\/job-interview.jpg",18,12,false],"woocommerce_thumbnail":["https:\/\/www.workingskills.net\/wp-content\/uploads\/2019\/07\/job-interview-300x250.jpg",300,250,true],"woocommerce_single":["https:\/\/www.workingskills.net\/wp-content\/uploads\/2019\/07\/job-interview.jpg",350,250,false],"woocommerce_gallery_thumbnail":["https:\/\/www.workingskills.net\/wp-content\/uploads\/2019\/07\/job-interview-100x100.jpg",100,100,true]},"uagb_author_info":{"display_name":"Working Skills","author_link":"https:\/\/www.workingskills.net\/vi\/author\/"},"uagb_comment_info":0,"uagb_excerpt":"M\u00e3 kho\u00e1 h\u1ecdc: SLVG-023 Phi\u00ean b\u1ea3n: K\u1ef9 n\u0103ng ph\u1ecfng v\u1ea5n n\u00e2ng cao \u2013 Ti\u1ebfng Vi\u1ec7t B\u1ea1n \u0111\u00e3 trang b\u1ecb nh\u1eefng\u00a0k\u1ef9 n\u0103ng c\u1ea7n thi\u1ebft cho m\u1ed9t bu\u1ed5i ph\u1ecfng v\u1ea5n th\u00e0nh c\u00f4ng. Th\u1ebf nh\u01b0ng: B\u1ea1n \u0111\u00e3 tr\u1ea3i nghi\u1ec7m nh\u1eefng t\u00ecnh hu\u1ed1ng ph\u1ecfng v\u1ea5n th\u1ef1c t\u1ebf? B\u1ea1n ngh\u0129 r\u1eb1ng m\u00ecnh \u0111\u00e3 c\u00f3 m\u1ed9t phong th\u00e1i ph\u1ecfng v\u1ea5n \u201cchuy\u00ean&hellip;","_links":{"self":[{"href":"https:\/\/www.workingskills.net\/vi\/wp-json\/wp\/v2\/product\/26134","targetHints":{"allow":["GET"]}}],"collection":[{"href":"https:\/\/www.workingskills.net\/vi\/wp-json\/wp\/v2\/product"}],"about":[{"href":"https:\/\/www.workingskills.net\/vi\/wp-json\/wp\/v2\/types\/product"}],"replies":[{"embeddable":true,"href":"https:\/\/www.workingskills.net\/vi\/wp-json\/wp\/v2\/comments?post=26134"}],"wp:featuredmedia":[{"embeddable":true,"href":"https:\/\/www.workingskills.net\/vi\/wp-json\/wp\/v2\/media\/19917"}],"wp:attachment":[{"href":"https:\/\/www.workingskills.net\/vi\/wp-json\/wp\/v2\/media?parent=26134"}],"wp:term":[{"taxonomy":"product_brand","embeddable":true,"href":"https:\/\/www.workingskills.net\/vi\/wp-json\/wp\/v2\/product_brand?post=26134"},{"taxonomy":"product_cat","embeddable":true,"href":"https:\/\/www.workingskills.net\/vi\/wp-json\/wp\/v2\/product_cat?post=26134"},{"taxonomy":"product_tag","embeddable":true,"href":"https:\/\/www.workingskills.net\/vi\/wp-json\/wp\/v2\/product_tag?post=26134"}],"curies":[{"name":"wp","href":"https:\/\/api.w.org\/{rel}","templated":true}]}}