{"id":26131,"date":"2019-08-03T19:25:23","date_gmt":"2019-08-03T12:25:23","guid":{"rendered":"https:\/\/workingskills.net\/?post_type=product&#038;p=26131"},"modified":"2020-07-24T16:00:32","modified_gmt":"2020-07-24T09:00:32","slug":"ky-nang-thuyet-trinh-co-ban","status":"publish","type":"product","link":"https:\/\/www.workingskills.net\/vi\/san-pham\/ky-nang-thuyet-trinh-co-ban\/","title":{"rendered":"K\u1ef9 n\u0103ng thuy\u1ebft tr\u00ecnh c\u01a1 b\u1ea3n"},"content":{"rendered":"<p><em>M\u00e3 kho\u00e1 h\u1ecdc: SLVG-013<br \/>\nPhi\u00ean b\u1ea3n: K\u1ef9 n\u0103ng thuy\u1ebft tr\u00ecnh \u2013 Ti\u1ebfng Vi\u1ec7t<\/em><\/p>\n<p>Thuy\u1ebft tr\u00ecnh l\u00e0 m\u1ed9t k\u1ef9 n\u0103ng quan tr\u1ecdng m\u00e0 ai c\u0169ng c\u1ea7n ph\u1ea3i c\u00f3 trong c\u00f4ng vi\u1ec7c \u0111\u1ec3 tr\u00ecnh b\u00e0y \u00fd ki\u1ebfn, \u00fd t\u01b0\u1edfng c\u1ee7a m\u00ecnh. Tr\u00ecnh b\u00e0y m\u1ed9t \u00fd t\u01b0\u1edfng, m\u1ed9t d\u1ef1 \u00e1n, b\u1ea1n c\u1ea7n ph\u1ea3i thuy\u1ebft tr\u00ecnh. B\u00e1o c\u00e1o k\u1ebft qu\u1ea3 t\u1ed5ng k\u1ebft cu\u1ed1i n\u0103m, b\u1ea1n c\u0169ng c\u1ea7n thuy\u1ebft tr\u00ecnh. V\u00e0 \u0111\u1ec3 thuy\u1ebft ph\u1ee5c \u0111\u1ed3ng nghi\u1ec7p tham gia m\u1ed9t k\u1ebf ho\u1ea1ch n\u00e0o \u0111\u00f3, b\u1ea1n v\u1eabn ph\u1ea3i thuy\u1ebft tr\u00ecnh. C\u00f3 th\u1ec3 n\u00f3i, k\u1ef9 n\u0103ng thuy\u1ebft tr\u00ecnh lu\u00f4n l\u00e0 k\u1ef9 n\u0103ng kh\u00f4ng th\u1ec3 thi\u1ebfu \u0111\u1ed1i v\u1edbi t\u1ea5t c\u1ea3 m\u1ecdi ng\u01b0\u1eddi.<br \/>\nV\u1eady b\u1ea1n \u0111\u00e3 bi\u1ebft c\u00e1ch t\u1ea1o n\u00ean m\u1ed9t\u00a0<a href=\"https:\/\/www.workingskills.net\/vi\/courses\/ky-nang-thuyet-trinh-nang-cao\/\" target=\"_blank\" rel=\"noreferrer noopener\" aria-label=\"b\u00e0i thuy\u1ebft tr\u00ecnh l\u00f4i cu\u1ed1n? (m\u1edf trong tab m\u1edbi)\">b\u00e0i thuy\u1ebft tr\u00ecnh l\u00f4i cu\u1ed1n?<\/a><br \/>\nB\u1ea1n \u0111\u00e3 bi\u1ebft c\u00e1ch s\u1eed d\u1ee5ng l\u1eddi n\u00f3i v\u00e0 ng\u00f4n ng\u1eef c\u01a1 th\u1ec3 \u0111\u1ec3 thu h\u00fat ng\u01b0\u1eddi nghe trong khi thuy\u1ebft tr\u00ecnh?<br \/>\nN\u1ebfu c\u00f2n b\u0103n kho\u0103n th\u00ec kh\u00f3a h\u1ecdc n\u00e0y s\u1ebd gi\u00fap \u00edch cho b\u1ea1n \u0111\u1ea5y!<\/p>\n<p><em>B\u1ea1n s\u1ebd \u0111\u01b0\u1ee3c h\u1ed7 tr\u1ee3 v\u00e0 t\u01b0 v\u1ea5n tr\u1ef1c tuy\u1ebfn mi\u1ec5n ph\u00ed b\u1edfi nh\u1eefng chuy\u00ean gia \u0111\u00e0o t\u1ea1o doanh nghi\u1ec7p c\u1ee7a\u00a0<a href=\"http:\/\/www.talentmind.edu.vn\/\" target=\"_blank\" rel=\"noreferrer noopener\">Talent Mind Education<\/a>\u00a0trong su\u1ed1t 365 ng\u00e0y tr\u1ea3i nghi\u1ec7m kho\u00e1 h\u1ecdc.<\/em><\/p>\n<h3><strong>Sau kh\u00f3a h\u1ecdc k\u1ef9 n\u0103ng thuy\u1ebft tr\u00ecnh c\u01a1 b\u1ea3n n\u00e0y, b\u1ea1n c\u00f3 th\u1ec3:<\/strong><\/h3>\n<ul>\n<li>N\u1eafm b\u1eaft \u0111\u01b0\u1ee3c c\u00e1c b\u01b0\u1edbc quan tr\u1ecdng c\u1ea7n chu\u1ea9n b\u1ecb cho m\u1ed9t b\u00e0i thuy\u1ebft tr\u00ecnh th\u00e0nh c\u00f4ng<\/li>\n<li>Bi\u1ebft c\u00e1ch bi\u00ean so\u1ea1n, ph\u00e1t tri\u1ec3n m\u1ed9t b\u00e0i thuy\u1ebft tr\u00ecnh hi\u1ec7u qu\u1ea3 v\u1edbi nh\u1eefng c\u00f4ng c\u1ee5 h\u1ed7 tr\u1ee3 kh\u00e1c nhau<\/li>\n<li>V\u1eadn d\u1ee5ng ng\u00f4n ng\u1eef n\u00f3i v\u00e0o b\u00e0i thuy\u1ebft tr\u00ecnh m\u1ed9t c\u00e1ch hi\u1ec7u qu\u1ea3<\/li>\n<li>V\u1eadn d\u1ee5ng ng\u00f4n ng\u1eef c\u01a1 th\u1ec3 v\u00e0o b\u00e0i thuy\u1ebft tr\u00ecnh m\u1ed9t c\u00e1ch hi\u1ec7u qu\u1ea3<\/li>\n<li>Bi\u1ebft c\u00e1ch v\u01b0\u1ee3t qua nh\u1eefng \u00e1p l\u1ef1c, n\u1ed7i s\u1ee3 h\u00e3i khi thuy\u1ebft tr\u00ecnh<\/li>\n<li>Bi\u1ebft c\u00e1ch thu h\u00fat, t\u1ea1o s\u1ef1 h\u1ee9ng th\u00fa ban \u0111\u1ea7u cho b\u00e0i thuy\u1ebft tr\u00ecnh c\u1ee7a m\u00ecnh<\/li>\n<li>\u0110\u00e1nh gi\u00e1 \u0111\u01b0\u1ee3c kh\u1ea3 n\u0103ng thuy\u1ebft tr\u00ecnh c\u1ee7a b\u1ea3n th\u00e2n<\/li>\n<\/ul>","protected":false},"excerpt":{"rendered":"<p>M\u00e3 kho\u00e1 h\u1ecdc: SLVG-013 Phi\u00ean b\u1ea3n: K\u1ef9 n\u0103ng thuy\u1ebft tr\u00ecnh \u2013 Ti\u1ebfng Vi\u1ec7t Thuy\u1ebft tr\u00ecnh l\u00e0 m\u1ed9t k\u1ef9 n\u0103ng quan tr\u1ecdng m\u00e0 ai c\u0169ng c\u1ea7n ph\u1ea3i c\u00f3 trong c\u00f4ng vi\u1ec7c \u0111\u1ec3 tr\u00ecnh b\u00e0y \u00fd ki\u1ebfn, \u00fd t\u01b0\u1edfng c\u1ee7a m\u00ecnh. Tr\u00ecnh b\u00e0y m\u1ed9t \u00fd t\u01b0\u1edfng, m\u1ed9t d\u1ef1 \u00e1n, b\u1ea1n c\u1ea7n ph\u1ea3i thuy\u1ebft tr\u00ecnh. B\u00e1o c\u00e1o k\u1ebft [&hellip;]<\/p>","protected":false},"featured_media":1740,"comment_status":"open","ping_status":"closed","template":"","meta":{"_uag_custom_page_level_css":"","site-sidebar-layout":"default","site-content-layout":"default","ast-site-content-layout":"","site-content-style":"default","site-sidebar-style":"default","ast-global-header-display":"","ast-banner-title-visibility":"","ast-main-header-display":"","ast-hfb-above-header-display":"","ast-hfb-below-header-display":"","ast-hfb-mobile-header-display":"","site-post-title":"","ast-breadcrumbs-content":"","ast-featured-img":"","footer-sml-layout":"","theme-transparent-header-meta":"default","adv-header-id-meta":"","stick-header-meta":"","header-above-stick-meta":"","header-main-stick-meta":"","header-below-stick-meta":"","astra-migrate-meta-layouts":"default","ast-page-background-enabled":"default","ast-page-background-meta":{"desktop":{"background-color":"","background-image":"","background-repeat":"repeat","background-position":"center center","background-size":"auto","background-attachment":"scroll","background-type":"","background-media":"","overlay-type":"","overlay-color":"","overlay-opacity":"","overlay-gradient":""},"tablet":{"background-color":"","background-image":"","background-repeat":"repeat","background-position":"center center","background-size":"auto","background-attachment":"scroll","background-type":"","background-media":"","overlay-type":"","overlay-color":"","overlay-opacity":"","overlay-gradient":""},"mobile":{"background-color":"","background-image":"","background-repeat":"repeat","background-position":"center center","background-size":"auto","background-attachment":"scroll","background-type":"","background-media":"","overlay-type":"","overlay-color":"","overlay-opacity":"","overlay-gradient":""}},"ast-content-background-meta":{"desktop":{"background-color":"var(--ast-global-color-5)","background-image":"","background-repeat":"repeat","background-position":"center center","background-size":"auto","background-attachment":"scroll","background-type":"","background-media":"","overlay-type":"","overlay-color":"","overlay-opacity":"","overlay-gradient":""},"tablet":{"background-color":"var(--ast-global-color-5)","background-image":"","background-repeat":"repeat","background-position":"center center","background-size":"auto","background-attachment":"scroll","background-type":"","background-media":"","overlay-type":"","overlay-color":"","overlay-opacity":"","overlay-gradient":""},"mobile":{"background-color":"var(--ast-global-color-5)","background-image":"","background-repeat":"repeat","background-position":"center center","background-size":"auto","background-attachment":"scroll","background-type":"","background-media":"","overlay-type":"","overlay-color":"","overlay-opacity":"","overlay-gradient":""}}},"product_brand":[],"product_cat":[375],"product_tag":[623,549,525,621],"class_list":{"0":"post-26131","1":"product","2":"type-product","3":"status-publish","4":"has-post-thumbnail","6":"product_cat-ky-nang-lam-viec-chuyen-nghiep-danh-cho-sinh-vien","7":"product_tag-basic-presentation-skills","8":"product_tag-ky-nang-thuyet-trinh","9":"product_tag-ky-nang-thuyet-trinh-co-ban","10":"product_tag-presentation-skills","11":"desktop-align-left","12":"tablet-align-left","13":"mobile-align-left","15":"first","16":"instock","17":"virtual","18":"sold-individually","19":"taxable","20":"purchasable","21":"product-type-courses"},"uagb_featured_image_src":{"full":["https:\/\/www.workingskills.net\/wp-content\/uploads\/2016\/12\/Presentation.jpg",350,250,false],"thumbnail":["https:\/\/www.workingskills.net\/wp-content\/uploads\/2016\/12\/Presentation-150x150.jpg",150,150,true],"medium":["https:\/\/www.workingskills.net\/wp-content\/uploads\/2016\/12\/Presentation-300x214.jpg",300,214,true],"medium_large":["https:\/\/www.workingskills.net\/wp-content\/uploads\/2016\/12\/Presentation.jpg",350,250,false],"large":["https:\/\/www.workingskills.net\/wp-content\/uploads\/2016\/12\/Presentation.jpg",350,250,false],"1536x1536":["https:\/\/www.workingskills.net\/wp-content\/uploads\/2016\/12\/Presentation.jpg",350,250,false],"2048x2048":["https:\/\/www.workingskills.net\/wp-content\/uploads\/2016\/12\/Presentation.jpg",350,250,false],"trp-custom-language-flag":["https:\/\/www.workingskills.net\/wp-content\/uploads\/2016\/12\/Presentation.jpg",18,12,false],"woocommerce_thumbnail":["https:\/\/www.workingskills.net\/wp-content\/uploads\/2016\/12\/Presentation-300x250.jpg",300,250,true],"woocommerce_single":["https:\/\/www.workingskills.net\/wp-content\/uploads\/2016\/12\/Presentation.jpg",350,250,false],"woocommerce_gallery_thumbnail":["https:\/\/www.workingskills.net\/wp-content\/uploads\/2016\/12\/Presentation-100x100.jpg",100,100,true]},"uagb_author_info":{"display_name":"Working Skills","author_link":"https:\/\/www.workingskills.net\/vi\/author\/"},"uagb_comment_info":0,"uagb_excerpt":"M\u00e3 kho\u00e1 h\u1ecdc: SLVG-013 Phi\u00ean b\u1ea3n: K\u1ef9 n\u0103ng thuy\u1ebft tr\u00ecnh \u2013 Ti\u1ebfng Vi\u1ec7t Thuy\u1ebft tr\u00ecnh l\u00e0 m\u1ed9t k\u1ef9 n\u0103ng quan tr\u1ecdng m\u00e0 ai c\u0169ng c\u1ea7n ph\u1ea3i c\u00f3 trong c\u00f4ng vi\u1ec7c \u0111\u1ec3 tr\u00ecnh b\u00e0y \u00fd ki\u1ebfn, \u00fd t\u01b0\u1edfng c\u1ee7a m\u00ecnh. Tr\u00ecnh b\u00e0y m\u1ed9t \u00fd t\u01b0\u1edfng, m\u1ed9t d\u1ef1 \u00e1n, b\u1ea1n c\u1ea7n ph\u1ea3i thuy\u1ebft tr\u00ecnh. B\u00e1o c\u00e1o k\u1ebft&hellip;","_links":{"self":[{"href":"https:\/\/www.workingskills.net\/vi\/wp-json\/wp\/v2\/product\/26131","targetHints":{"allow":["GET"]}}],"collection":[{"href":"https:\/\/www.workingskills.net\/vi\/wp-json\/wp\/v2\/product"}],"about":[{"href":"https:\/\/www.workingskills.net\/vi\/wp-json\/wp\/v2\/types\/product"}],"replies":[{"embeddable":true,"href":"https:\/\/www.workingskills.net\/vi\/wp-json\/wp\/v2\/comments?post=26131"}],"wp:featuredmedia":[{"embeddable":true,"href":"https:\/\/www.workingskills.net\/vi\/wp-json\/wp\/v2\/media\/1740"}],"wp:attachment":[{"href":"https:\/\/www.workingskills.net\/vi\/wp-json\/wp\/v2\/media?parent=26131"}],"wp:term":[{"taxonomy":"product_brand","embeddable":true,"href":"https:\/\/www.workingskills.net\/vi\/wp-json\/wp\/v2\/product_brand?post=26131"},{"taxonomy":"product_cat","embeddable":true,"href":"https:\/\/www.workingskills.net\/vi\/wp-json\/wp\/v2\/product_cat?post=26131"},{"taxonomy":"product_tag","embeddable":true,"href":"https:\/\/www.workingskills.net\/vi\/wp-json\/wp\/v2\/product_tag?post=26131"}],"curies":[{"name":"wp","href":"https:\/\/api.w.org\/{rel}","templated":true}]}}