{"id":26129,"date":"2019-08-03T19:19:31","date_gmt":"2019-08-03T12:19:31","guid":{"rendered":"https:\/\/workingskills.net\/?post_type=product&#038;p=26129"},"modified":"2020-07-24T16:01:35","modified_gmt":"2020-07-24T09:01:35","slug":"ky-nang-giai-quyet-van-de","status":"publish","type":"product","link":"https:\/\/www.workingskills.net\/vi\/san-pham\/ky-nang-giai-quyet-van-de\/","title":{"rendered":"K\u1ef9 n\u0103ng gi\u1ea3i quy\u1ebft v\u1ea5n \u0111\u1ec1"},"content":{"rendered":"<p><em>M\u00e3 kho\u00e1 h\u1ecdc: SLVG-015<br \/>\nPhi\u00ean b\u1ea3n: K\u1ef9 n\u0103ng gi\u1ea3i quy\u1ebft v\u1ea5n \u0111\u1ec1 s\u00e1ng t\u1ea1o \u2013 Ti\u1ebfng Vi\u1ec7t<\/em><\/p>\n<p>V\u1ea5n \u0111\u1ec1 lu\u00f4n x\u1ea3y ra quanh ta, t\u1eeb vi\u1ec7c c\u00f4ng vi\u1ec7c cho \u0111\u1ebfn cu\u1ed9c s\u1ed1ng th\u01b0\u1eddng nh\u1eadt. B\u1ea1n \u0111i l\u00e0m tr\u1ec5 v\u00ec xe h\u01b0, \u0111\u00f3 l\u00e0 m\u1ed9t v\u1ea5n \u0111\u1ec1. B\u1ea1n c\u00e3i nhau v\u1edbi b\u1ea1n b\u00e8, ng\u01b0\u1eddi th\u00e2n, \u0111\u00f3 c\u0169ng l\u00e0 m\u1ed9t v\u1ea5n \u0111\u1ec1. H\u1ea7u nh\u01b0 l\u00fac n\u00e0o b\u1ea1n c\u0169ng ph\u1ea3i gi\u1ea3i quy\u1ebft v\u1ea5n \u0111\u1ec1 v\u00e0\u00a0<a href=\"https:\/\/www.workingskills.net\/vi\/courses\/ky-thuat-dong-nao\/\" target=\"_blank\" rel=\"noreferrer noopener\" aria-label=\" (m\u1edf trong tab m\u1edbi)\">t\u00ecm ki\u1ebfm gi\u1ea3i ph\u00e1p cho nh\u1eefng v\u1ea5n \u0111\u1ec1<\/a>\u00a0\u0111\u00f3. V\u00e0 gi\u1ea3i quy\u1ebft v\u1ea5n \u0111\u1ec1 c\u0169ng l\u00e0 m\u1ed9t trong nh\u1eefng k\u1ef9 n\u0103ng h\u00e0ng \u0111\u1ea7u m\u00e0 nh\u00e0 tuy\u1ec3n d\u1ee5ng lu\u00f4n y\u00eau c\u1ea7u \u1edf b\u1ea5t k\u1ef3 nh\u00e2n vi\u00ean n\u00e0o.<br \/>\nV\u1eady v\u1ea5n \u0111\u1ec1 l\u00e0 g\u00ec v\u00e0 b\u1ea1n c\u00f3 th\u1ec3 gi\u1ea3i quy\u1ebft v\u1ea5n \u0111\u1ec1 nh\u01b0 th\u1ebf n\u00e0o?<br \/>\nB\u1ea1n \u0111ang gi\u1ea3i quy\u1ebft v\u1ea5n \u0111\u1ec1 theo m\u1ed9t quy tr\u00ecnh c\u1ee5 th\u1ec3 v\u1edbi nh\u1eefng c\u00f4ng c\u1ee5 h\u1ed7 tr\u1ee3 h\u1eefu \u00edch hay ch\u1ec9 d\u1ef1a v\u00e0o nh\u1eefng c\u1ea3m x\u00fac, tr\u1ef1c gi\u00e1c c\u1ee7a b\u1ea3n th\u00e2n?<br \/>\nKh\u00f3a h\u1ecdc n\u00e0y s\u1ebd gi\u00fap b\u1ea1n n\u1eafm b\u1eaft \u0111\u01b0\u1ee3c c\u00e1c kh\u00eda c\u1ea1nh c\u1ee7a v\u1ea5n \u0111\u1ec1 v\u00e0 c\u00e1ch \u00e1p d\u1ee5ng nh\u1eefng k\u1ef9 thu\u1eadt, c\u00f4ng c\u1ee5 gi\u1ea3i quy\u1ebft v\u1ea5n \u0111\u1ec1 v\u00e0o th\u1ef1c t\u1ebf c\u00f4ng vi\u1ec7c, cu\u1ed9c s\u1ed1ng.<\/p>\n<p><em>B\u1ea1n s\u1ebd \u0111\u01b0\u1ee3c h\u1ed7 tr\u1ee3 v\u00e0 t\u01b0 v\u1ea5n tr\u1ef1c tuy\u1ebfn mi\u1ec5n ph\u00ed b\u1edfi nh\u1eefng chuy\u00ean gia \u0111\u00e0o t\u1ea1o doanh nghi\u1ec7p c\u1ee7a\u00a0<a href=\"http:\/\/www.talentmind.edu.vn\/\" target=\"_blank\" rel=\"noreferrer noopener\">Talent Mind Education<\/a>\u00a0trong su\u1ed1t 365 ng\u00e0y tr\u1ea3i nghi\u1ec7m kho\u00e1 h\u1ecdc.<\/em><\/p>\n<h3><strong>Sau kh\u00f3a h\u1ecdc k\u1ef9 n\u0103ng gi\u1ea3i quy\u1ebft v\u1ea5n \u0111\u1ec1 s\u00e1ng t\u1ea1o n\u00e0y, b\u1ea1n c\u00f3 th\u1ec3:<\/strong><\/h3>\n<ul>\n<li>Hi\u1ec3u r\u00f5 v\u1ea5n \u0111\u1ec1 l\u00e0 g\u00ec<\/li>\n<li>Bi\u1ebft \u0111\u01b0\u1ee3c khi gi\u1ea3i quy\u1ebft v\u1ea5n \u0111\u1ec1 c\u1ea7n tu\u00e2n theo quy tr\u00ecnh nh\u01b0 th\u1ebf n\u00e0o<\/li>\n<li>L\u00e0m ch\u1ee7 \u0111\u01b0\u1ee3c c\u00e1c b\u01b0\u1edbc gi\u00fap gi\u1ea3i quy\u1ebft v\u1ea5n \u0111\u1ec1 nhanh ch\u00f3ng, hi\u1ec7u qu\u1ea3<\/li>\n<li>X\u00e1c \u0111\u1ecbnh nh\u1eefng tr\u1edf ng\u1ea1i m\u00e0 b\u1ea1n \u0111ang g\u1eb7p ph\u1ea3i khi gi\u1ea3i quy\u1ebft v\u1ea5n \u0111\u1ec1<\/li>\n<li>V\u1eadn d\u1ee5ng c\u00e1c c\u00f4ng c\u1ee5 h\u1eefu \u00edch gi\u00fap gi\u1ea3i quy\u1ebft v\u1ea5n \u0111\u1ec1 s\u00e1ng t\u1ea1o<\/li>\n<\/ul>","protected":false},"excerpt":{"rendered":"<p>M\u00e3 kho\u00e1 h\u1ecdc: SLVG-015 Phi\u00ean b\u1ea3n: K\u1ef9 n\u0103ng gi\u1ea3i quy\u1ebft v\u1ea5n \u0111\u1ec1 s\u00e1ng t\u1ea1o \u2013 Ti\u1ebfng Vi\u1ec7t V\u1ea5n \u0111\u1ec1 lu\u00f4n x\u1ea3y ra quanh ta, t\u1eeb vi\u1ec7c c\u00f4ng vi\u1ec7c cho \u0111\u1ebfn cu\u1ed9c s\u1ed1ng th\u01b0\u1eddng nh\u1eadt. B\u1ea1n \u0111i l\u00e0m tr\u1ec5 v\u00ec xe h\u01b0, \u0111\u00f3 l\u00e0 m\u1ed9t v\u1ea5n \u0111\u1ec1. B\u1ea1n c\u00e3i nhau v\u1edbi b\u1ea1n b\u00e8, ng\u01b0\u1eddi th\u00e2n, \u0111\u00f3 [&hellip;]<\/p>","protected":false},"featured_media":1734,"comment_status":"open","ping_status":"closed","template":"","meta":{"_uag_custom_page_level_css":"","site-sidebar-layout":"default","site-content-layout":"default","ast-site-content-layout":"","site-content-style":"default","site-sidebar-style":"default","ast-global-header-display":"","ast-banner-title-visibility":"","ast-main-header-display":"","ast-hfb-above-header-display":"","ast-hfb-below-header-display":"","ast-hfb-mobile-header-display":"","site-post-title":"","ast-breadcrumbs-content":"","ast-featured-img":"","footer-sml-layout":"","theme-transparent-header-meta":"default","adv-header-id-meta":"","stick-header-meta":"","header-above-stick-meta":"","header-main-stick-meta":"","header-below-stick-meta":"","astra-migrate-meta-layouts":"default","ast-page-background-enabled":"default","ast-page-background-meta":{"desktop":{"background-color":"","background-image":"","background-repeat":"repeat","background-position":"center center","background-size":"auto","background-attachment":"scroll","background-type":"","background-media":"","overlay-type":"","overlay-color":"","overlay-opacity":"","overlay-gradient":""},"tablet":{"background-color":"","background-image":"","background-repeat":"repeat","background-position":"center center","background-size":"auto","background-attachment":"scroll","background-type":"","background-media":"","overlay-type":"","overlay-color":"","overlay-opacity":"","overlay-gradient":""},"mobile":{"background-color":"","background-image":"","background-repeat":"repeat","background-position":"center center","background-size":"auto","background-attachment":"scroll","background-type":"","background-media":"","overlay-type":"","overlay-color":"","overlay-opacity":"","overlay-gradient":""}},"ast-content-background-meta":{"desktop":{"background-color":"var(--ast-global-color-5)","background-image":"","background-repeat":"repeat","background-position":"center center","background-size":"auto","background-attachment":"scroll","background-type":"","background-media":"","overlay-type":"","overlay-color":"","overlay-opacity":"","overlay-gradient":""},"tablet":{"background-color":"var(--ast-global-color-5)","background-image":"","background-repeat":"repeat","background-position":"center center","background-size":"auto","background-attachment":"scroll","background-type":"","background-media":"","overlay-type":"","overlay-color":"","overlay-opacity":"","overlay-gradient":""},"mobile":{"background-color":"var(--ast-global-color-5)","background-image":"","background-repeat":"repeat","background-position":"center center","background-size":"auto","background-attachment":"scroll","background-type":"","background-media":"","overlay-type":"","overlay-color":"","overlay-opacity":"","overlay-gradient":""}}},"product_brand":[],"product_cat":[375],"product_tag":[527,616],"class_list":{"0":"post-26129","1":"product","2":"type-product","3":"status-publish","4":"has-post-thumbnail","6":"product_cat-ky-nang-lam-viec-chuyen-nghiep-danh-cho-sinh-vien","7":"product_tag-ky-nang-giai-quyet-van-de","8":"product_tag-problem-solving-skills","9":"desktop-align-left","10":"tablet-align-left","11":"mobile-align-left","13":"first","14":"instock","15":"virtual","16":"sold-individually","17":"taxable","18":"purchasable","19":"product-type-courses"},"uagb_featured_image_src":{"full":["https:\/\/www.workingskills.net\/wp-content\/uploads\/2016\/12\/Problem-Solving.jpg",350,250,false],"thumbnail":["https:\/\/www.workingskills.net\/wp-content\/uploads\/2016\/12\/Problem-Solving-150x150.jpg",150,150,true],"medium":["https:\/\/www.workingskills.net\/wp-content\/uploads\/2016\/12\/Problem-Solving-300x214.jpg",300,214,true],"medium_large":["https:\/\/www.workingskills.net\/wp-content\/uploads\/2016\/12\/Problem-Solving.jpg",350,250,false],"large":["https:\/\/www.workingskills.net\/wp-content\/uploads\/2016\/12\/Problem-Solving.jpg",350,250,false],"1536x1536":["https:\/\/www.workingskills.net\/wp-content\/uploads\/2016\/12\/Problem-Solving.jpg",350,250,false],"2048x2048":["https:\/\/www.workingskills.net\/wp-content\/uploads\/2016\/12\/Problem-Solving.jpg",350,250,false],"trp-custom-language-flag":["https:\/\/www.workingskills.net\/wp-content\/uploads\/2016\/12\/Problem-Solving.jpg",18,12,false],"woocommerce_thumbnail":["https:\/\/www.workingskills.net\/wp-content\/uploads\/2016\/12\/Problem-Solving-300x250.jpg",300,250,true],"woocommerce_single":["https:\/\/www.workingskills.net\/wp-content\/uploads\/2016\/12\/Problem-Solving.jpg",350,250,false],"woocommerce_gallery_thumbnail":["https:\/\/www.workingskills.net\/wp-content\/uploads\/2016\/12\/Problem-Solving-100x100.jpg",100,100,true]},"uagb_author_info":{"display_name":"Working Skills","author_link":"https:\/\/www.workingskills.net\/vi\/author\/"},"uagb_comment_info":0,"uagb_excerpt":"M\u00e3 kho\u00e1 h\u1ecdc: SLVG-015 Phi\u00ean b\u1ea3n: K\u1ef9 n\u0103ng gi\u1ea3i quy\u1ebft v\u1ea5n \u0111\u1ec1 s\u00e1ng t\u1ea1o \u2013 Ti\u1ebfng Vi\u1ec7t V\u1ea5n \u0111\u1ec1 lu\u00f4n x\u1ea3y ra quanh ta, t\u1eeb vi\u1ec7c c\u00f4ng vi\u1ec7c cho \u0111\u1ebfn cu\u1ed9c s\u1ed1ng th\u01b0\u1eddng nh\u1eadt. B\u1ea1n \u0111i l\u00e0m tr\u1ec5 v\u00ec xe h\u01b0, \u0111\u00f3 l\u00e0 m\u1ed9t v\u1ea5n \u0111\u1ec1. B\u1ea1n c\u00e3i nhau v\u1edbi b\u1ea1n b\u00e8, ng\u01b0\u1eddi th\u00e2n, \u0111\u00f3&hellip;","_links":{"self":[{"href":"https:\/\/www.workingskills.net\/vi\/wp-json\/wp\/v2\/product\/26129","targetHints":{"allow":["GET"]}}],"collection":[{"href":"https:\/\/www.workingskills.net\/vi\/wp-json\/wp\/v2\/product"}],"about":[{"href":"https:\/\/www.workingskills.net\/vi\/wp-json\/wp\/v2\/types\/product"}],"replies":[{"embeddable":true,"href":"https:\/\/www.workingskills.net\/vi\/wp-json\/wp\/v2\/comments?post=26129"}],"wp:featuredmedia":[{"embeddable":true,"href":"https:\/\/www.workingskills.net\/vi\/wp-json\/wp\/v2\/media\/1734"}],"wp:attachment":[{"href":"https:\/\/www.workingskills.net\/vi\/wp-json\/wp\/v2\/media?parent=26129"}],"wp:term":[{"taxonomy":"product_brand","embeddable":true,"href":"https:\/\/www.workingskills.net\/vi\/wp-json\/wp\/v2\/product_brand?post=26129"},{"taxonomy":"product_cat","embeddable":true,"href":"https:\/\/www.workingskills.net\/vi\/wp-json\/wp\/v2\/product_cat?post=26129"},{"taxonomy":"product_tag","embeddable":true,"href":"https:\/\/www.workingskills.net\/vi\/wp-json\/wp\/v2\/product_tag?post=26129"}],"curies":[{"name":"wp","href":"https:\/\/api.w.org\/{rel}","templated":true}]}}