{"id":26127,"date":"2019-08-03T19:12:58","date_gmt":"2019-08-03T12:12:58","guid":{"rendered":"https:\/\/workingskills.net\/?post_type=product&#038;p=26127"},"modified":"2020-07-24T16:01:54","modified_gmt":"2020-07-24T09:01:54","slug":"ky-nang-viet-thu","status":"publish","type":"product","link":"https:\/\/www.workingskills.net\/vi\/san-pham\/ky-nang-viet-thu\/","title":{"rendered":"K\u1ef9 n\u0103ng vi\u1ebft th\u01b0"},"content":{"rendered":"<p><em>M\u00e3 kho\u00e1 h\u1ecdc: SLVG-021<br \/>\nPhi\u00ean b\u1ea3n: K\u1ef9 n\u0103ng vi\u1ebft th\u01b0 hi\u1ec7u qu\u1ea3 \u2013 Ti\u1ebfng Vi\u1ec7t<\/em><\/p>\n<p>B\u00ean c\u1ea1nh\u00a0<a href=\"https:\/\/www.workingskills.net\/vi\/courses\/ky-nang-viet-co-ban\/\" target=\"_blank\" rel=\"noreferrer noopener\" aria-label=\" (m\u1edf trong tab m\u1edbi)\">k\u1ef9 n\u0103ng vi\u1ebft email<\/a>\u00a0v\u00e0\u00a0<a href=\"https:\/\/www.workingskills.net\/vi\/courses\/ky-nang-viet-cv\/\" target=\"_blank\" rel=\"noreferrer noopener\" aria-label=\" (m\u1edf trong tab m\u1edbi)\">vi\u1ebft CV<\/a>\u00a0th\u00ec vi\u1ebft th\u01b0 c\u0169ng l\u00e0 m\u1ed9t trong nh\u1eefng k\u1ef9 n\u0103ng c\u1ea7n thi\u1ebft gi\u00fap b\u1ea1n t\u1ea1o \u0111\u01b0\u1ee3c \u1ea5n t\u01b0\u1ee3ng v\u00e0 t\u1ef1 tin h\u01a1n khi khi \u0111i xin vi\u1ec7c.<br \/>\nB\u1ea1n c\u00f3 bi\u1ebft c\u1ea5u tr\u00fac \u0111\u1ec3 vi\u1ebft m\u1ed9t l\u00e1 th\u01b0 ho\u00e0n ch\u1ec9nh?<br \/>\nB\u1ea1n \u0111\u00e3 th\u00e0nh th\u1ea1o khi vi\u1ebft th\u01b0 \u1ee9ng tuy\u1ec3n (cover letter)?<br \/>\nB\u1ea1n \u0111\u00e3 bi\u1ebft vi\u1ebft th\u01b0 tr\u00ecnh b\u00e0y nguy\u1ec7n v\u1ecdng (motivation letter) \u0111\u00fang c\u00e1ch?<br \/>\nN\u1ebfu b\u1ea1n c\u00f2n b\u0103n kho\u0103n v\u1ec1 c\u00e1c c\u00e2u h\u1ecfi tr\u00ean th\u00ec kh\u00f3a h\u1ecdc k\u1ef9 n\u0103ng vi\u1ebft th\u01b0 n\u00e0y l\u00e0 d\u00e0nh cho b\u1ea1n. Vi\u1ec7c vi\u1ebft m\u1ed9t l\u00e1 th\u01b0 ch\u1ec9n chu v\u00e0 \u0111\u00fang c\u00e1ch s\u1ebd gi\u00fap b\u1ea1n \u0111\u1ec3 l\u1ea1i \u1ea5n t\u01b0\u1ee3ng t\u1ed1t trong m\u1eaft ng\u01b0\u1eddi kh\u00e1c v\u00e0 nh\u1edd \u0111\u00f3, nhi\u1ec1u c\u01a1 h\u1ed9i b\u1ea5t ng\u1edd s\u1ebd \u0111\u1ebfn v\u1edbi b\u1ea1n.<\/p>\n<p><em>B\u1ea1n s\u1ebd \u0111\u01b0\u1ee3c h\u1ed7 tr\u1ee3 v\u00e0 t\u01b0 v\u1ea5n tr\u1ef1c tuy\u1ebfn mi\u1ec5n ph\u00ed b\u1edfi nh\u1eefng chuy\u00ean gia \u0111\u00e0o t\u1ea1o doanh nghi\u1ec7p c\u1ee7a\u00a0<a href=\"http:\/\/www.talentmind.edu.vn\/\" target=\"_blank\" rel=\"noreferrer noopener\">Talent Mind Education<\/a>\u00a0trong su\u1ed1t 365 ng\u00e0y tr\u1ea3i nghi\u1ec7m kho\u00e1 h\u1ecdc.<\/em><\/p>\n<h3><strong>Sau kh\u00f3a h\u1ecdc k\u1ef9 n\u0103ng vi\u1ebft th\u01b0 hi\u1ec7u qu\u1ea3 n\u00e0y, b\u1ea1n c\u00f3 th\u1ec3:<\/strong><\/h3>\n<ul>\n<li>N\u1eafm b\u1eaft \u0111\u01b0\u1ee3c c\u1ea5u tr\u00fac v\u00e0 c\u00e1c ph\u1ea7n c\u1ea7n c\u00f3 c\u1ee7a m\u1ed9t l\u00e1 th\u01b0<\/li>\n<li>Bi\u1ebft c\u00e1ch vi\u1ebft m\u1ed9t l\u00e1 th\u01b0 xin vi\u1ec7c (cover letter) chuy\u00ean nghi\u1ec7p<\/li>\n<li>Bi\u1ebft c\u00e1ch vi\u1ebft m\u1ed9t l\u00e1 th\u01b0 tr\u00ecnh b\u00e0y nguy\u1ec7n v\u1ecdng (motivation letter) chuy\u00ean nghi\u1ec7p<\/li>\n<li>Tham kh\u1ea3o m\u1ed9t s\u1ed1 m\u1eabu th\u01b0 th\u01b0\u1eddng g\u1eb7p<\/li>\n<li>Th\u1eed th\u00e1ch kh\u1ea3 n\u0103ng vi\u1ebft th\u01b0 c\u1ee7a b\u1ea3n th\u00e2n<\/li>\n<\/ul>","protected":false},"excerpt":{"rendered":"<p>M\u00e3 kho\u00e1 h\u1ecdc: SLVG-021 Phi\u00ean b\u1ea3n: K\u1ef9 n\u0103ng vi\u1ebft th\u01b0 hi\u1ec7u qu\u1ea3 \u2013 Ti\u1ebfng Vi\u1ec7t B\u00ean c\u1ea1nh\u00a0k\u1ef9 n\u0103ng vi\u1ebft email\u00a0v\u00e0\u00a0vi\u1ebft CV\u00a0th\u00ec vi\u1ebft th\u01b0 c\u0169ng l\u00e0 m\u1ed9t trong nh\u1eefng k\u1ef9 n\u0103ng c\u1ea7n thi\u1ebft gi\u00fap b\u1ea1n t\u1ea1o \u0111\u01b0\u1ee3c \u1ea5n t\u01b0\u1ee3ng v\u00e0 t\u1ef1 tin h\u01a1n khi khi \u0111i xin vi\u1ec7c. B\u1ea1n c\u00f3 bi\u1ebft c\u1ea5u tr\u00fac \u0111\u1ec3 vi\u1ebft m\u1ed9t [&hellip;]<\/p>","protected":false},"featured_media":19873,"comment_status":"open","ping_status":"closed","template":"","meta":{"_uag_custom_page_level_css":"","site-sidebar-layout":"default","site-content-layout":"default","ast-site-content-layout":"","site-content-style":"default","site-sidebar-style":"default","ast-global-header-display":"","ast-banner-title-visibility":"","ast-main-header-display":"","ast-hfb-above-header-display":"","ast-hfb-below-header-display":"","ast-hfb-mobile-header-display":"","site-post-title":"","ast-breadcrumbs-content":"","ast-featured-img":"","footer-sml-layout":"","theme-transparent-header-meta":"default","adv-header-id-meta":"","stick-header-meta":"","header-above-stick-meta":"","header-main-stick-meta":"","header-below-stick-meta":"","astra-migrate-meta-layouts":"default","ast-page-background-enabled":"default","ast-page-background-meta":{"desktop":{"background-color":"","background-image":"","background-repeat":"repeat","background-position":"center center","background-size":"auto","background-attachment":"scroll","background-type":"","background-media":"","overlay-type":"","overlay-color":"","overlay-opacity":"","overlay-gradient":""},"tablet":{"background-color":"","background-image":"","background-repeat":"repeat","background-position":"center center","background-size":"auto","background-attachment":"scroll","background-type":"","background-media":"","overlay-type":"","overlay-color":"","overlay-opacity":"","overlay-gradient":""},"mobile":{"background-color":"","background-image":"","background-repeat":"repeat","background-position":"center center","background-size":"auto","background-attachment":"scroll","background-type":"","background-media":"","overlay-type":"","overlay-color":"","overlay-opacity":"","overlay-gradient":""}},"ast-content-background-meta":{"desktop":{"background-color":"var(--ast-global-color-5)","background-image":"","background-repeat":"repeat","background-position":"center center","background-size":"auto","background-attachment":"scroll","background-type":"","background-media":"","overlay-type":"","overlay-color":"","overlay-opacity":"","overlay-gradient":""},"tablet":{"background-color":"var(--ast-global-color-5)","background-image":"","background-repeat":"repeat","background-position":"center center","background-size":"auto","background-attachment":"scroll","background-type":"","background-media":"","overlay-type":"","overlay-color":"","overlay-opacity":"","overlay-gradient":""},"mobile":{"background-color":"var(--ast-global-color-5)","background-image":"","background-repeat":"repeat","background-position":"center center","background-size":"auto","background-attachment":"scroll","background-type":"","background-media":"","overlay-type":"","overlay-color":"","overlay-opacity":"","overlay-gradient":""}}},"product_brand":[],"product_cat":[375],"product_tag":[551,536,669,609],"class_list":{"0":"post-26127","1":"product","2":"type-product","3":"status-publish","4":"has-post-thumbnail","6":"product_cat-ky-nang-lam-viec-chuyen-nghiep-danh-cho-sinh-vien","7":"product_tag-ky-nang-viet","8":"product_tag-ky-nang-viet-thu","9":"product_tag-letter-writing-skills","10":"product_tag-writing-skills","11":"desktop-align-left","12":"tablet-align-left","13":"mobile-align-left","15":"first","16":"instock","17":"virtual","18":"sold-individually","19":"taxable","20":"purchasable","21":"product-type-courses"},"uagb_featured_image_src":{"full":["https:\/\/www.workingskills.net\/wp-content\/uploads\/2019\/07\/writing1.jpg",350,250,false],"thumbnail":["https:\/\/www.workingskills.net\/wp-content\/uploads\/2019\/07\/writing1-150x150.jpg",150,150,true],"medium":["https:\/\/www.workingskills.net\/wp-content\/uploads\/2019\/07\/writing1-300x214.jpg",300,214,true],"medium_large":["https:\/\/www.workingskills.net\/wp-content\/uploads\/2019\/07\/writing1.jpg",350,250,false],"large":["https:\/\/www.workingskills.net\/wp-content\/uploads\/2019\/07\/writing1.jpg",350,250,false],"1536x1536":["https:\/\/www.workingskills.net\/wp-content\/uploads\/2019\/07\/writing1.jpg",350,250,false],"2048x2048":["https:\/\/www.workingskills.net\/wp-content\/uploads\/2019\/07\/writing1.jpg",350,250,false],"trp-custom-language-flag":["https:\/\/www.workingskills.net\/wp-content\/uploads\/2019\/07\/writing1.jpg",18,12,false],"woocommerce_thumbnail":["https:\/\/www.workingskills.net\/wp-content\/uploads\/2019\/07\/writing1-300x250.jpg",300,250,true],"woocommerce_single":["https:\/\/www.workingskills.net\/wp-content\/uploads\/2019\/07\/writing1.jpg",350,250,false],"woocommerce_gallery_thumbnail":["https:\/\/www.workingskills.net\/wp-content\/uploads\/2019\/07\/writing1-100x100.jpg",100,100,true]},"uagb_author_info":{"display_name":"Working Skills","author_link":"https:\/\/www.workingskills.net\/vi\/author\/"},"uagb_comment_info":0,"uagb_excerpt":"M\u00e3 kho\u00e1 h\u1ecdc: SLVG-021 Phi\u00ean b\u1ea3n: K\u1ef9 n\u0103ng vi\u1ebft th\u01b0 hi\u1ec7u qu\u1ea3 \u2013 Ti\u1ebfng Vi\u1ec7t B\u00ean c\u1ea1nh\u00a0k\u1ef9 n\u0103ng vi\u1ebft email\u00a0v\u00e0\u00a0vi\u1ebft CV\u00a0th\u00ec vi\u1ebft th\u01b0 c\u0169ng l\u00e0 m\u1ed9t trong nh\u1eefng k\u1ef9 n\u0103ng c\u1ea7n thi\u1ebft gi\u00fap b\u1ea1n t\u1ea1o \u0111\u01b0\u1ee3c \u1ea5n t\u01b0\u1ee3ng v\u00e0 t\u1ef1 tin h\u01a1n khi khi \u0111i xin vi\u1ec7c. B\u1ea1n c\u00f3 bi\u1ebft c\u1ea5u tr\u00fac \u0111\u1ec3 vi\u1ebft m\u1ed9t&hellip;","_links":{"self":[{"href":"https:\/\/www.workingskills.net\/vi\/wp-json\/wp\/v2\/product\/26127","targetHints":{"allow":["GET"]}}],"collection":[{"href":"https:\/\/www.workingskills.net\/vi\/wp-json\/wp\/v2\/product"}],"about":[{"href":"https:\/\/www.workingskills.net\/vi\/wp-json\/wp\/v2\/types\/product"}],"replies":[{"embeddable":true,"href":"https:\/\/www.workingskills.net\/vi\/wp-json\/wp\/v2\/comments?post=26127"}],"wp:featuredmedia":[{"embeddable":true,"href":"https:\/\/www.workingskills.net\/vi\/wp-json\/wp\/v2\/media\/19873"}],"wp:attachment":[{"href":"https:\/\/www.workingskills.net\/vi\/wp-json\/wp\/v2\/media?parent=26127"}],"wp:term":[{"taxonomy":"product_brand","embeddable":true,"href":"https:\/\/www.workingskills.net\/vi\/wp-json\/wp\/v2\/product_brand?post=26127"},{"taxonomy":"product_cat","embeddable":true,"href":"https:\/\/www.workingskills.net\/vi\/wp-json\/wp\/v2\/product_cat?post=26127"},{"taxonomy":"product_tag","embeddable":true,"href":"https:\/\/www.workingskills.net\/vi\/wp-json\/wp\/v2\/product_tag?post=26127"}],"curies":[{"name":"wp","href":"https:\/\/api.w.org\/{rel}","templated":true}]}}