{"id":26125,"date":"2019-08-03T18:53:58","date_gmt":"2019-08-03T11:53:58","guid":{"rendered":"https:\/\/workingskills.net\/?post_type=product&#038;p=26125"},"modified":"2020-07-24T16:02:16","modified_gmt":"2020-07-24T09:02:16","slug":"ky-nang-lam-viec-nhom-quan-ly-doi-nhom-nang-cao","status":"publish","type":"product","link":"https:\/\/www.workingskills.net\/vi\/san-pham\/ky-nang-lam-viec-nhom-quan-ly-doi-nhom-nang-cao\/","title":{"rendered":"K\u1ef9 n\u0103ng l\u00e0m vi\u1ec7c nh\u00f3m &#038; qu\u1ea3n l\u00fd \u0111\u1ed9i nh\u00f3m n\u00e2ng cao"},"content":{"rendered":"<p><em>M\u00e3 kho\u00e1 h\u1ecdc: SMVG-025<br \/>\nPhi\u00ean b\u1ea3n: K\u1ef9 n\u0103ng qu\u1ea3n l\u00fd \u0111\u1ed9i nh\u00f3m \u2013 Ti\u1ebfng Vi\u1ec7t<\/em><\/p>\n<p>C\u00f4ng ty nh\u01b0 m\u1ed9t x\u00e3 h\u1ed9i thu nh\u1ecf. \u1ede \u0111\u00f3, c\u00f3 r\u1ea5t nhi\u1ec1u ng\u01b0\u1eddi kh\u00e1c nhau v\u1edbi nh\u1eefng c\u00e1 t\u00ednh, \u0111\u1eb7c \u0111i\u1ec3m, nhu c\u1ea7u, mong mu\u1ed1n kh\u00e1c nhau. Do \u0111\u00f3, khi l\u00e0m vi\u1ec7c nh\u00f3m, nh\u1eefng xung \u0111\u1ed9t, m\u1eabu thu\u1eabn hay v\u1ea5n \u0111\u1ec1 x\u1ea3y ra kh\u00f4ng ch\u1ec9 \u0111\u01a1n thu\u1ea7n \u0111\u1ebfn t\u1eeb vi\u1ec7c b\u1ea5t \u0111\u1ed3ng gi\u1eefa c\u00e1c th\u00e0nh vi\u1ec7c. M\u1ed9t nh\u00f3m l\u00e0m vi\u1ec7c k\u00e9m hi\u1ec7u qu\u1ea3 c\u00f3 th\u1ec3 g\u1ed3m nhi\u1ec1u nguy\u00ean nh\u00e2n kh\u00e1c nhau nh\u01b0:<br \/>\nNh\u00f3m kh\u00f4ng c\u00f3 \u0111\u1ed9ng l\u1ef1c, m\u1ee5c ti\u00eau chung.<br \/>\nNh\u00f3m thi\u1ebfu s\u1ef1 g\u1eafn b\u00f3, \u0111o\u00e0n k\u1ebft<br \/>\nNg\u01b0\u1eddi l\u00e3nh \u0111\u1ea1o nh\u00f3m kh\u00f4ng n\u1eafm r\u00f5 c\u00e1c c\u00f4ng vi\u1ec7c, nhi\u1ec7m v\u1ee5 c\u1ee7a t\u1eebng th\u00e0nh vi\u00ean d\u1eabn \u0111\u1ebfn s\u1ef1 ph\u00e2n c\u00f4ng b\u1ea5t h\u1ee3p l\u00fd<br \/>\nV\u00e0 nhi\u1ec1u l\u00fd do kh\u00e1c\u2026<br \/>\nKh\u00f3a h\u1ecdc n\u00e0y s\u1ebd gi\u00fap b\u1ea1n x\u00e1c \u0111\u1ecbnh nh\u1eefng v\u1ea5n \u0111\u1ec1 th\u01b0\u1eddng g\u1eb7p c\u1ee7a m\u1ed9t nh\u00f3m trong m\u00f4i tr\u01b0\u1eddng l\u00e0m vi\u1ec7c v\u00e0 c\u00e1ch gi\u1ea3i quy\u1ebft nh\u1eefng v\u1ea5n \u0111\u1ec1 \u0111\u00f3.<\/p>\n<p><em>B\u1ea1n s\u1ebd \u0111\u01b0\u1ee3c h\u1ed7 tr\u1ee3 v\u00e0 t\u01b0 v\u1ea5n tr\u1ef1c tuy\u1ebfn mi\u1ec5n ph\u00ed b\u1edfi nh\u1eefng chuy\u00ean gia \u0111\u00e0o t\u1ea1o doanh nghi\u1ec7p c\u1ee7a\u00a0<a href=\"http:\/\/www.talentmind.edu.vn\/\" target=\"_blank\" rel=\"noreferrer noopener\">Talent Mind Education<\/a>\u00a0trong su\u1ed1t 365 ng\u00e0y tr\u1ea3i nghi\u1ec7m kho\u00e1 h\u1ecdc.<\/em><\/p>\n<h3><strong>Sau kh\u00f3a h\u1ecdc k\u1ef9 n\u0103ng qu\u1ea3n l\u00fd \u0111\u1ed9i nh\u00f3m n\u00e2ng cao n\u00e0y, b\u1ea1n c\u00f3 th\u1ec3:<\/strong><\/h3>\n<ul>\n<li>X\u00e1c \u0111\u1ecbnh \u0111\u01b0\u1ee3c \u0111\u1ed9ng l\u1ef1c hi\u1ec7n c\u00f3 c\u1ee7a nh\u00f3m v\u00e0 c\u00e1ch th\u00fac \u0111\u1ea9y \u0111\u1ed9ng l\u1ef1c nh\u00f3m<\/li>\n<li>Hi\u1ec3u r\u00f5 vai tr\u00f2, c\u00f4ng vi\u1ec7c c\u1ee7a t\u1eebng th\u00e0nh vi\u00ean trong nh\u00f3m \u0111\u1ec3 t\u1eeb \u0111\u00f3 c\u00f3 s\u1ef1 ph\u00e2n c\u00f4ng, h\u1ed7 tr\u1ee3 h\u1ee3p l\u00fd<\/li>\n<li>X\u00e1c \u0111\u1ecbnh nh\u1eefng nguy\u00ean nh\u00e2n d\u1eabn \u0111\u1ebfn m\u1ed9t nh\u00f3m l\u00e0m vi\u1ec7c k\u00e9m hi\u1ec7u qu\u1ea3<\/li>\n<li>Bi\u1ebft c\u00e1ch gi\u1ea3i quy\u1ebft nh\u1eefng v\u1ea5n \u0111\u1ec1 g\u00e2y ra nh\u00f3m l\u00e0m vi\u1ec7c k\u00e9m hi\u1ec7u qu\u1ea3<\/li>\n<li>T\u1eadp h\u1ee3p s\u1ee9c m\u1ea1nh c\u1ee7a nh\u00f3m \u0111\u1ec3 gi\u1ea3i quy\u1ebft v\u1ea5n \u0111\u1ec1 th\u00f4ng qua k\u1ef9 thu\u1eadt t\u01b0 duy s\u00e1u chi\u1ebfc n\u00f3n<\/li>\n<li>G\u1eafn k\u1ebft c\u00e1c th\u00e0nh vi\u00ean th\u00f4ng qua nh\u1eefng ho\u1ea1t \u0111\u1ed9ng x\u00e2y d\u1ef1ng nh\u00f3m<\/li>\n<\/ul>","protected":false},"excerpt":{"rendered":"<p>M\u00e3 kho\u00e1 h\u1ecdc: SMVG-025 Phi\u00ean b\u1ea3n: K\u1ef9 n\u0103ng qu\u1ea3n l\u00fd \u0111\u1ed9i nh\u00f3m \u2013 Ti\u1ebfng Vi\u1ec7t C\u00f4ng ty nh\u01b0 m\u1ed9t x\u00e3 h\u1ed9i thu nh\u1ecf. \u1ede \u0111\u00f3, c\u00f3 r\u1ea5t nhi\u1ec1u ng\u01b0\u1eddi kh\u00e1c nhau v\u1edbi nh\u1eefng c\u00e1 t\u00ednh, \u0111\u1eb7c \u0111i\u1ec3m, nhu c\u1ea7u, mong mu\u1ed1n kh\u00e1c nhau. Do \u0111\u00f3, khi l\u00e0m vi\u1ec7c nh\u00f3m, nh\u1eefng xung \u0111\u1ed9t, m\u1eabu thu\u1eabn hay [&hellip;]<\/p>","protected":false},"featured_media":1681,"comment_status":"open","ping_status":"closed","template":"","meta":{"_uag_custom_page_level_css":"","site-sidebar-layout":"default","site-content-layout":"default","ast-site-content-layout":"","site-content-style":"default","site-sidebar-style":"default","ast-global-header-display":"","ast-banner-title-visibility":"","ast-main-header-display":"","ast-hfb-above-header-display":"","ast-hfb-below-header-display":"","ast-hfb-mobile-header-display":"","site-post-title":"","ast-breadcrumbs-content":"","ast-featured-img":"","footer-sml-layout":"","theme-transparent-header-meta":"default","adv-header-id-meta":"","stick-header-meta":"","header-above-stick-meta":"","header-main-stick-meta":"","header-below-stick-meta":"","astra-migrate-meta-layouts":"default","ast-page-background-enabled":"default","ast-page-background-meta":{"desktop":{"background-color":"","background-image":"","background-repeat":"repeat","background-position":"center center","background-size":"auto","background-attachment":"scroll","background-type":"","background-media":"","overlay-type":"","overlay-color":"","overlay-opacity":"","overlay-gradient":""},"tablet":{"background-color":"","background-image":"","background-repeat":"repeat","background-position":"center center","background-size":"auto","background-attachment":"scroll","background-type":"","background-media":"","overlay-type":"","overlay-color":"","overlay-opacity":"","overlay-gradient":""},"mobile":{"background-color":"","background-image":"","background-repeat":"repeat","background-position":"center center","background-size":"auto","background-attachment":"scroll","background-type":"","background-media":"","overlay-type":"","overlay-color":"","overlay-opacity":"","overlay-gradient":""}},"ast-content-background-meta":{"desktop":{"background-color":"var(--ast-global-color-5)","background-image":"","background-repeat":"repeat","background-position":"center center","background-size":"auto","background-attachment":"scroll","background-type":"","background-media":"","overlay-type":"","overlay-color":"","overlay-opacity":"","overlay-gradient":""},"tablet":{"background-color":"var(--ast-global-color-5)","background-image":"","background-repeat":"repeat","background-position":"center center","background-size":"auto","background-attachment":"scroll","background-type":"","background-media":"","overlay-type":"","overlay-color":"","overlay-opacity":"","overlay-gradient":""},"mobile":{"background-color":"var(--ast-global-color-5)","background-image":"","background-repeat":"repeat","background-position":"center center","background-size":"auto","background-attachment":"scroll","background-type":"","background-media":"","overlay-type":"","overlay-color":"","overlay-opacity":"","overlay-gradient":""}}},"product_brand":[],"product_cat":[375],"product_tag":[668,649,667,615],"class_list":{"0":"post-26125","1":"product","2":"type-product","3":"status-publish","4":"has-post-thumbnail","6":"product_cat-ky-nang-lam-viec-chuyen-nghiep-danh-cho-sinh-vien","7":"product_tag-advanced-teamwork-team-management-skills","8":"product_tag-ky-nang-lam-viec-nhom-quan-ly-doi-nhom","9":"product_tag-ky-nang-lam-viec-nhom-quan-ly-doi-nhom-nang-cao","10":"product_tag-teamwork-team-management-skills","11":"desktop-align-left","12":"tablet-align-left","13":"mobile-align-left","15":"first","16":"instock","17":"virtual","18":"sold-individually","19":"taxable","20":"purchasable","21":"product-type-courses"},"uagb_featured_image_src":{"full":["https:\/\/www.workingskills.net\/wp-content\/uploads\/2016\/11\/team1-Copy.jpg",350,250,false],"thumbnail":["https:\/\/www.workingskills.net\/wp-content\/uploads\/2016\/11\/team1-Copy-150x150.jpg",150,150,true],"medium":["https:\/\/www.workingskills.net\/wp-content\/uploads\/2016\/11\/team1-Copy-300x214.jpg",300,214,true],"medium_large":["https:\/\/www.workingskills.net\/wp-content\/uploads\/2016\/11\/team1-Copy.jpg",350,250,false],"large":["https:\/\/www.workingskills.net\/wp-content\/uploads\/2016\/11\/team1-Copy.jpg",350,250,false],"1536x1536":["https:\/\/www.workingskills.net\/wp-content\/uploads\/2016\/11\/team1-Copy.jpg",350,250,false],"2048x2048":["https:\/\/www.workingskills.net\/wp-content\/uploads\/2016\/11\/team1-Copy.jpg",350,250,false],"trp-custom-language-flag":["https:\/\/www.workingskills.net\/wp-content\/uploads\/2016\/11\/team1-Copy.jpg",18,12,false],"woocommerce_thumbnail":["https:\/\/www.workingskills.net\/wp-content\/uploads\/2016\/11\/team1-Copy-300x250.jpg",300,250,true],"woocommerce_single":["https:\/\/www.workingskills.net\/wp-content\/uploads\/2016\/11\/team1-Copy.jpg",350,250,false],"woocommerce_gallery_thumbnail":["https:\/\/www.workingskills.net\/wp-content\/uploads\/2016\/11\/team1-Copy-100x100.jpg",100,100,true]},"uagb_author_info":{"display_name":"Working Skills","author_link":"https:\/\/www.workingskills.net\/vi\/author\/"},"uagb_comment_info":0,"uagb_excerpt":"M\u00e3 kho\u00e1 h\u1ecdc: SMVG-025 Phi\u00ean b\u1ea3n: K\u1ef9 n\u0103ng qu\u1ea3n l\u00fd \u0111\u1ed9i nh\u00f3m \u2013 Ti\u1ebfng Vi\u1ec7t C\u00f4ng ty nh\u01b0 m\u1ed9t x\u00e3 h\u1ed9i thu nh\u1ecf. \u1ede \u0111\u00f3, c\u00f3 r\u1ea5t nhi\u1ec1u ng\u01b0\u1eddi kh\u00e1c nhau v\u1edbi nh\u1eefng c\u00e1 t\u00ednh, \u0111\u1eb7c \u0111i\u1ec3m, nhu c\u1ea7u, mong mu\u1ed1n kh\u00e1c nhau. Do \u0111\u00f3, khi l\u00e0m vi\u1ec7c nh\u00f3m, nh\u1eefng xung \u0111\u1ed9t, m\u1eabu thu\u1eabn hay&hellip;","_links":{"self":[{"href":"https:\/\/www.workingskills.net\/vi\/wp-json\/wp\/v2\/product\/26125","targetHints":{"allow":["GET"]}}],"collection":[{"href":"https:\/\/www.workingskills.net\/vi\/wp-json\/wp\/v2\/product"}],"about":[{"href":"https:\/\/www.workingskills.net\/vi\/wp-json\/wp\/v2\/types\/product"}],"replies":[{"embeddable":true,"href":"https:\/\/www.workingskills.net\/vi\/wp-json\/wp\/v2\/comments?post=26125"}],"wp:featuredmedia":[{"embeddable":true,"href":"https:\/\/www.workingskills.net\/vi\/wp-json\/wp\/v2\/media\/1681"}],"wp:attachment":[{"href":"https:\/\/www.workingskills.net\/vi\/wp-json\/wp\/v2\/media?parent=26125"}],"wp:term":[{"taxonomy":"product_brand","embeddable":true,"href":"https:\/\/www.workingskills.net\/vi\/wp-json\/wp\/v2\/product_brand?post=26125"},{"taxonomy":"product_cat","embeddable":true,"href":"https:\/\/www.workingskills.net\/vi\/wp-json\/wp\/v2\/product_cat?post=26125"},{"taxonomy":"product_tag","embeddable":true,"href":"https:\/\/www.workingskills.net\/vi\/wp-json\/wp\/v2\/product_tag?post=26125"}],"curies":[{"name":"wp","href":"https:\/\/api.w.org\/{rel}","templated":true}]}}