{"id":26124,"date":"2019-08-03T18:51:44","date_gmt":"2019-08-03T11:51:44","guid":{"rendered":"https:\/\/workingskills.net\/?post_type=product&#038;p=26124"},"modified":"2020-07-24T16:02:20","modified_gmt":"2020-07-24T09:02:20","slug":"ky-nang-lam-viec-nhom-quan-ly-doi-nhom-co-ban","status":"publish","type":"product","link":"https:\/\/www.workingskills.net\/vi\/san-pham\/ky-nang-lam-viec-nhom-quan-ly-doi-nhom-co-ban\/","title":{"rendered":"K\u1ef9 n\u0103ng l\u00e0m vi\u1ec7c nh\u00f3m &#038; qu\u1ea3n l\u00fd \u0111\u1ed9i nh\u00f3m c\u01a1 b\u1ea3n"},"content":{"rendered":"<p><em>M\u00e3 kho\u00e1 h\u1ecdc: SLVG-024<br \/>\nPhi\u00ean b\u1ea3n: K\u1ef9 n\u0103ng l\u00e0m vi\u1ec7c nh\u00f3m c\u01a1 b\u1ea3n \u2013 Ti\u1ebfng Vi\u1ec7t<\/em><\/p>\n<p>B\u1ea1n \u0111\u00e3 t\u1eebng g\u1eb7p ph\u1ea3i nh\u1eefng t\u00ecnh hu\u1ed1ng b\u1ea5t \u0111\u1ed3ng khi l\u00e0m vi\u1ec7c nh\u00f3m?<br \/>\nB\u1ea1n kh\u00f4ng bi\u1ebft l\u00e0m sao \u0111\u1ec3 gi\u1ea3i quy\u1ebft c\u00e1c v\u1ea5n \u0111\u1ec1 x\u1ea3y ra trong nh\u00f3m m\u1ed9t c\u00e1ch t\u1ed1t nh\u1ea5t?<br \/>\nB\u1ea1n mu\u1ed1n nh\u00f3m m\u00ecnh ho\u1ea1t \u0111\u1ed9ng v\u00e0 ph\u00e1t tri\u1ec3n h\u01a1n n\u1eefa?<br \/>\nB\u1ea1n c\u00f3 ph\u1ea3i l\u00e0 ng\u01b0\u1eddi c\u00f3 t\u1ed1 ch\u1ea5t \u0111\u1ec3 <a href=\"https:\/\/www.workingskills.net\/vi\/courses\/ky-nang-lam-viec-nhom-quan-ly-doi-nhom-nang-cao\/\" target=\"_blank\" rel=\"noopener noreferrer\">l\u00e3nh \u0111\u1ea1o nh\u00f3m m\u00ecnh<\/a> kh\u00f4ng?<br \/>\nKhi hi\u1ec3u \u0111\u01b0\u1ee3c t\u01b0\u1eddng t\u1eadn nh\u1eefng kh\u00e1i ni\u1ec7m v\u1ec1 nh\u00f3m v\u00e0 c\u00e1c v\u1ea5n \u0111\u1ec1 li\u00ean quan \u0111\u1ebfn ho\u1ea1t \u0111\u1ed9ng nh\u00f3m, b\u1ea1n s\u1ebd kh\u00f4ng c\u00f2n c\u1ea3m th\u1ea5y qu\u00e1 kh\u00f3 kh\u0103n khi l\u00e0m vi\u1ec7c nh\u00f3m hay gi\u1ea3i quy\u1ebft b\u1ea5t k\u00ec m\u00e2u thu\u1eabn n\u00e0o x\u1ea3y ra trong nh\u00f3m n\u1eefa. Kh\u00f3a h\u1ecdc k\u1ef9 n\u0103ng l\u00e0m vi\u1ec7c nh\u00f3m &amp; qu\u1ea3n l\u00fd \u0111\u1ed9i nh\u00f3m s\u1ebd gi\u00fap b\u1ea1n chinh ph\u1ee5c c\u00e1c v\u1ea5n \u0111\u1ec1 n\u00e0y.<\/p>\n<p><em>B\u1ea1n s\u1ebd \u0111\u01b0\u1ee3c h\u1ed7 tr\u1ee3 v\u00e0 t\u01b0 v\u1ea5n tr\u1ef1c tuy\u1ebfn mi\u1ec5n ph\u00ed b\u1edfi nh\u1eefng chuy\u00ean gia \u0111\u00e0o t\u1ea1o doanh nghi\u1ec7p c\u1ee7a\u00a0<a href=\"http:\/\/www.talentmind.edu.vn\/\" target=\"_blank\" rel=\"noreferrer noopener\">Talent Mind Education<\/a>\u00a0trong su\u1ed1t 365 ng\u00e0y tr\u1ea3i nghi\u1ec7m kho\u00e1 h\u1ecdc.<\/em><\/p>\n<h3><strong>Sau kh\u00f3a h\u1ecdc k\u1ef9 n\u0103ng l\u00e0m vi\u1ec7c nh\u00f3m c\u01a1 b\u1ea3n n\u00e0y, b\u1ea1n c\u00f3 th\u1ec3:<\/strong><\/h3>\n<ul>\n<li>Hi\u1ec3u r\u00f5 th\u1ebf n\u00e0o l\u00e0 nh\u00f3m v\u00e0 m\u1ed9t nh\u00f3m l\u00e0m vi\u1ec7c hi\u1ec7u qu\u1ea3 c\u1ea7n c\u00f3 nh\u1eefng g\u00ec<\/li>\n<li>N\u1eafm b\u1eaft \u0111\u01b0\u1ee3c \u0111\u1eb7c \u0111i\u1ec3m c\u1ee7a b\u1ed1n giai \u0111o\u1ea1n ph\u00e1t tri\u1ec3n nh\u00f3m \u0111\u1ec3 qu\u1ea3n l\u00fd nh\u00f3m hi\u1ec7u qu\u1ea3<\/li>\n<li>Hi\u1ec3u r\u00f5 c\u00e1c vai tr\u00f2 trong nh\u00f3m<\/li>\n<li>Bi\u1ebft \u0111\u01b0\u1ee3c nh\u1eefng vi\u1ec7c c\u1ea7n ph\u1ea3i l\u00e0m c\u1ee7a ng\u01b0\u1eddi l\u00e3nh \u0111\u1ea1o nh\u00f3m v\u00e0 th\u00e0nh vi\u00ean trong t\u1eebng giai \u0111o\u1ea1n ph\u00e1t tri\u1ec3n nh\u00f3m<\/li>\n<li>Bi\u1ebft \u0111\u01b0\u1ee3c nh\u1eefng nguy\u00ean nh\u00e2n th\u01b0\u1eddng g\u1eb7p g\u00e2y ra b\u1ea5t \u0111\u1ed3ng nh\u00f3m v\u00e0 c\u00e1ch gi\u1ea3i quy\u1ebft<\/li>\n<\/ul>","protected":false},"excerpt":{"rendered":"<p>M\u00e3 kho\u00e1 h\u1ecdc: SLVG-024 Phi\u00ean b\u1ea3n: K\u1ef9 n\u0103ng l\u00e0m vi\u1ec7c nh\u00f3m c\u01a1 b\u1ea3n \u2013 Ti\u1ebfng Vi\u1ec7t B\u1ea1n \u0111\u00e3 t\u1eebng g\u1eb7p ph\u1ea3i nh\u1eefng t\u00ecnh hu\u1ed1ng b\u1ea5t \u0111\u1ed3ng khi l\u00e0m vi\u1ec7c nh\u00f3m? B\u1ea1n kh\u00f4ng bi\u1ebft l\u00e0m sao \u0111\u1ec3 gi\u1ea3i quy\u1ebft c\u00e1c v\u1ea5n \u0111\u1ec1 x\u1ea3y ra trong nh\u00f3m m\u1ed9t c\u00e1ch t\u1ed1t nh\u1ea5t? B\u1ea1n mu\u1ed1n nh\u00f3m m\u00ecnh ho\u1ea1t \u0111\u1ed9ng [&hellip;]<\/p>","protected":false},"featured_media":19819,"comment_status":"open","ping_status":"closed","template":"","meta":{"_uag_custom_page_level_css":"","site-sidebar-layout":"default","site-content-layout":"default","ast-site-content-layout":"","site-content-style":"default","site-sidebar-style":"default","ast-global-header-display":"","ast-banner-title-visibility":"","ast-main-header-display":"","ast-hfb-above-header-display":"","ast-hfb-below-header-display":"","ast-hfb-mobile-header-display":"","site-post-title":"","ast-breadcrumbs-content":"","ast-featured-img":"","footer-sml-layout":"","theme-transparent-header-meta":"default","adv-header-id-meta":"","stick-header-meta":"","header-above-stick-meta":"","header-main-stick-meta":"","header-below-stick-meta":"","astra-migrate-meta-layouts":"default","ast-page-background-enabled":"default","ast-page-background-meta":{"desktop":{"background-color":"","background-image":"","background-repeat":"repeat","background-position":"center center","background-size":"auto","background-attachment":"scroll","background-type":"","background-media":"","overlay-type":"","overlay-color":"","overlay-opacity":"","overlay-gradient":""},"tablet":{"background-color":"","background-image":"","background-repeat":"repeat","background-position":"center center","background-size":"auto","background-attachment":"scroll","background-type":"","background-media":"","overlay-type":"","overlay-color":"","overlay-opacity":"","overlay-gradient":""},"mobile":{"background-color":"","background-image":"","background-repeat":"repeat","background-position":"center center","background-size":"auto","background-attachment":"scroll","background-type":"","background-media":"","overlay-type":"","overlay-color":"","overlay-opacity":"","overlay-gradient":""}},"ast-content-background-meta":{"desktop":{"background-color":"var(--ast-global-color-5)","background-image":"","background-repeat":"repeat","background-position":"center center","background-size":"auto","background-attachment":"scroll","background-type":"","background-media":"","overlay-type":"","overlay-color":"","overlay-opacity":"","overlay-gradient":""},"tablet":{"background-color":"var(--ast-global-color-5)","background-image":"","background-repeat":"repeat","background-position":"center center","background-size":"auto","background-attachment":"scroll","background-type":"","background-media":"","overlay-type":"","overlay-color":"","overlay-opacity":"","overlay-gradient":""},"mobile":{"background-color":"var(--ast-global-color-5)","background-image":"","background-repeat":"repeat","background-position":"center center","background-size":"auto","background-attachment":"scroll","background-type":"","background-media":"","overlay-type":"","overlay-color":"","overlay-opacity":"","overlay-gradient":""}}},"product_brand":[],"product_cat":[375],"product_tag":[614,649,648,615],"class_list":{"0":"post-26124","1":"product","2":"type-product","3":"status-publish","4":"has-post-thumbnail","6":"product_cat-ky-nang-lam-viec-chuyen-nghiep-danh-cho-sinh-vien","7":"product_tag-basic-teamwork-team-management-skills","8":"product_tag-ky-nang-lam-viec-nhom-quan-ly-doi-nhom","9":"product_tag-ky-nang-lam-viec-nhom-quan-ly-doi-nhom-co-ban","10":"product_tag-teamwork-team-management-skills","11":"desktop-align-left","12":"tablet-align-left","13":"mobile-align-left","15":"first","16":"instock","17":"virtual","18":"sold-individually","19":"taxable","20":"purchasable","21":"product-type-courses"},"uagb_featured_image_src":{"full":["https:\/\/www.workingskills.net\/wp-content\/uploads\/2019\/07\/team-work-Copy.jpg",350,250,false],"thumbnail":["https:\/\/www.workingskills.net\/wp-content\/uploads\/2019\/07\/team-work-Copy-150x150.jpg",150,150,true],"medium":["https:\/\/www.workingskills.net\/wp-content\/uploads\/2019\/07\/team-work-Copy-300x214.jpg",300,214,true],"medium_large":["https:\/\/www.workingskills.net\/wp-content\/uploads\/2019\/07\/team-work-Copy.jpg",350,250,false],"large":["https:\/\/www.workingskills.net\/wp-content\/uploads\/2019\/07\/team-work-Copy.jpg",350,250,false],"1536x1536":["https:\/\/www.workingskills.net\/wp-content\/uploads\/2019\/07\/team-work-Copy.jpg",350,250,false],"2048x2048":["https:\/\/www.workingskills.net\/wp-content\/uploads\/2019\/07\/team-work-Copy.jpg",350,250,false],"trp-custom-language-flag":["https:\/\/www.workingskills.net\/wp-content\/uploads\/2019\/07\/team-work-Copy.jpg",18,12,false],"woocommerce_thumbnail":["https:\/\/www.workingskills.net\/wp-content\/uploads\/2019\/07\/team-work-Copy-300x250.jpg",300,250,true],"woocommerce_single":["https:\/\/www.workingskills.net\/wp-content\/uploads\/2019\/07\/team-work-Copy.jpg",350,250,false],"woocommerce_gallery_thumbnail":["https:\/\/www.workingskills.net\/wp-content\/uploads\/2019\/07\/team-work-Copy-100x100.jpg",100,100,true]},"uagb_author_info":{"display_name":"Working Skills","author_link":"https:\/\/www.workingskills.net\/vi\/author\/"},"uagb_comment_info":0,"uagb_excerpt":"M\u00e3 kho\u00e1 h\u1ecdc: SLVG-024 Phi\u00ean b\u1ea3n: K\u1ef9 n\u0103ng l\u00e0m vi\u1ec7c nh\u00f3m c\u01a1 b\u1ea3n \u2013 Ti\u1ebfng Vi\u1ec7t B\u1ea1n \u0111\u00e3 t\u1eebng g\u1eb7p ph\u1ea3i nh\u1eefng t\u00ecnh hu\u1ed1ng b\u1ea5t \u0111\u1ed3ng khi l\u00e0m vi\u1ec7c nh\u00f3m? B\u1ea1n kh\u00f4ng bi\u1ebft l\u00e0m sao \u0111\u1ec3 gi\u1ea3i quy\u1ebft c\u00e1c v\u1ea5n \u0111\u1ec1 x\u1ea3y ra trong nh\u00f3m m\u1ed9t c\u00e1ch t\u1ed1t nh\u1ea5t? B\u1ea1n mu\u1ed1n nh\u00f3m m\u00ecnh ho\u1ea1t \u0111\u1ed9ng&hellip;","_links":{"self":[{"href":"https:\/\/www.workingskills.net\/vi\/wp-json\/wp\/v2\/product\/26124","targetHints":{"allow":["GET"]}}],"collection":[{"href":"https:\/\/www.workingskills.net\/vi\/wp-json\/wp\/v2\/product"}],"about":[{"href":"https:\/\/www.workingskills.net\/vi\/wp-json\/wp\/v2\/types\/product"}],"replies":[{"embeddable":true,"href":"https:\/\/www.workingskills.net\/vi\/wp-json\/wp\/v2\/comments?post=26124"}],"wp:featuredmedia":[{"embeddable":true,"href":"https:\/\/www.workingskills.net\/vi\/wp-json\/wp\/v2\/media\/19819"}],"wp:attachment":[{"href":"https:\/\/www.workingskills.net\/vi\/wp-json\/wp\/v2\/media?parent=26124"}],"wp:term":[{"taxonomy":"product_brand","embeddable":true,"href":"https:\/\/www.workingskills.net\/vi\/wp-json\/wp\/v2\/product_brand?post=26124"},{"taxonomy":"product_cat","embeddable":true,"href":"https:\/\/www.workingskills.net\/vi\/wp-json\/wp\/v2\/product_cat?post=26124"},{"taxonomy":"product_tag","embeddable":true,"href":"https:\/\/www.workingskills.net\/vi\/wp-json\/wp\/v2\/product_tag?post=26124"}],"curies":[{"name":"wp","href":"https:\/\/api.w.org\/{rel}","templated":true}]}}