{"id":26122,"date":"2019-08-03T18:47:24","date_gmt":"2019-08-03T11:47:24","guid":{"rendered":"https:\/\/workingskills.net\/?post_type=product&#038;p=26122"},"modified":"2020-07-24T16:02:33","modified_gmt":"2020-07-24T09:02:33","slug":"tu-duy-phan-bien-co-ban","status":"publish","type":"product","link":"https:\/\/www.workingskills.net\/vi\/san-pham\/tu-duy-phan-bien-co-ban\/","title":{"rendered":"T\u01b0 duy ph\u1ea3n bi\u1ec7n c\u01a1 b\u1ea3n"},"content":{"rendered":"<p><em>M\u00e3 kho\u00e1 h\u1ecdc: SLVG-017<br \/>\nPhi\u00ean b\u1ea3n: K\u1ef9 n\u0103ng t\u01b0 duy ph\u1ea3n bi\u1ec7n c\u01a1 b\u1ea3n \u2013 Ti\u1ebfng Vi\u1ec7t<\/em><\/p>\n<p>X\u00e3 h\u1ed9i c\u00e0ng ph\u00e1t tri\u1ec3n th\u00ec c\u00e0ng c\u00f3 nhi\u1ec1u v\u1ea5n \u0111\u1ec1 ph\u00e1t sinh. M\u1ed7i ng\u00e0y, ch\u00fang ta ph\u1ea3i ti\u1ebfp nh\u1eadn m\u1ed9t kh\u1ed1i l\u01b0\u1ee3ng l\u1edbn th\u00f4ng tin v\u00e0 ph\u1ea7n l\u1edbn trong ch\u00fang l\u00e0 nh\u1eefng th\u00f4ng tin kh\u00f4ng ch\u00ednh x\u00e1c, sai l\u1ec7ch. K\u1ef9 n\u0103ng t\u01b0 duy ph\u1ea3n bi\u1ec7n l\u00e0 m\u1ed9t k\u1ef9 n\u0103ng quan tr\u1ecdng c\u00f3 th\u1ec3 gi\u00fap ch\u00fang ta kh\u00e1m ph\u00e1 ra nh\u1eefng kh\u00eda c\u1ea1nh kh\u00e1c nhau c\u1ee7a v\u1ea5n \u0111\u1ec1, gi\u1ea3i quy\u1ebft v\u1ea5n \u0111\u1ec1 hi\u1ec7u qu\u1ea3 h\u01a1n. K\u1ef9 n\u0103ng t\u01b0 duy ph\u1ea3n bi\u1ec7n, nh\u01b0 m\u1ed9t \u0111\u1ee9a tr\u1ebb \u2013 ng\u01b0\u1eddi lu\u00f4n t\u00f2 m\u00f2 v\u00e0 \u0111\u1eb7t c\u00e2u h\u1ecfi v\u1ec1 m\u1ecdi th\u1ee9 xung quanh, s\u1ebd l\u00e0 \u0111\u1ed9ng l\u1ef1c v\u00e0 l\u00e0 con \u0111\u01b0\u1eddng d\u1eabn d\u1eaft b\u1ea1n t\u00ecm \u0111\u1ebfn v\u1edbi s\u1ef1 th\u1eadt.<\/p>\n<p>Kh\u00f3a h\u1ecdc K\u1ef9 n\u0103ng t\u01b0 duy ph\u1ea3n bi\u1ec7n s\u1ebd trang b\u1ecb cho b\u1ea1n c\u00e1ch th\u1ee9c ti\u1ebfp c\u1eadn v\u1ea5n \u0111\u1ec1 t\u1eeb nhi\u1ec1u g\u00f3c \u0111\u1ed9 kh\u00e1c nhau b\u1eb1ng m\u1ed9t t\u01b0 duy ch\u00ednh x\u00e1c, th\u1ef1c t\u1ebf v\u00e0 s\u00e2u s\u1eafc. Kh\u00f3a h\u1ecdc c\u00f2n gi\u00fap b\u1ea1n c\u00f3 nh\u1eefng thay \u0111\u1ed5i t\u00edch c\u1ef1c v\u1ec1 t\u01b0 duy v\u00e0 h\u00e0nh \u0111\u1ed9ng. \u0110\u00e2y c\u0169ng l\u00e0 m\u1ed9t k\u1ef9 n\u0103ng thi\u1ebft y\u1ebfu cho k\u1ef9 n\u0103ng gi\u1ea3i quy\u1ebft v\u1ea5n \u0111\u1ec1, nghi\u00ean c\u1ee9u v\u00e0 <a href=\"https:\/\/www.workingskills.net\/vi\/courses\/tu-duy-phan-bien-nang-cao\/\" target=\"_blank\" rel=\"noreferrer noopener\" aria-label=\"thuy\u1ebft ph\u1ee5c ng\u01b0\u1eddi kh\u00e1c. (m\u1edf trong tab m\u1edbi)\">thuy\u1ebft ph\u1ee5c ng\u01b0\u1eddi kh\u00e1c.<\/a><\/p>\n<p><em>B\u1ea1n s\u1ebd \u0111\u01b0\u1ee3c h\u1ed7 tr\u1ee3 v\u00e0 t\u01b0 v\u1ea5n tr\u1ef1c tuy\u1ebfn mi\u1ec5n ph\u00ed b\u1edfi nh\u1eefng chuy\u00ean gia \u0111\u00e0o t\u1ea1o doanh nghi\u1ec7p c\u1ee7a\u00a0<a href=\"http:\/\/www.talentmind.edu.vn\/\" target=\"_blank\" rel=\"noreferrer noopener\">Talent Mind Education<\/a>\u00a0trong su\u1ed1t 365 ng\u00e0y tr\u1ea3i nghi\u1ec7m kho\u00e1 h\u1ecdc.<\/em><\/p>\n<h3><strong>Sau kh\u00f3a h\u1ecdc k\u1ef9 n\u0103ng t\u01b0 duy ph\u1ea3n bi\u1ec7n c\u01a1 b\u1ea3n n\u00e0y, b\u1ea1n c\u00f3 th\u1ec3:<\/strong><\/h3>\n<ul>\n<li>Hi\u1ec3u r\u00f5 t\u01b0 duy ph\u1ea3n bi\u1ec7n l\u00e0 g\u00ec v\u00e0 d\u00f9ng \u0111\u1ec3 l\u00e0m g\u00ec<\/li>\n<li>N\u00e2ng cao kh\u1ea3 n\u0103ng nh\u1eadn th\u1ee9c c\u1ee7a b\u1ea1n v\u1ec1 c\u00e1c v\u1ea5n \u0111\u1ec1 xung quanh hay c\u00e1c th\u00f4ng tin ti\u1ebfp nh\u1eadn \u0111\u01b0\u1ee3c<\/li>\n<li>\u00c1p d\u1ee5ng t\u01b0 duy ph\u1ea3n bi\u1ec7n v\u00e0o gi\u1ea3i quy\u1ebft v\u1ea5n \u0111\u1ec1<\/li>\n<li>T\u00ecm ki\u1ebfm v\u00e0 \u0111\u00e1nh gi\u00e1 th\u00f4ng tin m\u1ed9t c\u00e1ch ch\u00ednh x\u00e1c<\/li>\n<li>Ph\u00e2n bi\u1ec7t \u0111\u01b0\u1ee3c th\u00f4ng tin c\u00f3 \u0111\u00e1ng tin c\u1eady hay kh\u00f4ng<\/li>\n<\/ul>","protected":false},"excerpt":{"rendered":"<p>M\u00e3 kho\u00e1 h\u1ecdc: SLVG-017 Phi\u00ean b\u1ea3n: K\u1ef9 n\u0103ng t\u01b0 duy ph\u1ea3n bi\u1ec7n c\u01a1 b\u1ea3n \u2013 Ti\u1ebfng Vi\u1ec7t X\u00e3 h\u1ed9i c\u00e0ng ph\u00e1t tri\u1ec3n th\u00ec c\u00e0ng c\u00f3 nhi\u1ec1u v\u1ea5n \u0111\u1ec1 ph\u00e1t sinh. M\u1ed7i ng\u00e0y, ch\u00fang ta ph\u1ea3i ti\u1ebfp nh\u1eadn m\u1ed9t kh\u1ed1i l\u01b0\u1ee3ng l\u1edbn th\u00f4ng tin v\u00e0 ph\u1ea7n l\u1edbn trong ch\u00fang l\u00e0 nh\u1eefng th\u00f4ng tin kh\u00f4ng ch\u00ednh x\u00e1c, [&hellip;]<\/p>","protected":false},"featured_media":19786,"comment_status":"open","ping_status":"closed","template":"","meta":{"_uag_custom_page_level_css":"","site-sidebar-layout":"default","site-content-layout":"default","ast-site-content-layout":"","site-content-style":"default","site-sidebar-style":"default","ast-global-header-display":"","ast-banner-title-visibility":"","ast-main-header-display":"","ast-hfb-above-header-display":"","ast-hfb-below-header-display":"","ast-hfb-mobile-header-display":"","site-post-title":"","ast-breadcrumbs-content":"","ast-featured-img":"","footer-sml-layout":"","theme-transparent-header-meta":"default","adv-header-id-meta":"","stick-header-meta":"","header-above-stick-meta":"","header-main-stick-meta":"","header-below-stick-meta":"","astra-migrate-meta-layouts":"default","ast-page-background-enabled":"default","ast-page-background-meta":{"desktop":{"background-color":"","background-image":"","background-repeat":"repeat","background-position":"center center","background-size":"auto","background-attachment":"scroll","background-type":"","background-media":"","overlay-type":"","overlay-color":"","overlay-opacity":"","overlay-gradient":""},"tablet":{"background-color":"","background-image":"","background-repeat":"repeat","background-position":"center center","background-size":"auto","background-attachment":"scroll","background-type":"","background-media":"","overlay-type":"","overlay-color":"","overlay-opacity":"","overlay-gradient":""},"mobile":{"background-color":"","background-image":"","background-repeat":"repeat","background-position":"center center","background-size":"auto","background-attachment":"scroll","background-type":"","background-media":"","overlay-type":"","overlay-color":"","overlay-opacity":"","overlay-gradient":""}},"ast-content-background-meta":{"desktop":{"background-color":"var(--ast-global-color-5)","background-image":"","background-repeat":"repeat","background-position":"center center","background-size":"auto","background-attachment":"scroll","background-type":"","background-media":"","overlay-type":"","overlay-color":"","overlay-opacity":"","overlay-gradient":""},"tablet":{"background-color":"var(--ast-global-color-5)","background-image":"","background-repeat":"repeat","background-position":"center center","background-size":"auto","background-attachment":"scroll","background-type":"","background-media":"","overlay-type":"","overlay-color":"","overlay-opacity":"","overlay-gradient":""},"mobile":{"background-color":"var(--ast-global-color-5)","background-image":"","background-repeat":"repeat","background-position":"center center","background-size":"auto","background-attachment":"scroll","background-type":"","background-media":"","overlay-type":"","overlay-color":"","overlay-opacity":"","overlay-gradient":""}}},"product_brand":[],"product_cat":[375],"product_tag":[619,617,666,530],"class_list":{"0":"post-26122","1":"product","2":"type-product","3":"status-publish","4":"has-post-thumbnail","6":"product_cat-ky-nang-lam-viec-chuyen-nghiep-danh-cho-sinh-vien","7":"product_tag-basic-critical-thinking-skills","8":"product_tag-critical-thinking-skills","9":"product_tag-ky-nang-tu-duy-phan-bien","10":"product_tag-ky-nang-tu-duy-phan-bien-co-ban","11":"desktop-align-left","12":"tablet-align-left","13":"mobile-align-left","15":"first","16":"instock","17":"virtual","18":"sold-individually","19":"taxable","20":"purchasable","21":"product-type-courses"},"uagb_featured_image_src":{"full":["https:\/\/www.workingskills.net\/wp-content\/uploads\/2019\/07\/Problem-Solving1.jpg",350,250,false],"thumbnail":["https:\/\/www.workingskills.net\/wp-content\/uploads\/2019\/07\/Problem-Solving1-150x150.jpg",150,150,true],"medium":["https:\/\/www.workingskills.net\/wp-content\/uploads\/2019\/07\/Problem-Solving1-300x214.jpg",300,214,true],"medium_large":["https:\/\/www.workingskills.net\/wp-content\/uploads\/2019\/07\/Problem-Solving1.jpg",350,250,false],"large":["https:\/\/www.workingskills.net\/wp-content\/uploads\/2019\/07\/Problem-Solving1.jpg",350,250,false],"1536x1536":["https:\/\/www.workingskills.net\/wp-content\/uploads\/2019\/07\/Problem-Solving1.jpg",350,250,false],"2048x2048":["https:\/\/www.workingskills.net\/wp-content\/uploads\/2019\/07\/Problem-Solving1.jpg",350,250,false],"trp-custom-language-flag":["https:\/\/www.workingskills.net\/wp-content\/uploads\/2019\/07\/Problem-Solving1.jpg",18,12,false],"woocommerce_thumbnail":["https:\/\/www.workingskills.net\/wp-content\/uploads\/2019\/07\/Problem-Solving1-300x250.jpg",300,250,true],"woocommerce_single":["https:\/\/www.workingskills.net\/wp-content\/uploads\/2019\/07\/Problem-Solving1.jpg",350,250,false],"woocommerce_gallery_thumbnail":["https:\/\/www.workingskills.net\/wp-content\/uploads\/2019\/07\/Problem-Solving1-100x100.jpg",100,100,true]},"uagb_author_info":{"display_name":"Working Skills","author_link":"https:\/\/www.workingskills.net\/vi\/author\/"},"uagb_comment_info":0,"uagb_excerpt":"M\u00e3 kho\u00e1 h\u1ecdc: SLVG-017 Phi\u00ean b\u1ea3n: K\u1ef9 n\u0103ng t\u01b0 duy ph\u1ea3n bi\u1ec7n c\u01a1 b\u1ea3n \u2013 Ti\u1ebfng Vi\u1ec7t X\u00e3 h\u1ed9i c\u00e0ng ph\u00e1t tri\u1ec3n th\u00ec c\u00e0ng c\u00f3 nhi\u1ec1u v\u1ea5n \u0111\u1ec1 ph\u00e1t sinh. M\u1ed7i ng\u00e0y, ch\u00fang ta ph\u1ea3i ti\u1ebfp nh\u1eadn m\u1ed9t kh\u1ed1i l\u01b0\u1ee3ng l\u1edbn th\u00f4ng tin v\u00e0 ph\u1ea7n l\u1edbn trong ch\u00fang l\u00e0 nh\u1eefng th\u00f4ng tin kh\u00f4ng ch\u00ednh x\u00e1c,&hellip;","_links":{"self":[{"href":"https:\/\/www.workingskills.net\/vi\/wp-json\/wp\/v2\/product\/26122","targetHints":{"allow":["GET"]}}],"collection":[{"href":"https:\/\/www.workingskills.net\/vi\/wp-json\/wp\/v2\/product"}],"about":[{"href":"https:\/\/www.workingskills.net\/vi\/wp-json\/wp\/v2\/types\/product"}],"replies":[{"embeddable":true,"href":"https:\/\/www.workingskills.net\/vi\/wp-json\/wp\/v2\/comments?post=26122"}],"wp:featuredmedia":[{"embeddable":true,"href":"https:\/\/www.workingskills.net\/vi\/wp-json\/wp\/v2\/media\/19786"}],"wp:attachment":[{"href":"https:\/\/www.workingskills.net\/vi\/wp-json\/wp\/v2\/media?parent=26122"}],"wp:term":[{"taxonomy":"product_brand","embeddable":true,"href":"https:\/\/www.workingskills.net\/vi\/wp-json\/wp\/v2\/product_brand?post=26122"},{"taxonomy":"product_cat","embeddable":true,"href":"https:\/\/www.workingskills.net\/vi\/wp-json\/wp\/v2\/product_cat?post=26122"},{"taxonomy":"product_tag","embeddable":true,"href":"https:\/\/www.workingskills.net\/vi\/wp-json\/wp\/v2\/product_tag?post=26122"}],"curies":[{"name":"wp","href":"https:\/\/api.w.org\/{rel}","templated":true}]}}