{"id":26121,"date":"2019-08-03T18:39:29","date_gmt":"2019-08-03T11:39:29","guid":{"rendered":"https:\/\/workingskills.net\/?post_type=product&#038;p=26121"},"modified":"2020-07-24T16:02:43","modified_gmt":"2020-07-24T09:02:43","slug":"ky-nang-lang-nghe-va-phan-hoi","status":"publish","type":"product","link":"https:\/\/www.workingskills.net\/vi\/san-pham\/ky-nang-lang-nghe-va-phan-hoi\/","title":{"rendered":"K\u1ef9 n\u0103ng l\u1eafng nghe v\u00e0 ph\u1ea3n h\u1ed3i"},"content":{"rendered":"<p><em>M\u00e3 kho\u00e1 h\u1ecdc: SLVG-004<br \/>\nPhi\u00ean b\u1ea3n: K\u1ef9 n\u0103ng l\u1eafng nghe v\u00e0 ph\u1ea3n h\u1ed3i \u2013 Ti\u1ebfng Vi\u1ec7t<\/em><\/p>\n<p>Ph\u1ea7n l\u1edbn m\u1ecdi ng\u01b0\u1eddi th\u01b0\u1eddng hay n\u00f3i nhi\u1ec1u h\u01a1n l\u00e0 nghe. Trong khi \u0111\u00f3, nghe l\u1ea1i chi\u1ebfm m\u1ed9t t\u1ec9 l\u1ec7 l\u1edbn trong vi\u1ec7c giao ti\u1ebfp th\u00e0nh c\u00f4ng. Vi\u1ec7c l\u1eafng nghe hi\u1ec7u qu\u1ea3 s\u1ebd gi\u00fap b\u1ea1n kh\u00f4ng ch\u1ec9 hi\u1ec3u r\u00f5 \u0111\u1ed1i ph\u01b0\u01a1ng m\u00e0 c\u00f2n th\u1ec3 hi\u1ec7n s\u1ef1 t\u00f4n tr\u1ecdng c\u1ee7a b\u1ea1n d\u00e0nh cho h\u1ecd. \u0110\u00e2y l\u00e0 nguy\u00ean t\u1eafc c\u01a1 b\u1ea3n \u0111\u1ea7u ti\u00ean \u0111\u1ec3 gi\u00fap b\u1ea1n t\u1ea1o d\u1ef1ng l\u00f2ng tin cho ng\u01b0\u1eddi kh\u00e1c.<br \/>\nB\u00ean c\u1ea1nh \u0111\u00f3,\u00a0<a href=\"https:\/\/www.workingskills.net\/vi\/courses\/ky-nang-giao-tiep-co-ban\/\" target=\"_blank\" rel=\"noreferrer noopener\" aria-label=\" (m\u1edf trong tab m\u1edbi)\">trong qu\u00e1 tr\u00ecnh giao ti\u1ebfp,<\/a>\u00a0kh\u00f4ng ph\u1ea3i ai c\u0169ng bi\u1ebft c\u00e1ch ph\u1ea3n h\u1ed3i hi\u1ec7u qu\u1ea3 th\u00f4ng qua l\u1eddi n\u00f3i v\u00e0 ng\u00f4n ng\u1eef c\u01a1 th\u1ec3. Trong khi \u0111\u00f3, \u0111\u00e2y l\u1ea1i l\u00e0 hai k\u1ef9 n\u0103ng quan tr\u1ecdng gi\u00fap b\u1ea1n giao ti\u1ebfp th\u00e0nh c\u00f4ng.<br \/>\nKh\u00f3a h\u1ecdc n\u00e0y s\u1ebd gi\u00fap b\u1ea1n trang b\u1ecb nh\u1eefng k\u1ef9 thu\u1eadt c\u1ea7n thi\u1ebft \u0111\u1ec3 c\u00f3 th\u1ec3 tr\u1edf th\u00e0nh m\u1ed9t \u201cchuy\u00ean gia\u201d l\u1eafng nghe v\u00e0 ph\u1ea3n h\u1ed3i.<\/p>\n<p><em>B\u1ea1n s\u1ebd \u0111\u01b0\u1ee3c h\u1ed7 tr\u1ee3 v\u00e0 t\u01b0 v\u1ea5n tr\u1ef1c tuy\u1ebfn mi\u1ec5n ph\u00ed b\u1edfi nh\u1eefng chuy\u00ean gia \u0111\u00e0o t\u1ea1o doanh nghi\u1ec7p c\u1ee7a\u00a0<a href=\"http:\/\/www.talentmind.edu.vn\/\" target=\"_blank\" rel=\"noreferrer noopener\">Talent Mind Education<\/a>\u00a0trong su\u1ed1t 365 ng\u00e0y tr\u1ea3i nghi\u1ec7m kho\u00e1 h\u1ecdc.<\/em><\/p>\n<h3><strong>Sau kh\u00f3a h\u1ecdc k\u1ef9 n\u0103ng l\u1eafng nghe v\u00e0 ph\u1ea3n h\u1ed3i n\u00e0y, b\u1ea1n c\u00f3 th\u1ec3:<\/strong><\/h3>\n<ul>\n<li>N\u1eafm v\u1eefng c\u00e1c \u201cb\u00ed k\u00edp\u201d gi\u00fap l\u1eafng nghe hi\u1ec7u qu\u1ea3<\/li>\n<li>L\u00e0m ch\u1ee7 \u201cngh\u1ec7 thu\u1eadt l\u1eafng nghe v\u00e0 th\u1ea5u hi\u1ec3u\u201d trong giao ti\u1ebfp<\/li>\n<li>V\u1eadn d\u1ee5ng c\u00e1c k\u1ef9 thu\u1eadt ph\u1ea3n h\u1ed3i \u0111\u1ec3 n\u00e2ng cao hi\u1ec7u qu\u1ea3 giao ti\u1ebfp nh\u01b0 ph\u1ea3n h\u1ed3i h\u00e0nh vi, ph\u1ea3n h\u1ed3i Ask \u2013 Tell \u2013 Ask, ph\u1ea3n h\u1ed3i SBI\u2026<\/li>\n<li>Bi\u1ebft c\u00e1ch ti\u1ebfp nh\u1eadn \u00fd ki\u1ebfn ph\u1ea3n h\u1ed3i m\u1ed9t c\u00e1ch chuy\u00ean nghi\u1ec7p v\u00e0 c\u1edfi m\u1edf<\/li>\n<\/ul>","protected":false},"excerpt":{"rendered":"<p>M\u00e3 kho\u00e1 h\u1ecdc: SLVG-004 Phi\u00ean b\u1ea3n: K\u1ef9 n\u0103ng l\u1eafng nghe v\u00e0 ph\u1ea3n h\u1ed3i \u2013 Ti\u1ebfng Vi\u1ec7t Ph\u1ea7n l\u1edbn m\u1ecdi ng\u01b0\u1eddi th\u01b0\u1eddng hay n\u00f3i nhi\u1ec1u h\u01a1n l\u00e0 nghe. Trong khi \u0111\u00f3, nghe l\u1ea1i chi\u1ebfm m\u1ed9t t\u1ec9 l\u1ec7 l\u1edbn trong vi\u1ec7c giao ti\u1ebfp th\u00e0nh c\u00f4ng. Vi\u1ec7c l\u1eafng nghe hi\u1ec7u qu\u1ea3 s\u1ebd gi\u00fap b\u1ea1n kh\u00f4ng ch\u1ec9 hi\u1ec3u r\u00f5 [&hellip;]<\/p>","protected":false},"featured_media":2950,"comment_status":"open","ping_status":"closed","template":"","meta":{"_uag_custom_page_level_css":"","site-sidebar-layout":"default","site-content-layout":"default","ast-site-content-layout":"","site-content-style":"default","site-sidebar-style":"default","ast-global-header-display":"","ast-banner-title-visibility":"","ast-main-header-display":"","ast-hfb-above-header-display":"","ast-hfb-below-header-display":"","ast-hfb-mobile-header-display":"","site-post-title":"","ast-breadcrumbs-content":"","ast-featured-img":"","footer-sml-layout":"","theme-transparent-header-meta":"default","adv-header-id-meta":"","stick-header-meta":"","header-above-stick-meta":"","header-main-stick-meta":"","header-below-stick-meta":"","astra-migrate-meta-layouts":"default","ast-page-background-enabled":"default","ast-page-background-meta":{"desktop":{"background-color":"","background-image":"","background-repeat":"repeat","background-position":"center center","background-size":"auto","background-attachment":"scroll","background-type":"","background-media":"","overlay-type":"","overlay-color":"","overlay-opacity":"","overlay-gradient":""},"tablet":{"background-color":"","background-image":"","background-repeat":"repeat","background-position":"center center","background-size":"auto","background-attachment":"scroll","background-type":"","background-media":"","overlay-type":"","overlay-color":"","overlay-opacity":"","overlay-gradient":""},"mobile":{"background-color":"","background-image":"","background-repeat":"repeat","background-position":"center center","background-size":"auto","background-attachment":"scroll","background-type":"","background-media":"","overlay-type":"","overlay-color":"","overlay-opacity":"","overlay-gradient":""}},"ast-content-background-meta":{"desktop":{"background-color":"var(--ast-global-color-5)","background-image":"","background-repeat":"repeat","background-position":"center center","background-size":"auto","background-attachment":"scroll","background-type":"","background-media":"","overlay-type":"","overlay-color":"","overlay-opacity":"","overlay-gradient":""},"tablet":{"background-color":"var(--ast-global-color-5)","background-image":"","background-repeat":"repeat","background-position":"center center","background-size":"auto","background-attachment":"scroll","background-type":"","background-media":"","overlay-type":"","overlay-color":"","overlay-opacity":"","overlay-gradient":""},"mobile":{"background-color":"var(--ast-global-color-5)","background-image":"","background-repeat":"repeat","background-position":"center center","background-size":"auto","background-attachment":"scroll","background-type":"","background-media":"","overlay-type":"","overlay-color":"","overlay-opacity":"","overlay-gradient":""}}},"product_brand":[],"product_cat":[375],"product_tag":[643,644,546,506],"class_list":{"0":"post-26121","1":"product","2":"type-product","3":"status-publish","4":"has-post-thumbnail","6":"product_cat-ky-nang-lam-viec-chuyen-nghiep-danh-cho-sinh-vien","7":"product_tag-communication-skills","8":"product_tag-effective-listening-and-providing-feedbacks-skills","9":"product_tag-ky-nang-giao-tiep","10":"product_tag-ky-nang-lang-nghe-va-phan-hoi","11":"desktop-align-left","12":"tablet-align-left","13":"mobile-align-left","15":"first","16":"instock","17":"virtual","18":"sold-individually","19":"taxable","20":"purchasable","21":"product-type-courses"},"uagb_featured_image_src":{"full":["https:\/\/www.workingskills.net\/wp-content\/uploads\/2017\/01\/Effective-communication1.jpg",350,250,false],"thumbnail":["https:\/\/www.workingskills.net\/wp-content\/uploads\/2017\/01\/Effective-communication1-150x150.jpg",150,150,true],"medium":["https:\/\/www.workingskills.net\/wp-content\/uploads\/2017\/01\/Effective-communication1-300x214.jpg",300,214,true],"medium_large":["https:\/\/www.workingskills.net\/wp-content\/uploads\/2017\/01\/Effective-communication1.jpg",350,250,false],"large":["https:\/\/www.workingskills.net\/wp-content\/uploads\/2017\/01\/Effective-communication1.jpg",350,250,false],"1536x1536":["https:\/\/www.workingskills.net\/wp-content\/uploads\/2017\/01\/Effective-communication1.jpg",350,250,false],"2048x2048":["https:\/\/www.workingskills.net\/wp-content\/uploads\/2017\/01\/Effective-communication1.jpg",350,250,false],"trp-custom-language-flag":["https:\/\/www.workingskills.net\/wp-content\/uploads\/2017\/01\/Effective-communication1.jpg",18,12,false],"woocommerce_thumbnail":["https:\/\/www.workingskills.net\/wp-content\/uploads\/2017\/01\/Effective-communication1-300x250.jpg",300,250,true],"woocommerce_single":["https:\/\/www.workingskills.net\/wp-content\/uploads\/2017\/01\/Effective-communication1.jpg",350,250,false],"woocommerce_gallery_thumbnail":["https:\/\/www.workingskills.net\/wp-content\/uploads\/2017\/01\/Effective-communication1-100x100.jpg",100,100,true]},"uagb_author_info":{"display_name":"Working Skills","author_link":"https:\/\/www.workingskills.net\/vi\/author\/"},"uagb_comment_info":0,"uagb_excerpt":"M\u00e3 kho\u00e1 h\u1ecdc: SLVG-004 Phi\u00ean b\u1ea3n: K\u1ef9 n\u0103ng l\u1eafng nghe v\u00e0 ph\u1ea3n h\u1ed3i \u2013 Ti\u1ebfng Vi\u1ec7t Ph\u1ea7n l\u1edbn m\u1ecdi ng\u01b0\u1eddi th\u01b0\u1eddng hay n\u00f3i nhi\u1ec1u h\u01a1n l\u00e0 nghe. Trong khi \u0111\u00f3, nghe l\u1ea1i chi\u1ebfm m\u1ed9t t\u1ec9 l\u1ec7 l\u1edbn trong vi\u1ec7c giao ti\u1ebfp th\u00e0nh c\u00f4ng. Vi\u1ec7c l\u1eafng nghe hi\u1ec7u qu\u1ea3 s\u1ebd gi\u00fap b\u1ea1n kh\u00f4ng ch\u1ec9 hi\u1ec3u r\u00f5&hellip;","_links":{"self":[{"href":"https:\/\/www.workingskills.net\/vi\/wp-json\/wp\/v2\/product\/26121","targetHints":{"allow":["GET"]}}],"collection":[{"href":"https:\/\/www.workingskills.net\/vi\/wp-json\/wp\/v2\/product"}],"about":[{"href":"https:\/\/www.workingskills.net\/vi\/wp-json\/wp\/v2\/types\/product"}],"replies":[{"embeddable":true,"href":"https:\/\/www.workingskills.net\/vi\/wp-json\/wp\/v2\/comments?post=26121"}],"wp:featuredmedia":[{"embeddable":true,"href":"https:\/\/www.workingskills.net\/vi\/wp-json\/wp\/v2\/media\/2950"}],"wp:attachment":[{"href":"https:\/\/www.workingskills.net\/vi\/wp-json\/wp\/v2\/media?parent=26121"}],"wp:term":[{"taxonomy":"product_brand","embeddable":true,"href":"https:\/\/www.workingskills.net\/vi\/wp-json\/wp\/v2\/product_brand?post=26121"},{"taxonomy":"product_cat","embeddable":true,"href":"https:\/\/www.workingskills.net\/vi\/wp-json\/wp\/v2\/product_cat?post=26121"},{"taxonomy":"product_tag","embeddable":true,"href":"https:\/\/www.workingskills.net\/vi\/wp-json\/wp\/v2\/product_tag?post=26121"}],"curies":[{"name":"wp","href":"https:\/\/api.w.org\/{rel}","templated":true}]}}