{"id":26120,"date":"2019-08-03T18:38:24","date_gmt":"2019-08-03T11:38:24","guid":{"rendered":"https:\/\/workingskills.net\/?post_type=product&#038;p=26120"},"modified":"2020-07-24T16:02:49","modified_gmt":"2020-07-24T09:02:49","slug":"ky-nang-giao-tiep-trong-moi-truong-cong-so","status":"publish","type":"product","link":"https:\/\/www.workingskills.net\/vi\/san-pham\/ky-nang-giao-tiep-trong-moi-truong-cong-so\/","title":{"rendered":"K\u1ef9 n\u0103ng giao ti\u1ebfp trong m\u00f4i tr\u01b0\u1eddng c\u00f4ng s\u1edf"},"content":{"rendered":"<p><em>M\u00e3 kho\u00e1 h\u1ecdc: SLVG-003<br \/>\nPhi\u00ean b\u1ea3n: K\u1ef9 n\u0103ng giao ti\u1ebfp trong m\u00f4i tr\u01b0\u1eddng c\u00f4ng s\u1edf \u2013 Ti\u1ebfng Vi\u1ec7t<\/em><\/p>\n<p>C\u00e1ch th\u1ee9c giao ti\u1ebfp trong m\u00f4i tr\u01b0\u1eddng l\u00e0m vi\u1ec7c chuy\u00ean nghi\u1ec7p ho\u00e0n to\u00e0n kh\u00e1c v\u1edbi c\u00e1ch th\u1ee9c giao ti\u1ebfp trong m\u00f4i tr\u01b0\u1eddng \u0110\u1ea1i h\u1ecdc, Cao \u0111\u1eb3ng. Trong qu\u00e1 tr\u00ecnh l\u00e0m vi\u1ec7c, b\u1ea1n s\u1ebd kh\u00f3 tr\u00e1nh kh\u1ecfi nh\u1eefng m\u00e2u thu\u1eabn, b\u1ea5t \u0111\u1ed3ng khi giao ti\u1ebfp v\u1edbi \u0111\u1ed3ng nghi\u1ec7p, qu\u1ea3n l\u00fd ho\u1eb7c ch\u00ednh nh\u00e2n vi\u00ean c\u1ee7a m\u00ecnh. Kh\u00f3a h\u1ecdc n\u00e0y s\u1ebd gi\u00fap b\u1ea1n hi\u1ec3u r\u00f5 h\u01a1n v\u1ec1 nh\u1eefng b\u1ea5t \u0111\u1ed3ng, nguy\u00ean nh\u00e2n c\u1ee7a s\u1ef1 kh\u00e1c bi\u1ec7t gi\u1eefa c\u00e1c c\u00e1 nh\u00e2n v\u00e0 c\u00e1ch th\u1ee9c gi\u1ea3i quy\u1ebft nh\u1eefng b\u1ea5t \u0111\u1ed3ng. \u0110\u1ed3ng th\u1eddi, b\u1ea1n c\u0169ng s\u1ebd \u0111\u01b0\u1ee3c h\u01b0\u1edbng d\u1eabn c\u00e1ch th\u1ee9c tr\u00ecnh b\u00e0y c\u1ea3m x\u00fac, c\u1ea3m nh\u1eadn c\u1ee7a b\u1ea3n th\u00e2n m\u1ed9t c\u00e1ch hi\u1ec7u qu\u1ea3 m\u00e0 kh\u00f4ng l\u00e0m \u1ea3nh h\u01b0\u1edfng \u0111\u1ebfn m\u1ed1i quan h\u1ec7 gi\u1eefa b\u1ea1n v\u00e0 ng\u01b0\u1eddi kh\u00e1c.<\/p>\n<p><em>B\u1ea1n s\u1ebd \u0111\u01b0\u1ee3c h\u1ed7 tr\u1ee3 v\u00e0 t\u01b0 v\u1ea5n tr\u1ef1c tuy\u1ebfn mi\u1ec5n ph\u00ed b\u1edfi nh\u1eefng chuy\u00ean gia \u0111\u00e0o t\u1ea1o doanh nghi\u1ec7p c\u1ee7a\u00a0<a href=\"http:\/\/www.talentmind.edu.vn\/\" target=\"_blank\" rel=\"noreferrer noopener\">Talent Mind Education<\/a>\u00a0trong su\u1ed1t 365 ng\u00e0y tr\u1ea3i nghi\u1ec7m kho\u00e1 h\u1ecdc.<\/em><\/p>\n<h3><strong>Sau kh\u00f3a h\u1ecdc k\u1ef9 n\u0103ng giao ti\u1ebfp trong m\u00f4i tr\u01b0\u1eddng c\u00f4ng s\u1edf n\u00e0y, b\u1ea1n c\u00f3 th\u1ec3:<\/strong><\/h3>\n<ul>\n<li>Bi\u1ebft c\u00e1ch \u1ee9ng bi\u1ebfn, ph\u1ea3n h\u1ed3i nhanh trong m\u1ed9t s\u1ed1 tr\u01b0\u1eddng h\u1ee3p giao ti\u1ebfp m\u00e0 b\u1ea1n ch\u01b0a c\u00f3 s\u1ef1 chu\u1ea9n b\u1ecb<\/li>\n<li>Hi\u1ec3u r\u00f5 v\u00ec sao c\u00f3 s\u1ef1 b\u1ea5t \u0111\u1ed3ng trong giao ti\u1ebfp gi\u1eefa c\u00e1c c\u00e1 nh\u00e2n trong c\u00f4ng vi\u1ec7c<\/li>\n<li>Bi\u1ebft c\u00e1ch gi\u1ea3i quy\u1ebft nh\u1eefng b\u1ea5t \u0111\u1ed3ng trong giao ti\u1ebfp<\/li>\n<li>Bi\u1ebft c\u00e1ch tr\u00ecnh b\u00e0y c\u1ea3m x\u00fac, c\u1ea3m nh\u1eadn b\u1ea3n th\u00e2n m\u1ed9t c\u00e1ch t\u00edch c\u1ef1c, kh\u00f4ng l\u00e0m \u1ea3nh h\u01b0\u1edfng \u0111\u1ebfn m\u1ed1i quan h\u1ec7 v\u1edbi ng\u01b0\u1eddi kh\u00e1c<\/li>\n<li>Hi\u1ec3u \u0111\u01b0\u1ee3c m\u1ed9t s\u1ed1 nguy\u00ean t\u1eafc khi giao ti\u1ebfp trong m\u00f4i tr\u01b0\u1eddng \u0111a v\u0103n h\u00f3a nh\u1eb1m gi\u00fap h\u1ea1n ch\u1ebf t\u1ed1i \u0111a nh\u1eefng xung \u0111\u1ed9t kh\u00f4ng c\u1ea7n c\u00f3<\/li>\n<\/ul>","protected":false},"excerpt":{"rendered":"<p>M\u00e3 kho\u00e1 h\u1ecdc: SLVG-003 Phi\u00ean b\u1ea3n: K\u1ef9 n\u0103ng giao ti\u1ebfp trong m\u00f4i tr\u01b0\u1eddng c\u00f4ng s\u1edf \u2013 Ti\u1ebfng Vi\u1ec7t C\u00e1ch th\u1ee9c giao ti\u1ebfp trong m\u00f4i tr\u01b0\u1eddng l\u00e0m vi\u1ec7c chuy\u00ean nghi\u1ec7p ho\u00e0n to\u00e0n kh\u00e1c v\u1edbi c\u00e1ch th\u1ee9c giao ti\u1ebfp trong m\u00f4i tr\u01b0\u1eddng \u0110\u1ea1i h\u1ecdc, Cao \u0111\u1eb3ng. Trong qu\u00e1 tr\u00ecnh l\u00e0m vi\u1ec7c, b\u1ea1n s\u1ebd kh\u00f3 tr\u00e1nh kh\u1ecfi nh\u1eefng [&hellip;]<\/p>","protected":false},"featured_media":1685,"comment_status":"open","ping_status":"closed","template":"","meta":{"_uag_custom_page_level_css":"","site-sidebar-layout":"default","site-content-layout":"default","ast-site-content-layout":"","site-content-style":"default","site-sidebar-style":"default","ast-global-header-display":"","ast-banner-title-visibility":"","ast-main-header-display":"","ast-hfb-above-header-display":"","ast-hfb-below-header-display":"","ast-hfb-mobile-header-display":"","site-post-title":"","ast-breadcrumbs-content":"","ast-featured-img":"","footer-sml-layout":"","theme-transparent-header-meta":"default","adv-header-id-meta":"","stick-header-meta":"","header-above-stick-meta":"","header-main-stick-meta":"","header-below-stick-meta":"","astra-migrate-meta-layouts":"default","ast-page-background-enabled":"default","ast-page-background-meta":{"desktop":{"background-color":"","background-image":"","background-repeat":"repeat","background-position":"center center","background-size":"auto","background-attachment":"scroll","background-type":"","background-media":"","overlay-type":"","overlay-color":"","overlay-opacity":"","overlay-gradient":""},"tablet":{"background-color":"","background-image":"","background-repeat":"repeat","background-position":"center center","background-size":"auto","background-attachment":"scroll","background-type":"","background-media":"","overlay-type":"","overlay-color":"","overlay-opacity":"","overlay-gradient":""},"mobile":{"background-color":"","background-image":"","background-repeat":"repeat","background-position":"center center","background-size":"auto","background-attachment":"scroll","background-type":"","background-media":"","overlay-type":"","overlay-color":"","overlay-opacity":"","overlay-gradient":""}},"ast-content-background-meta":{"desktop":{"background-color":"var(--ast-global-color-5)","background-image":"","background-repeat":"repeat","background-position":"center center","background-size":"auto","background-attachment":"scroll","background-type":"","background-media":"","overlay-type":"","overlay-color":"","overlay-opacity":"","overlay-gradient":""},"tablet":{"background-color":"var(--ast-global-color-5)","background-image":"","background-repeat":"repeat","background-position":"center center","background-size":"auto","background-attachment":"scroll","background-type":"","background-media":"","overlay-type":"","overlay-color":"","overlay-opacity":"","overlay-gradient":""},"mobile":{"background-color":"var(--ast-global-color-5)","background-image":"","background-repeat":"repeat","background-position":"center center","background-size":"auto","background-attachment":"scroll","background-type":"","background-media":"","overlay-type":"","overlay-color":"","overlay-opacity":"","overlay-gradient":""}}},"product_brand":[],"product_cat":[375],"product_tag":[643,665,546,664],"class_list":{"0":"post-26120","1":"product","2":"type-product","3":"status-publish","4":"has-post-thumbnail","6":"product_cat-ky-nang-lam-viec-chuyen-nghiep-danh-cho-sinh-vien","7":"product_tag-communication-skills","8":"product_tag-communication-skills-in-workplace","9":"product_tag-ky-nang-giao-tiep","10":"product_tag-ky-nang-giao-tiep-trong-moi-truong-cong-so","11":"desktop-align-left","12":"tablet-align-left","13":"mobile-align-left","15":"first","16":"instock","17":"virtual","18":"sold-individually","19":"purchasable","20":"product-type-simple"},"uagb_featured_image_src":{"full":["https:\/\/www.workingskills.net\/wp-content\/uploads\/2016\/11\/Communication.jpg",350,250,false],"thumbnail":["https:\/\/www.workingskills.net\/wp-content\/uploads\/2016\/11\/Communication-150x150.jpg",150,150,true],"medium":["https:\/\/www.workingskills.net\/wp-content\/uploads\/2016\/11\/Communication-300x214.jpg",300,214,true],"medium_large":["https:\/\/www.workingskills.net\/wp-content\/uploads\/2016\/11\/Communication.jpg",350,250,false],"large":["https:\/\/www.workingskills.net\/wp-content\/uploads\/2016\/11\/Communication.jpg",350,250,false],"1536x1536":["https:\/\/www.workingskills.net\/wp-content\/uploads\/2016\/11\/Communication.jpg",350,250,false],"2048x2048":["https:\/\/www.workingskills.net\/wp-content\/uploads\/2016\/11\/Communication.jpg",350,250,false],"trp-custom-language-flag":["https:\/\/www.workingskills.net\/wp-content\/uploads\/2016\/11\/Communication.jpg",18,12,false],"woocommerce_thumbnail":["https:\/\/www.workingskills.net\/wp-content\/uploads\/2016\/11\/Communication-300x250.jpg",300,250,true],"woocommerce_single":["https:\/\/www.workingskills.net\/wp-content\/uploads\/2016\/11\/Communication.jpg",350,250,false],"woocommerce_gallery_thumbnail":["https:\/\/www.workingskills.net\/wp-content\/uploads\/2016\/11\/Communication-100x100.jpg",100,100,true]},"uagb_author_info":{"display_name":"Working Skills","author_link":"https:\/\/www.workingskills.net\/vi\/author\/"},"uagb_comment_info":0,"uagb_excerpt":"M\u00e3 kho\u00e1 h\u1ecdc: SLVG-003 Phi\u00ean b\u1ea3n: K\u1ef9 n\u0103ng giao ti\u1ebfp trong m\u00f4i tr\u01b0\u1eddng c\u00f4ng s\u1edf \u2013 Ti\u1ebfng Vi\u1ec7t C\u00e1ch th\u1ee9c giao ti\u1ebfp trong m\u00f4i tr\u01b0\u1eddng l\u00e0m vi\u1ec7c chuy\u00ean nghi\u1ec7p ho\u00e0n to\u00e0n kh\u00e1c v\u1edbi c\u00e1ch th\u1ee9c giao ti\u1ebfp trong m\u00f4i tr\u01b0\u1eddng \u0110\u1ea1i h\u1ecdc, Cao \u0111\u1eb3ng. Trong qu\u00e1 tr\u00ecnh l\u00e0m vi\u1ec7c, b\u1ea1n s\u1ebd kh\u00f3 tr\u00e1nh kh\u1ecfi nh\u1eefng&hellip;","_links":{"self":[{"href":"https:\/\/www.workingskills.net\/vi\/wp-json\/wp\/v2\/product\/26120","targetHints":{"allow":["GET"]}}],"collection":[{"href":"https:\/\/www.workingskills.net\/vi\/wp-json\/wp\/v2\/product"}],"about":[{"href":"https:\/\/www.workingskills.net\/vi\/wp-json\/wp\/v2\/types\/product"}],"replies":[{"embeddable":true,"href":"https:\/\/www.workingskills.net\/vi\/wp-json\/wp\/v2\/comments?post=26120"}],"wp:featuredmedia":[{"embeddable":true,"href":"https:\/\/www.workingskills.net\/vi\/wp-json\/wp\/v2\/media\/1685"}],"wp:attachment":[{"href":"https:\/\/www.workingskills.net\/vi\/wp-json\/wp\/v2\/media?parent=26120"}],"wp:term":[{"taxonomy":"product_brand","embeddable":true,"href":"https:\/\/www.workingskills.net\/vi\/wp-json\/wp\/v2\/product_brand?post=26120"},{"taxonomy":"product_cat","embeddable":true,"href":"https:\/\/www.workingskills.net\/vi\/wp-json\/wp\/v2\/product_cat?post=26120"},{"taxonomy":"product_tag","embeddable":true,"href":"https:\/\/www.workingskills.net\/vi\/wp-json\/wp\/v2\/product_tag?post=26120"}],"curies":[{"name":"wp","href":"https:\/\/api.w.org\/{rel}","templated":true}]}}