{"id":26119,"date":"2019-08-03T18:37:06","date_gmt":"2019-08-03T11:37:06","guid":{"rendered":"https:\/\/workingskills.net\/?post_type=product&#038;p=26119"},"modified":"2020-07-24T16:02:57","modified_gmt":"2020-07-24T09:02:57","slug":"ky-nang-giao-tiep-nang-cao","status":"publish","type":"product","link":"https:\/\/www.workingskills.net\/vi\/san-pham\/ky-nang-giao-tiep-nang-cao\/","title":{"rendered":"K\u1ef9 n\u0103ng giao ti\u1ebfp n\u00e2ng cao"},"content":{"rendered":"<p><em>M\u00e3 kho\u00e1 h\u1ecdc: SLVG-002<br \/>\nPhi\u00ean b\u1ea3n: K\u1ef9 n\u0103ng giao ti\u1ebfp n\u00e2ng cao hi\u1ec7u qu\u1ea3 \u2013 Ti\u1ebfng Vi\u1ec7t<\/em><\/p>\n<p>B\u1ea1n c\u00f3 c\u1ea3m th\u1ea5y kh\u00f3 kh\u0103n khi tr\u00ecnh b\u00e0y m\u1ed9t \u00fd t\u01b0\u1edfng?<br \/>\nB\u1ea1n kh\u00f4ng t\u1ef1 tin khi b\u1eaft chuy\u1ec7n v\u00e0 l\u00e0m quen v\u1edbi ng\u01b0\u1eddi kh\u00e1c?<br \/>\nB\u1ea1n kh\u00f4ng th\u1ec3 \u0111o\u00e1n b\u1eaft \u0111\u01b0\u1ee3c suy ngh\u0129 c\u1ee7a ng\u01b0\u1eddi \u0111\u1ed1i di\u1ec7n?<br \/>\nB\u1ea1n kh\u00f4ng th\u1ec3 \u0111\u1eb7t c\u00e2u h\u1ecfi kh\u00f4n kh\u00e9o \u0111\u1ec3 t\u00ecm ki\u1ebfm th\u00f4ng tin ho\u1eb7c duy tr\u00ec tr\u00f2 chuy\u1ec7n v\u1edbi ng\u01b0\u1eddi kh\u00e1c?<br \/>\n\u0110\u1ec3 \u0111\u1ea1t \u0111\u01b0\u1ee3c nh\u1eefng m\u1ee5c ti\u00eau \u0111\u00f3, b\u00ean c\u1ea1nh nh\u1eefng\u00a0<a href=\"https:\/\/www.workingskills.net\/vi\/courses\/ky-nang-giao-tiep-co-ban\/\" target=\"_blank\" rel=\"noreferrer noopener\" aria-label=\"nguy\u00ean t\u1eafc giao ti\u1ebfp c\u01a1 b\u1ea3n (m\u1edf trong tab m\u1edbi)\">nguy\u00ean t\u1eafc giao ti\u1ebfp c\u01a1 b\u1ea3n<\/a>\u00a0\u0111\u00e3 \u0111\u01b0\u1ee3c h\u1ecdc th\u00ec b\u1ea1n c\u1ea7n l\u00e0m ch\u1ee7 nh\u1eefng k\u1ef9 thu\u1eadt giao ti\u1ebfp n\u00e2ng cao. Kh\u00f3a h\u1ecdc k\u1ef9 n\u0103ng giao ti\u1ebfp n\u00e2ng cao n\u00e0y s\u1ebd gi\u00fap b\u1ea1n chinh ph\u1ee5c nh\u1eefng \u0111i\u1ec1u \u0111\u00f3.<\/p>\n<p><em>B\u1ea1n s\u1ebd \u0111\u01b0\u1ee3c h\u1ed7 tr\u1ee3 v\u00e0 t\u01b0 v\u1ea5n tr\u1ef1c tuy\u1ebfn mi\u1ec5n ph\u00ed b\u1edfi nh\u1eefng chuy\u00ean gia \u0111\u00e0o t\u1ea1o doanh nghi\u1ec7p c\u1ee7a\u00a0<a href=\"http:\/\/www.talentmind.edu.vn\/\" target=\"_blank\" rel=\"noreferrer noopener\">Talent Mind Education<\/a>\u00a0trong su\u1ed1t 365 ng\u00e0y tr\u1ea3i nghi\u1ec7m kho\u00e1 h\u1ecdc.<\/em><\/p>\n<h3><strong>Sau kh\u00f3a h\u1ecdc k\u1ef9 n\u0103ng giao ti\u1ebfp n\u00e2ng cao hi\u1ec7u qu\u1ea3 n\u00e0y, b\u1ea1n c\u00f3 th\u1ec3:<\/strong><\/h3>\n<ul>\n<li>T\u1ea1o \u1ea5n t\u01b0\u1ee3ng trong giao ti\u1ebfp b\u1eb1ng k\u1ef9 thu\u1eadt n\u00f3i STAR<\/li>\n<li>V\u1eadn d\u1ee5ng giao ti\u1ebfp phi ng\u00f4n ng\u1eef (ng\u00f4n ng\u1eef c\u01a1 th\u1ec3, gi\u1ecdng n\u00f3i) \u0111\u1ec3 t\u0103ng hi\u1ec7u qu\u1ea3 giao ti\u1ebfp<\/li>\n<li>\u201c\u0110\u1ecdc v\u1ecb\u201d ng\u00f4n ng\u1eef c\u01a1 th\u1ec3 \u2013 nh\u1eefng \u201cb\u00ed m\u1eadt\u201d c\u1ee7a ng\u01b0\u1eddi \u0111\u1ed1i di\u1ec7n<\/li>\n<li>\u201c\u0110\u1eafc nh\u00e2n t\u00e2m\u201d b\u1eb1ng c\u1eeda s\u1ed5 Johari<\/li>\n<li>V\u1eadn d\u1ee5ng nguy\u00ean t\u1eafc 7C \u0111\u1ec3 truy\u1ec1n \u0111\u1ea1t th\u00f4ng tin giao ti\u1ebfp hi\u1ec7u qu\u1ea3<\/li>\n<li>L\u00e0m ch\u1ee7 \u201cngh\u1ec7 thu\u1eadt \u0111\u1eb7t c\u00e2u h\u1ecfi\u201d trong giao ti\u1ebfp<\/li>\n<\/ul>","protected":false},"excerpt":{"rendered":"<p>M\u00e3 kho\u00e1 h\u1ecdc: SLVG-002 Phi\u00ean b\u1ea3n: K\u1ef9 n\u0103ng giao ti\u1ebfp n\u00e2ng cao hi\u1ec7u qu\u1ea3 \u2013 Ti\u1ebfng Vi\u1ec7t B\u1ea1n c\u00f3 c\u1ea3m th\u1ea5y kh\u00f3 kh\u0103n khi tr\u00ecnh b\u00e0y m\u1ed9t \u00fd t\u01b0\u1edfng? B\u1ea1n kh\u00f4ng t\u1ef1 tin khi b\u1eaft chuy\u1ec7n v\u00e0 l\u00e0m quen v\u1edbi ng\u01b0\u1eddi kh\u00e1c? B\u1ea1n kh\u00f4ng th\u1ec3 \u0111o\u00e1n b\u1eaft \u0111\u01b0\u1ee3c suy ngh\u0129 c\u1ee7a ng\u01b0\u1eddi \u0111\u1ed1i di\u1ec7n? B\u1ea1n [&hellip;]<\/p>","protected":false},"featured_media":19478,"comment_status":"open","ping_status":"closed","template":"","meta":{"_uag_custom_page_level_css":"","site-sidebar-layout":"default","site-content-layout":"default","ast-site-content-layout":"","site-content-style":"default","site-sidebar-style":"default","ast-global-header-display":"","ast-banner-title-visibility":"","ast-main-header-display":"","ast-hfb-above-header-display":"","ast-hfb-below-header-display":"","ast-hfb-mobile-header-display":"","site-post-title":"","ast-breadcrumbs-content":"","ast-featured-img":"","footer-sml-layout":"","theme-transparent-header-meta":"default","adv-header-id-meta":"","stick-header-meta":"","header-above-stick-meta":"","header-main-stick-meta":"","header-below-stick-meta":"","astra-migrate-meta-layouts":"default","ast-page-background-enabled":"default","ast-page-background-meta":{"desktop":{"background-color":"","background-image":"","background-repeat":"repeat","background-position":"center center","background-size":"auto","background-attachment":"scroll","background-type":"","background-media":"","overlay-type":"","overlay-color":"","overlay-opacity":"","overlay-gradient":""},"tablet":{"background-color":"","background-image":"","background-repeat":"repeat","background-position":"center center","background-size":"auto","background-attachment":"scroll","background-type":"","background-media":"","overlay-type":"","overlay-color":"","overlay-opacity":"","overlay-gradient":""},"mobile":{"background-color":"","background-image":"","background-repeat":"repeat","background-position":"center center","background-size":"auto","background-attachment":"scroll","background-type":"","background-media":"","overlay-type":"","overlay-color":"","overlay-opacity":"","overlay-gradient":""}},"ast-content-background-meta":{"desktop":{"background-color":"var(--ast-global-color-5)","background-image":"","background-repeat":"repeat","background-position":"center center","background-size":"auto","background-attachment":"scroll","background-type":"","background-media":"","overlay-type":"","overlay-color":"","overlay-opacity":"","overlay-gradient":""},"tablet":{"background-color":"var(--ast-global-color-5)","background-image":"","background-repeat":"repeat","background-position":"center center","background-size":"auto","background-attachment":"scroll","background-type":"","background-media":"","overlay-type":"","overlay-color":"","overlay-opacity":"","overlay-gradient":""},"mobile":{"background-color":"var(--ast-global-color-5)","background-image":"","background-repeat":"repeat","background-position":"center center","background-size":"auto","background-attachment":"scroll","background-type":"","background-media":"","overlay-type":"","overlay-color":"","overlay-opacity":"","overlay-gradient":""}}},"product_brand":[],"product_cat":[375],"product_tag":[645,643,546,529],"class_list":{"0":"post-26119","1":"product","2":"type-product","3":"status-publish","4":"has-post-thumbnail","6":"product_cat-ky-nang-lam-viec-chuyen-nghiep-danh-cho-sinh-vien","7":"product_tag-advanced-communication-skills","8":"product_tag-communication-skills","9":"product_tag-ky-nang-giao-tiep","10":"product_tag-ky-nang-giao-tiep-nang-cao","11":"desktop-align-left","12":"tablet-align-left","13":"mobile-align-left","15":"first","16":"instock","17":"virtual","18":"sold-individually","19":"taxable","20":"purchasable","21":"product-type-courses"},"uagb_featured_image_src":{"full":["https:\/\/www.workingskills.net\/wp-content\/uploads\/2019\/07\/Advance-communication.jpg",350,250,false],"thumbnail":["https:\/\/www.workingskills.net\/wp-content\/uploads\/2019\/07\/Advance-communication-150x150.jpg",150,150,true],"medium":["https:\/\/www.workingskills.net\/wp-content\/uploads\/2019\/07\/Advance-communication-300x214.jpg",300,214,true],"medium_large":["https:\/\/www.workingskills.net\/wp-content\/uploads\/2019\/07\/Advance-communication.jpg",350,250,false],"large":["https:\/\/www.workingskills.net\/wp-content\/uploads\/2019\/07\/Advance-communication.jpg",350,250,false],"1536x1536":["https:\/\/www.workingskills.net\/wp-content\/uploads\/2019\/07\/Advance-communication.jpg",350,250,false],"2048x2048":["https:\/\/www.workingskills.net\/wp-content\/uploads\/2019\/07\/Advance-communication.jpg",350,250,false],"trp-custom-language-flag":["https:\/\/www.workingskills.net\/wp-content\/uploads\/2019\/07\/Advance-communication.jpg",18,12,false],"woocommerce_thumbnail":["https:\/\/www.workingskills.net\/wp-content\/uploads\/2019\/07\/Advance-communication-300x250.jpg",300,250,true],"woocommerce_single":["https:\/\/www.workingskills.net\/wp-content\/uploads\/2019\/07\/Advance-communication.jpg",350,250,false],"woocommerce_gallery_thumbnail":["https:\/\/www.workingskills.net\/wp-content\/uploads\/2019\/07\/Advance-communication-100x100.jpg",100,100,true]},"uagb_author_info":{"display_name":"Working Skills","author_link":"https:\/\/www.workingskills.net\/vi\/author\/"},"uagb_comment_info":0,"uagb_excerpt":"M\u00e3 kho\u00e1 h\u1ecdc: SLVG-002 Phi\u00ean b\u1ea3n: K\u1ef9 n\u0103ng giao ti\u1ebfp n\u00e2ng cao hi\u1ec7u qu\u1ea3 \u2013 Ti\u1ebfng Vi\u1ec7t B\u1ea1n c\u00f3 c\u1ea3m th\u1ea5y kh\u00f3 kh\u0103n khi tr\u00ecnh b\u00e0y m\u1ed9t \u00fd t\u01b0\u1edfng? B\u1ea1n kh\u00f4ng t\u1ef1 tin khi b\u1eaft chuy\u1ec7n v\u00e0 l\u00e0m quen v\u1edbi ng\u01b0\u1eddi kh\u00e1c? B\u1ea1n kh\u00f4ng th\u1ec3 \u0111o\u00e1n b\u1eaft \u0111\u01b0\u1ee3c suy ngh\u0129 c\u1ee7a ng\u01b0\u1eddi \u0111\u1ed1i di\u1ec7n? B\u1ea1n&hellip;","_links":{"self":[{"href":"https:\/\/www.workingskills.net\/vi\/wp-json\/wp\/v2\/product\/26119","targetHints":{"allow":["GET"]}}],"collection":[{"href":"https:\/\/www.workingskills.net\/vi\/wp-json\/wp\/v2\/product"}],"about":[{"href":"https:\/\/www.workingskills.net\/vi\/wp-json\/wp\/v2\/types\/product"}],"replies":[{"embeddable":true,"href":"https:\/\/www.workingskills.net\/vi\/wp-json\/wp\/v2\/comments?post=26119"}],"wp:featuredmedia":[{"embeddable":true,"href":"https:\/\/www.workingskills.net\/vi\/wp-json\/wp\/v2\/media\/19478"}],"wp:attachment":[{"href":"https:\/\/www.workingskills.net\/vi\/wp-json\/wp\/v2\/media?parent=26119"}],"wp:term":[{"taxonomy":"product_brand","embeddable":true,"href":"https:\/\/www.workingskills.net\/vi\/wp-json\/wp\/v2\/product_brand?post=26119"},{"taxonomy":"product_cat","embeddable":true,"href":"https:\/\/www.workingskills.net\/vi\/wp-json\/wp\/v2\/product_cat?post=26119"},{"taxonomy":"product_tag","embeddable":true,"href":"https:\/\/www.workingskills.net\/vi\/wp-json\/wp\/v2\/product_tag?post=26119"}],"curies":[{"name":"wp","href":"https:\/\/api.w.org\/{rel}","templated":true}]}}