{"id":26115,"date":"2019-08-03T18:20:49","date_gmt":"2019-08-03T11:20:49","guid":{"rendered":"https:\/\/workingskills.net\/?post_type=product&#038;p=26115"},"modified":"2020-07-24T16:03:32","modified_gmt":"2020-07-24T09:03:32","slug":"ky-thuat-sap-xep-cong-viec","status":"publish","type":"product","link":"https:\/\/www.workingskills.net\/vi\/san-pham\/ky-thuat-sap-xep-cong-viec\/","title":{"rendered":"K\u1ef9 thu\u1eadt s\u1eafp x\u1ebfp c\u00f4ng vi\u1ec7c"},"content":{"rendered":"<p>Trong c\u00f4ng vi\u1ec7c c\u0169ng nh\u01b0 trong cu\u1ed9c s\u1ed1ng, m\u1ed7i ng\u01b0\u1eddi \u0111\u1ec1u c\u00f3 r\u1ea5t nhi\u1ec1u vi\u1ec7c ph\u1ea3i l\u00e0m. B\u1ea1n \u0111\u00e3 bi\u1ebft\u00a0<a href=\"https:\/\/www.workingskills.net\/vi\/courses\/ky-nang-quan-ly-thoi-gian-nang-cao\/\" target=\"_blank\" rel=\"noreferrer noopener\" aria-label=\" (m\u1edf trong tab m\u1edbi)\">c\u00e1ch \u0111\u1eb7t m\u1ee5c ti\u00eau, ho\u1ea1ch \u0111\u1ecbnh \u01b0\u1edbc m\u01a1 cho b\u1ea3n th\u00e2n<\/a>. Tuy nhi\u00ean b\u1ea1n c\u0169ng c\u1ea7n bi\u1ebft c\u00e1ch l\u1eadp k\u1ebf ho\u1ea1ch, s\u1eafp x\u1ebfp th\u1ee9 t\u1ef1 \u01b0u ti\u00ean c\u00f4ng vi\u1ec7c \u0111\u1ec3 th\u1ef1c hi\u1ec7n c\u00e1c m\u1ee5c ti\u00eau \u0111\u00f3 v\u1edbi k\u1ebft qu\u1ea3 t\u1ed1t nh\u1ea5t.<br \/>\nV\u1eady l\u00e0m sao \u0111\u1ec3 ph\u00e2n lo\u1ea1i v\u00e0 s\u1eafp x\u1ebfp th\u1ee9 t\u1ef1 \u01b0u ti\u00ean cho c\u00e1c c\u00f4ng vi\u1ec7c?<br \/>\nK\u1ef9 thu\u1eadt qu\u1ea3n l\u00fd th\u1eddi gian \u0111\u01b0\u1ee3c \u1ee9ng d\u1ee5ng nh\u01b0 th\u1ebf n\u00e0o trong qu\u1ea3n l\u00fd c\u00f4ng vi\u1ec7c?<br \/>\nNguy\u00ean t\u1eafc 80\/20 l\u00e0 g\u00ec? B\u1ea1n \u0111\u00e3 th\u1eadt s\u1ef1 th\u00e0nh th\u1ea1o v\u00e0 bi\u1ebft c\u00e1ch \u1ee9ng d\u1ee5ng ch\u01b0a?<br \/>\nKhi n\u1eafm \u0111\u01b0\u1ee3c k\u1ef9 thu\u1eadt s\u1eafp x\u1ebfp c\u00f4ng vi\u1ec7c, b\u1ea1n s\u1ebd th\u1ea5y r\u1eb1ng m\u00ecnh ch\u1ec9 c\u1ea7n t\u1eadp trung th\u1eddi gian v\u00e0o nh\u1eefng vi\u1ec7c quan tr\u1ecdng, t\u1eeb \u0111\u00f3 hi\u1ec7u qu\u1ea3 c\u00f4ng vi\u1ec7c c\u0169ng \u0111\u01b0\u1ee3c n\u00e2ng cao m\u1ed9t c\u00e1ch b\u1ea5t ng\u1edd. Kh\u00f3a h\u1ecdc n\u00e0y s\u1ebd gi\u00fap b\u1ea1n \u0111\u1ea1t \u0111\u01b0\u1ee3c nh\u1eefng \u0111i\u1ec1u tr\u00ean!<\/p>\n<p><em>B\u1ea1n s\u1ebd \u0111\u01b0\u1ee3c h\u1ed7 tr\u1ee3 v\u00e0 t\u01b0 v\u1ea5n tr\u1ef1c tuy\u1ebfn mi\u1ec5n ph\u00ed b\u1edfi nh\u1eefng chuy\u00ean gia \u0111\u00e0o t\u1ea1o doanh nghi\u1ec7p c\u1ee7a\u00a0<a href=\"http:\/\/www.talentmind.edu.vn\/\" target=\"_blank\" rel=\"noreferrer noopener\">Talent Mind Education<\/a>\u00a0trong su\u1ed1t 365 ng\u00e0y tr\u1ea3i nghi\u1ec7m kho\u00e1 h\u1ecdc.<\/em><\/p>\n<h3><strong>Sau kh\u00f3a h\u1ecdc k\u1ef9 thu\u1eadt s\u1eafp x\u1ebfp c\u00f4ng vi\u1ec7c n\u00e0y, b\u1ea1n c\u00f3 th\u1ec3:<\/strong><\/h3>\n<ul>\n<li>Hi\u1ec3u r\u00f5 h\u01a1n v\u1ec1 nguy\u00ean l\u00fd 80\/20 v\u00e0 bi\u1ebft c\u00e1ch x\u00e2y d\u1ef1ng \u201ccon ng\u01b0\u1eddi 80\/20\u201d trong ch\u00ednh b\u1ea3n th\u00e2n b\u1ea1n<\/li>\n<li>Bi\u1ebft \u0111\u01b0\u1ee3c c\u00e1ch th\u1ee9c x\u00e2y d\u1ef1ng v\u00e0 ra quy\u1ebft \u0111inh t\u1eeb ma tr\u1eadn \u01b0u ti\u00ean c\u00f4ng vi\u1ec7c<\/li>\n<li>Hi\u1ec3u v\u00e0 \u1ee9ng d\u1ee5ng ma tr\u1eadn qu\u1ea3n l\u00fd th\u1eddi gian trong c\u00f4ng vi\u1ec7c<\/li>\n<li>Bi\u1ebft c\u00e1ch t\u1eeb ch\u1ed1i tr\u01b0\u1edbc nh\u1eefng l\u1eddi \u0111\u1ec1 ngh\u1ecb khi\u1ebfn c\u00f4ng vi\u1ec7c c\u1ee7a b\u1ea1n b\u1ecb gi\u00e1n \u0111o\u1ea1n<\/li>\n<\/ul>","protected":false},"excerpt":{"rendered":"<p>Trong c\u00f4ng vi\u1ec7c c\u0169ng nh\u01b0 trong cu\u1ed9c s\u1ed1ng, m\u1ed7i ng\u01b0\u1eddi \u0111\u1ec1u c\u00f3 r\u1ea5t nhi\u1ec1u vi\u1ec7c ph\u1ea3i l\u00e0m. B\u1ea1n \u0111\u00e3 bi\u1ebft\u00a0c\u00e1ch \u0111\u1eb7t m\u1ee5c ti\u00eau, ho\u1ea1ch \u0111\u1ecbnh \u01b0\u1edbc m\u01a1 cho b\u1ea3n th\u00e2n. Tuy nhi\u00ean b\u1ea1n c\u0169ng c\u1ea7n bi\u1ebft c\u00e1ch l\u1eadp k\u1ebf ho\u1ea1ch, s\u1eafp x\u1ebfp th\u1ee9 t\u1ef1 \u01b0u ti\u00ean c\u00f4ng vi\u1ec7c \u0111\u1ec3 th\u1ef1c hi\u1ec7n c\u00e1c m\u1ee5c ti\u00eau \u0111\u00f3 [&hellip;]<\/p>","protected":false},"featured_media":2931,"comment_status":"open","ping_status":"closed","template":"","meta":{"_uag_custom_page_level_css":"","site-sidebar-layout":"default","site-content-layout":"default","ast-site-content-layout":"","site-content-style":"default","site-sidebar-style":"default","ast-global-header-display":"","ast-banner-title-visibility":"","ast-main-header-display":"","ast-hfb-above-header-display":"","ast-hfb-below-header-display":"","ast-hfb-mobile-header-display":"","site-post-title":"","ast-breadcrumbs-content":"","ast-featured-img":"","footer-sml-layout":"","theme-transparent-header-meta":"default","adv-header-id-meta":"","stick-header-meta":"","header-above-stick-meta":"","header-main-stick-meta":"","header-below-stick-meta":"","astra-migrate-meta-layouts":"default","ast-page-background-enabled":"default","ast-page-background-meta":{"desktop":{"background-color":"","background-image":"","background-repeat":"repeat","background-position":"center center","background-size":"auto","background-attachment":"scroll","background-type":"","background-media":"","overlay-type":"","overlay-color":"","overlay-opacity":"","overlay-gradient":""},"tablet":{"background-color":"","background-image":"","background-repeat":"repeat","background-position":"center center","background-size":"auto","background-attachment":"scroll","background-type":"","background-media":"","overlay-type":"","overlay-color":"","overlay-opacity":"","overlay-gradient":""},"mobile":{"background-color":"","background-image":"","background-repeat":"repeat","background-position":"center center","background-size":"auto","background-attachment":"scroll","background-type":"","background-media":"","overlay-type":"","overlay-color":"","overlay-opacity":"","overlay-gradient":""}},"ast-content-background-meta":{"desktop":{"background-color":"var(--ast-global-color-5)","background-image":"","background-repeat":"repeat","background-position":"center center","background-size":"auto","background-attachment":"scroll","background-type":"","background-media":"","overlay-type":"","overlay-color":"","overlay-opacity":"","overlay-gradient":""},"tablet":{"background-color":"var(--ast-global-color-5)","background-image":"","background-repeat":"repeat","background-position":"center center","background-size":"auto","background-attachment":"scroll","background-type":"","background-media":"","overlay-type":"","overlay-color":"","overlay-opacity":"","overlay-gradient":""},"mobile":{"background-color":"var(--ast-global-color-5)","background-image":"","background-repeat":"repeat","background-position":"center center","background-size":"auto","background-attachment":"scroll","background-type":"","background-media":"","overlay-type":"","overlay-color":"","overlay-opacity":"","overlay-gradient":""}}},"product_brand":[],"product_cat":[375],"product_tag":[548,522,627,624],"class_list":{"0":"post-26115","1":"product","2":"type-product","3":"status-publish","4":"has-post-thumbnail","6":"product_cat-ky-nang-lam-viec-chuyen-nghiep-danh-cho-sinh-vien","7":"product_tag-ky-nang-quan-ly-thoi-gian","8":"product_tag-ky-thuat-sap-xep-cong-viec","9":"product_tag-prioritizing-your-time","10":"product_tag-time-management-skills","11":"desktop-align-left","12":"tablet-align-left","13":"mobile-align-left","15":"first","16":"instock","17":"virtual","18":"sold-individually","19":"taxable","20":"purchasable","21":"product-type-courses"},"uagb_featured_image_src":{"full":["https:\/\/www.workingskills.net\/wp-content\/uploads\/2017\/01\/time4.jpeg",350,250,false],"thumbnail":["https:\/\/www.workingskills.net\/wp-content\/uploads\/2017\/01\/time4-150x150.jpeg",150,150,true],"medium":["https:\/\/www.workingskills.net\/wp-content\/uploads\/2017\/01\/time4-300x214.jpeg",300,214,true],"medium_large":["https:\/\/www.workingskills.net\/wp-content\/uploads\/2017\/01\/time4.jpeg",350,250,false],"large":["https:\/\/www.workingskills.net\/wp-content\/uploads\/2017\/01\/time4.jpeg",350,250,false],"1536x1536":["https:\/\/www.workingskills.net\/wp-content\/uploads\/2017\/01\/time4.jpeg",350,250,false],"2048x2048":["https:\/\/www.workingskills.net\/wp-content\/uploads\/2017\/01\/time4.jpeg",350,250,false],"trp-custom-language-flag":["https:\/\/www.workingskills.net\/wp-content\/uploads\/2017\/01\/time4.jpeg",18,12,false],"woocommerce_thumbnail":["https:\/\/www.workingskills.net\/wp-content\/uploads\/2017\/01\/time4-300x250.jpeg",300,250,true],"woocommerce_single":["https:\/\/www.workingskills.net\/wp-content\/uploads\/2017\/01\/time4.jpeg",350,250,false],"woocommerce_gallery_thumbnail":["https:\/\/www.workingskills.net\/wp-content\/uploads\/2017\/01\/time4-100x100.jpeg",100,100,true]},"uagb_author_info":{"display_name":"Working Skills","author_link":"https:\/\/www.workingskills.net\/vi\/author\/"},"uagb_comment_info":0,"uagb_excerpt":"Trong c\u00f4ng vi\u1ec7c c\u0169ng nh\u01b0 trong cu\u1ed9c s\u1ed1ng, m\u1ed7i ng\u01b0\u1eddi \u0111\u1ec1u c\u00f3 r\u1ea5t nhi\u1ec1u vi\u1ec7c ph\u1ea3i l\u00e0m. B\u1ea1n \u0111\u00e3 bi\u1ebft\u00a0c\u00e1ch \u0111\u1eb7t m\u1ee5c ti\u00eau, ho\u1ea1ch \u0111\u1ecbnh \u01b0\u1edbc m\u01a1 cho b\u1ea3n th\u00e2n. Tuy nhi\u00ean b\u1ea1n c\u0169ng c\u1ea7n bi\u1ebft c\u00e1ch l\u1eadp k\u1ebf ho\u1ea1ch, s\u1eafp x\u1ebfp th\u1ee9 t\u1ef1 \u01b0u ti\u00ean c\u00f4ng vi\u1ec7c \u0111\u1ec3 th\u1ef1c hi\u1ec7n c\u00e1c m\u1ee5c ti\u00eau \u0111\u00f3&hellip;","_links":{"self":[{"href":"https:\/\/www.workingskills.net\/vi\/wp-json\/wp\/v2\/product\/26115","targetHints":{"allow":["GET"]}}],"collection":[{"href":"https:\/\/www.workingskills.net\/vi\/wp-json\/wp\/v2\/product"}],"about":[{"href":"https:\/\/www.workingskills.net\/vi\/wp-json\/wp\/v2\/types\/product"}],"replies":[{"embeddable":true,"href":"https:\/\/www.workingskills.net\/vi\/wp-json\/wp\/v2\/comments?post=26115"}],"wp:featuredmedia":[{"embeddable":true,"href":"https:\/\/www.workingskills.net\/vi\/wp-json\/wp\/v2\/media\/2931"}],"wp:attachment":[{"href":"https:\/\/www.workingskills.net\/vi\/wp-json\/wp\/v2\/media?parent=26115"}],"wp:term":[{"taxonomy":"product_brand","embeddable":true,"href":"https:\/\/www.workingskills.net\/vi\/wp-json\/wp\/v2\/product_brand?post=26115"},{"taxonomy":"product_cat","embeddable":true,"href":"https:\/\/www.workingskills.net\/vi\/wp-json\/wp\/v2\/product_cat?post=26115"},{"taxonomy":"product_tag","embeddable":true,"href":"https:\/\/www.workingskills.net\/vi\/wp-json\/wp\/v2\/product_tag?post=26115"}],"curies":[{"name":"wp","href":"https:\/\/api.w.org\/{rel}","templated":true}]}}