{"id":26114,"date":"2019-08-03T18:20:05","date_gmt":"2019-08-03T11:20:05","guid":{"rendered":"https:\/\/workingskills.net\/?post_type=product&#038;p=26114"},"modified":"2020-07-24T16:03:43","modified_gmt":"2020-07-24T09:03:43","slug":"ky-nang-quan-ly-thoi-gian-nang-cao","status":"publish","type":"product","link":"https:\/\/www.workingskills.net\/vi\/san-pham\/ky-nang-quan-ly-thoi-gian-nang-cao\/","title":{"rendered":"K\u1ef9 n\u0103ng qu\u1ea3n l\u00fd th\u1eddi gian n\u00e2ng cao"},"content":{"rendered":"<p><em>M\u00e3 kho\u00e1 h\u1ecdc: SLVG-009<br \/>\nPhi\u00ean b\u1ea3n: K\u1ef9 n\u0103ng qu\u1ea3n l\u00fd th\u1eddi gian n\u00e2ng cao \u2013 Ti\u1ebfng Vi\u1ec7t<\/em><\/p>\n<p><a href=\"https:\/\/www.workingskills.net\/vi\/courses\/ky-nang-quan-ly-thoi-gian-co-ban\/\" target=\"_blank\" rel=\"noreferrer noopener\" aria-label=\"K\u1ef9 n\u0103ng qu\u1ea3n l\u00fd th\u1eddi gian \u2013 qu\u1ea3n l\u00fd b\u1ea3n th\u00e2n c\u01a1 b\u1ea3n (m\u1edf trong tab m\u1edbi)\">K\u1ef9 n\u0103ng qu\u1ea3n l\u00fd th\u1eddi gian \u2013 qu\u1ea3n l\u00fd b\u1ea3n th\u00e2n c\u01a1 b\u1ea3n<\/a>\u00a0gi\u00fap b\u1ea1n c\u00f3 \u0111\u01b0\u1ee3c n\u1ec1n t\u1ea3ng v\u1ec1 c\u00e1ch th\u1ee9c qu\u1ea3n l\u00fd th\u1eddi gian c\u0169ng nh\u01b0 hi\u1ec3u r\u00f5 nh\u1eefng gi\u00e1 tr\u1ecb c\u1ee7a th\u1eddi gian.<br \/>\nTuy nhi\u00ean, v\u00ec th\u1eddi gian s\u1ebd g\u1eafn li\u1ec1n v\u1edbi nh\u1eefng k\u1ebf ho\u1ea1ch v\u00e0 m\u1ee5c ti\u00eau c\u1ee7a b\u1ea1n n\u00ean b\u1ea1n c\u1ea7n trang b\u1ecb th\u00eam nh\u1eefng c\u00f4ng c\u1ee5, k\u1ef9 thu\u1eadt n\u00e2ng cao h\u01a1n \u0111\u1ec3 hi\u1ec7n th\u1ef1c h\u00f3a c\u00e1c gi\u1ea5c m\u01a1. N\u1ebfu b\u1ea1n \u0111ang l\u00e3ng ph\u00ed th\u1eddi gian hay s\u1eed d\u1ee5ng ch\u00fang kh\u00f4ng hi\u1ec7u qu\u1ea3, t\u1ee9c l\u00e0 b\u1ea1n \u0111ang \u201c\u0111\u00f9a\u201d v\u1edbi nh\u1eefng k\u1ebf ho\u1ea1ch c\u1ee7a \u0111\u1eddi m\u00ecnh.<br \/>\nDo \u0111\u00f3, v\u1edbi kh\u00f3a h\u1ecdc k\u1ef9 n\u0103ng n\u00e0y, b\u1ea1n s\u1ebd bi\u1ebft c\u00e1ch l\u00e0m th\u1ec3 n\u00e0o \u0111\u1ec3 ho\u1ea1ch \u0111\u1ecbnh \u01b0\u1edbc m\u01a1, chinh ph\u1ee5c m\u1ee5c ti\u00eau c\u1ee7a \u0111\u1eddi m\u00ecnh.<\/p>\n<p><em>B\u1ea1n s\u1ebd \u0111\u01b0\u1ee3c h\u1ed7 tr\u1ee3 v\u00e0 t\u01b0 v\u1ea5n tr\u1ef1c tuy\u1ebfn mi\u1ec5n ph\u00ed b\u1edfi nh\u1eefng chuy\u00ean gia \u0111\u00e0o t\u1ea1o doanh nghi\u1ec7p c\u1ee7a\u00a0<a href=\"http:\/\/www.talentmind.edu.vn\/\" target=\"_blank\" rel=\"noreferrer noopener\">Talent Mind Education<\/a>\u00a0trong su\u1ed1t 365 ng\u00e0y tr\u1ea3i nghi\u1ec7m kho\u00e1 h\u1ecdc.<\/em><\/p>\n<h3><strong>Sau kh\u00f3a h\u1ecdc k\u1ef9 n\u0103ng qu\u1ea3n l\u00fd th\u1eddi gian n\u00e2ng cao n\u00e0y, b\u1ea1n c\u00f3 th\u1ec3:<\/strong><\/h3>\n<ul>\n<li>Hi\u1ec3u \u0111\u01b0\u1ee3c t\u1ea7m quan tr\u1ecdng c\u1ee7a vi\u1ec7c \u0111\u1eb7t m\u1ee5c ti\u00eau trong cu\u1ed9c s\u1ed1ng<\/li>\n<li>L\u00e0m ch\u1ee7 c\u00e1ch thi\u1ebft l\u1eadp m\u1ee5c ti\u00eau \u201cth\u00f4ng minh\u201d b\u1eb1ng nguy\u00ean t\u1eafc 3P v\u00e0 nguy\u00ean t\u1eafc SMART<\/li>\n<li>D\u1ec5 d\u00e0ng \u201cchinh ph\u1ee5c\u201d th\u00e0nh c\u00f4ng c\u00e1c m\u1ee5c ti\u00eau l\u1edbn<\/li>\n<li>Ph\u00e2n bi\u1ec7t \u0111\u01b0\u1ee3c hai kh\u00e1i ni\u1ec7m \u201cl\u00e0m vi\u1ec7c \u0111\u00fang\u201d v\u00e0 \u201cl\u00e0m \u0111\u00fang vi\u1ec7c\u201d<\/li>\n<li>Bi\u1ebft c\u00e1ch v\u1ebd n\u00ean b\u1ea3n \u0111\u1ed3 ho\u1ea1ch \u0111\u1ecbnh \u01b0\u1edbc m\u01a1 cho t\u01b0\u01a1ng lai c\u1ee7a b\u1ea1n<\/li>\n<\/ul>","protected":false},"excerpt":{"rendered":"<p>M\u00e3 kho\u00e1 h\u1ecdc: SLVG-009 Phi\u00ean b\u1ea3n: K\u1ef9 n\u0103ng qu\u1ea3n l\u00fd th\u1eddi gian n\u00e2ng cao \u2013 Ti\u1ebfng Vi\u1ec7t K\u1ef9 n\u0103ng qu\u1ea3n l\u00fd th\u1eddi gian \u2013 qu\u1ea3n l\u00fd b\u1ea3n th\u00e2n c\u01a1 b\u1ea3n\u00a0gi\u00fap b\u1ea1n c\u00f3 \u0111\u01b0\u1ee3c n\u1ec1n t\u1ea3ng v\u1ec1 c\u00e1ch th\u1ee9c qu\u1ea3n l\u00fd th\u1eddi gian c\u0169ng nh\u01b0 hi\u1ec3u r\u00f5 nh\u1eefng gi\u00e1 tr\u1ecb c\u1ee7a th\u1eddi gian. Tuy nhi\u00ean, v\u00ec [&hellip;]<\/p>","protected":false},"featured_media":2940,"comment_status":"open","ping_status":"closed","template":"","meta":{"_uag_custom_page_level_css":"","site-sidebar-layout":"default","site-content-layout":"default","ast-site-content-layout":"","site-content-style":"default","site-sidebar-style":"default","ast-global-header-display":"","ast-banner-title-visibility":"","ast-main-header-display":"","ast-hfb-above-header-display":"","ast-hfb-below-header-display":"","ast-hfb-mobile-header-display":"","site-post-title":"","ast-breadcrumbs-content":"","ast-featured-img":"","footer-sml-layout":"","theme-transparent-header-meta":"default","adv-header-id-meta":"","stick-header-meta":"","header-above-stick-meta":"","header-main-stick-meta":"","header-below-stick-meta":"","astra-migrate-meta-layouts":"default","ast-page-background-enabled":"default","ast-page-background-meta":{"desktop":{"background-color":"","background-image":"","background-repeat":"repeat","background-position":"center center","background-size":"auto","background-attachment":"scroll","background-type":"","background-media":"","overlay-type":"","overlay-color":"","overlay-opacity":"","overlay-gradient":""},"tablet":{"background-color":"","background-image":"","background-repeat":"repeat","background-position":"center center","background-size":"auto","background-attachment":"scroll","background-type":"","background-media":"","overlay-type":"","overlay-color":"","overlay-opacity":"","overlay-gradient":""},"mobile":{"background-color":"","background-image":"","background-repeat":"repeat","background-position":"center center","background-size":"auto","background-attachment":"scroll","background-type":"","background-media":"","overlay-type":"","overlay-color":"","overlay-opacity":"","overlay-gradient":""}},"ast-content-background-meta":{"desktop":{"background-color":"var(--ast-global-color-5)","background-image":"","background-repeat":"repeat","background-position":"center center","background-size":"auto","background-attachment":"scroll","background-type":"","background-media":"","overlay-type":"","overlay-color":"","overlay-opacity":"","overlay-gradient":""},"tablet":{"background-color":"var(--ast-global-color-5)","background-image":"","background-repeat":"repeat","background-position":"center center","background-size":"auto","background-attachment":"scroll","background-type":"","background-media":"","overlay-type":"","overlay-color":"","overlay-opacity":"","overlay-gradient":""},"mobile":{"background-color":"var(--ast-global-color-5)","background-image":"","background-repeat":"repeat","background-position":"center center","background-size":"auto","background-attachment":"scroll","background-type":"","background-media":"","overlay-type":"","overlay-color":"","overlay-opacity":"","overlay-gradient":""}}},"product_brand":[],"product_cat":[375],"product_tag":[628,548,521,624],"class_list":{"0":"post-26114","1":"product","2":"type-product","3":"status-publish","4":"has-post-thumbnail","6":"product_cat-ky-nang-lam-viec-chuyen-nghiep-danh-cho-sinh-vien","7":"product_tag-advanced-time-management-skills","8":"product_tag-ky-nang-quan-ly-thoi-gian","9":"product_tag-ky-nang-quan-ly-thoi-gian-nang-cao","10":"product_tag-time-management-skills","11":"desktop-align-left","12":"tablet-align-left","13":"mobile-align-left","15":"first","16":"instock","17":"virtual","18":"sold-individually","19":"taxable","20":"purchasable","21":"product-type-courses"},"uagb_featured_image_src":{"full":["https:\/\/www.workingskills.net\/wp-content\/uploads\/2017\/01\/time1.png",350,250,false],"thumbnail":["https:\/\/www.workingskills.net\/wp-content\/uploads\/2017\/01\/time1-150x150.png",150,150,true],"medium":["https:\/\/www.workingskills.net\/wp-content\/uploads\/2017\/01\/time1-300x214.png",300,214,true],"medium_large":["https:\/\/www.workingskills.net\/wp-content\/uploads\/2017\/01\/time1.png",350,250,false],"large":["https:\/\/www.workingskills.net\/wp-content\/uploads\/2017\/01\/time1.png",350,250,false],"1536x1536":["https:\/\/www.workingskills.net\/wp-content\/uploads\/2017\/01\/time1.png",350,250,false],"2048x2048":["https:\/\/www.workingskills.net\/wp-content\/uploads\/2017\/01\/time1.png",350,250,false],"trp-custom-language-flag":["https:\/\/www.workingskills.net\/wp-content\/uploads\/2017\/01\/time1.png",18,12,false],"woocommerce_thumbnail":["https:\/\/www.workingskills.net\/wp-content\/uploads\/2017\/01\/time1-300x250.png",300,250,true],"woocommerce_single":["https:\/\/www.workingskills.net\/wp-content\/uploads\/2017\/01\/time1.png",350,250,false],"woocommerce_gallery_thumbnail":["https:\/\/www.workingskills.net\/wp-content\/uploads\/2017\/01\/time1-100x100.png",100,100,true]},"uagb_author_info":{"display_name":"Working Skills","author_link":"https:\/\/www.workingskills.net\/vi\/author\/"},"uagb_comment_info":0,"uagb_excerpt":"M\u00e3 kho\u00e1 h\u1ecdc: SLVG-009 Phi\u00ean b\u1ea3n: K\u1ef9 n\u0103ng qu\u1ea3n l\u00fd th\u1eddi gian n\u00e2ng cao \u2013 Ti\u1ebfng Vi\u1ec7t K\u1ef9 n\u0103ng qu\u1ea3n l\u00fd th\u1eddi gian \u2013 qu\u1ea3n l\u00fd b\u1ea3n th\u00e2n c\u01a1 b\u1ea3n\u00a0gi\u00fap b\u1ea1n c\u00f3 \u0111\u01b0\u1ee3c n\u1ec1n t\u1ea3ng v\u1ec1 c\u00e1ch th\u1ee9c qu\u1ea3n l\u00fd th\u1eddi gian c\u0169ng nh\u01b0 hi\u1ec3u r\u00f5 nh\u1eefng gi\u00e1 tr\u1ecb c\u1ee7a th\u1eddi gian. Tuy nhi\u00ean, v\u00ec&hellip;","_links":{"self":[{"href":"https:\/\/www.workingskills.net\/vi\/wp-json\/wp\/v2\/product\/26114","targetHints":{"allow":["GET"]}}],"collection":[{"href":"https:\/\/www.workingskills.net\/vi\/wp-json\/wp\/v2\/product"}],"about":[{"href":"https:\/\/www.workingskills.net\/vi\/wp-json\/wp\/v2\/types\/product"}],"replies":[{"embeddable":true,"href":"https:\/\/www.workingskills.net\/vi\/wp-json\/wp\/v2\/comments?post=26114"}],"wp:featuredmedia":[{"embeddable":true,"href":"https:\/\/www.workingskills.net\/vi\/wp-json\/wp\/v2\/media\/2940"}],"wp:attachment":[{"href":"https:\/\/www.workingskills.net\/vi\/wp-json\/wp\/v2\/media?parent=26114"}],"wp:term":[{"taxonomy":"product_brand","embeddable":true,"href":"https:\/\/www.workingskills.net\/vi\/wp-json\/wp\/v2\/product_brand?post=26114"},{"taxonomy":"product_cat","embeddable":true,"href":"https:\/\/www.workingskills.net\/vi\/wp-json\/wp\/v2\/product_cat?post=26114"},{"taxonomy":"product_tag","embeddable":true,"href":"https:\/\/www.workingskills.net\/vi\/wp-json\/wp\/v2\/product_tag?post=26114"}],"curies":[{"name":"wp","href":"https:\/\/api.w.org\/{rel}","templated":true}]}}