{"id":26110,"date":"2019-08-03T18:13:29","date_gmt":"2019-08-03T11:13:29","guid":{"rendered":"https:\/\/workingskills.net\/?post_type=product&#038;p=26110"},"modified":"2020-07-24T16:03:57","modified_gmt":"2020-07-24T09:03:57","slug":"su-dung-so-do-tu-duy-trong-doc-sach-hoc-tap-va-thuyet-trinh","status":"publish","type":"product","link":"https:\/\/www.workingskills.net\/vi\/san-pham\/su-dung-so-do-tu-duy-trong-doc-sach-hoc-tap-va-thuyet-trinh\/","title":{"rendered":"S\u1eed d\u1ee5ng s\u01a1 \u0111\u1ed3 t\u01b0 duy trong h\u1ecdc t\u1eadp, \u0111\u1ecdc s\u00e1ch v\u00e0 thuy\u1ebft tr\u00ecnh"},"content":{"rendered":"<p><em>M\u00e3 kho\u00e1 h\u1ecdc: SLVG-007<br \/>\nPhi\u00ean b\u1ea3n: S\u1eed d\u1ee5ng s\u01a1 \u0111\u1ed3 t\u01b0 duy trong \u0111\u1ecdc s\u00e1ch, h\u1ecdc t\u1eadp, thuy\u1ebft tr\u00ecnh \u2013 Ti\u1ebfng Vi\u1ec7t<\/em><\/p>\n<p><a href=\"https:\/\/www.workingskills.net\/vi\/courses\/so-do-tu-duy-cach-tao-lap-so-do-tu-duy\/\" target=\"_blank\" rel=\"noreferrer noopener\" aria-label=\"S\u01a1 \u0111\u1ed3 t\u01b0 duy\u00a0 (m\u1edf trong tab m\u1edbi)\">S\u01a1 \u0111\u1ed3 t\u01b0 duy\u00a0<\/a>\u0111ang ng\u00e0y c\u00e0ng\u00a0<a href=\"https:\/\/www.workingskills.net\/vi\/courses\/so-do-tu-duy-cong-cu-tu-duy-hieu-qua\/\" target=\"_blank\" rel=\"noreferrer noopener\" aria-label=\" (m\u1edf trong tab m\u1edbi)\">\u0111\u01b0\u1ee3c s\u1eed d\u1ee5ng r\u1ed9ng r\u00e3i<\/a>\u00a0trong h\u1ecdc t\u1eadp, c\u00f4ng vi\u1ec7c v\u00e0 cu\u1ed9c s\u1ed1ng. \u0110\u1ed1i v\u1edbi sinh vi\u00ean, vi\u1ec7c s\u1eed d\u1ee5ng s\u01a1 \u0111\u1ed3 t\u01b0 duy s\u1ebd gi\u00fap c\u00e1c b\u1ea1n ti\u1ebft ki\u1ec7m \u0111\u01b0\u1ee3c nhi\u1ec1u th\u1eddi gian, c\u00f4ng s\u1ee9c, c\u0169ng nh\u01b0 n\u00e2ng cao hi\u1ec7u qu\u1ea3 h\u1ecdc t\u1eadp.<br \/>\nS\u01a1 \u0111\u1ed3 t\u01b0 duy \u0111\u01b0\u1ee3c \u1ee9ng d\u1ee5ng trong vi\u1ec7c h\u1ecdc nh\u01b0 th\u1ebf n\u00e0o?<br \/>\nB\u1ea1n \u0111\u00e3 t\u1eebng s\u1eed d\u1ee5ng s\u01a1 \u0111\u1ed3 t\u01b0 duy \u0111\u1ec3 thuy\u1ebft tr\u00ecnh?<br \/>\nB\u1ea1n c\u00f3 bi\u1ebft c\u00e1ch s\u1eed d\u1ee5ng s\u01a1 \u0111\u1ed3 t\u01b0 duy trong \u0111\u1ecdc s\u00e1ch?<br \/>\nKh\u00f3a h\u1ecdc n\u00e0y s\u1ebd gi\u00fap b\u1ea1n bi\u1ebft c\u00e1ch h\u1ecdc t\u1eadp, \u0111\u1ecdc s\u00e1ch v\u00e0 thuy\u1ebft tr\u00ecnh hi\u1ec7u qu\u1ea3 h\u01a1n b\u1eb1ng s\u01a1 \u0111\u1ed3 t\u01b0 duy.<\/p>\n<p><em>B\u1ea1n s\u1ebd \u0111\u01b0\u1ee3c h\u1ed7 tr\u1ee3 v\u00e0 t\u01b0 v\u1ea5n tr\u1ef1c tuy\u1ebfn mi\u1ec5n ph\u00ed b\u1edfi nh\u1eefng chuy\u00ean gia \u0111\u00e0o t\u1ea1o doanh nghi\u1ec7p c\u1ee7a\u00a0<a href=\"http:\/\/www.talentmind.edu.vn\/\" target=\"_blank\" rel=\"noreferrer noopener\">Talent Mind Education<\/a>\u00a0trong su\u1ed1t 365 ng\u00e0y tr\u1ea3i nghi\u1ec7m kho\u00e1 h\u1ecdc.<\/em><\/p>\n<h3><strong>Sau kh\u00f3a h\u1ecdc n\u00e0y, b\u1ea1n c\u00f3 th\u1ec3:<\/strong><\/h3>\n<ul>\n<li>Hi\u1ec3u \u0111\u01b0\u1ee3c t\u1ea7m quan tr\u1ecdng c\u1ee7a s\u01a1 \u0111\u1ed3 t\u01b0 duy trong h\u1ecdc t\u1eadp, thuy\u1ebft tr\u00ecnh v\u00e0 t\u1ed5ng k\u1ebft n\u1ed9i dung s\u00e1ch<\/li>\n<li>V\u1eadn d\u1ee5ng \u0111\u01b0\u1ee3c 4 b\u01b0\u1edbc \u201cv\u00e0ng\u201d \u0111\u1ec3 l\u1eadp s\u01a1 \u0111\u1ed3 t\u01b0 duy cho vi\u1ec7c h\u1ecdc hi\u1ec7u qu\u1ea3<\/li>\n<li>N\u1eafm \u0111\u01b0\u1ee3c 5 b\u01b0\u1edbc ph\u00e1t tri\u1ec3n n\u1ed9i dung b\u00e0i thuy\u1ebft tr\u00ecnh thu h\u00fat b\u1eb1ng s\u01a1 \u0111\u1ed3 t\u01b0 duy<\/li>\n<li>T\u1ed5ng k\u1ebft n\u1ed9i dung s\u00e1ch b\u1eb1ng s\u01a1 \u0111\u1ed3 t\u01b0 duy ch\u1ec9 v\u1edbi 4 b\u01b0\u1edbc \u0111\u01a1n gi\u1ea3n<\/li>\n<\/ul>","protected":false},"excerpt":{"rendered":"<p>M\u00e3 kho\u00e1 h\u1ecdc: SLVG-007 Phi\u00ean b\u1ea3n: S\u1eed d\u1ee5ng s\u01a1 \u0111\u1ed3 t\u01b0 duy trong \u0111\u1ecdc s\u00e1ch, h\u1ecdc t\u1eadp, thuy\u1ebft tr\u00ecnh \u2013 Ti\u1ebfng Vi\u1ec7t S\u01a1 \u0111\u1ed3 t\u01b0 duy\u00a0\u0111ang ng\u00e0y c\u00e0ng\u00a0\u0111\u01b0\u1ee3c s\u1eed d\u1ee5ng r\u1ed9ng r\u00e3i\u00a0trong h\u1ecdc t\u1eadp, c\u00f4ng vi\u1ec7c v\u00e0 cu\u1ed9c s\u1ed1ng. \u0110\u1ed1i v\u1edbi sinh vi\u00ean, vi\u1ec7c s\u1eed d\u1ee5ng s\u01a1 \u0111\u1ed3 t\u01b0 duy s\u1ebd gi\u00fap c\u00e1c b\u1ea1n ti\u1ebft [&hellip;]<\/p>","protected":false},"featured_media":2915,"comment_status":"open","ping_status":"closed","template":"","meta":{"_uag_custom_page_level_css":"","site-sidebar-layout":"default","site-content-layout":"default","ast-site-content-layout":"","site-content-style":"default","site-sidebar-style":"default","ast-global-header-display":"","ast-banner-title-visibility":"","ast-main-header-display":"","ast-hfb-above-header-display":"","ast-hfb-below-header-display":"","ast-hfb-mobile-header-display":"","site-post-title":"","ast-breadcrumbs-content":"","ast-featured-img":"","footer-sml-layout":"","theme-transparent-header-meta":"default","adv-header-id-meta":"","stick-header-meta":"","header-above-stick-meta":"","header-main-stick-meta":"","header-below-stick-meta":"","astra-migrate-meta-layouts":"default","ast-page-background-enabled":"default","ast-page-background-meta":{"desktop":{"background-color":"","background-image":"","background-repeat":"repeat","background-position":"center center","background-size":"auto","background-attachment":"scroll","background-type":"","background-media":"","overlay-type":"","overlay-color":"","overlay-opacity":"","overlay-gradient":""},"tablet":{"background-color":"","background-image":"","background-repeat":"repeat","background-position":"center center","background-size":"auto","background-attachment":"scroll","background-type":"","background-media":"","overlay-type":"","overlay-color":"","overlay-opacity":"","overlay-gradient":""},"mobile":{"background-color":"","background-image":"","background-repeat":"repeat","background-position":"center center","background-size":"auto","background-attachment":"scroll","background-type":"","background-media":"","overlay-type":"","overlay-color":"","overlay-opacity":"","overlay-gradient":""}},"ast-content-background-meta":{"desktop":{"background-color":"var(--ast-global-color-5)","background-image":"","background-repeat":"repeat","background-position":"center center","background-size":"auto","background-attachment":"scroll","background-type":"","background-media":"","overlay-type":"","overlay-color":"","overlay-opacity":"","overlay-gradient":""},"tablet":{"background-color":"var(--ast-global-color-5)","background-image":"","background-repeat":"repeat","background-position":"center center","background-size":"auto","background-attachment":"scroll","background-type":"","background-media":"","overlay-type":"","overlay-color":"","overlay-opacity":"","overlay-gradient":""},"mobile":{"background-color":"var(--ast-global-color-5)","background-image":"","background-repeat":"repeat","background-position":"center center","background-size":"auto","background-attachment":"scroll","background-type":"","background-media":"","overlay-type":"","overlay-color":"","overlay-opacity":"","overlay-gradient":""}}},"product_brand":[],"product_cat":[375],"product_tag":[663,513,634,633],"class_list":{"0":"post-26110","1":"product","2":"type-product","3":"status-publish","4":"has-post-thumbnail","6":"product_cat-ky-nang-lam-viec-chuyen-nghiep-danh-cho-sinh-vien","7":"product_tag-mindmapping","8":"product_tag-so-do-tu-duy","9":"product_tag-su-dung-so-do-tu-duy-trong-hoc-tap-doc-sach-thuyet-trinh","10":"product_tag-using-mind-map-to-study-read-books-present","11":"desktop-align-left","12":"tablet-align-left","13":"mobile-align-left","15":"first","16":"instock","17":"virtual","18":"sold-individually","19":"taxable","20":"purchasable","21":"product-type-courses"},"uagb_featured_image_src":{"full":["https:\/\/www.workingskills.net\/wp-content\/uploads\/2017\/01\/MindMapping-Notetaking.png",350,250,false],"thumbnail":["https:\/\/www.workingskills.net\/wp-content\/uploads\/2017\/01\/MindMapping-Notetaking-150x150.png",150,150,true],"medium":["https:\/\/www.workingskills.net\/wp-content\/uploads\/2017\/01\/MindMapping-Notetaking-300x214.png",300,214,true],"medium_large":["https:\/\/www.workingskills.net\/wp-content\/uploads\/2017\/01\/MindMapping-Notetaking.png",350,250,false],"large":["https:\/\/www.workingskills.net\/wp-content\/uploads\/2017\/01\/MindMapping-Notetaking.png",350,250,false],"1536x1536":["https:\/\/www.workingskills.net\/wp-content\/uploads\/2017\/01\/MindMapping-Notetaking.png",350,250,false],"2048x2048":["https:\/\/www.workingskills.net\/wp-content\/uploads\/2017\/01\/MindMapping-Notetaking.png",350,250,false],"trp-custom-language-flag":["https:\/\/www.workingskills.net\/wp-content\/uploads\/2017\/01\/MindMapping-Notetaking.png",18,12,false],"woocommerce_thumbnail":["https:\/\/www.workingskills.net\/wp-content\/uploads\/2017\/01\/MindMapping-Notetaking-300x250.png",300,250,true],"woocommerce_single":["https:\/\/www.workingskills.net\/wp-content\/uploads\/2017\/01\/MindMapping-Notetaking.png",350,250,false],"woocommerce_gallery_thumbnail":["https:\/\/www.workingskills.net\/wp-content\/uploads\/2017\/01\/MindMapping-Notetaking-100x100.png",100,100,true]},"uagb_author_info":{"display_name":"Working Skills","author_link":"https:\/\/www.workingskills.net\/vi\/author\/"},"uagb_comment_info":0,"uagb_excerpt":"M\u00e3 kho\u00e1 h\u1ecdc: SLVG-007 Phi\u00ean b\u1ea3n: S\u1eed d\u1ee5ng s\u01a1 \u0111\u1ed3 t\u01b0 duy trong \u0111\u1ecdc s\u00e1ch, h\u1ecdc t\u1eadp, thuy\u1ebft tr\u00ecnh \u2013 Ti\u1ebfng Vi\u1ec7t S\u01a1 \u0111\u1ed3 t\u01b0 duy\u00a0\u0111ang ng\u00e0y c\u00e0ng\u00a0\u0111\u01b0\u1ee3c s\u1eed d\u1ee5ng r\u1ed9ng r\u00e3i\u00a0trong h\u1ecdc t\u1eadp, c\u00f4ng vi\u1ec7c v\u00e0 cu\u1ed9c s\u1ed1ng. \u0110\u1ed1i v\u1edbi sinh vi\u00ean, vi\u1ec7c s\u1eed d\u1ee5ng s\u01a1 \u0111\u1ed3 t\u01b0 duy s\u1ebd gi\u00fap c\u00e1c b\u1ea1n ti\u1ebft&hellip;","_links":{"self":[{"href":"https:\/\/www.workingskills.net\/vi\/wp-json\/wp\/v2\/product\/26110","targetHints":{"allow":["GET"]}}],"collection":[{"href":"https:\/\/www.workingskills.net\/vi\/wp-json\/wp\/v2\/product"}],"about":[{"href":"https:\/\/www.workingskills.net\/vi\/wp-json\/wp\/v2\/types\/product"}],"replies":[{"embeddable":true,"href":"https:\/\/www.workingskills.net\/vi\/wp-json\/wp\/v2\/comments?post=26110"}],"wp:featuredmedia":[{"embeddable":true,"href":"https:\/\/www.workingskills.net\/vi\/wp-json\/wp\/v2\/media\/2915"}],"wp:attachment":[{"href":"https:\/\/www.workingskills.net\/vi\/wp-json\/wp\/v2\/media?parent=26110"}],"wp:term":[{"taxonomy":"product_brand","embeddable":true,"href":"https:\/\/www.workingskills.net\/vi\/wp-json\/wp\/v2\/product_brand?post=26110"},{"taxonomy":"product_cat","embeddable":true,"href":"https:\/\/www.workingskills.net\/vi\/wp-json\/wp\/v2\/product_cat?post=26110"},{"taxonomy":"product_tag","embeddable":true,"href":"https:\/\/www.workingskills.net\/vi\/wp-json\/wp\/v2\/product_tag?post=26110"}],"curies":[{"name":"wp","href":"https:\/\/api.w.org\/{rel}","templated":true}]}}