{"id":26108,"date":"2019-08-03T18:10:49","date_gmt":"2019-08-03T11:10:49","guid":{"rendered":"https:\/\/workingskills.net\/?post_type=product&#038;p=26108"},"modified":"2020-07-24T16:04:20","modified_gmt":"2020-07-24T09:04:20","slug":"so-do-tu-duy-va-cach-tao-lap-so-do-tu-duy","status":"publish","type":"product","link":"https:\/\/www.workingskills.net\/vi\/san-pham\/so-do-tu-duy-va-cach-tao-lap-so-do-tu-duy\/","title":{"rendered":"S\u01a1 \u0111\u1ed3 t\u01b0 duy v\u00e0 c\u00e1ch t\u1ea1o l\u1eadp s\u01a1 \u0111\u1ed3 t\u01b0 duy"},"content":{"rendered":"<p><em>M\u00e3 kho\u00e1 h\u1ecdc: SLVG-005<br \/>\nPhi\u00ean b\u1ea3n: S\u01a1 \u0111\u1ed3 t\u01b0 duy v\u00e0 c\u00e1ch t\u1ea1o l\u1eadp s\u01a1 \u0111\u1ed3 t\u01b0 duy \u2013 Ti\u1ebfng Vi\u1ec7t<\/em><\/p>\n<p>S\u01a1 \u0111\u1ed3 t\u01b0 duy l\u00e0 m\u1ed9t trong nh\u1eefng c\u00f4ng c\u1ee5 \u0111\u01b0\u1ee3c s\u1eed d\u1ee5ng ph\u1ed5 bi\u1ebfn trong nhi\u1ec1u l\u0129nh v\u1ef1c c\u1ee7a cu\u1ed9c s\u1ed1ng. \u0110\u00e2y l\u00e0 m\u1ed9t c\u00f4ng c\u1ee5 c\u1ea7n thi\u1ebft gi\u00fap b\u1ea1n gi\u1ea3i quy\u1ebft c\u00e1c v\u1ea5n \u0111\u1ec1 v\u1ec1 s\u00e1ng t\u1ea1o,\u00a0<a href=\"https:\/\/www.workingskills.net\/vi\/courses\/so-do-tu-duy-trong-hoc-tap-doc-sach-thuyet-trinh\/\" target=\"_blank\" rel=\"noreferrer noopener\" aria-label=\"ghi ch\u00e9p th\u00f4ng tin, (m\u1edf trong tab m\u1edbi)\">ghi ch\u00e9p th\u00f4ng tin,<\/a>\u00a0<a href=\"https:\/\/www.workingskills.net\/vi\/courses\/so-do-tu-duy-cong-cu-tu-duy-hieu-qua\/\" target=\"_blank\" rel=\"noreferrer noopener\" aria-label=\"ph\u00e1t tri\u1ec3n \u00fd t\u01b0\u1edfng (m\u1edf trong tab m\u1edbi)\">ph\u00e1t tri\u1ec3n \u00fd t\u01b0\u1edfng<\/a>\u00a0v\u00e0 h\u1ec7 th\u1ed1ng ki\u1ebfn th\u1ee9c. \u0110\u00e2y c\u0169ng l\u00e0 c\u00f4ng c\u1ee5 \u0111\u01b0\u1ee3c c\u00e1c doanh nghi\u1ec7p v\u00e0 chuy\u00ean gia khuy\u1ebfn kh\u00edch s\u1eed d\u1ee5ng kh\u00f4ng ch\u1ec9 trong h\u1ecdc t\u1eadp m\u00e0 c\u00f2n trong c\u00f4ng vi\u1ec7c.<br \/>\nB\u1ea1n c\u00f3 t\u00f2 m\u00f2 s\u01a1 \u0111\u1ed3 t\u01b0 duy v\u00e0 b\u1ed9 n\u00e3o c\u00f3 li\u00ean quan g\u00ec v\u1edbi nhau kh\u00f4ng?<br \/>\nB\u1ea1n \u0111\u00e3 bi\u1ebft c\u00e1ch \u0111\u1ec3 ph\u00e1t tri\u1ec3n m\u1ed9t s\u01a1 \u0111\u1ed3 t\u01b0 duy hi\u1ec7u qu\u1ea3?<br \/>\nB\u1ea1n \u0111\u00e3 bi\u1ebft c\u00e1ch \u1ee9ng d\u1ee5ng c\u00e1c ph\u1ea7n m\u1ec1m, c\u00f4ng c\u1ee5 hi\u1ec7n \u0111\u1ea1i \u0111\u1ec3 v\u1ebd s\u01a1 \u0111\u1ed3 t\u01b0 duy?<br \/>\nKh\u00f3a h\u1ecdc n\u00e0y s\u1ebd gi\u00fap b\u1ea1n hi\u1ec3u r\u00f5 h\u01a1n v\u1ec1 s\u01a1 \u0111\u1ed3 t\u01b0 duy v\u00e0 c\u00e1ch t\u1ea1o l\u1eadp ch\u00fang nh\u1eb1m t\u1ed1i \u0111a h\u00f3a kh\u1ea3 n\u0103ng b\u1ed9 n\u00e3o, kh\u1ea3 n\u0103ng t\u01b0 duy c\u1ee7a b\u1ea1n..<\/p>\n<p><em>B\u1ea1n s\u1ebd \u0111\u01b0\u1ee3c h\u1ed7 tr\u1ee3 v\u00e0 t\u01b0 v\u1ea5n tr\u1ef1c tuy\u1ebfn mi\u1ec5n ph\u00ed b\u1edfi nh\u1eefng chuy\u00ean gia \u0111\u00e0o t\u1ea1o doanh nghi\u1ec7p c\u1ee7a\u00a0<a href=\"http:\/\/www.talentmind.edu.vn\/\" target=\"_blank\" rel=\"noreferrer noopener\">Talent Mind Education<\/a>\u00a0trong su\u1ed1t 365 ng\u00e0y tr\u1ea3i nghi\u1ec7m kho\u00e1 h\u1ecdc.<\/em><\/p>\n<h3><strong>Sau kh\u00f3a h\u1ecdc s\u01a1 \u0111\u1ed3 t\u01b0 duy v\u00e0 c\u00e1ch t\u1ea1o l\u1eadp s\u01a1 \u0111\u1ed3 t\u01b0 duy n\u00e0y, b\u1ea1n c\u00f3 th\u1ec3:<\/strong><\/h3>\n<ul>\n<li>Hi\u1ec3u r\u00f5 v\u1ec1 s\u01a1 \u0111\u1ed3 t\u01b0 duy v\u00e0 l\u00fd gi\u1ea3i v\u00ec sao s\u01a1 \u0111\u1ed3 t\u01b0 duy c\u00f3 th\u1ec3 gi\u00fap ph\u00e1t tri\u1ec3n tr\u00ed n\u00e3o<\/li>\n<li>V\u1eadn d\u1ee5ng 6 b\u01b0\u1edbc \u201cn\u1ec1n t\u1ea3ng\u201d \u0111\u1ec3 t\u1ea1o l\u1eadp b\u1ea5t k\u1ef3 s\u01a1 \u0111\u1ed3 t\u01b0 duy n\u00e0o trong h\u1ecdc t\u1eadp, c\u00f4ng vi\u1ec7c v\u00e0 cu\u1ed9c s\u1ed1ng.<\/li>\n<li>N\u1eafm \u0111\u01b0\u1ee3c c\u00e1c \u201cnguy\u00ean t\u1eafc v\u00e0ng\u201d khi l\u1eadp s\u01a1 \u0111\u1ed3 t\u01b0 duy<\/li>\n<li>S\u1eed d\u1ee5ng ph\u1ea7n m\u1ec1m Xmind \u0111\u1ec3 t\u1ea1o s\u01a1 \u0111\u1ed3 t\u01b0 duy s\u00e1ng t\u1ea1o, nhanh ch\u00f3ng v\u00e0 hi\u1ec7u qu\u1ea3<\/li>\n<\/ul>","protected":false},"excerpt":{"rendered":"<p>M\u00e3 kho\u00e1 h\u1ecdc: SLVG-005 Phi\u00ean b\u1ea3n: S\u01a1 \u0111\u1ed3 t\u01b0 duy v\u00e0 c\u00e1ch t\u1ea1o l\u1eadp s\u01a1 \u0111\u1ed3 t\u01b0 duy \u2013 Ti\u1ebfng Vi\u1ec7t S\u01a1 \u0111\u1ed3 t\u01b0 duy l\u00e0 m\u1ed9t trong nh\u1eefng c\u00f4ng c\u1ee5 \u0111\u01b0\u1ee3c s\u1eed d\u1ee5ng ph\u1ed5 bi\u1ebfn trong nhi\u1ec1u l\u0129nh v\u1ef1c c\u1ee7a cu\u1ed9c s\u1ed1ng. \u0110\u00e2y l\u00e0 m\u1ed9t c\u00f4ng c\u1ee5 c\u1ea7n thi\u1ebft gi\u00fap b\u1ea1n gi\u1ea3i quy\u1ebft c\u00e1c [&hellip;]<\/p>","protected":false},"featured_media":1652,"comment_status":"open","ping_status":"closed","template":"","meta":{"_uag_custom_page_level_css":"","site-sidebar-layout":"default","site-content-layout":"default","ast-site-content-layout":"","site-content-style":"default","site-sidebar-style":"default","ast-global-header-display":"","ast-banner-title-visibility":"","ast-main-header-display":"","ast-hfb-above-header-display":"","ast-hfb-below-header-display":"","ast-hfb-mobile-header-display":"","site-post-title":"","ast-breadcrumbs-content":"","ast-featured-img":"","footer-sml-layout":"","theme-transparent-header-meta":"default","adv-header-id-meta":"","stick-header-meta":"","header-above-stick-meta":"","header-main-stick-meta":"","header-below-stick-meta":"","astra-migrate-meta-layouts":"default","ast-page-background-enabled":"default","ast-page-background-meta":{"desktop":{"background-color":"","background-image":"","background-repeat":"repeat","background-position":"center center","background-size":"auto","background-attachment":"scroll","background-type":"","background-media":"","overlay-type":"","overlay-color":"","overlay-opacity":"","overlay-gradient":""},"tablet":{"background-color":"","background-image":"","background-repeat":"repeat","background-position":"center center","background-size":"auto","background-attachment":"scroll","background-type":"","background-media":"","overlay-type":"","overlay-color":"","overlay-opacity":"","overlay-gradient":""},"mobile":{"background-color":"","background-image":"","background-repeat":"repeat","background-position":"center center","background-size":"auto","background-attachment":"scroll","background-type":"","background-media":"","overlay-type":"","overlay-color":"","overlay-opacity":"","overlay-gradient":""}},"ast-content-background-meta":{"desktop":{"background-color":"var(--ast-global-color-5)","background-image":"","background-repeat":"repeat","background-position":"center center","background-size":"auto","background-attachment":"scroll","background-type":"","background-media":"","overlay-type":"","overlay-color":"","overlay-opacity":"","overlay-gradient":""},"tablet":{"background-color":"var(--ast-global-color-5)","background-image":"","background-repeat":"repeat","background-position":"center center","background-size":"auto","background-attachment":"scroll","background-type":"","background-media":"","overlay-type":"","overlay-color":"","overlay-opacity":"","overlay-gradient":""},"mobile":{"background-color":"var(--ast-global-color-5)","background-image":"","background-repeat":"repeat","background-position":"center center","background-size":"auto","background-attachment":"scroll","background-type":"","background-media":"","overlay-type":"","overlay-color":"","overlay-opacity":"","overlay-gradient":""}}},"product_brand":[],"product_cat":[375],"product_tag":[514,636,663,513],"class_list":{"0":"post-26108","1":"product","2":"type-product","3":"status-publish","4":"has-post-thumbnail","6":"product_cat-ky-nang-lam-viec-chuyen-nghiep-danh-cho-sinh-vien","7":"product_tag-cach-tao-lap-so-do-tu-duy","8":"product_tag-mind-map-and-how-to-mindmapping","9":"product_tag-mindmapping","10":"product_tag-so-do-tu-duy","11":"desktop-align-left","12":"tablet-align-left","13":"mobile-align-left","15":"first","16":"instock","17":"virtual","18":"sold-individually","19":"taxable","20":"purchasable","21":"product-type-courses"},"uagb_featured_image_src":{"full":["https:\/\/www.workingskills.net\/wp-content\/uploads\/2016\/11\/mindmap-thinking-tools.gif",350,250,false],"thumbnail":["https:\/\/www.workingskills.net\/wp-content\/uploads\/2016\/11\/mindmap-thinking-tools-150x150.gif",150,150,true],"medium":["https:\/\/www.workingskills.net\/wp-content\/uploads\/2016\/11\/mindmap-thinking-tools-300x214.gif",300,214,true],"medium_large":["https:\/\/www.workingskills.net\/wp-content\/uploads\/2016\/11\/mindmap-thinking-tools.gif",350,250,false],"large":["https:\/\/www.workingskills.net\/wp-content\/uploads\/2016\/11\/mindmap-thinking-tools.gif",350,250,false],"1536x1536":["https:\/\/www.workingskills.net\/wp-content\/uploads\/2016\/11\/mindmap-thinking-tools.gif",350,250,false],"2048x2048":["https:\/\/www.workingskills.net\/wp-content\/uploads\/2016\/11\/mindmap-thinking-tools.gif",350,250,false],"trp-custom-language-flag":["https:\/\/www.workingskills.net\/wp-content\/uploads\/2016\/11\/mindmap-thinking-tools.gif",18,12,false],"woocommerce_thumbnail":["https:\/\/www.workingskills.net\/wp-content\/uploads\/2016\/11\/mindmap-thinking-tools-300x250.gif",300,250,true],"woocommerce_single":["https:\/\/www.workingskills.net\/wp-content\/uploads\/2016\/11\/mindmap-thinking-tools.gif",350,250,false],"woocommerce_gallery_thumbnail":["https:\/\/www.workingskills.net\/wp-content\/uploads\/2016\/11\/mindmap-thinking-tools-100x100.gif",100,100,true]},"uagb_author_info":{"display_name":"Working Skills","author_link":"https:\/\/www.workingskills.net\/vi\/author\/"},"uagb_comment_info":0,"uagb_excerpt":"M\u00e3 kho\u00e1 h\u1ecdc: SLVG-005 Phi\u00ean b\u1ea3n: S\u01a1 \u0111\u1ed3 t\u01b0 duy v\u00e0 c\u00e1ch t\u1ea1o l\u1eadp s\u01a1 \u0111\u1ed3 t\u01b0 duy \u2013 Ti\u1ebfng Vi\u1ec7t S\u01a1 \u0111\u1ed3 t\u01b0 duy l\u00e0 m\u1ed9t trong nh\u1eefng c\u00f4ng c\u1ee5 \u0111\u01b0\u1ee3c s\u1eed d\u1ee5ng ph\u1ed5 bi\u1ebfn trong nhi\u1ec1u l\u0129nh v\u1ef1c c\u1ee7a cu\u1ed9c s\u1ed1ng. \u0110\u00e2y l\u00e0 m\u1ed9t c\u00f4ng c\u1ee5 c\u1ea7n thi\u1ebft gi\u00fap b\u1ea1n gi\u1ea3i quy\u1ebft c\u00e1c&hellip;","_links":{"self":[{"href":"https:\/\/www.workingskills.net\/vi\/wp-json\/wp\/v2\/product\/26108","targetHints":{"allow":["GET"]}}],"collection":[{"href":"https:\/\/www.workingskills.net\/vi\/wp-json\/wp\/v2\/product"}],"about":[{"href":"https:\/\/www.workingskills.net\/vi\/wp-json\/wp\/v2\/types\/product"}],"replies":[{"embeddable":true,"href":"https:\/\/www.workingskills.net\/vi\/wp-json\/wp\/v2\/comments?post=26108"}],"wp:featuredmedia":[{"embeddable":true,"href":"https:\/\/www.workingskills.net\/vi\/wp-json\/wp\/v2\/media\/1652"}],"wp:attachment":[{"href":"https:\/\/www.workingskills.net\/vi\/wp-json\/wp\/v2\/media?parent=26108"}],"wp:term":[{"taxonomy":"product_brand","embeddable":true,"href":"https:\/\/www.workingskills.net\/vi\/wp-json\/wp\/v2\/product_brand?post=26108"},{"taxonomy":"product_cat","embeddable":true,"href":"https:\/\/www.workingskills.net\/vi\/wp-json\/wp\/v2\/product_cat?post=26108"},{"taxonomy":"product_tag","embeddable":true,"href":"https:\/\/www.workingskills.net\/vi\/wp-json\/wp\/v2\/product_tag?post=26108"}],"curies":[{"name":"wp","href":"https:\/\/api.w.org\/{rel}","templated":true}]}}