{"id":25995,"date":"2019-08-01T18:38:22","date_gmt":"2019-08-01T11:38:22","guid":{"rendered":"https:\/\/workingskills.net\/?post_type=product&#038;p=25995"},"modified":"2020-07-24T15:51:15","modified_gmt":"2020-07-24T08:51:15","slug":"ky-nang-phong-van-co-ban-danh-cho-sinh-vien-khoi-nganh-kinh-te","status":"publish","type":"product","link":"https:\/\/www.workingskills.net\/vi\/san-pham\/ky-nang-phong-van-co-ban-danh-cho-sinh-vien-khoi-nganh-kinh-te\/","title":{"rendered":"K\u1ef9 n\u0103ng ph\u1ecfng v\u1ea5n c\u01a1 b\u1ea3n d\u00e0nh cho sinh vi\u00ean kh\u1ed1i ng\u00e0nh kinh t\u1ebf"},"content":{"rendered":"<p><em>M\u00e3 kho\u00e1 h\u1ecdc: SSVE-027<br \/>\nPhi\u00ean b\u1ea3n: K\u1ef9 n\u0103ng ph\u1ecfng v\u1ea5n c\u01a1 b\u1ea3n \u2013 Ti\u1ebfng Vi\u1ec7t<\/em><\/p>\n<p>D\u00f9 l\u00e0 l\u1ea7n \u0111\u1ea7u hay \u0111\u00e3 c\u00f3 kinh nghi\u1ec7m ph\u1ecfng v\u1ea5n th\u00ec b\u1ea1n c\u0169ng kh\u00f4ng th\u1ec3 tr\u00e1nh kh\u1ecfi s\u1ef1 h\u1ed3i h\u1ee3p v\u00e0 c\u0103ng th\u1eb3ng m\u1ed7i l\u1ea7n ng\u1ed3i \u0111\u1ed1i di\u1ec7n v\u1edbi nh\u00e0 tuy\u1ec3n d\u1ee5ng, \u0111\u00fang kh\u00f4ng n\u00e0o? H\u00e3y th\u1eed tr\u1ea3 l\u1eddi nh\u1eefng c\u00e2u h\u1ecfi sau \u0111\u00e2y:<br \/>\nB\u1ea1n c\u00f3 bi\u1ebft c\u00e1ch t\u1ea1o \u1ea5n t\u01b0\u1ee3ng ban \u0111\u1ea7u v\u1edbi nh\u00e0 tuy\u1ec3n d\u1ee5ng ngay t\u1eeb khi b\u01b0\u1edbc v\u00e0o ph\u00f2ng ph\u1ecfng v\u1ea5n?<br \/>\nB\u1ea1n c\u1ea7n chu\u1ea9n b\u1ecb g\u00ec cho bu\u1ed5i ph\u1ecfng v\u1ea5n?<br \/>\nB\u1ea1n n\u00ean v\u00e0 kh\u00f4ng n\u00ean l\u00e0m g\u00ec trong bu\u1ed5i ph\u1ecfng v\u1ea5n?<br \/>\nN\u1ebfu \u0111\u01b0\u1ee3c \u0111\u1eb7t c\u00e2u h\u1ecfi, b\u1ea1n n\u00ean h\u1ecfi nh\u00e0 tuy\u1ec3n d\u1ee5ng \u0111i\u1ec1u g\u00ec?<br \/>\nN\u1ebfu b\u1ea1n c\u00f2n \u0111ang b\u0103n kho\u0103n v\u1ec1 nh\u1eefng c\u00e2u h\u1ecfi tr\u00ean th\u00ec kh\u00f3a h\u1ecdc n\u00e0y v\u00e0\u00a0<a href=\"https:\/\/www.workingskills.net\/vi\/courses\/ky-nang-phong-van-nang-cao-danh-cho-sinh-vien-khoi-nganh-kinh-te\/\" target=\"_blank\" rel=\"noreferrer noopener\" aria-label=\"kh\u00f3a h\u1ecdc k\u1ef9 n\u0103ng ph\u1ecfng v\u1ea5n n\u00e2ng cao (m\u1edf trong tab m\u1edbi)\">kh\u00f3a h\u1ecdc k\u1ef9 n\u0103ng ph\u1ecfng v\u1ea5n n\u00e2ng cao<\/a>\u00a0s\u1ebd gi\u00fap \u00edch cho b\u1ea1n \u0111\u1ea5y.<\/p>\n<p><em>B\u1ea1n s\u1ebd \u0111\u01b0\u1ee3c h\u1ed7 tr\u1ee3 v\u00e0 t\u01b0 v\u1ea5n tr\u1ef1c tuy\u1ebfn mi\u1ec5n ph\u00ed b\u1edfi nh\u1eefng chuy\u00ean gia \u0111\u00e0o t\u1ea1o doanh nghi\u1ec7p c\u1ee7a\u00a0<a href=\"http:\/\/www.talentmind.edu.vn\/\" target=\"_blank\" rel=\"noreferrer noopener\">Talent Mind Education<\/a>\u00a0trong su\u1ed1t 365 ng\u00e0y tr\u1ea3i nghi\u1ec7m kho\u00e1 h\u1ecdc.<\/em><\/p>\n<h3><strong>Sau kh\u00f3a h\u1ecdc k\u1ef9 n\u0103ng ph\u1ecfng v\u1ea5n c\u01a1 b\u1ea3n n\u00e0y, b\u1ea1n c\u00f3 th\u1ec3<\/strong>:<\/h3>\n<ul>\n<li>Hi\u1ec3u \u0111\u01b0\u1ee3c quy tr\u00ecnh c\u1ee7a m\u1ed9t bu\u1ed5i ph\u1ecfng v\u1ea5n \u0111\u1ec3 t\u1eeb \u0111\u00f3 c\u00f3 th\u1ec3 chu\u1ea9n b\u1ecb t\u1ed1t nh\u1ea5t<\/li>\n<li>Bi\u1ebft c\u00e1ch t\u1ea1o s\u1ef1 \u1ea5n t\u01b0\u1ee3ng, chuy\u00ean nghi\u1ec7p v\u1edbi nh\u00e0 tuy\u1ec3n d\u1ee5ng<\/li>\n<li>Bi\u1ebft \u0111\u01b0\u1ee3c nh\u1eefng \u0111i\u1ec1u quan tr\u1ecdng c\u1ea7n l\u00e0m tr\u01b0\u1edbc, trong v\u00e0 sau bu\u1ed5i ph\u1ecfng v\u1ea5n<\/li>\n<li>Bi\u1ebft c\u00e1ch tr\u1ea3 l\u1eddi nh\u1eefng c\u00e2u h\u1ecfi \u201chack n\u00e3o\u201d th\u01b0\u1eddng g\u1eb7p c\u1ee7a nh\u00e0 tuy\u1ec3n d\u1ee5ng<\/li>\n<li>Chu\u1ea9n b\u1ecb nh\u1eefng c\u00e2u h\u1ecfi d\u00e0nh cho nh\u00e0 tuy\u1ec3n d\u1ee5ng<\/li>\n<li>Chu\u1ea9n b\u1ecb nh\u1eefng t\u00e0i li\u1ec7u quan tr\u1ecdng c\u1ea7n c\u00f3 cho bu\u1ed5i ph\u1ecfng v\u1ea5n<\/li>\n<li>Lu\u00f4n t\u1ef1 tin trong t\u1ea5t c\u1ea3 c\u00e1c cu\u1ed9c ph\u1ecfng v\u1ea5n m\u00e0 b\u1ea1n tham d\u1ef1<\/li>\n<\/ul>","protected":false},"excerpt":{"rendered":"<p>M\u00e3 kho\u00e1 h\u1ecdc: SSVE-027 Phi\u00ean b\u1ea3n: K\u1ef9 n\u0103ng ph\u1ecfng v\u1ea5n c\u01a1 b\u1ea3n \u2013 Ti\u1ebfng Vi\u1ec7t D\u00f9 l\u00e0 l\u1ea7n \u0111\u1ea7u hay \u0111\u00e3 c\u00f3 kinh nghi\u1ec7m ph\u1ecfng v\u1ea5n th\u00ec b\u1ea1n c\u0169ng kh\u00f4ng th\u1ec3 tr\u00e1nh kh\u1ecfi s\u1ef1 h\u1ed3i h\u1ee3p v\u00e0 c\u0103ng th\u1eb3ng m\u1ed7i l\u1ea7n ng\u1ed3i \u0111\u1ed1i di\u1ec7n v\u1edbi nh\u00e0 tuy\u1ec3n d\u1ee5ng, \u0111\u00fang kh\u00f4ng n\u00e0o? H\u00e3y th\u1eed tr\u1ea3 l\u1eddi [&hellip;]<\/p>","protected":false},"featured_media":1678,"comment_status":"open","ping_status":"closed","template":"","meta":{"_uag_custom_page_level_css":"","site-sidebar-layout":"default","site-content-layout":"default","ast-site-content-layout":"","site-content-style":"default","site-sidebar-style":"default","ast-global-header-display":"","ast-banner-title-visibility":"","ast-main-header-display":"","ast-hfb-above-header-display":"","ast-hfb-below-header-display":"","ast-hfb-mobile-header-display":"","site-post-title":"","ast-breadcrumbs-content":"","ast-featured-img":"","footer-sml-layout":"","theme-transparent-header-meta":"default","adv-header-id-meta":"","stick-header-meta":"","header-above-stick-meta":"","header-main-stick-meta":"","header-below-stick-meta":"","astra-migrate-meta-layouts":"default","ast-page-background-enabled":"default","ast-page-background-meta":{"desktop":{"background-color":"","background-image":"","background-repeat":"repeat","background-position":"center center","background-size":"auto","background-attachment":"scroll","background-type":"","background-media":"","overlay-type":"","overlay-color":"","overlay-opacity":"","overlay-gradient":""},"tablet":{"background-color":"","background-image":"","background-repeat":"repeat","background-position":"center center","background-size":"auto","background-attachment":"scroll","background-type":"","background-media":"","overlay-type":"","overlay-color":"","overlay-opacity":"","overlay-gradient":""},"mobile":{"background-color":"","background-image":"","background-repeat":"repeat","background-position":"center center","background-size":"auto","background-attachment":"scroll","background-type":"","background-media":"","overlay-type":"","overlay-color":"","overlay-opacity":"","overlay-gradient":""}},"ast-content-background-meta":{"desktop":{"background-color":"var(--ast-global-color-5)","background-image":"","background-repeat":"repeat","background-position":"center center","background-size":"auto","background-attachment":"scroll","background-type":"","background-media":"","overlay-type":"","overlay-color":"","overlay-opacity":"","overlay-gradient":""},"tablet":{"background-color":"var(--ast-global-color-5)","background-image":"","background-repeat":"repeat","background-position":"center center","background-size":"auto","background-attachment":"scroll","background-type":"","background-media":"","overlay-type":"","overlay-color":"","overlay-opacity":"","overlay-gradient":""},"mobile":{"background-color":"var(--ast-global-color-5)","background-image":"","background-repeat":"repeat","background-position":"center center","background-size":"auto","background-attachment":"scroll","background-type":"","background-media":"","overlay-type":"","overlay-color":"","overlay-opacity":"","overlay-gradient":""}}},"product_brand":[],"product_cat":[375],"product_tag":[608,606,552,539],"class_list":{"0":"post-25995","1":"product","2":"type-product","3":"status-publish","4":"has-post-thumbnail","6":"product_cat-ky-nang-lam-viec-chuyen-nghiep-danh-cho-sinh-vien","7":"product_tag-basic-interview-skills","8":"product_tag-interview-skills","9":"product_tag-ky-nang-phong-van","10":"product_tag-ky-nang-phong-van-co-ban","11":"desktop-align-left","12":"tablet-align-left","13":"mobile-align-left","15":"first","16":"instock","17":"virtual","18":"sold-individually","19":"taxable","20":"purchasable","21":"product-type-courses"},"uagb_featured_image_src":{"full":["https:\/\/www.workingskills.net\/wp-content\/uploads\/2016\/11\/job-interview1.jpg",350,250,false],"thumbnail":["https:\/\/www.workingskills.net\/wp-content\/uploads\/2016\/11\/job-interview1-150x150.jpg",150,150,true],"medium":["https:\/\/www.workingskills.net\/wp-content\/uploads\/2016\/11\/job-interview1-300x214.jpg",300,214,true],"medium_large":["https:\/\/www.workingskills.net\/wp-content\/uploads\/2016\/11\/job-interview1.jpg",350,250,false],"large":["https:\/\/www.workingskills.net\/wp-content\/uploads\/2016\/11\/job-interview1.jpg",350,250,false],"1536x1536":["https:\/\/www.workingskills.net\/wp-content\/uploads\/2016\/11\/job-interview1.jpg",350,250,false],"2048x2048":["https:\/\/www.workingskills.net\/wp-content\/uploads\/2016\/11\/job-interview1.jpg",350,250,false],"trp-custom-language-flag":["https:\/\/www.workingskills.net\/wp-content\/uploads\/2016\/11\/job-interview1.jpg",18,12,false],"woocommerce_thumbnail":["https:\/\/www.workingskills.net\/wp-content\/uploads\/2016\/11\/job-interview1-300x250.jpg",300,250,true],"woocommerce_single":["https:\/\/www.workingskills.net\/wp-content\/uploads\/2016\/11\/job-interview1.jpg",350,250,false],"woocommerce_gallery_thumbnail":["https:\/\/www.workingskills.net\/wp-content\/uploads\/2016\/11\/job-interview1-100x100.jpg",100,100,true]},"uagb_author_info":{"display_name":"Working Skills","author_link":"https:\/\/www.workingskills.net\/vi\/author\/"},"uagb_comment_info":0,"uagb_excerpt":"M\u00e3 kho\u00e1 h\u1ecdc: SSVE-027 Phi\u00ean b\u1ea3n: K\u1ef9 n\u0103ng ph\u1ecfng v\u1ea5n c\u01a1 b\u1ea3n \u2013 Ti\u1ebfng Vi\u1ec7t D\u00f9 l\u00e0 l\u1ea7n \u0111\u1ea7u hay \u0111\u00e3 c\u00f3 kinh nghi\u1ec7m ph\u1ecfng v\u1ea5n th\u00ec b\u1ea1n c\u0169ng kh\u00f4ng th\u1ec3 tr\u00e1nh kh\u1ecfi s\u1ef1 h\u1ed3i h\u1ee3p v\u00e0 c\u0103ng th\u1eb3ng m\u1ed7i l\u1ea7n ng\u1ed3i \u0111\u1ed1i di\u1ec7n v\u1edbi nh\u00e0 tuy\u1ec3n d\u1ee5ng, \u0111\u00fang kh\u00f4ng n\u00e0o? H\u00e3y th\u1eed tr\u1ea3 l\u1eddi&hellip;","_links":{"self":[{"href":"https:\/\/www.workingskills.net\/vi\/wp-json\/wp\/v2\/product\/25995","targetHints":{"allow":["GET"]}}],"collection":[{"href":"https:\/\/www.workingskills.net\/vi\/wp-json\/wp\/v2\/product"}],"about":[{"href":"https:\/\/www.workingskills.net\/vi\/wp-json\/wp\/v2\/types\/product"}],"replies":[{"embeddable":true,"href":"https:\/\/www.workingskills.net\/vi\/wp-json\/wp\/v2\/comments?post=25995"}],"wp:featuredmedia":[{"embeddable":true,"href":"https:\/\/www.workingskills.net\/vi\/wp-json\/wp\/v2\/media\/1678"}],"wp:attachment":[{"href":"https:\/\/www.workingskills.net\/vi\/wp-json\/wp\/v2\/media?parent=25995"}],"wp:term":[{"taxonomy":"product_brand","embeddable":true,"href":"https:\/\/www.workingskills.net\/vi\/wp-json\/wp\/v2\/product_brand?post=25995"},{"taxonomy":"product_cat","embeddable":true,"href":"https:\/\/www.workingskills.net\/vi\/wp-json\/wp\/v2\/product_cat?post=25995"},{"taxonomy":"product_tag","embeddable":true,"href":"https:\/\/www.workingskills.net\/vi\/wp-json\/wp\/v2\/product_tag?post=25995"}],"curies":[{"name":"wp","href":"https:\/\/api.w.org\/{rel}","templated":true}]}}