{"id":25988,"date":"2019-08-01T18:25:58","date_gmt":"2019-08-01T11:25:58","guid":{"rendered":"https:\/\/workingskills.net\/?post_type=product&#038;p=25988"},"modified":"2020-07-24T15:51:49","modified_gmt":"2020-07-24T08:51:49","slug":"tu-duy-phan-bien-nang-cao-danh-cho-sinh-vien-khoi-nganh-kinh-te","status":"publish","type":"product","link":"https:\/\/www.workingskills.net\/vi\/san-pham\/tu-duy-phan-bien-nang-cao-danh-cho-sinh-vien-khoi-nganh-kinh-te\/","title":{"rendered":"T\u01b0 duy ph\u1ea3n bi\u1ec7n n\u00e2ng cao d\u00e0nh cho sinh vi\u00ean kh\u1ed1i ng\u00e0nh kinh t\u1ebf"},"content":{"rendered":"<p><em>M\u00e3 kho\u00e1 h\u1ecdc: SSVE-022<br \/>\nPhi\u00ean b\u1ea3n: T\u01b0 duy ph\u1ea3n bi\u1ec7n n\u00e2ng cao \u2013 Ti\u1ebfng Vi\u1ec7t<\/em><\/p>\n<p>Khi \u0111\u00e3 n\u1eafm \u0111\u01b0\u1ee3c nh\u1eefng v\u1ea5n \u0111\u1ec1\u00a0<a href=\"https:\/\/www.workingskills.net\/vi\/courses\/tu-duy-phan-bien-co-ban-danh-cho-sinh-vien-khoi-nganh-kinh-te\/\" target=\"_blank\" rel=\"noreferrer noopener\" aria-label=\"c\u01a1 b\u1ea3n v\u1ec1 t\u01b0 duy ph\u1ea3n bi\u1ec7n (m\u1edf trong tab m\u1edbi)\">c\u01a1 b\u1ea3n v\u1ec1 t\u01b0 duy ph\u1ea3n bi\u1ec7n<\/a>, b\u1ea1n c\u00f3 mu\u1ed1n n\u00e2ng cao kh\u1ea3 n\u0103ng t\u01b0 duy ph\u1ea3n bi\u1ec7n c\u1ee7a m\u00ecnh kh\u00f4ng?<br \/>\nB\u1ea1n c\u00f3 th\u00edch tranh lu\u1eadn v\u00e0 mu\u1ed1n thuy\u1ebft ph\u1ee5c ng\u01b0\u1eddi kh\u00e1c m\u1ed9t c\u00e1ch d\u1ec5 d\u00e0ng?<br \/>\nB\u1ea1n c\u00f3 lu\u00f4n b\u1ecb ph\u00e2n v\u00e2n gi\u1eefa \u201cl\u00fd tr\u00ed\u201d v\u00e0 \u201ct\u00ecnh c\u1ea3m\u201d khi \u0111\u01b0a ra quy\u1ebft \u0111\u1ecbnh?<br \/>\nB\u1ea1n c\u00f3 y\u00eau th\u00edch v\u00e0 mu\u1ed1n t\u00ecm hi\u1ec3u v\u1ec1 c\u00e1c v\u1ea5n \u0111\u1ec1 li\u00ean quan \u0111\u1ebfn logic v\u00e0 ng\u1ee5y bi\u1ec7n?<br \/>\n\u0110\u00e2y l\u00e0 m\u1ed9t s\u1ed1 k\u1ef9 n\u0103ng v\u00f4 c\u00f9ng quan tr\u1ecdng gi\u00fap b\u1ea1n n\u00e2ng cao kh\u1ea3 n\u0103ng l\u1eadp lu\u1eadn, ph\u1ea3n bi\u1ec7n c\u1ee7a m\u00ecnh. Kh\u00f3a h\u1ecdc n\u00e0y s\u1ebd gi\u00fap b\u1ea1n chinh ph\u1ee5c nh\u1eefng \u0111i\u1ec1u tr\u00ean.<\/p>\n<p><em>B\u1ea1n s\u1ebd \u0111\u01b0\u1ee3c h\u1ed7 tr\u1ee3 v\u00e0 t\u01b0 v\u1ea5n tr\u1ef1c tuy\u1ebfn mi\u1ec5n ph\u00ed b\u1edfi nh\u1eefng chuy\u00ean gia \u0111\u00e0o t\u1ea1o doanh nghi\u1ec7p c\u1ee7a\u00a0<a href=\"http:\/\/www.talentmind.edu.vn\/\" target=\"_blank\" rel=\"noreferrer noopener\">Talent Mind Education<\/a>\u00a0trong su\u1ed1t 365 ng\u00e0y tr\u1ea3i nghi\u1ec7m kho\u00e1 h\u1ecdc.<\/em><\/p>\n<h3><strong>Sau kh\u00f3a h\u1ecdc t\u01b0 duy ph\u1ea3n bi\u1ec7n n\u00e2ng cao n\u00e0y, b\u1ea1n c\u00f3 th\u1ec3:<\/strong><\/h3>\n<ul>\n<li>Bi\u1ebft c\u00e1ch thuy\u1ebft ph\u1ee5c ng\u01b0\u1eddi kh\u00e1c th\u00f4ng qua logos, ethos v\u00e0 pathos<\/li>\n<li>Bi\u1ebft c\u00e1ch ph\u00e2n t\u00edch s\u1ed1 li\u1ec7u \u0111\u1ec3 nh\u1eefng con s\u1ed1 kh\u00f4ng \u201c\u0111\u00e1nh l\u1eeba\u201d b\u1ea1n<\/li>\n<li>N\u1eafm \u0111\u01b0\u1ee3c c\u00e1ch ki\u1ec3m so\u00e1t c\u1ea3m x\u00fac trong qu\u00e1 tr\u00ecnh ra quy\u1ebft \u0111\u1ecbnh<\/li>\n<li>Nh\u1eadn bi\u1ebft \u0111\u01b0\u1ee3c m\u1ed9t s\u1ed1 l\u1ed7i ng\u1ee5y bi\u1ec7n th\u01b0\u1eddng g\u1eb7p: con g\u00e0 v\u00e0 qu\u1ea3 tr\u1ee9ng, kh\u00e1i qu\u00e1t v\u1ed9i v\u00e3, ng\u1ee5y bi\u1ec7n t\u1ed5ng th\u1ec3, ng\u1ee5y bi\u1ec7n nh\u00e2n qu\u1ea3,\u2026<\/li>\n<li>Bi\u1ebft c\u00e1ch l\u1eadp lu\u1eadn di\u1ec5n d\u1ecbch v\u00e0 l\u1eadp lu\u1eadn quy n\u1ea1p<\/li>\n<li>Bi\u1ebft c\u00e1ch tranh lu\u1eadn ch\u1ee9 kh\u00f4ng ph\u1ea3i tranh c\u00e3i v\u1edbi ng\u01b0\u1eddi kh\u00e1c<\/li>\n<li>N\u1eafm b\u1eaft \u0111\u01b0\u1ee3c m\u1ed9t s\u1ed1 nguy\u00ean l\u00fd c\u01a1 b\u1ea3n c\u1ee7a t\u01b0 duy ph\u1ea3n bi\u1ec7n trong c\u00e1c b\u00e0i thi qu\u1ed1c t\u1ebf (SAT, GRE, GMAT)<\/li>\n<\/ul>","protected":false},"excerpt":{"rendered":"<p>M\u00e3 kho\u00e1 h\u1ecdc: SSVE-022 Phi\u00ean b\u1ea3n: T\u01b0 duy ph\u1ea3n bi\u1ec7n n\u00e2ng cao \u2013 Ti\u1ebfng Vi\u1ec7t Khi \u0111\u00e3 n\u1eafm \u0111\u01b0\u1ee3c nh\u1eefng v\u1ea5n \u0111\u1ec1\u00a0c\u01a1 b\u1ea3n v\u1ec1 t\u01b0 duy ph\u1ea3n bi\u1ec7n, b\u1ea1n c\u00f3 mu\u1ed1n n\u00e2ng cao kh\u1ea3 n\u0103ng t\u01b0 duy ph\u1ea3n bi\u1ec7n c\u1ee7a m\u00ecnh kh\u00f4ng? B\u1ea1n c\u00f3 th\u00edch tranh lu\u1eadn v\u00e0 mu\u1ed1n thuy\u1ebft ph\u1ee5c ng\u01b0\u1eddi kh\u00e1c m\u1ed9t c\u00e1ch [&hellip;]<\/p>","protected":false},"featured_media":1664,"comment_status":"open","ping_status":"closed","template":"","meta":{"_uag_custom_page_level_css":"","site-sidebar-layout":"default","site-content-layout":"default","ast-site-content-layout":"","site-content-style":"default","site-sidebar-style":"default","ast-global-header-display":"","ast-banner-title-visibility":"","ast-main-header-display":"","ast-hfb-above-header-display":"","ast-hfb-below-header-display":"","ast-hfb-mobile-header-display":"","site-post-title":"","ast-breadcrumbs-content":"","ast-featured-img":"","footer-sml-layout":"","theme-transparent-header-meta":"default","adv-header-id-meta":"","stick-header-meta":"","header-above-stick-meta":"","header-main-stick-meta":"","header-below-stick-meta":"","astra-migrate-meta-layouts":"default","ast-page-background-enabled":"default","ast-page-background-meta":{"desktop":{"background-color":"","background-image":"","background-repeat":"repeat","background-position":"center center","background-size":"auto","background-attachment":"scroll","background-type":"","background-media":"","overlay-type":"","overlay-color":"","overlay-opacity":"","overlay-gradient":""},"tablet":{"background-color":"","background-image":"","background-repeat":"repeat","background-position":"center center","background-size":"auto","background-attachment":"scroll","background-type":"","background-media":"","overlay-type":"","overlay-color":"","overlay-opacity":"","overlay-gradient":""},"mobile":{"background-color":"","background-image":"","background-repeat":"repeat","background-position":"center center","background-size":"auto","background-attachment":"scroll","background-type":"","background-media":"","overlay-type":"","overlay-color":"","overlay-opacity":"","overlay-gradient":""}},"ast-content-background-meta":{"desktop":{"background-color":"var(--ast-global-color-5)","background-image":"","background-repeat":"repeat","background-position":"center center","background-size":"auto","background-attachment":"scroll","background-type":"","background-media":"","overlay-type":"","overlay-color":"","overlay-opacity":"","overlay-gradient":""},"tablet":{"background-color":"var(--ast-global-color-5)","background-image":"","background-repeat":"repeat","background-position":"center center","background-size":"auto","background-attachment":"scroll","background-type":"","background-media":"","overlay-type":"","overlay-color":"","overlay-opacity":"","overlay-gradient":""},"mobile":{"background-color":"var(--ast-global-color-5)","background-image":"","background-repeat":"repeat","background-position":"center center","background-size":"auto","background-attachment":"scroll","background-type":"","background-media":"","overlay-type":"","overlay-color":"","overlay-opacity":"","overlay-gradient":""}}},"product_brand":[],"product_cat":[375],"product_tag":[618,617,527,531,616,550],"class_list":{"0":"post-25988","1":"product","2":"type-product","3":"status-publish","4":"has-post-thumbnail","6":"product_cat-ky-nang-lam-viec-chuyen-nghiep-danh-cho-sinh-vien","7":"product_tag-advanced-critical-thinking-skills","8":"product_tag-critical-thinking-skills","9":"product_tag-ky-nang-giai-quyet-van-de","10":"product_tag-ky-nang-tu-duy-phan-bien-nang-cao","11":"product_tag-problem-solving-skills","12":"product_tag-tu-duy-phan-bien","13":"desktop-align-left","14":"tablet-align-left","15":"mobile-align-left","17":"first","18":"instock","19":"virtual","20":"sold-individually","21":"taxable","22":"purchasable","23":"product-type-courses"},"uagb_featured_image_src":{"full":["https:\/\/www.workingskills.net\/wp-content\/uploads\/2016\/11\/safety11.jpg",350,250,false],"thumbnail":["https:\/\/www.workingskills.net\/wp-content\/uploads\/2016\/11\/safety11-150x150.jpg",150,150,true],"medium":["https:\/\/www.workingskills.net\/wp-content\/uploads\/2016\/11\/safety11-300x214.jpg",300,214,true],"medium_large":["https:\/\/www.workingskills.net\/wp-content\/uploads\/2016\/11\/safety11.jpg",350,250,false],"large":["https:\/\/www.workingskills.net\/wp-content\/uploads\/2016\/11\/safety11.jpg",350,250,false],"1536x1536":["https:\/\/www.workingskills.net\/wp-content\/uploads\/2016\/11\/safety11.jpg",350,250,false],"2048x2048":["https:\/\/www.workingskills.net\/wp-content\/uploads\/2016\/11\/safety11.jpg",350,250,false],"trp-custom-language-flag":["https:\/\/www.workingskills.net\/wp-content\/uploads\/2016\/11\/safety11.jpg",18,12,false],"woocommerce_thumbnail":["https:\/\/www.workingskills.net\/wp-content\/uploads\/2016\/11\/safety11-300x250.jpg",300,250,true],"woocommerce_single":["https:\/\/www.workingskills.net\/wp-content\/uploads\/2016\/11\/safety11.jpg",350,250,false],"woocommerce_gallery_thumbnail":["https:\/\/www.workingskills.net\/wp-content\/uploads\/2016\/11\/safety11-100x100.jpg",100,100,true]},"uagb_author_info":{"display_name":"Working Skills","author_link":"https:\/\/www.workingskills.net\/vi\/author\/"},"uagb_comment_info":0,"uagb_excerpt":"M\u00e3 kho\u00e1 h\u1ecdc: SSVE-022 Phi\u00ean b\u1ea3n: T\u01b0 duy ph\u1ea3n bi\u1ec7n n\u00e2ng cao \u2013 Ti\u1ebfng Vi\u1ec7t Khi \u0111\u00e3 n\u1eafm \u0111\u01b0\u1ee3c nh\u1eefng v\u1ea5n \u0111\u1ec1\u00a0c\u01a1 b\u1ea3n v\u1ec1 t\u01b0 duy ph\u1ea3n bi\u1ec7n, b\u1ea1n c\u00f3 mu\u1ed1n n\u00e2ng cao kh\u1ea3 n\u0103ng t\u01b0 duy ph\u1ea3n bi\u1ec7n c\u1ee7a m\u00ecnh kh\u00f4ng? B\u1ea1n c\u00f3 th\u00edch tranh lu\u1eadn v\u00e0 mu\u1ed1n thuy\u1ebft ph\u1ee5c ng\u01b0\u1eddi kh\u00e1c m\u1ed9t c\u00e1ch&hellip;","_links":{"self":[{"href":"https:\/\/www.workingskills.net\/vi\/wp-json\/wp\/v2\/product\/25988","targetHints":{"allow":["GET"]}}],"collection":[{"href":"https:\/\/www.workingskills.net\/vi\/wp-json\/wp\/v2\/product"}],"about":[{"href":"https:\/\/www.workingskills.net\/vi\/wp-json\/wp\/v2\/types\/product"}],"replies":[{"embeddable":true,"href":"https:\/\/www.workingskills.net\/vi\/wp-json\/wp\/v2\/comments?post=25988"}],"wp:featuredmedia":[{"embeddable":true,"href":"https:\/\/www.workingskills.net\/vi\/wp-json\/wp\/v2\/media\/1664"}],"wp:attachment":[{"href":"https:\/\/www.workingskills.net\/vi\/wp-json\/wp\/v2\/media?parent=25988"}],"wp:term":[{"taxonomy":"product_brand","embeddable":true,"href":"https:\/\/www.workingskills.net\/vi\/wp-json\/wp\/v2\/product_brand?post=25988"},{"taxonomy":"product_cat","embeddable":true,"href":"https:\/\/www.workingskills.net\/vi\/wp-json\/wp\/v2\/product_cat?post=25988"},{"taxonomy":"product_tag","embeddable":true,"href":"https:\/\/www.workingskills.net\/vi\/wp-json\/wp\/v2\/product_tag?post=25988"}],"curies":[{"name":"wp","href":"https:\/\/api.w.org\/{rel}","templated":true}]}}