{"id":25986,"date":"2019-08-01T18:21:51","date_gmt":"2019-08-01T11:21:51","guid":{"rendered":"https:\/\/workingskills.net\/?post_type=product&#038;p=25986"},"modified":"2020-07-24T15:52:07","modified_gmt":"2020-07-24T08:52:07","slug":"ky-thuat-dong-nao-danh-cho-sinh-vien-khoi-nganh-kinh-te","status":"publish","type":"product","link":"https:\/\/www.workingskills.net\/vi\/san-pham\/ky-thuat-dong-nao-danh-cho-sinh-vien-khoi-nganh-kinh-te\/","title":{"rendered":"K\u1ef9 thu\u1eadt \u0111\u1ed9ng n\u00e3o d\u00e0nh cho sinh vi\u00ean kh\u1ed1i ng\u00e0nh kinh t\u1ebf"},"content":{"rendered":"<p><em>M\u00e3 kho\u00e1 h\u1ecdc: SSVE-020<br \/>\nPhi\u00ean b\u1ea3n: K\u1ef9 thu\u1eadt \u0111\u1ed9ng n\u00e3o \u2013 Ti\u1ebfng Vi\u1ec7t<\/em><\/p>\n<p>B\u1ea1n c\u00f3 t\u1eebng g\u1eb7p kh\u00f3 kh\u0103n khi \u201cc\u1ea1n ki\u1ec7t\u201d \u00fd t\u01b0\u1edfng trong qu\u00e1 tr\u00ecnh l\u00e0m vi\u1ec7c nh\u00f3m?<br \/>\nB\u1ea1n mu\u1ed1n ch\u1ec9 trong th\u1eddi gian v\u00e0i ph\u00fat s\u1ebd c\u00f3 h\u00e0ng ch\u1ee5c \u00fd t\u01b0\u1edfng tr\u00ean tay?<br \/>\nB\u1ea1n v\u00e0 c\u00e1c th\u00e0nh vi\u00ean c\u00f3 g\u1eb7p ph\u1ea3i t\u00ecnh tr\u1ea1ng tranh c\u00e3i, xung \u0111\u1ed9t khi \u0111\u01b0a ra quy\u1ebft \u0111\u1ecbnh l\u1ef1a ch\u1ecdn \u00fd t\u01b0\u1edfng cu\u1ed1i c\u00f9ng?<br \/>\nB\u1ea1n mong mu\u1ed1n c\u00e1c quy\u1ebft \u0111\u1ecbnh s\u1ebd \u0111\u01b0\u1ee3c th\u1ed1ng nh\u1ea5t trong \u201ch\u00f2a b\u00ecnh\u201d gi\u1eefa c\u00e1c th\u00e0nh vi\u00ean?<br \/>\nB\u1ea1n\u00a0<a href=\"https:\/\/www.workingskills.net\/vi\/courses\/ky-nang-giai-quyet-van-de-danh-cho-sinh-vien-khoi-nganh-kinh-te\/\" target=\"_blank\" rel=\"noreferrer noopener\" aria-label=\"hi\u1ec3u r\u00f5 v\u1ea5n \u0111\u1ec1 (m\u1edf trong tab m\u1edbi)\">hi\u1ec3u r\u00f5 v\u1ea5n \u0111\u1ec1\u00a0<\/a>m\u00ecnh \u0111ang g\u1eb7p ph\u1ea3i nh\u01b0ng kh\u00f4ng t\u00ecm ra \u00fd t\u01b0\u1edfng \u0111\u1ec3 gi\u1ea3i quy\u1ebft?<br \/>\nKh\u00f3a h\u1ecdc n\u00e0y s\u1ebd gi\u00fap b\u1ea1n l\u00e0m ch\u1ee7 c\u00e1c k\u1ef9 thu\u1eadt brainstorming \u0111\u1ec3 t\u00ecm ra nh\u1eefng \u00fd t\u01b0\u1edfng s\u00e1ng t\u1ea1o, th\u1ef1c t\u1ebf cho v\u1ea5n \u0111\u1ec1 m\u00ecnh \u0111ang g\u1eb7p ph\u1ea3i.<\/p>\n<p><em>B\u1ea1n s\u1ebd \u0111\u01b0\u1ee3c h\u1ed7 tr\u1ee3 v\u00e0 t\u01b0 v\u1ea5n tr\u1ef1c tuy\u1ebfn mi\u1ec5n ph\u00ed b\u1edfi nh\u1eefng chuy\u00ean gia \u0111\u00e0o t\u1ea1o doanh nghi\u1ec7p c\u1ee7a\u00a0<a href=\"http:\/\/www.talentmind.edu.vn\/\" target=\"_blank\" rel=\"noreferrer noopener\">Talent Mind Education<\/a>\u00a0trong su\u1ed1t 365 ng\u00e0y tr\u1ea3i nghi\u1ec7m kho\u00e1 h\u1ecdc.<\/em><\/p>\n<h3><strong>Sau kh\u00f3a h\u1ecdc k\u1ef9 thu\u1eadt \u0111\u1ed9ng n\u00e3o n\u00e0y, b\u1ea1n c\u00f3 th\u1ec3:<\/strong><\/h3>\n<ul>\n<li>Bi\u1ebft \u0111\u01b0\u1ee3c kh\u1ea3 n\u0103ng s\u00e1ng t\u1ea1o c\u1ee7a b\u1ea1n<\/li>\n<li>N\u1eafm b\u1eaft \u0111\u01b0\u1ee3c c\u00e1c tr\u1edf ng\u1ea1i v\u1ec1 t\u00e2m l\u00fd, tinh th\u1ea7n v\u00e0 c\u00e1ch lo\u1ea1i b\u1ecf ch\u00fang trong qu\u00e1 tr\u00ecnh h\u00ecnh th\u00e0nh \u00fd t\u01b0\u1edfng<\/li>\n<li>Hi\u1ec3u v\u00e0 v\u1eadn d\u1ee5ng c\u00e1c k\u1ef9 thu\u1eadt \u0111\u1ed9ng n\u00e3o, \u0111\u1ed9ng n\u00e3o ng\u01b0\u1ee3c, \u0111\u1ed9ng n\u00e3o vi\u1ebft trong vi\u1ec7c h\u00ecnh th\u00e0nh \u00fd t\u01b0\u1edfng<\/li>\n<li>Bi\u1ebft \u0111\u01b0\u1ee3c b\u00ed m\u1eadt \u0111\u1eb1ng sau c\u00e1c k\u1ef9 thu\u1eadt n\u00e0y<\/li>\n<\/ul>","protected":false},"excerpt":{"rendered":"<p>M\u00e3 kho\u00e1 h\u1ecdc: SSVE-020 Phi\u00ean b\u1ea3n: K\u1ef9 thu\u1eadt \u0111\u1ed9ng n\u00e3o \u2013 Ti\u1ebfng Vi\u1ec7t B\u1ea1n c\u00f3 t\u1eebng g\u1eb7p kh\u00f3 kh\u0103n khi \u201cc\u1ea1n ki\u1ec7t\u201d \u00fd t\u01b0\u1edfng trong qu\u00e1 tr\u00ecnh l\u00e0m vi\u1ec7c nh\u00f3m? B\u1ea1n mu\u1ed1n ch\u1ec9 trong th\u1eddi gian v\u00e0i ph\u00fat s\u1ebd c\u00f3 h\u00e0ng ch\u1ee5c \u00fd t\u01b0\u1edfng tr\u00ean tay? B\u1ea1n v\u00e0 c\u00e1c th\u00e0nh vi\u00ean c\u00f3 g\u1eb7p ph\u1ea3i t\u00ecnh [&hellip;]<\/p>","protected":false},"featured_media":1737,"comment_status":"open","ping_status":"closed","template":"","meta":{"_uag_custom_page_level_css":"","site-sidebar-layout":"default","site-content-layout":"default","ast-site-content-layout":"","site-content-style":"default","site-sidebar-style":"default","ast-global-header-display":"","ast-banner-title-visibility":"","ast-main-header-display":"","ast-hfb-above-header-display":"","ast-hfb-below-header-display":"","ast-hfb-mobile-header-display":"","site-post-title":"","ast-breadcrumbs-content":"","ast-featured-img":"","footer-sml-layout":"","theme-transparent-header-meta":"default","adv-header-id-meta":"","stick-header-meta":"","header-above-stick-meta":"","header-main-stick-meta":"","header-below-stick-meta":"","astra-migrate-meta-layouts":"default","ast-page-background-enabled":"default","ast-page-background-meta":{"desktop":{"background-color":"","background-image":"","background-repeat":"repeat","background-position":"center center","background-size":"auto","background-attachment":"scroll","background-type":"","background-media":"","overlay-type":"","overlay-color":"","overlay-opacity":"","overlay-gradient":""},"tablet":{"background-color":"","background-image":"","background-repeat":"repeat","background-position":"center center","background-size":"auto","background-attachment":"scroll","background-type":"","background-media":"","overlay-type":"","overlay-color":"","overlay-opacity":"","overlay-gradient":""},"mobile":{"background-color":"","background-image":"","background-repeat":"repeat","background-position":"center center","background-size":"auto","background-attachment":"scroll","background-type":"","background-media":"","overlay-type":"","overlay-color":"","overlay-opacity":"","overlay-gradient":""}},"ast-content-background-meta":{"desktop":{"background-color":"var(--ast-global-color-5)","background-image":"","background-repeat":"repeat","background-position":"center center","background-size":"auto","background-attachment":"scroll","background-type":"","background-media":"","overlay-type":"","overlay-color":"","overlay-opacity":"","overlay-gradient":""},"tablet":{"background-color":"var(--ast-global-color-5)","background-image":"","background-repeat":"repeat","background-position":"center center","background-size":"auto","background-attachment":"scroll","background-type":"","background-media":"","overlay-type":"","overlay-color":"","overlay-opacity":"","overlay-gradient":""},"mobile":{"background-color":"var(--ast-global-color-5)","background-image":"","background-repeat":"repeat","background-position":"center center","background-size":"auto","background-attachment":"scroll","background-type":"","background-media":"","overlay-type":"","overlay-color":"","overlay-opacity":"","overlay-gradient":""}}},"product_brand":[],"product_cat":[375],"product_tag":[620,527,528,616],"class_list":{"0":"post-25986","1":"product","2":"type-product","3":"status-publish","4":"has-post-thumbnail","6":"product_cat-ky-nang-lam-viec-chuyen-nghiep-danh-cho-sinh-vien","7":"product_tag-brainstorming-techniques","8":"product_tag-ky-nang-giai-quyet-van-de","9":"product_tag-ky-thuat-dong-nao","10":"product_tag-problem-solving-skills","11":"desktop-align-left","12":"tablet-align-left","13":"mobile-align-left","15":"first","16":"instock","17":"virtual","18":"sold-individually","19":"taxable","20":"purchasable","21":"product-type-courses"},"uagb_featured_image_src":{"full":["https:\/\/www.workingskills.net\/wp-content\/uploads\/2016\/12\/brainstorming3.jpg",350,250,false],"thumbnail":["https:\/\/www.workingskills.net\/wp-content\/uploads\/2016\/12\/brainstorming3-150x150.jpg",150,150,true],"medium":["https:\/\/www.workingskills.net\/wp-content\/uploads\/2016\/12\/brainstorming3-300x214.jpg",300,214,true],"medium_large":["https:\/\/www.workingskills.net\/wp-content\/uploads\/2016\/12\/brainstorming3.jpg",350,250,false],"large":["https:\/\/www.workingskills.net\/wp-content\/uploads\/2016\/12\/brainstorming3.jpg",350,250,false],"1536x1536":["https:\/\/www.workingskills.net\/wp-content\/uploads\/2016\/12\/brainstorming3.jpg",350,250,false],"2048x2048":["https:\/\/www.workingskills.net\/wp-content\/uploads\/2016\/12\/brainstorming3.jpg",350,250,false],"trp-custom-language-flag":["https:\/\/www.workingskills.net\/wp-content\/uploads\/2016\/12\/brainstorming3.jpg",18,12,false],"woocommerce_thumbnail":["https:\/\/www.workingskills.net\/wp-content\/uploads\/2016\/12\/brainstorming3-300x250.jpg",300,250,true],"woocommerce_single":["https:\/\/www.workingskills.net\/wp-content\/uploads\/2016\/12\/brainstorming3.jpg",350,250,false],"woocommerce_gallery_thumbnail":["https:\/\/www.workingskills.net\/wp-content\/uploads\/2016\/12\/brainstorming3-100x100.jpg",100,100,true]},"uagb_author_info":{"display_name":"Working Skills","author_link":"https:\/\/www.workingskills.net\/vi\/author\/"},"uagb_comment_info":0,"uagb_excerpt":"M\u00e3 kho\u00e1 h\u1ecdc: SSVE-020 Phi\u00ean b\u1ea3n: K\u1ef9 thu\u1eadt \u0111\u1ed9ng n\u00e3o \u2013 Ti\u1ebfng Vi\u1ec7t B\u1ea1n c\u00f3 t\u1eebng g\u1eb7p kh\u00f3 kh\u0103n khi \u201cc\u1ea1n ki\u1ec7t\u201d \u00fd t\u01b0\u1edfng trong qu\u00e1 tr\u00ecnh l\u00e0m vi\u1ec7c nh\u00f3m? B\u1ea1n mu\u1ed1n ch\u1ec9 trong th\u1eddi gian v\u00e0i ph\u00fat s\u1ebd c\u00f3 h\u00e0ng ch\u1ee5c \u00fd t\u01b0\u1edfng tr\u00ean tay? B\u1ea1n v\u00e0 c\u00e1c th\u00e0nh vi\u00ean c\u00f3 g\u1eb7p ph\u1ea3i t\u00ecnh&hellip;","_links":{"self":[{"href":"https:\/\/www.workingskills.net\/vi\/wp-json\/wp\/v2\/product\/25986","targetHints":{"allow":["GET"]}}],"collection":[{"href":"https:\/\/www.workingskills.net\/vi\/wp-json\/wp\/v2\/product"}],"about":[{"href":"https:\/\/www.workingskills.net\/vi\/wp-json\/wp\/v2\/types\/product"}],"replies":[{"embeddable":true,"href":"https:\/\/www.workingskills.net\/vi\/wp-json\/wp\/v2\/comments?post=25986"}],"wp:featuredmedia":[{"embeddable":true,"href":"https:\/\/www.workingskills.net\/vi\/wp-json\/wp\/v2\/media\/1737"}],"wp:attachment":[{"href":"https:\/\/www.workingskills.net\/vi\/wp-json\/wp\/v2\/media?parent=25986"}],"wp:term":[{"taxonomy":"product_brand","embeddable":true,"href":"https:\/\/www.workingskills.net\/vi\/wp-json\/wp\/v2\/product_brand?post=25986"},{"taxonomy":"product_cat","embeddable":true,"href":"https:\/\/www.workingskills.net\/vi\/wp-json\/wp\/v2\/product_cat?post=25986"},{"taxonomy":"product_tag","embeddable":true,"href":"https:\/\/www.workingskills.net\/vi\/wp-json\/wp\/v2\/product_tag?post=25986"}],"curies":[{"name":"wp","href":"https:\/\/api.w.org\/{rel}","templated":true}]}}