{"id":25984,"date":"2019-08-01T18:18:57","date_gmt":"2019-08-01T11:18:57","guid":{"rendered":"https:\/\/workingskills.net\/?post_type=product&#038;p=25984"},"modified":"2020-07-24T15:54:27","modified_gmt":"2020-07-24T08:54:27","slug":"ky-nang-thuyet-trinh-nang-cao-danh-cho-sinh-vien-khoi-nganh-kinh-te","status":"publish","type":"product","link":"https:\/\/www.workingskills.net\/vi\/san-pham\/ky-nang-thuyet-trinh-nang-cao-danh-cho-sinh-vien-khoi-nganh-kinh-te\/","title":{"rendered":"K\u1ef9 n\u0103ng thuy\u1ebft tr\u00ecnh n\u00e2ng cao d\u00e0nh cho sinh vi\u00ean kh\u1ed1i ng\u00e0nh kinh t\u1ebf"},"content":{"rendered":"<p><em>M\u00e3 kho\u00e1 h\u1ecdc: SSVE-018<br \/>\nPhi\u00ean b\u1ea3n: K\u1ef9 n\u0103ng thuy\u1ebft tr\u00ecnh n\u00e2ng cao \u2013 Ti\u1ebfng Vi\u1ec7t<\/em><\/p>\n<p>Sau khi c\u00f3\u00a0<a href=\"https:\/\/www.workingskills.net\/vi\/courses\/ky-nang-thuyet-trinh-co-ban-danh-cho-sinh-vien-khoi-nganh-kinh-te\/\" target=\"_blank\" rel=\"noreferrer noopener\" aria-label=\"m\u1ed9t b\u00e0i thuy\u1ebft tr\u00ecnh ho\u00e0n thi\u1ec7n (m\u1edf trong tab m\u1edbi)\">m\u1ed9t b\u00e0i thuy\u1ebft tr\u00ecnh ho\u00e0n thi\u1ec7n<\/a>\u00a0th\u00ec vi\u1ec7c l\u00e0m sao \u0111\u1ec3 tr\u00ecnh b\u00e0y n\u1ed9i dung v\u00e0 t\u1ea1o \u0111\u01b0\u1ee3c s\u1ef1 cu\u1ed1n h\u00fat \u0111\u1ed1i v\u1edbi ng\u01b0\u1eddi nghe l\u00e0 \u0111i\u1ec1u quan tr\u1ecdng nh\u1ea5t.<br \/>\nB\u1ea1n \u0111\u00e3 n\u1eafm h\u1ebft c\u00e1c c\u1ea5u tr\u00fac c\u1ee7a m\u1ed9t b\u00e0i thuy\u1ebft tr\u00ecnh h\u1ea5p d\u1eabn?<br \/>\nB\u1ea1n \u0111\u00e3 bi\u1ebft c\u00e1c b\u00ed quy\u1ebft \u0111\u1ec3 thuy\u1ebft tr\u00ecnh m\u1ed9t c\u00e1ch l\u00f4i cu\u1ed1n?<br \/>\nCh\u1ec9 khi l\u00e0m ch\u1ee7 c\u00e1c k\u1ef9 thu\u1eadt thuy\u1ebft tr\u00ecnh n\u00e2ng cao d\u01b0\u1edbi \u0111\u00e2y th\u00ec b\u1ea1n m\u1edbi c\u00f3 th\u1ec3 th\u1eadt s\u1ef1 t\u1ef1 tin \u0111\u1ec3 tr\u00ecnh b\u00e0y b\u00e0i thuy\u1ebft tr\u00ecnh c\u1ee7a m\u00ecnh. Kh\u00f3a h\u1ecdc k\u1ef9 n\u0103ng thuy\u1ebft tr\u00ecnh n\u00e0y s\u1ebd gi\u00fap b\u1ea1n c\u00f3 \u0111\u01b0\u1ee3c m\u1ed9t b\u00e0i tr\u00ecnh b\u00e0y sinh \u0111\u1ed9ng, l\u00f4i cu\u1ed1n v\u00e0 \u0111\u1ec3 l\u1ea1i \u1ea5n t\u01b0\u1ee3ng trong l\u00f2ng ng\u01b0\u1eddi nghe.<\/p>\n<p><em>B\u1ea1n s\u1ebd \u0111\u01b0\u1ee3c h\u1ed7 tr\u1ee3 v\u00e0 t\u01b0 v\u1ea5n tr\u1ef1c tuy\u1ebfn mi\u1ec5n ph\u00ed b\u1edfi nh\u1eefng chuy\u00ean gia \u0111\u00e0o t\u1ea1o doanh nghi\u1ec7p c\u1ee7a\u00a0<a href=\"http:\/\/www.talentmind.edu.vn\/\" target=\"_blank\" rel=\"noreferrer noopener\">Talent Mind Education<\/a>\u00a0trong su\u1ed1t 365 ng\u00e0y tr\u1ea3i nghi\u1ec7m kho\u00e1 h\u1ecdc.<\/em><\/p>\n<h3><strong>Sau kh\u00f3a h\u1ecdc k\u1ef9 n\u0103ng thuy\u1ebft tr\u00ecnh n\u00e2ng cao n\u00e0y, b\u1ea1n c\u00f3 th\u1ec3:<\/strong><\/h3>\n<ul>\n<li>V\u1eadn d\u1ee5ng 4 c\u1ea5u tr\u00fac th\u01b0\u1eddng g\u1eb7p v\u00e0o b\u00e0i thuy\u1ebft tr\u00ecnh c\u1ee7a m\u00ecnh<\/li>\n<li>\u0110\u01b0a ra th\u00f4ng \u0111i\u1ec7p m\u1ea1nh m\u1ebd v\u00e0 \u1ea5n t\u01b0\u1ee3ng th\u00f4ng qua ph\u01b0\u01a1ng ph\u00e1p thuy\u1ebft tr\u00ecnh truy\u1ec1n c\u1ea3m h\u1ee9ng Monroe<\/li>\n<li>Bi\u1ebft c\u00e1ch thuy\u1ebft tr\u00ecnh si\u00eau t\u1ed1c<\/li>\n<li>L\u00e0m ch\u1ee7 7 b\u00ed quy\u1ebft thuy\u1ebft tr\u00ecnh l\u00f4i cu\u1ed1n, sinh \u0111\u1ed9ng<\/li>\n<\/ul>","protected":false},"excerpt":{"rendered":"<p>M\u00e3 kho\u00e1 h\u1ecdc: SSVE-018 Phi\u00ean b\u1ea3n: K\u1ef9 n\u0103ng thuy\u1ebft tr\u00ecnh n\u00e2ng cao \u2013 Ti\u1ebfng Vi\u1ec7t Sau khi c\u00f3\u00a0m\u1ed9t b\u00e0i thuy\u1ebft tr\u00ecnh ho\u00e0n thi\u1ec7n\u00a0th\u00ec vi\u1ec7c l\u00e0m sao \u0111\u1ec3 tr\u00ecnh b\u00e0y n\u1ed9i dung v\u00e0 t\u1ea1o \u0111\u01b0\u1ee3c s\u1ef1 cu\u1ed1n h\u00fat \u0111\u1ed1i v\u1edbi ng\u01b0\u1eddi nghe l\u00e0 \u0111i\u1ec1u quan tr\u1ecdng nh\u1ea5t. B\u1ea1n \u0111\u00e3 n\u1eafm h\u1ebft c\u00e1c c\u1ea5u tr\u00fac c\u1ee7a m\u1ed9t [&hellip;]<\/p>","protected":false},"featured_media":2955,"comment_status":"open","ping_status":"closed","template":"","meta":{"_uag_custom_page_level_css":"","site-sidebar-layout":"default","site-content-layout":"default","ast-site-content-layout":"","site-content-style":"default","site-sidebar-style":"default","ast-global-header-display":"","ast-banner-title-visibility":"","ast-main-header-display":"","ast-hfb-above-header-display":"","ast-hfb-below-header-display":"","ast-hfb-mobile-header-display":"","site-post-title":"","ast-breadcrumbs-content":"","ast-featured-img":"","footer-sml-layout":"","theme-transparent-header-meta":"default","adv-header-id-meta":"","stick-header-meta":"","header-above-stick-meta":"","header-main-stick-meta":"","header-below-stick-meta":"","astra-migrate-meta-layouts":"default","ast-page-background-enabled":"default","ast-page-background-meta":{"desktop":{"background-color":"","background-image":"","background-repeat":"repeat","background-position":"center center","background-size":"auto","background-attachment":"scroll","background-type":"","background-media":"","overlay-type":"","overlay-color":"","overlay-opacity":"","overlay-gradient":""},"tablet":{"background-color":"","background-image":"","background-repeat":"repeat","background-position":"center center","background-size":"auto","background-attachment":"scroll","background-type":"","background-media":"","overlay-type":"","overlay-color":"","overlay-opacity":"","overlay-gradient":""},"mobile":{"background-color":"","background-image":"","background-repeat":"repeat","background-position":"center center","background-size":"auto","background-attachment":"scroll","background-type":"","background-media":"","overlay-type":"","overlay-color":"","overlay-opacity":"","overlay-gradient":""}},"ast-content-background-meta":{"desktop":{"background-color":"var(--ast-global-color-5)","background-image":"","background-repeat":"repeat","background-position":"center center","background-size":"auto","background-attachment":"scroll","background-type":"","background-media":"","overlay-type":"","overlay-color":"","overlay-opacity":"","overlay-gradient":""},"tablet":{"background-color":"var(--ast-global-color-5)","background-image":"","background-repeat":"repeat","background-position":"center center","background-size":"auto","background-attachment":"scroll","background-type":"","background-media":"","overlay-type":"","overlay-color":"","overlay-opacity":"","overlay-gradient":""},"mobile":{"background-color":"var(--ast-global-color-5)","background-image":"","background-repeat":"repeat","background-position":"center center","background-size":"auto","background-attachment":"scroll","background-type":"","background-media":"","overlay-type":"","overlay-color":"","overlay-opacity":"","overlay-gradient":""}}},"product_brand":[],"product_cat":[375],"product_tag":[622,549,526,621],"class_list":{"0":"post-25984","1":"product","2":"type-product","3":"status-publish","4":"has-post-thumbnail","6":"product_cat-ky-nang-lam-viec-chuyen-nghiep-danh-cho-sinh-vien","7":"product_tag-advanced-presentation-skills","8":"product_tag-ky-nang-thuyet-trinh","9":"product_tag-ky-nang-thuyet-trinh-nang-cao","10":"product_tag-presentation-skills","11":"desktop-align-left","12":"tablet-align-left","13":"mobile-align-left","15":"first","16":"instock","17":"virtual","18":"sold-individually","19":"taxable","20":"purchasable","21":"product-type-courses"},"uagb_featured_image_src":{"full":["https:\/\/www.workingskills.net\/wp-content\/uploads\/2017\/01\/Effective-communication2.jpg",350,250,false],"thumbnail":["https:\/\/www.workingskills.net\/wp-content\/uploads\/2017\/01\/Effective-communication2-150x150.jpg",150,150,true],"medium":["https:\/\/www.workingskills.net\/wp-content\/uploads\/2017\/01\/Effective-communication2-300x214.jpg",300,214,true],"medium_large":["https:\/\/www.workingskills.net\/wp-content\/uploads\/2017\/01\/Effective-communication2.jpg",350,250,false],"large":["https:\/\/www.workingskills.net\/wp-content\/uploads\/2017\/01\/Effective-communication2.jpg",350,250,false],"1536x1536":["https:\/\/www.workingskills.net\/wp-content\/uploads\/2017\/01\/Effective-communication2.jpg",350,250,false],"2048x2048":["https:\/\/www.workingskills.net\/wp-content\/uploads\/2017\/01\/Effective-communication2.jpg",350,250,false],"trp-custom-language-flag":["https:\/\/www.workingskills.net\/wp-content\/uploads\/2017\/01\/Effective-communication2.jpg",18,12,false],"woocommerce_thumbnail":["https:\/\/www.workingskills.net\/wp-content\/uploads\/2017\/01\/Effective-communication2-300x250.jpg",300,250,true],"woocommerce_single":["https:\/\/www.workingskills.net\/wp-content\/uploads\/2017\/01\/Effective-communication2.jpg",350,250,false],"woocommerce_gallery_thumbnail":["https:\/\/www.workingskills.net\/wp-content\/uploads\/2017\/01\/Effective-communication2-100x100.jpg",100,100,true]},"uagb_author_info":{"display_name":"Working Skills","author_link":"https:\/\/www.workingskills.net\/vi\/author\/"},"uagb_comment_info":0,"uagb_excerpt":"M\u00e3 kho\u00e1 h\u1ecdc: SSVE-018 Phi\u00ean b\u1ea3n: K\u1ef9 n\u0103ng thuy\u1ebft tr\u00ecnh n\u00e2ng cao \u2013 Ti\u1ebfng Vi\u1ec7t Sau khi c\u00f3\u00a0m\u1ed9t b\u00e0i thuy\u1ebft tr\u00ecnh ho\u00e0n thi\u1ec7n\u00a0th\u00ec vi\u1ec7c l\u00e0m sao \u0111\u1ec3 tr\u00ecnh b\u00e0y n\u1ed9i dung v\u00e0 t\u1ea1o \u0111\u01b0\u1ee3c s\u1ef1 cu\u1ed1n h\u00fat \u0111\u1ed1i v\u1edbi ng\u01b0\u1eddi nghe l\u00e0 \u0111i\u1ec1u quan tr\u1ecdng nh\u1ea5t. B\u1ea1n \u0111\u00e3 n\u1eafm h\u1ebft c\u00e1c c\u1ea5u tr\u00fac c\u1ee7a m\u1ed9t&hellip;","_links":{"self":[{"href":"https:\/\/www.workingskills.net\/vi\/wp-json\/wp\/v2\/product\/25984","targetHints":{"allow":["GET"]}}],"collection":[{"href":"https:\/\/www.workingskills.net\/vi\/wp-json\/wp\/v2\/product"}],"about":[{"href":"https:\/\/www.workingskills.net\/vi\/wp-json\/wp\/v2\/types\/product"}],"replies":[{"embeddable":true,"href":"https:\/\/www.workingskills.net\/vi\/wp-json\/wp\/v2\/comments?post=25984"}],"wp:featuredmedia":[{"embeddable":true,"href":"https:\/\/www.workingskills.net\/vi\/wp-json\/wp\/v2\/media\/2955"}],"wp:attachment":[{"href":"https:\/\/www.workingskills.net\/vi\/wp-json\/wp\/v2\/media?parent=25984"}],"wp:term":[{"taxonomy":"product_brand","embeddable":true,"href":"https:\/\/www.workingskills.net\/vi\/wp-json\/wp\/v2\/product_brand?post=25984"},{"taxonomy":"product_cat","embeddable":true,"href":"https:\/\/www.workingskills.net\/vi\/wp-json\/wp\/v2\/product_cat?post=25984"},{"taxonomy":"product_tag","embeddable":true,"href":"https:\/\/www.workingskills.net\/vi\/wp-json\/wp\/v2\/product_tag?post=25984"}],"curies":[{"name":"wp","href":"https:\/\/api.w.org\/{rel}","templated":true}]}}