{"id":25983,"date":"2019-08-01T18:18:13","date_gmt":"2019-08-01T11:18:13","guid":{"rendered":"https:\/\/workingskills.net\/?post_type=product&#038;p=25983"},"modified":"2020-07-24T15:54:30","modified_gmt":"2020-07-24T08:54:30","slug":"ky-nang-thuyet-trinh-co-ban-danh-cho-sinh-vien-khoi-nganh-kinh-te","status":"publish","type":"product","link":"https:\/\/www.workingskills.net\/vi\/san-pham\/ky-nang-thuyet-trinh-co-ban-danh-cho-sinh-vien-khoi-nganh-kinh-te\/","title":{"rendered":"K\u1ef9 n\u0103ng thuy\u1ebft tr\u00ecnh c\u01a1 b\u1ea3n d\u00e0nh cho sinh vi\u00ean kh\u1ed1i ng\u00e0nh kinh t\u1ebf"},"content":{"rendered":"<p><em>M\u00e3 kho\u00e1 h\u1ecdc: SSVE-017<br \/>\nPhi\u00ean b\u1ea3n: K\u1ef9 n\u0103ng thuy\u1ebft tr\u00ecnh c\u01a1 b\u1ea3n \u2013 Ti\u1ebfng Vi\u1ec7t<\/em><\/p>\n<p>Thuy\u1ebft tr\u00ecnh l\u00e0 m\u1ed9t k\u1ef9 n\u0103ng quan tr\u1ecdng m\u00e0 ai c\u0169ng c\u1ea7n ph\u1ea3i c\u00f3, \u0111\u1eb7c bi\u1ec7t l\u00e0 c\u00e1c b\u1ea1n sinh vi\u00ean. B\u1ea1n thuy\u1ebft tr\u00ecnh theo y\u00eau c\u1ea7u c\u1ee7a m\u00f4n h\u1ecdc, b\u1ea1n tr\u00ecnh b\u00e0y \u00fd t\u01b0\u1edfng hay b\u00e1o c\u00e1o v\u1ec1 m\u1ed9t v\u1ea5n \u0111\u1ec1 n\u00e0o \u0111\u00f3 \u0111\u1ec1u c\u1ea7n \u0111\u1ebfn k\u1ef9 n\u0103ng thuy\u1ebft tr\u00ecnh.<br \/>\nV\u1eady b\u1ea1n \u0111\u00e3 bi\u1ebft c\u00e1ch t\u1ea1o n\u00ean m\u1ed9t\u00a0<a href=\"https:\/\/www.workingskills.net\/vi\/courses\/ky-nang-thuyet-trinh-nang-cao-danh-cho-sinh-vien-khoi-nganh-kinh-te\/\" target=\"_blank\" rel=\"noreferrer noopener\" aria-label=\"b\u00e0i thuy\u1ebft tr\u00ecnh l\u00f4i cu\u1ed1n? (m\u1edf trong tab m\u1edbi)\">b\u00e0i thuy\u1ebft tr\u00ecnh l\u00f4i cu\u1ed1n?<\/a><br \/>\nB\u1ea1n \u0111\u00e3 bi\u1ebft c\u00e1ch s\u1eed d\u1ee5ng l\u1eddi n\u00f3i v\u00e0 ng\u00f4n ng\u1eef c\u01a1 th\u1ec3 \u0111\u1ec3 thu h\u00fat ng\u01b0\u1eddi nghe trong khi thuy\u1ebft tr\u00ecnh?<br \/>\nN\u1ebfu c\u00f2n b\u0103n kho\u0103n th\u00ec kh\u00f3a h\u1ecdc k\u1ef9 n\u0103ng thuy\u1ebft tr\u00ecnh n\u00e0y s\u1ebd gi\u00fap \u00edch cho b\u1ea1n \u0111\u1ea5y!<\/p>\n<p><em>B\u1ea1n s\u1ebd \u0111\u01b0\u1ee3c h\u1ed7 tr\u1ee3 v\u00e0 t\u01b0 v\u1ea5n tr\u1ef1c tuy\u1ebfn mi\u1ec5n ph\u00ed b\u1edfi nh\u1eefng chuy\u00ean gia \u0111\u00e0o t\u1ea1o doanh nghi\u1ec7p c\u1ee7a\u00a0<a href=\"http:\/\/www.talentmind.edu.vn\/\" target=\"_blank\" rel=\"noreferrer noopener\">Talent Mind Education<\/a>\u00a0trong su\u1ed1t 365 ng\u00e0y tr\u1ea3i nghi\u1ec7m kho\u00e1 h\u1ecdc.<\/em><\/p>\n<h3><strong>Sau kh\u00f3a h\u1ecdc k\u1ef9 n\u0103ng thuy\u1ebft tr\u00ecnh c\u01a1 b\u1ea3n n\u00e0y, b\u1ea1n c\u00f3 th\u1ec3:<\/strong><\/h3>\n<ul>\n<li>N\u1eafm b\u1eaft \u0111\u01b0\u1ee3c c\u00e1c b\u01b0\u1edbc quan tr\u1ecdng c\u1ea7n chu\u1ea9n b\u1ecb cho m\u1ed9t b\u00e0i thuy\u1ebft tr\u00ecnh th\u00e0nh c\u00f4ng<\/li>\n<li>Bi\u1ebft c\u00e1ch bi\u00ean so\u1ea1n, ph\u00e1t tri\u1ec3n m\u1ed9t b\u00e0i thuy\u1ebft tr\u00ecnh hi\u1ec7u qu\u1ea3 v\u1edbi nh\u1eefng c\u00f4ng c\u1ee5 h\u1ed7 tr\u1ee3 kh\u00e1c nhau<\/li>\n<li>V\u1eadn d\u1ee5ng ng\u00f4n ng\u1eef n\u00f3i v\u00e0o b\u00e0i thuy\u1ebft tr\u00ecnh m\u1ed9t c\u00e1ch hi\u1ec7u qu\u1ea3<\/li>\n<li>V\u1eadn d\u1ee5ng ng\u00f4n ng\u1eef c\u01a1 th\u1ec3 v\u00e0o b\u00e0i thuy\u1ebft tr\u00ecnh m\u1ed9t c\u00e1ch hi\u1ec7u qu\u1ea3<\/li>\n<li>\u0110\u00e1nh gi\u00e1 \u0111\u01b0\u1ee3c kh\u1ea3 n\u0103ng thuy\u1ebft tr\u00ecnh c\u1ee7a b\u1ea3n th\u00e2n<\/li>\n<\/ul>","protected":false},"excerpt":{"rendered":"<p>M\u00e3 kho\u00e1 h\u1ecdc: SSVE-017 Phi\u00ean b\u1ea3n: K\u1ef9 n\u0103ng thuy\u1ebft tr\u00ecnh c\u01a1 b\u1ea3n \u2013 Ti\u1ebfng Vi\u1ec7t Thuy\u1ebft tr\u00ecnh l\u00e0 m\u1ed9t k\u1ef9 n\u0103ng quan tr\u1ecdng m\u00e0 ai c\u0169ng c\u1ea7n ph\u1ea3i c\u00f3, \u0111\u1eb7c bi\u1ec7t l\u00e0 c\u00e1c b\u1ea1n sinh vi\u00ean. B\u1ea1n thuy\u1ebft tr\u00ecnh theo y\u00eau c\u1ea7u c\u1ee7a m\u00f4n h\u1ecdc, b\u1ea1n tr\u00ecnh b\u00e0y \u00fd t\u01b0\u1edfng hay b\u00e1o c\u00e1o v\u1ec1 m\u1ed9t [&hellip;]<\/p>","protected":false},"featured_media":1740,"comment_status":"open","ping_status":"closed","template":"","meta":{"_uag_custom_page_level_css":"","site-sidebar-layout":"default","site-content-layout":"default","ast-site-content-layout":"","site-content-style":"default","site-sidebar-style":"default","ast-global-header-display":"","ast-banner-title-visibility":"","ast-main-header-display":"","ast-hfb-above-header-display":"","ast-hfb-below-header-display":"","ast-hfb-mobile-header-display":"","site-post-title":"","ast-breadcrumbs-content":"","ast-featured-img":"","footer-sml-layout":"","theme-transparent-header-meta":"default","adv-header-id-meta":"","stick-header-meta":"","header-above-stick-meta":"","header-main-stick-meta":"","header-below-stick-meta":"","astra-migrate-meta-layouts":"default","ast-page-background-enabled":"default","ast-page-background-meta":{"desktop":{"background-color":"","background-image":"","background-repeat":"repeat","background-position":"center center","background-size":"auto","background-attachment":"scroll","background-type":"","background-media":"","overlay-type":"","overlay-color":"","overlay-opacity":"","overlay-gradient":""},"tablet":{"background-color":"","background-image":"","background-repeat":"repeat","background-position":"center center","background-size":"auto","background-attachment":"scroll","background-type":"","background-media":"","overlay-type":"","overlay-color":"","overlay-opacity":"","overlay-gradient":""},"mobile":{"background-color":"","background-image":"","background-repeat":"repeat","background-position":"center center","background-size":"auto","background-attachment":"scroll","background-type":"","background-media":"","overlay-type":"","overlay-color":"","overlay-opacity":"","overlay-gradient":""}},"ast-content-background-meta":{"desktop":{"background-color":"var(--ast-global-color-5)","background-image":"","background-repeat":"repeat","background-position":"center center","background-size":"auto","background-attachment":"scroll","background-type":"","background-media":"","overlay-type":"","overlay-color":"","overlay-opacity":"","overlay-gradient":""},"tablet":{"background-color":"var(--ast-global-color-5)","background-image":"","background-repeat":"repeat","background-position":"center center","background-size":"auto","background-attachment":"scroll","background-type":"","background-media":"","overlay-type":"","overlay-color":"","overlay-opacity":"","overlay-gradient":""},"mobile":{"background-color":"var(--ast-global-color-5)","background-image":"","background-repeat":"repeat","background-position":"center center","background-size":"auto","background-attachment":"scroll","background-type":"","background-media":"","overlay-type":"","overlay-color":"","overlay-opacity":"","overlay-gradient":""}}},"product_brand":[],"product_cat":[375],"product_tag":[623,549,525,621],"class_list":{"0":"post-25983","1":"product","2":"type-product","3":"status-publish","4":"has-post-thumbnail","6":"product_cat-ky-nang-lam-viec-chuyen-nghiep-danh-cho-sinh-vien","7":"product_tag-basic-presentation-skills","8":"product_tag-ky-nang-thuyet-trinh","9":"product_tag-ky-nang-thuyet-trinh-co-ban","10":"product_tag-presentation-skills","11":"desktop-align-left","12":"tablet-align-left","13":"mobile-align-left","15":"first","16":"instock","17":"virtual","18":"sold-individually","19":"taxable","20":"purchasable","21":"product-type-courses"},"uagb_featured_image_src":{"full":["https:\/\/www.workingskills.net\/wp-content\/uploads\/2016\/12\/Presentation.jpg",350,250,false],"thumbnail":["https:\/\/www.workingskills.net\/wp-content\/uploads\/2016\/12\/Presentation-150x150.jpg",150,150,true],"medium":["https:\/\/www.workingskills.net\/wp-content\/uploads\/2016\/12\/Presentation-300x214.jpg",300,214,true],"medium_large":["https:\/\/www.workingskills.net\/wp-content\/uploads\/2016\/12\/Presentation.jpg",350,250,false],"large":["https:\/\/www.workingskills.net\/wp-content\/uploads\/2016\/12\/Presentation.jpg",350,250,false],"1536x1536":["https:\/\/www.workingskills.net\/wp-content\/uploads\/2016\/12\/Presentation.jpg",350,250,false],"2048x2048":["https:\/\/www.workingskills.net\/wp-content\/uploads\/2016\/12\/Presentation.jpg",350,250,false],"trp-custom-language-flag":["https:\/\/www.workingskills.net\/wp-content\/uploads\/2016\/12\/Presentation.jpg",18,12,false],"woocommerce_thumbnail":["https:\/\/www.workingskills.net\/wp-content\/uploads\/2016\/12\/Presentation-300x250.jpg",300,250,true],"woocommerce_single":["https:\/\/www.workingskills.net\/wp-content\/uploads\/2016\/12\/Presentation.jpg",350,250,false],"woocommerce_gallery_thumbnail":["https:\/\/www.workingskills.net\/wp-content\/uploads\/2016\/12\/Presentation-100x100.jpg",100,100,true]},"uagb_author_info":{"display_name":"Working Skills","author_link":"https:\/\/www.workingskills.net\/vi\/author\/"},"uagb_comment_info":0,"uagb_excerpt":"M\u00e3 kho\u00e1 h\u1ecdc: SSVE-017 Phi\u00ean b\u1ea3n: K\u1ef9 n\u0103ng thuy\u1ebft tr\u00ecnh c\u01a1 b\u1ea3n \u2013 Ti\u1ebfng Vi\u1ec7t Thuy\u1ebft tr\u00ecnh l\u00e0 m\u1ed9t k\u1ef9 n\u0103ng quan tr\u1ecdng m\u00e0 ai c\u0169ng c\u1ea7n ph\u1ea3i c\u00f3, \u0111\u1eb7c bi\u1ec7t l\u00e0 c\u00e1c b\u1ea1n sinh vi\u00ean. B\u1ea1n thuy\u1ebft tr\u00ecnh theo y\u00eau c\u1ea7u c\u1ee7a m\u00f4n h\u1ecdc, b\u1ea1n tr\u00ecnh b\u00e0y \u00fd t\u01b0\u1edfng hay b\u00e1o c\u00e1o v\u1ec1 m\u1ed9t&hellip;","_links":{"self":[{"href":"https:\/\/www.workingskills.net\/vi\/wp-json\/wp\/v2\/product\/25983","targetHints":{"allow":["GET"]}}],"collection":[{"href":"https:\/\/www.workingskills.net\/vi\/wp-json\/wp\/v2\/product"}],"about":[{"href":"https:\/\/www.workingskills.net\/vi\/wp-json\/wp\/v2\/types\/product"}],"replies":[{"embeddable":true,"href":"https:\/\/www.workingskills.net\/vi\/wp-json\/wp\/v2\/comments?post=25983"}],"wp:featuredmedia":[{"embeddable":true,"href":"https:\/\/www.workingskills.net\/vi\/wp-json\/wp\/v2\/media\/1740"}],"wp:attachment":[{"href":"https:\/\/www.workingskills.net\/vi\/wp-json\/wp\/v2\/media?parent=25983"}],"wp:term":[{"taxonomy":"product_brand","embeddable":true,"href":"https:\/\/www.workingskills.net\/vi\/wp-json\/wp\/v2\/product_brand?post=25983"},{"taxonomy":"product_cat","embeddable":true,"href":"https:\/\/www.workingskills.net\/vi\/wp-json\/wp\/v2\/product_cat?post=25983"},{"taxonomy":"product_tag","embeddable":true,"href":"https:\/\/www.workingskills.net\/vi\/wp-json\/wp\/v2\/product_tag?post=25983"}],"curies":[{"name":"wp","href":"https:\/\/api.w.org\/{rel}","templated":true}]}}