{"id":25981,"date":"2019-08-01T18:11:53","date_gmt":"2019-08-01T11:11:53","guid":{"rendered":"https:\/\/workingskills.net\/?post_type=product&#038;p=25981"},"modified":"2020-07-24T15:54:30","modified_gmt":"2020-07-24T08:54:30","slug":"cach-vuot-qua-su-tri-hoan-danh-cho-sinh-vien-khoi-nganh-kinh-te","status":"publish","type":"product","link":"https:\/\/www.workingskills.net\/vi\/san-pham\/cach-vuot-qua-su-tri-hoan-danh-cho-sinh-vien-khoi-nganh-kinh-te\/","title":{"rendered":"C\u00e1ch v\u01b0\u1ee3t qua s\u1ef1 tr\u00ec ho\u00e3n d\u00e0nh cho sinh vi\u00ean kh\u1ed1i ng\u00e0nh kinh t\u1ebf"},"content":{"rendered":"<p><em>M\u00e3 kho\u00e1 h\u1ecdc: SSVE-016<br \/>\nPhi\u00ean b\u1ea3n: C\u00e1ch v\u01b0\u1ee3t qua s\u1ef1 tr\u00ec ho\u00e3n \u2013 Ti\u1ebfng Vi\u1ec7t<\/em><\/p>\n<p>B\u1ea1n c\u00f3 \u0111\u1ecbnh l\u00e0m m\u1ed9t vi\u1ec7c g\u00ec \u0111\u00f3 nh\u01b0ng r\u1ed3i l\u1ea1i \u201c\u0111\u1ec3 mai t\u00ednh\u201d?<br \/>\nB\u1ea1n c\u00f3 th\u01b0\u1eddng m\u1ea5t t\u1eadp trung khi \u0111ang \u00f4n b\u00e0i hay l\u00e0m vi\u1ec7c?<br \/>\nB\u1ea1n lu\u00f4n c\u00f3 m\u1ed9t k\u1ebf ho\u1ea1ch r\u00f5 r\u00e0ng v\u00e0 bi\u1ebft\u00a0<a href=\"https:\/\/www.workingskills.net\/vi\/courses\/ky-thuat-sap-xep-cong-viec-danh-cho-sinh-vien-khoi-nganh-kinh-te\/\" target=\"_blank\" rel=\"noreferrer noopener\" aria-label=\"c\u00e1ch s\u1eafp x\u1ebfp th\u1eddi gian (m\u1edf trong tab m\u1edbi)\">c\u00e1ch s\u1eafp x\u1ebfp th\u1eddi gian<\/a>\u00a0nh\u01b0ng l\u1ea1i thi\u1ebfu \u0111\u1ed9ng l\u1ef1c h\u00e0nh \u0111\u1ed9ng?<br \/>\nB\u1ea1n c\u00f3 mong mu\u1ed1n t\u00ecm \u0111\u01b0\u1ee3c ph\u01b0\u01a1ng ph\u00e1p \u0111\u1ec3 v\u01b0\u1ee3t qua s\u1ef1 tr\u00ec ho\u00e3n v\u00e0 t\u1eadp trung h\u01a1n?<br \/>\nCh\u1ec9 khi lo\u1ea1i b\u1ecf th\u00f3i quen tr\u00ec ho\u00e3n c\u0169ng nh\u01b0 s\u1ef1 m\u1ea5t t\u1eadp trung th\u00ec b\u1ea1n m\u1edbi c\u00f3 th\u1ec3 h\u1ecdc t\u1eadp v\u00e0 l\u00e0m vi\u1ec7c \u0111\u1ea1t hi\u1ec7u qu\u1ea3 cao. Kh\u00f3a h\u1ecdc n\u00e0y s\u1ebd gi\u00fap b\u1ea1n bi\u1ebft c\u00e1ch t\u1ea1o ra s\u1ef1 h\u1ee9ng th\u00fa v\u00e0 c\u00e1ch v\u01b0\u1ee3t qua s\u1ef1 tr\u00ec ho\u00e3n b\u00ean trong m\u00ecnh.<\/p>\n<p><em>B\u1ea1n s\u1ebd \u0111\u01b0\u1ee3c h\u1ed7 tr\u1ee3 v\u00e0 t\u01b0 v\u1ea5n tr\u1ef1c tuy\u1ebfn mi\u1ec5n ph\u00ed b\u1edfi nh\u1eefng chuy\u00ean gia \u0111\u00e0o t\u1ea1o doanh nghi\u1ec7p c\u1ee7a\u00a0<a href=\"http:\/\/www.talentmind.edu.vn\/\" target=\"_blank\" rel=\"noreferrer noopener\">Talent Mind Education<\/a>\u00a0trong su\u1ed1t 365 ng\u00e0y tr\u1ea3i nghi\u1ec7m kho\u00e1 h\u1ecdc.<\/em><\/p>\n<h3><strong>Sau kh\u00f3a h\u1ecdc c\u00e1ch v\u01b0\u1ee3t qua s\u1ef1 tr\u00ec ho\u00e3n n\u00e0y, b\u1ea1n c\u00f3 th\u1ec3:<\/strong><\/h3>\n<ul>\n<li>Hi\u1ec3u \u0111\u01b0\u1ee3c kh\u00e1i ni\u1ec7m v\u00e0 d\u1ea5u hi\u1ec7u nh\u1eadn bi\u1ebft \u201ctr\u1ea1ng th\u00e1i d\u00f2ng ch\u1ea3y\u201d \u2013 tr\u1ea1ng th\u00e1i gi\u00fap b\u1ea1n \u0111\u1ea1t s\u1ef1 t\u1eadp trung cao nh\u1ea5t<\/li>\n<li>N\u1eafm b\u1eaft \u0111\u01b0\u1ee3c c\u00e1ch t\u1ea1o ra \u201ctr\u1ea1ng th\u00e1i d\u00f2ng ch\u1ea3y\u201d gi\u00fap b\u1ea1n \u0111\u1ea1t \u0111\u01b0\u1ee3c h\u01b0ng ph\u1ea5n trong c\u00f4ng vi\u1ec7c<\/li>\n<li>Bi\u1ebft \u0111\u01b0\u1ee3c c\u00e1c nguy\u00ean nh\u00e2n khi\u1ebfn b\u1ea1n thi\u1ebfu t\u1eadp trung v\u00e0 \u1ee9ng d\u1ee5ng c\u00e1c k\u1ef9 thu\u1eadt gi\u00fap c\u1ea3i thi\u1ec7n s\u1ef1 t\u1eadp trung<\/li>\n<li>N\u1eafm \u0111\u01b0\u1ee3c guy\u00ean nh\u00e2n g\u00e2y ra tr\u00ec ho\u00e3n v\u00e0 v\u1eadn d\u1ee5ng nguy\u00ean t\u1eafc Eat that frog \u0111\u1ec3 v\u01b0\u1ee3t qua s\u1ef1 tr\u00ec ho\u00e3n<\/li>\n<li>Bi\u1ebft \u0111\u01b0\u1ee3c b\u1ea1n c\u00f3 ph\u1ea3i l\u00e0 ng\u01b0\u1eddi tr\u00ec ho\u00e3n<\/li>\n<\/ul>","protected":false},"excerpt":{"rendered":"<p>M\u00e3 kho\u00e1 h\u1ecdc: SSVE-016 Phi\u00ean b\u1ea3n: C\u00e1ch v\u01b0\u1ee3t qua s\u1ef1 tr\u00ec ho\u00e3n \u2013 Ti\u1ebfng Vi\u1ec7t B\u1ea1n c\u00f3 \u0111\u1ecbnh l\u00e0m m\u1ed9t vi\u1ec7c g\u00ec \u0111\u00f3 nh\u01b0ng r\u1ed3i l\u1ea1i \u201c\u0111\u1ec3 mai t\u00ednh\u201d? B\u1ea1n c\u00f3 th\u01b0\u1eddng m\u1ea5t t\u1eadp trung khi \u0111ang \u00f4n b\u00e0i hay l\u00e0m vi\u1ec7c? B\u1ea1n lu\u00f4n c\u00f3 m\u1ed9t k\u1ebf ho\u1ea1ch r\u00f5 r\u00e0ng v\u00e0 bi\u1ebft\u00a0c\u00e1ch s\u1eafp x\u1ebfp th\u1eddi [&hellip;]<\/p>","protected":false},"featured_media":2930,"comment_status":"open","ping_status":"closed","template":"","meta":{"_uag_custom_page_level_css":"","site-sidebar-layout":"default","site-content-layout":"default","ast-site-content-layout":"","site-content-style":"default","site-sidebar-style":"default","ast-global-header-display":"","ast-banner-title-visibility":"","ast-main-header-display":"","ast-hfb-above-header-display":"","ast-hfb-below-header-display":"","ast-hfb-mobile-header-display":"","site-post-title":"","ast-breadcrumbs-content":"","ast-featured-img":"","footer-sml-layout":"","theme-transparent-header-meta":"default","adv-header-id-meta":"","stick-header-meta":"","header-above-stick-meta":"","header-main-stick-meta":"","header-below-stick-meta":"","astra-migrate-meta-layouts":"default","ast-page-background-enabled":"default","ast-page-background-meta":{"desktop":{"background-color":"","background-image":"","background-repeat":"repeat","background-position":"center center","background-size":"auto","background-attachment":"scroll","background-type":"","background-media":"","overlay-type":"","overlay-color":"","overlay-opacity":"","overlay-gradient":""},"tablet":{"background-color":"","background-image":"","background-repeat":"repeat","background-position":"center center","background-size":"auto","background-attachment":"scroll","background-type":"","background-media":"","overlay-type":"","overlay-color":"","overlay-opacity":"","overlay-gradient":""},"mobile":{"background-color":"","background-image":"","background-repeat":"repeat","background-position":"center center","background-size":"auto","background-attachment":"scroll","background-type":"","background-media":"","overlay-type":"","overlay-color":"","overlay-opacity":"","overlay-gradient":""}},"ast-content-background-meta":{"desktop":{"background-color":"var(--ast-global-color-5)","background-image":"","background-repeat":"repeat","background-position":"center center","background-size":"auto","background-attachment":"scroll","background-type":"","background-media":"","overlay-type":"","overlay-color":"","overlay-opacity":"","overlay-gradient":""},"tablet":{"background-color":"var(--ast-global-color-5)","background-image":"","background-repeat":"repeat","background-position":"center center","background-size":"auto","background-attachment":"scroll","background-type":"","background-media":"","overlay-type":"","overlay-color":"","overlay-opacity":"","overlay-gradient":""},"mobile":{"background-color":"var(--ast-global-color-5)","background-image":"","background-repeat":"repeat","background-position":"center center","background-size":"auto","background-attachment":"scroll","background-type":"","background-media":"","overlay-type":"","overlay-color":"","overlay-opacity":"","overlay-gradient":""}}},"product_brand":[],"product_cat":[375],"product_tag":[524,548,625,624],"class_list":{"0":"post-25981","1":"product","2":"type-product","3":"status-publish","4":"has-post-thumbnail","6":"product_cat-ky-nang-lam-viec-chuyen-nghiep-danh-cho-sinh-vien","7":"product_tag-cach-vuot-qua-su-tri-hoan","8":"product_tag-ky-nang-quan-ly-thoi-gian","9":"product_tag-overcoming-procrastination","10":"product_tag-time-management-skills","11":"desktop-align-left","12":"tablet-align-left","13":"mobile-align-left","15":"first","16":"instock","17":"virtual","18":"sold-individually","19":"taxable","20":"purchasable","21":"product-type-courses"},"uagb_featured_image_src":{"full":["https:\/\/www.workingskills.net\/wp-content\/uploads\/2017\/01\/time3.jpeg",350,250,false],"thumbnail":["https:\/\/www.workingskills.net\/wp-content\/uploads\/2017\/01\/time3-150x150.jpeg",150,150,true],"medium":["https:\/\/www.workingskills.net\/wp-content\/uploads\/2017\/01\/time3-300x214.jpeg",300,214,true],"medium_large":["https:\/\/www.workingskills.net\/wp-content\/uploads\/2017\/01\/time3.jpeg",350,250,false],"large":["https:\/\/www.workingskills.net\/wp-content\/uploads\/2017\/01\/time3.jpeg",350,250,false],"1536x1536":["https:\/\/www.workingskills.net\/wp-content\/uploads\/2017\/01\/time3.jpeg",350,250,false],"2048x2048":["https:\/\/www.workingskills.net\/wp-content\/uploads\/2017\/01\/time3.jpeg",350,250,false],"trp-custom-language-flag":["https:\/\/www.workingskills.net\/wp-content\/uploads\/2017\/01\/time3.jpeg",18,12,false],"woocommerce_thumbnail":["https:\/\/www.workingskills.net\/wp-content\/uploads\/2017\/01\/time3-300x250.jpeg",300,250,true],"woocommerce_single":["https:\/\/www.workingskills.net\/wp-content\/uploads\/2017\/01\/time3.jpeg",350,250,false],"woocommerce_gallery_thumbnail":["https:\/\/www.workingskills.net\/wp-content\/uploads\/2017\/01\/time3-100x100.jpeg",100,100,true]},"uagb_author_info":{"display_name":"Working Skills","author_link":"https:\/\/www.workingskills.net\/vi\/author\/"},"uagb_comment_info":0,"uagb_excerpt":"M\u00e3 kho\u00e1 h\u1ecdc: SSVE-016 Phi\u00ean b\u1ea3n: C\u00e1ch v\u01b0\u1ee3t qua s\u1ef1 tr\u00ec ho\u00e3n \u2013 Ti\u1ebfng Vi\u1ec7t B\u1ea1n c\u00f3 \u0111\u1ecbnh l\u00e0m m\u1ed9t vi\u1ec7c g\u00ec \u0111\u00f3 nh\u01b0ng r\u1ed3i l\u1ea1i \u201c\u0111\u1ec3 mai t\u00ednh\u201d? B\u1ea1n c\u00f3 th\u01b0\u1eddng m\u1ea5t t\u1eadp trung khi \u0111ang \u00f4n b\u00e0i hay l\u00e0m vi\u1ec7c? B\u1ea1n lu\u00f4n c\u00f3 m\u1ed9t k\u1ebf ho\u1ea1ch r\u00f5 r\u00e0ng v\u00e0 bi\u1ebft\u00a0c\u00e1ch s\u1eafp x\u1ebfp th\u1eddi&hellip;","_links":{"self":[{"href":"https:\/\/www.workingskills.net\/vi\/wp-json\/wp\/v2\/product\/25981","targetHints":{"allow":["GET"]}}],"collection":[{"href":"https:\/\/www.workingskills.net\/vi\/wp-json\/wp\/v2\/product"}],"about":[{"href":"https:\/\/www.workingskills.net\/vi\/wp-json\/wp\/v2\/types\/product"}],"replies":[{"embeddable":true,"href":"https:\/\/www.workingskills.net\/vi\/wp-json\/wp\/v2\/comments?post=25981"}],"wp:featuredmedia":[{"embeddable":true,"href":"https:\/\/www.workingskills.net\/vi\/wp-json\/wp\/v2\/media\/2930"}],"wp:attachment":[{"href":"https:\/\/www.workingskills.net\/vi\/wp-json\/wp\/v2\/media?parent=25981"}],"wp:term":[{"taxonomy":"product_brand","embeddable":true,"href":"https:\/\/www.workingskills.net\/vi\/wp-json\/wp\/v2\/product_brand?post=25981"},{"taxonomy":"product_cat","embeddable":true,"href":"https:\/\/www.workingskills.net\/vi\/wp-json\/wp\/v2\/product_cat?post=25981"},{"taxonomy":"product_tag","embeddable":true,"href":"https:\/\/www.workingskills.net\/vi\/wp-json\/wp\/v2\/product_tag?post=25981"}],"curies":[{"name":"wp","href":"https:\/\/api.w.org\/{rel}","templated":true}]}}