{"id":25980,"date":"2019-08-01T18:11:12","date_gmt":"2019-08-01T11:11:12","guid":{"rendered":"https:\/\/workingskills.net\/?post_type=product&#038;p=25980"},"modified":"2020-07-24T15:54:31","modified_gmt":"2020-07-24T08:54:31","slug":"cac-cong-cu-quan-ly-thoi-gian-danh-cho-sinh-vien-khoi-nganh-kinh-te","status":"publish","type":"product","link":"https:\/\/www.workingskills.net\/vi\/san-pham\/cac-cong-cu-quan-ly-thoi-gian-danh-cho-sinh-vien-khoi-nganh-kinh-te\/","title":{"rendered":"C\u00e1c c\u00f4ng c\u1ee5 qu\u1ea3n l\u00fd th\u1eddi gian d\u00e0nh cho sinh vi\u00ean kh\u1ed1i ng\u00e0nh kinh t\u1ebf"},"content":{"rendered":"<p><em>M\u00e3 kho\u00e1 h\u1ecdc: SSVE-015<br \/>\nPhi\u00ean b\u1ea3n: C\u00f4ng c\u1ee5 qu\u1ea3n l\u00fd th\u1eddi gian \u2013 Ti\u1ebfng Vi\u1ec7t<\/em><\/p>\n<p>D\u00f9 b\u1ea1n \u0111\u00e3 c\u00f3 nh\u1eefng ki\u1ebfn th\u1ee9c n\u1ec1n t\u1ea3ng v\u1ec1 k\u1ef9 n\u0103ng qu\u1ea3n l\u00fd th\u1eddi gian hay bi\u1ebft\u00a0<a href=\"https:\/\/www.workingskills.net\/vi\/courses\/ky-thuat-sap-xep-cong-viec-danh-cho-sinh-vien-khoi-nganh-kinh-te\/\" target=\"_blank\" rel=\"noreferrer noopener\" aria-label=\"c\u00e1ch s\u1eafp x\u1ebfp c\u00f4ng vi\u1ec7c (m\u1edf trong tab m\u1edbi)\">c\u00e1ch s\u1eafp x\u1ebfp c\u00f4ng vi\u1ec7c<\/a>\u00a0th\u00ec nh\u1eefng \u0111i\u1ec1u \u0111\u00f3 v\u1eabn ch\u01b0a \u0111\u1ee7 \u0111\u1ec3 b\u1ea1n l\u00e0m ch\u1ee7 b\u1ea3n th\u00e2n m\u00ecnh. H\u00e3y nh\u1edb l\u1ea1i:<br \/>\nB\u1ea1n \u0111\u00e3 bao gi\u1edd qu\u00ean m\u1ea5t m\u1ed9t s\u1ed1 vi\u1ec7c m\u00ecnh d\u1ef1 \u0111\u1ecbnh s\u1ebd l\u00e0m trong ng\u00e0y?<br \/>\nB\u1ea1n \u0111\u00e3 bao gi\u1edd l\u00e0m r\u1ea5t nhi\u1ec1u vi\u1ec7c nh\u01b0ng v\u1eabn kh\u00f4ng xong v\u00e0 vi\u1ec7c quan tr\u1ecdng nh\u1ea5t th\u00ec v\u1eabn ch\u01b0a ho\u00e0n th\u00e0nh?<br \/>\nB\u1ea1n c\u1ea3m th\u1ea5y m\u1ec7t m\u1ecfi v\u00e0 \u00e1p l\u1ef1c khi lu\u00f4n ph\u1ea3i ch\u1ea1y \u0111ua v\u1edbi th\u1eddi gian?<br \/>\nTrong h\u1ecdc t\u1eadp hay cu\u1ed9c s\u1ed1ng, b\u1ea1n s\u1ebd g\u1eb7p kh\u00f4ng \u00edt nh\u1eefng v\u1ea5n \u0111\u1ec1 c\u00f3 th\u1ec3 l\u1ea5y \u0111i r\u1ea5t nhi\u1ec1u th\u1eddi gian c\u1ee7a m\u00ecnh. \u0110\u1ec3 c\u00f3 th\u1ec3 qu\u1ea3n l\u00fd th\u1eddi gian hi\u1ec7u qu\u1ea3 h\u01a1n, b\u1ea1n c\u1ea7n m\u1ed9t s\u1ed1 h\u1ed7 tr\u1ee3. Kh\u00f3a h\u1ecdc n\u00e0y s\u1ebd cung c\u1ea5p cho b\u1ea1n nh\u1eefng c\u00f4ng c\u1ee5 qu\u1ea3n l\u00fd th\u1eddi gian h\u1eefu \u00edch, gi\u00fap b\u1ea1n n\u00e2ng cao hi\u1ec7u su\u1ea5t c\u1ee7a m\u00ecnh.<\/p>\n<p><em>B\u1ea1n s\u1ebd \u0111\u01b0\u1ee3c h\u1ed7 tr\u1ee3 v\u00e0 t\u01b0 v\u1ea5n tr\u1ef1c tuy\u1ebfn mi\u1ec5n ph\u00ed b\u1edfi nh\u1eefng chuy\u00ean gia \u0111\u00e0o t\u1ea1o doanh nghi\u1ec7p c\u1ee7a\u00a0<a href=\"http:\/\/www.talentmind.edu.vn\/\" target=\"_blank\" rel=\"noreferrer noopener\">Talent Mind Education<\/a>\u00a0trong su\u1ed1t 365 ng\u00e0y tr\u1ea3i nghi\u1ec7m kho\u00e1 h\u1ecdc.<\/em><\/p>\n<h3><strong>Sau kh\u00f3a h\u1ecdc c\u00e1c c\u00f4ng c\u1ee5 qu\u1ea3n l\u00fd th\u1eddi gian n\u00e0y, b\u1ea1n c\u00f3 th\u1ec3:<\/strong><\/h3>\n<ul>\n<li>Bi\u1ebft c\u00e1ch s\u1eed d\u1ee5ng c\u00e1c \u0111\u00f2n b\u1eaby \u201cth\u1ea7n k\u00ec\u201d trong qu\u1ea3n l\u00fd th\u1eddi gian<\/li>\n<li>L\u00e0m ch\u1ee7 c\u00e1c c\u00f4ng c\u1ee5 gi\u00fap qu\u1ea3n l\u00fd c\u00f4ng vi\u1ec7c d\u1ec5 d\u00e0ng nh\u01b0 To do list, Evernote<\/li>\n<li>V\u1eadn d\u1ee5ng c\u00e1c k\u1ef9 thu\u1eadt (k\u1ef9 thu\u1eadt \u0111\u00f2n b\u1eaby, k\u1ef9 thu\u1eadt \u0110\u00e1 \u2013 S\u1ecfi \u2013 C\u00e1t \u2013 N\u01b0\u1edbc, 5WH2C5M\u2026) gi\u00fap qu\u1ea3n l\u00fd th\u1eddi gian hi\u1ec7u qu\u1ea3 h\u01a1n, ti\u1ebft ki\u1ec7m h\u01a1n<\/li>\n<\/ul>","protected":false},"excerpt":{"rendered":"<p>M\u00e3 kho\u00e1 h\u1ecdc: SSVE-015 Phi\u00ean b\u1ea3n: C\u00f4ng c\u1ee5 qu\u1ea3n l\u00fd th\u1eddi gian \u2013 Ti\u1ebfng Vi\u1ec7t D\u00f9 b\u1ea1n \u0111\u00e3 c\u00f3 nh\u1eefng ki\u1ebfn th\u1ee9c n\u1ec1n t\u1ea3ng v\u1ec1 k\u1ef9 n\u0103ng qu\u1ea3n l\u00fd th\u1eddi gian hay bi\u1ebft\u00a0c\u00e1ch s\u1eafp x\u1ebfp c\u00f4ng vi\u1ec7c\u00a0th\u00ec nh\u1eefng \u0111i\u1ec1u \u0111\u00f3 v\u1eabn ch\u01b0a \u0111\u1ee7 \u0111\u1ec3 b\u1ea1n l\u00e0m ch\u1ee7 b\u1ea3n th\u00e2n m\u00ecnh. H\u00e3y nh\u1edb l\u1ea1i: B\u1ea1n \u0111\u00e3 [&hellip;]<\/p>","protected":false},"featured_media":0,"comment_status":"open","ping_status":"closed","template":"","meta":{"_uag_custom_page_level_css":"","site-sidebar-layout":"default","site-content-layout":"default","ast-site-content-layout":"","site-content-style":"default","site-sidebar-style":"default","ast-global-header-display":"","ast-banner-title-visibility":"","ast-main-header-display":"","ast-hfb-above-header-display":"","ast-hfb-below-header-display":"","ast-hfb-mobile-header-display":"","site-post-title":"","ast-breadcrumbs-content":"","ast-featured-img":"","footer-sml-layout":"","theme-transparent-header-meta":"default","adv-header-id-meta":"","stick-header-meta":"","header-above-stick-meta":"","header-main-stick-meta":"","header-below-stick-meta":"","astra-migrate-meta-layouts":"default","ast-page-background-enabled":"default","ast-page-background-meta":{"desktop":{"background-color":"","background-image":"","background-repeat":"repeat","background-position":"center center","background-size":"auto","background-attachment":"scroll","background-type":"","background-media":"","overlay-type":"","overlay-color":"","overlay-opacity":"","overlay-gradient":""},"tablet":{"background-color":"","background-image":"","background-repeat":"repeat","background-position":"center center","background-size":"auto","background-attachment":"scroll","background-type":"","background-media":"","overlay-type":"","overlay-color":"","overlay-opacity":"","overlay-gradient":""},"mobile":{"background-color":"","background-image":"","background-repeat":"repeat","background-position":"center center","background-size":"auto","background-attachment":"scroll","background-type":"","background-media":"","overlay-type":"","overlay-color":"","overlay-opacity":"","overlay-gradient":""}},"ast-content-background-meta":{"desktop":{"background-color":"var(--ast-global-color-5)","background-image":"","background-repeat":"repeat","background-position":"center center","background-size":"auto","background-attachment":"scroll","background-type":"","background-media":"","overlay-type":"","overlay-color":"","overlay-opacity":"","overlay-gradient":""},"tablet":{"background-color":"var(--ast-global-color-5)","background-image":"","background-repeat":"repeat","background-position":"center center","background-size":"auto","background-attachment":"scroll","background-type":"","background-media":"","overlay-type":"","overlay-color":"","overlay-opacity":"","overlay-gradient":""},"mobile":{"background-color":"var(--ast-global-color-5)","background-image":"","background-repeat":"repeat","background-position":"center center","background-size":"auto","background-attachment":"scroll","background-type":"","background-media":"","overlay-type":"","overlay-color":"","overlay-opacity":"","overlay-gradient":""}}},"product_brand":[],"product_cat":[375],"product_tag":[523,548,624,626],"class_list":{"0":"post-25980","1":"product","2":"type-product","3":"status-publish","5":"product_cat-ky-nang-lam-viec-chuyen-nghiep-danh-cho-sinh-vien","6":"product_tag-cac-cong-cu-quan-ly-thoi-gian","7":"product_tag-ky-nang-quan-ly-thoi-gian","8":"product_tag-time-management-skills","9":"product_tag-time-management-tools","10":"desktop-align-left","11":"tablet-align-left","12":"mobile-align-left","14":"first","15":"instock","16":"virtual","17":"sold-individually","18":"taxable","19":"purchasable","20":"product-type-courses"},"uagb_featured_image_src":{"full":false,"thumbnail":false,"medium":false,"medium_large":false,"large":false,"1536x1536":false,"2048x2048":false,"trp-custom-language-flag":false,"woocommerce_thumbnail":false,"woocommerce_single":false,"woocommerce_gallery_thumbnail":false},"uagb_author_info":{"display_name":"Working Skills","author_link":"https:\/\/www.workingskills.net\/vi\/author\/"},"uagb_comment_info":0,"uagb_excerpt":"M\u00e3 kho\u00e1 h\u1ecdc: SSVE-015 Phi\u00ean b\u1ea3n: C\u00f4ng c\u1ee5 qu\u1ea3n l\u00fd th\u1eddi gian \u2013 Ti\u1ebfng Vi\u1ec7t D\u00f9 b\u1ea1n \u0111\u00e3 c\u00f3 nh\u1eefng ki\u1ebfn th\u1ee9c n\u1ec1n t\u1ea3ng v\u1ec1 k\u1ef9 n\u0103ng qu\u1ea3n l\u00fd th\u1eddi gian hay bi\u1ebft\u00a0c\u00e1ch s\u1eafp x\u1ebfp c\u00f4ng vi\u1ec7c\u00a0th\u00ec nh\u1eefng \u0111i\u1ec1u \u0111\u00f3 v\u1eabn ch\u01b0a \u0111\u1ee7 \u0111\u1ec3 b\u1ea1n l\u00e0m ch\u1ee7 b\u1ea3n th\u00e2n m\u00ecnh. H\u00e3y nh\u1edb l\u1ea1i: B\u1ea1n \u0111\u00e3&hellip;","_links":{"self":[{"href":"https:\/\/www.workingskills.net\/vi\/wp-json\/wp\/v2\/product\/25980","targetHints":{"allow":["GET"]}}],"collection":[{"href":"https:\/\/www.workingskills.net\/vi\/wp-json\/wp\/v2\/product"}],"about":[{"href":"https:\/\/www.workingskills.net\/vi\/wp-json\/wp\/v2\/types\/product"}],"replies":[{"embeddable":true,"href":"https:\/\/www.workingskills.net\/vi\/wp-json\/wp\/v2\/comments?post=25980"}],"wp:attachment":[{"href":"https:\/\/www.workingskills.net\/vi\/wp-json\/wp\/v2\/media?parent=25980"}],"wp:term":[{"taxonomy":"product_brand","embeddable":true,"href":"https:\/\/www.workingskills.net\/vi\/wp-json\/wp\/v2\/product_brand?post=25980"},{"taxonomy":"product_cat","embeddable":true,"href":"https:\/\/www.workingskills.net\/vi\/wp-json\/wp\/v2\/product_cat?post=25980"},{"taxonomy":"product_tag","embeddable":true,"href":"https:\/\/www.workingskills.net\/vi\/wp-json\/wp\/v2\/product_tag?post=25980"}],"curies":[{"name":"wp","href":"https:\/\/api.w.org\/{rel}","templated":true}]}}