{"id":25977,"date":"2019-08-01T18:08:56","date_gmt":"2019-08-01T11:08:56","guid":{"rendered":"https:\/\/workingskills.net\/?post_type=product&#038;p=25977"},"modified":"2020-07-24T15:55:08","modified_gmt":"2020-07-24T08:55:08","slug":"ky-nang-quan-ly-thoi-gian-co-ban-danh-cho-sinh-vien-khoi-nganh-kinh-te","status":"publish","type":"product","link":"https:\/\/www.workingskills.net\/vi\/san-pham\/ky-nang-quan-ly-thoi-gian-co-ban-danh-cho-sinh-vien-khoi-nganh-kinh-te\/","title":{"rendered":"K\u1ef9 n\u0103ng qu\u1ea3n l\u00fd th\u1eddi gian c\u01a1 b\u1ea3n d\u00e0nh cho sinh vi\u00ean kh\u1ed1i ng\u00e0nh kinh t\u1ebf"},"content":{"rendered":"<p><em>M\u00e3 kho\u00e1 h\u1ecdc: SSVE-012<br \/>\nPhi\u00ean b\u1ea3n: K\u1ef9 n\u0103ng qu\u1ea3n l\u00fd th\u1eddi gian c\u01a1 b\u1ea3n \u2013 Ti\u1ebfng Vi\u1ec7t<\/em><\/p>\n<p>K\u1ef9 n\u0103ng qu\u1ea3n l\u00fd th\u1eddi gian l\u00e0 m\u1ed9t trong nh\u1eefng y\u1ebfu t\u1ed1 quan tr\u1ecdng quy\u1ebft \u0111\u1ecbnh \u0111\u1ebfn s\u1ef1 th\u00e0nh c\u00f4ng c\u1ee7a sinh vi\u00ean trong h\u1ecdc t\u1eadp c\u0169ng nh\u01b0 cu\u1ed9c s\u1ed1ng.<br \/>\nB\u1ea1n \u0111\u00e3 qu\u1ea3n l\u00fd th\u1eddi gian v\u00e0 s\u1eed d\u1ee5ng th\u1eddi gian c\u1ee7a m\u00ecnh \u0111\u00fang c\u00e1ch?<br \/>\nL\u00e0m sao \u0111\u1ec3 kh\u00f4ng bao gi\u1edd r\u01a1i v\u00e0o t\u00ecnh tr\u1ea1ng c\u1ea3m th\u1ea5y \u201cthi\u1ebfu th\u1eddi gian\u201d?<br \/>\nL\u00e0m th\u1ebf n\u00e0o s\u1ed1ng tr\u1ecdn v\u1eb9n \u201ct\u1eebng ph\u00fat t\u1eebng gi\u00e2y\u201d?<br \/>\nHi\u1ec3u r\u00f5 gi\u00e1 tr\u1ecb, b\u1ea3n ch\u1ea5t c\u1ee7a th\u1eddi gian c\u00f9ng v\u1edbi c\u00e1c\u00a0<a href=\"https:\/\/www.workingskills.net\/vi\/courses\/cac-cong-cu-quan-ly-thoi-gian-danh-cho-sinh-vien-khoi-nganh-kinh-te\/\" target=\"_blank\" rel=\"noreferrer noopener\" aria-label=\"c\u00f4ng c\u1ee5 qu\u1ea3n l\u00fd th\u1eddi gian ph\u00f9 h\u1ee3p (m\u1edf trong tab m\u1edbi)\">c\u00f4ng c\u1ee5 qu\u1ea3n l\u00fd th\u1eddi gian ph\u00f9 h\u1ee3p<\/a>, b\u1ea1n kh\u00f4ng ch\u1ec9 ti\u1ebft ki\u1ec7m \u0111\u01b0\u1ee3c th\u1eddi gian m\u00e0 c\u00f2n khi\u1ebfn cho m\u1ed7i ng\u00e0y c\u1ee7a b\u1ea1n tr\u00f4i qua \u0111\u1ec1u c\u00f3 \u00fd ngh\u0129a.<\/p>\n<p><em>B\u1ea1n s\u1ebd \u0111\u01b0\u1ee3c h\u1ed7 tr\u1ee3 v\u00e0 t\u01b0 v\u1ea5n tr\u1ef1c tuy\u1ebfn mi\u1ec5n ph\u00ed b\u1edfi nh\u1eefng chuy\u00ean gia \u0111\u00e0o t\u1ea1o doanh nghi\u1ec7p c\u1ee7a\u00a0<a href=\"http:\/\/www.talentmind.edu.vn\/\" target=\"_blank\" rel=\"noreferrer noopener\">Talent Mind Education<\/a>\u00a0trong su\u1ed1t 365 ng\u00e0y tr\u1ea3i nghi\u1ec7m kho\u00e1 h\u1ecdc.<\/em><\/p>\n<h3><strong>Sau kh\u00f3a h\u1ecdc k\u1ef9 n\u0103ng qu\u1ea3n l\u00fd th\u1eddi gian c\u01a1 b\u1ea3n n\u00e0y, b\u1ea1n c\u00f3 th\u1ec3:<\/strong><\/h3>\n<ul>\n<li>Hi\u1ec3u \u0111\u01b0\u1ee3c \u00fd ngh\u0129a c\u1ee7a th\u1eddi gian l\u00e0 g\u00ec v\u00e0 ch\u00fang c\u00f3 gi\u00e1 tr\u1ecb ra sao<\/li>\n<li>Bi\u1ebft \u0111\u01b0\u1ee3c th\u1eddi gian c\u1ee7a b\u1ea1n \u0111\u00e1ng gi\u00e1 bao nhi\u00eau<\/li>\n<li>Hi\u1ec3u \u0111\u01b0\u1ee3c b\u00ed m\u1eadt \u1ea9n ch\u1ee9a \u0111\u1eb1ng sau vi\u1ec7c qu\u1ea3n l\u00fd th\u1eddi gian<\/li>\n<li>Bi\u1ebft \u0111\u01b0\u1ee3c kh\u1ea3 n\u0103ng qu\u1ea3n l\u00fd th\u1eddi gian c\u1ee7a b\u1ea1n t\u1ed1t \u0111\u1ebfn \u0111\u00e2u<\/li>\n<li>Bi\u1ebft \u0111\u01b0\u1ee3c b\u1ea1n c\u00f3 \u0111ang \u201cl\u00e0m ch\u1ee7\u201d th\u1eddi gian hay kh\u00f4ng<\/li>\n<li>\u201cTr\u00e1nh xa\u201d nh\u1eefng k\u1ebb \u0111\u00e1nh c\u1eafp th\u1eddi gian c\u1ee7a b\u1ea1n<\/li>\n<\/ul>","protected":false},"excerpt":{"rendered":"<p>M\u00e3 kho\u00e1 h\u1ecdc: SSVE-012 Phi\u00ean b\u1ea3n: K\u1ef9 n\u0103ng qu\u1ea3n l\u00fd th\u1eddi gian c\u01a1 b\u1ea3n \u2013 Ti\u1ebfng Vi\u1ec7t K\u1ef9 n\u0103ng qu\u1ea3n l\u00fd th\u1eddi gian l\u00e0 m\u1ed9t trong nh\u1eefng y\u1ebfu t\u1ed1 quan tr\u1ecdng quy\u1ebft \u0111\u1ecbnh \u0111\u1ebfn s\u1ef1 th\u00e0nh c\u00f4ng c\u1ee7a sinh vi\u00ean trong h\u1ecdc t\u1eadp c\u0169ng nh\u01b0 cu\u1ed9c s\u1ed1ng. B\u1ea1n \u0111\u00e3 qu\u1ea3n l\u00fd th\u1eddi gian v\u00e0 s\u1eed [&hellip;]<\/p>","protected":false},"featured_media":1694,"comment_status":"open","ping_status":"closed","template":"","meta":{"_uag_custom_page_level_css":"","site-sidebar-layout":"default","site-content-layout":"default","ast-site-content-layout":"","site-content-style":"default","site-sidebar-style":"default","ast-global-header-display":"","ast-banner-title-visibility":"","ast-main-header-display":"","ast-hfb-above-header-display":"","ast-hfb-below-header-display":"","ast-hfb-mobile-header-display":"","site-post-title":"","ast-breadcrumbs-content":"","ast-featured-img":"","footer-sml-layout":"","theme-transparent-header-meta":"default","adv-header-id-meta":"","stick-header-meta":"","header-above-stick-meta":"","header-main-stick-meta":"","header-below-stick-meta":"","astra-migrate-meta-layouts":"default","ast-page-background-enabled":"default","ast-page-background-meta":{"desktop":{"background-color":"","background-image":"","background-repeat":"repeat","background-position":"center center","background-size":"auto","background-attachment":"scroll","background-type":"","background-media":"","overlay-type":"","overlay-color":"","overlay-opacity":"","overlay-gradient":""},"tablet":{"background-color":"","background-image":"","background-repeat":"repeat","background-position":"center center","background-size":"auto","background-attachment":"scroll","background-type":"","background-media":"","overlay-type":"","overlay-color":"","overlay-opacity":"","overlay-gradient":""},"mobile":{"background-color":"","background-image":"","background-repeat":"repeat","background-position":"center center","background-size":"auto","background-attachment":"scroll","background-type":"","background-media":"","overlay-type":"","overlay-color":"","overlay-opacity":"","overlay-gradient":""}},"ast-content-background-meta":{"desktop":{"background-color":"var(--ast-global-color-5)","background-image":"","background-repeat":"repeat","background-position":"center center","background-size":"auto","background-attachment":"scroll","background-type":"","background-media":"","overlay-type":"","overlay-color":"","overlay-opacity":"","overlay-gradient":""},"tablet":{"background-color":"var(--ast-global-color-5)","background-image":"","background-repeat":"repeat","background-position":"center center","background-size":"auto","background-attachment":"scroll","background-type":"","background-media":"","overlay-type":"","overlay-color":"","overlay-opacity":"","overlay-gradient":""},"mobile":{"background-color":"var(--ast-global-color-5)","background-image":"","background-repeat":"repeat","background-position":"center center","background-size":"auto","background-attachment":"scroll","background-type":"","background-media":"","overlay-type":"","overlay-color":"","overlay-opacity":"","overlay-gradient":""}}},"product_brand":[],"product_cat":[375],"product_tag":[629,548,520,624],"class_list":{"0":"post-25977","1":"product","2":"type-product","3":"status-publish","4":"has-post-thumbnail","6":"product_cat-ky-nang-lam-viec-chuyen-nghiep-danh-cho-sinh-vien","7":"product_tag-basic-time-management-skills","8":"product_tag-ky-nang-quan-ly-thoi-gian","9":"product_tag-ky-nang-quan-ly-thoi-gian-co-ban","10":"product_tag-time-management-skills","11":"desktop-align-left","12":"tablet-align-left","13":"mobile-align-left","15":"first","16":"instock","17":"virtual","18":"sold-individually","19":"taxable","20":"purchasable","21":"product-type-courses"},"uagb_featured_image_src":{"full":["https:\/\/www.workingskills.net\/wp-content\/uploads\/2016\/11\/time2.jpeg",350,250,false],"thumbnail":["https:\/\/www.workingskills.net\/wp-content\/uploads\/2016\/11\/time2-150x150.jpeg",150,150,true],"medium":["https:\/\/www.workingskills.net\/wp-content\/uploads\/2016\/11\/time2-300x214.jpeg",300,214,true],"medium_large":["https:\/\/www.workingskills.net\/wp-content\/uploads\/2016\/11\/time2.jpeg",350,250,false],"large":["https:\/\/www.workingskills.net\/wp-content\/uploads\/2016\/11\/time2.jpeg",350,250,false],"1536x1536":["https:\/\/www.workingskills.net\/wp-content\/uploads\/2016\/11\/time2.jpeg",350,250,false],"2048x2048":["https:\/\/www.workingskills.net\/wp-content\/uploads\/2016\/11\/time2.jpeg",350,250,false],"trp-custom-language-flag":["https:\/\/www.workingskills.net\/wp-content\/uploads\/2016\/11\/time2.jpeg",18,12,false],"woocommerce_thumbnail":["https:\/\/www.workingskills.net\/wp-content\/uploads\/2016\/11\/time2-300x250.jpeg",300,250,true],"woocommerce_single":["https:\/\/www.workingskills.net\/wp-content\/uploads\/2016\/11\/time2.jpeg",350,250,false],"woocommerce_gallery_thumbnail":["https:\/\/www.workingskills.net\/wp-content\/uploads\/2016\/11\/time2-100x100.jpeg",100,100,true]},"uagb_author_info":{"display_name":"Working Skills","author_link":"https:\/\/www.workingskills.net\/vi\/author\/"},"uagb_comment_info":0,"uagb_excerpt":"M\u00e3 kho\u00e1 h\u1ecdc: SSVE-012 Phi\u00ean b\u1ea3n: K\u1ef9 n\u0103ng qu\u1ea3n l\u00fd th\u1eddi gian c\u01a1 b\u1ea3n \u2013 Ti\u1ebfng Vi\u1ec7t K\u1ef9 n\u0103ng qu\u1ea3n l\u00fd th\u1eddi gian l\u00e0 m\u1ed9t trong nh\u1eefng y\u1ebfu t\u1ed1 quan tr\u1ecdng quy\u1ebft \u0111\u1ecbnh \u0111\u1ebfn s\u1ef1 th\u00e0nh c\u00f4ng c\u1ee7a sinh vi\u00ean trong h\u1ecdc t\u1eadp c\u0169ng nh\u01b0 cu\u1ed9c s\u1ed1ng. B\u1ea1n \u0111\u00e3 qu\u1ea3n l\u00fd th\u1eddi gian v\u00e0 s\u1eed&hellip;","_links":{"self":[{"href":"https:\/\/www.workingskills.net\/vi\/wp-json\/wp\/v2\/product\/25977","targetHints":{"allow":["GET"]}}],"collection":[{"href":"https:\/\/www.workingskills.net\/vi\/wp-json\/wp\/v2\/product"}],"about":[{"href":"https:\/\/www.workingskills.net\/vi\/wp-json\/wp\/v2\/types\/product"}],"replies":[{"embeddable":true,"href":"https:\/\/www.workingskills.net\/vi\/wp-json\/wp\/v2\/comments?post=25977"}],"wp:featuredmedia":[{"embeddable":true,"href":"https:\/\/www.workingskills.net\/vi\/wp-json\/wp\/v2\/media\/1694"}],"wp:attachment":[{"href":"https:\/\/www.workingskills.net\/vi\/wp-json\/wp\/v2\/media?parent=25977"}],"wp:term":[{"taxonomy":"product_brand","embeddable":true,"href":"https:\/\/www.workingskills.net\/vi\/wp-json\/wp\/v2\/product_brand?post=25977"},{"taxonomy":"product_cat","embeddable":true,"href":"https:\/\/www.workingskills.net\/vi\/wp-json\/wp\/v2\/product_cat?post=25977"},{"taxonomy":"product_tag","embeddable":true,"href":"https:\/\/www.workingskills.net\/vi\/wp-json\/wp\/v2\/product_tag?post=25977"}],"curies":[{"name":"wp","href":"https:\/\/api.w.org\/{rel}","templated":true}]}}