{"id":25975,"date":"2019-08-01T18:03:56","date_gmt":"2019-08-01T11:03:56","guid":{"rendered":"https:\/\/workingskills.net\/?post_type=product&#038;p=25975"},"modified":"2020-07-24T15:55:26","modified_gmt":"2020-07-24T08:55:26","slug":"so-do-tu-duy-cong-cu-tu-duy-hieu-qua-danh-cho-sinh-vien-khoi-nganh-kinh-te","status":"publish","type":"product","link":"https:\/\/www.workingskills.net\/vi\/san-pham\/so-do-tu-duy-cong-cu-tu-duy-hieu-qua-danh-cho-sinh-vien-khoi-nganh-kinh-te\/","title":{"rendered":"S\u01a1 \u0111\u1ed3 t\u01b0 duy \u2013 c\u00f4ng c\u1ee5 t\u01b0 duy hi\u1ec7u qu\u1ea3 d\u00e0nh cho sinh vi\u00ean kh\u1ed1i ng\u00e0nh kinh t\u1ebf"},"content":{"rendered":"<p><em>M\u00e3 kho\u00e1 h\u1ecdc: SSVE-010<br \/>\nPhi\u00ean b\u1ea3n: S\u01a1 \u0111\u1ed3 t\u01b0 duy, c\u00f4ng c\u1ee5 t\u01b0 duy hi\u1ec7u qu\u1ea3 \u2013 Ti\u1ebfng Vi\u1ec7t<\/em><\/p>\n<p><a href=\"https:\/\/www.workingskills.net\/vi\/courses\/so-do-tu-duy-va-cach-tao-so-do-tu-duy-danh-cho-sinh-vien-khoi-nganh-kinh-te\/\" target=\"_blank\" rel=\"noreferrer noopener\" aria-label=\"S\u01a1 \u0111\u1ed3 t\u01b0 duy (m\u1edf trong tab m\u1edbi)\">S\u01a1 \u0111\u1ed3 t\u01b0 duy<\/a>\u00a0\u2013 c\u00f4ng c\u1ee5 t\u01b0 duy hi\u1ec7u qu\u1ea3, kh\u00f4ng ch\u1ec9 gi\u00fap b\u1ea1n h\u1ec7 th\u1ed1ng ki\u1ebfn th\u1ee9c hay\u00a0<a href=\"https:\/\/www.workingskills.net\/vi\/courses\/su-dung-so-do-tu-duy-trong-hoc-tap-doc-sach-va-thuyet-trinh-danh-cho-sinh-vien-khoi-nganh-kinh-te\/\" target=\"_blank\" rel=\"noreferrer noopener\" aria-label=\"ghi ch\u00e9p th\u00f4ng tin (m\u1edf trong tab m\u1edbi)\">ghi ch\u00e9p th\u00f4ng tin<\/a>\u00a0m\u00e0 ch\u00fang c\u00f2n \u0111\u01b0\u1ee3c \u1ee9ng d\u1ee5ng v\u00e0o nh\u1eefng c\u1ea5p \u0111\u1ed9 cao h\u01a1n trong h\u1ecdc t\u1eadp c\u0169ng nh\u01b0 cu\u1ed9c s\u1ed1ng c\u1ee7a b\u1ea1n.<br \/>\nB\u1ea1n \u0111\u00e3 bi\u1ebft h\u1ebft nh\u1eefng \u1ee9ng d\u1ee5ng \u201cth\u1ea7n k\u00ec\u201d c\u1ee7a s\u01a1 \u0111\u1ed3 t\u01b0 duy?<br \/>\nB\u1ea1n \u0111\u00e3 s\u1eed d\u1ee5ng s\u01a1 \u0111\u1ed3 t\u01b0 duy m\u1ed9t c\u00e1ch th\u00e0nh th\u1ea1o v\u00e0 \u0111\u00fang ph\u01b0\u01a1ng ph\u00e1p?<br \/>\nV\u1edbi s\u01a1 \u0111\u1ed3 t\u01b0 duy, b\u1ea1n c\u00f3 th\u1ec3 \u0111\u01b0a ra nh\u1eefng quy\u1ebft \u0111\u1ecbnh ho\u1eb7c \u00fd t\u01b0\u1edfng m\u1ed9t c\u00e1ch hi\u1ec7u qu\u1ea3, r\u00e8n luy\u1ec7n kh\u1ea3 n\u0103ng s\u00e1ng t\u1ea1o v\u00e0 t\u0103ng c\u01b0\u1eddng tr\u00ed nh\u1edb.<br \/>\nKh\u00f3a h\u1ecdc n\u00e0y s\u1ebd gi\u00fap b\u1ea1n \u201cl\u00e0m ch\u1ee7\u201d nh\u1eefng \u0111i\u1ec1u tr\u00ean ch\u1ec9 v\u1edbi s\u01a1 \u0111\u1ed3 t\u01b0 duy.<\/p>\n<p><em>B\u1ea1n s\u1ebd \u0111\u01b0\u1ee3c h\u1ed7 tr\u1ee3 v\u00e0 t\u01b0 v\u1ea5n tr\u1ef1c tuy\u1ebfn mi\u1ec5n ph\u00ed b\u1edfi nh\u1eefng chuy\u00ean gia \u0111\u00e0o t\u1ea1o doanh nghi\u1ec7p c\u1ee7a\u00a0<a href=\"http:\/\/www.talentmind.edu.vn\/\" target=\"_blank\" rel=\"noreferrer noopener\">Talent Mind Education<\/a>\u00a0trong su\u1ed1t 365 ng\u00e0y tr\u1ea3i nghi\u1ec7m kho\u00e1 h\u1ecdc.<\/em><\/p>\n<h3><strong>Sau kh\u00f3a h\u1ecdc s\u01a1 \u0111\u1ed3 t\u01b0 duy \u2013 c\u00f4ng c\u1ee5 t\u01b0 duy hi\u1ec7u qu\u1ea3 n\u00e0y, b\u1ea1n c\u00f3 th\u1ec3:<\/strong><\/h3>\n<ul>\n<li>Bi\u1ebft c\u00e1ch \u0111\u01b0a ra c\u00e1c quy\u1ebft \u0111\u1ecbnh ph\u00f9 h\u1ee3p, s\u00e1ng t\u1ea1o b\u1eb1ng c\u00e1c th\u00f4ng tin r\u00f5 r\u00e0ng thay v\u00ec h\u00e0nh \u0111\u1ed9ng b\u1eb1ng c\u1ea3m t\u00ednh<\/li>\n<li>Bi\u1ebft c\u00e1ch s\u1eafp x\u1ebfp \u201cc\u01a1n m\u01b0a \u00fd t\u01b0\u1edfng\u201d c\u1ee7a b\u1ea3n th\u00e2n m\u1ed9t c\u00e1ch h\u1ec7 th\u1ed1ng, khoa h\u1ecdc<\/li>\n<li>R\u00e8n luy\u1ec7n tr\u00ed nh\u1edb b\u1eb1ng s\u01a1 \u0111\u1ed3 t\u01b0 duy qua 6 b\u01b0\u1edbc v\u00f4 c\u00f9ng \u0111\u01a1n gi\u1ea3n v\u00e0 d\u1ec5 \u00e1p d\u1ee5ng<\/li>\n<li>Bi\u1ebft v\u00e0 v\u1eadn d\u1ee5ng 5 b\u01b0\u1edbc s\u00e1ng t\u1ea1o \u201c\u0111\u1ed9t ph\u00e1\u201d b\u1eb1ng s\u01a1 \u0111\u1ed3 t\u01b0 duy<\/li>\n<li>N\u1eafm \u0111\u01b0\u1ee3c c\u00e1ch th\u1ee9c l\u1eadp s\u01a1 \u0111\u1ed3 t\u01b0 duy t\u1eadp th\u1ec3 trong l\u00e0m vi\u1ec7c nh\u00f3m<\/li>\n<\/ul>","protected":false},"excerpt":{"rendered":"<p>M\u00e3 kho\u00e1 h\u1ecdc: SSVE-010 Phi\u00ean b\u1ea3n: S\u01a1 \u0111\u1ed3 t\u01b0 duy, c\u00f4ng c\u1ee5 t\u01b0 duy hi\u1ec7u qu\u1ea3 \u2013 Ti\u1ebfng Vi\u1ec7t S\u01a1 \u0111\u1ed3 t\u01b0 duy\u00a0\u2013 c\u00f4ng c\u1ee5 t\u01b0 duy hi\u1ec7u qu\u1ea3, kh\u00f4ng ch\u1ec9 gi\u00fap b\u1ea1n h\u1ec7 th\u1ed1ng ki\u1ebfn th\u1ee9c hay\u00a0ghi ch\u00e9p th\u00f4ng tin\u00a0m\u00e0 ch\u00fang c\u00f2n \u0111\u01b0\u1ee3c \u1ee9ng d\u1ee5ng v\u00e0o nh\u1eefng c\u1ea5p \u0111\u1ed9 cao h\u01a1n trong h\u1ecdc t\u1eadp [&hellip;]<\/p>","protected":false},"featured_media":0,"comment_status":"open","ping_status":"closed","template":"","meta":{"_uag_custom_page_level_css":"","site-sidebar-layout":"default","site-content-layout":"default","ast-site-content-layout":"","site-content-style":"default","site-sidebar-style":"default","ast-global-header-display":"","ast-banner-title-visibility":"","ast-main-header-display":"","ast-hfb-above-header-display":"","ast-hfb-below-header-display":"","ast-hfb-mobile-header-display":"","site-post-title":"","ast-breadcrumbs-content":"","ast-featured-img":"","footer-sml-layout":"","theme-transparent-header-meta":"default","adv-header-id-meta":"","stick-header-meta":"","header-above-stick-meta":"","header-main-stick-meta":"","header-below-stick-meta":"","astra-migrate-meta-layouts":"default","ast-page-background-enabled":"default","ast-page-background-meta":{"desktop":{"background-color":"","background-image":"","background-repeat":"repeat","background-position":"center center","background-size":"auto","background-attachment":"scroll","background-type":"","background-media":"","overlay-type":"","overlay-color":"","overlay-opacity":"","overlay-gradient":""},"tablet":{"background-color":"","background-image":"","background-repeat":"repeat","background-position":"center center","background-size":"auto","background-attachment":"scroll","background-type":"","background-media":"","overlay-type":"","overlay-color":"","overlay-opacity":"","overlay-gradient":""},"mobile":{"background-color":"","background-image":"","background-repeat":"repeat","background-position":"center center","background-size":"auto","background-attachment":"scroll","background-type":"","background-media":"","overlay-type":"","overlay-color":"","overlay-opacity":"","overlay-gradient":""}},"ast-content-background-meta":{"desktop":{"background-color":"var(--ast-global-color-5)","background-image":"","background-repeat":"repeat","background-position":"center center","background-size":"auto","background-attachment":"scroll","background-type":"","background-media":"","overlay-type":"","overlay-color":"","overlay-opacity":"","overlay-gradient":""},"tablet":{"background-color":"var(--ast-global-color-5)","background-image":"","background-repeat":"repeat","background-position":"center center","background-size":"auto","background-attachment":"scroll","background-type":"","background-media":"","overlay-type":"","overlay-color":"","overlay-opacity":"","overlay-gradient":""},"mobile":{"background-color":"var(--ast-global-color-5)","background-image":"","background-repeat":"repeat","background-position":"center center","background-size":"auto","background-attachment":"scroll","background-type":"","background-media":"","overlay-type":"","overlay-color":"","overlay-opacity":"","overlay-gradient":""}}},"product_brand":[],"product_cat":[375],"product_tag":[515,630,513,635],"class_list":{"0":"post-25975","1":"product","2":"type-product","3":"status-publish","5":"product_cat-ky-nang-lam-viec-chuyen-nghiep-danh-cho-sinh-vien","6":"product_tag-cong-cu-tu-duy-hieu-qua","7":"product_tag-mind-mapping","8":"product_tag-so-do-tu-duy","9":"product_tag-using-mind-map-as-a-thinking-tool","10":"desktop-align-left","11":"tablet-align-left","12":"mobile-align-left","14":"first","15":"instock","16":"virtual","17":"sold-individually","18":"taxable","19":"purchasable","20":"product-type-courses"},"uagb_featured_image_src":{"full":false,"thumbnail":false,"medium":false,"medium_large":false,"large":false,"1536x1536":false,"2048x2048":false,"trp-custom-language-flag":false,"woocommerce_thumbnail":false,"woocommerce_single":false,"woocommerce_gallery_thumbnail":false},"uagb_author_info":{"display_name":"Working Skills","author_link":"https:\/\/www.workingskills.net\/vi\/author\/"},"uagb_comment_info":0,"uagb_excerpt":"M\u00e3 kho\u00e1 h\u1ecdc: SSVE-010 Phi\u00ean b\u1ea3n: S\u01a1 \u0111\u1ed3 t\u01b0 duy, c\u00f4ng c\u1ee5 t\u01b0 duy hi\u1ec7u qu\u1ea3 \u2013 Ti\u1ebfng Vi\u1ec7t S\u01a1 \u0111\u1ed3 t\u01b0 duy\u00a0\u2013 c\u00f4ng c\u1ee5 t\u01b0 duy hi\u1ec7u qu\u1ea3, kh\u00f4ng ch\u1ec9 gi\u00fap b\u1ea1n h\u1ec7 th\u1ed1ng ki\u1ebfn th\u1ee9c hay\u00a0ghi ch\u00e9p th\u00f4ng tin\u00a0m\u00e0 ch\u00fang c\u00f2n \u0111\u01b0\u1ee3c \u1ee9ng d\u1ee5ng v\u00e0o nh\u1eefng c\u1ea5p \u0111\u1ed9 cao h\u01a1n trong h\u1ecdc t\u1eadp&hellip;","_links":{"self":[{"href":"https:\/\/www.workingskills.net\/vi\/wp-json\/wp\/v2\/product\/25975","targetHints":{"allow":["GET"]}}],"collection":[{"href":"https:\/\/www.workingskills.net\/vi\/wp-json\/wp\/v2\/product"}],"about":[{"href":"https:\/\/www.workingskills.net\/vi\/wp-json\/wp\/v2\/types\/product"}],"replies":[{"embeddable":true,"href":"https:\/\/www.workingskills.net\/vi\/wp-json\/wp\/v2\/comments?post=25975"}],"wp:attachment":[{"href":"https:\/\/www.workingskills.net\/vi\/wp-json\/wp\/v2\/media?parent=25975"}],"wp:term":[{"taxonomy":"product_brand","embeddable":true,"href":"https:\/\/www.workingskills.net\/vi\/wp-json\/wp\/v2\/product_brand?post=25975"},{"taxonomy":"product_cat","embeddable":true,"href":"https:\/\/www.workingskills.net\/vi\/wp-json\/wp\/v2\/product_cat?post=25975"},{"taxonomy":"product_tag","embeddable":true,"href":"https:\/\/www.workingskills.net\/vi\/wp-json\/wp\/v2\/product_tag?post=25975"}],"curies":[{"name":"wp","href":"https:\/\/api.w.org\/{rel}","templated":true}]}}