{"id":25973,"date":"2019-08-01T17:58:20","date_gmt":"2019-08-01T10:58:20","guid":{"rendered":"https:\/\/workingskills.net\/?post_type=product&#038;p=25973"},"modified":"2020-07-24T15:55:41","modified_gmt":"2020-07-24T08:55:41","slug":"ky-nang-hoach-dinh-nghe-nghiep-danh-cho-sinh-vien-khoi-nganh-kinh-te","status":"publish","type":"product","link":"https:\/\/www.workingskills.net\/vi\/san-pham\/ky-nang-hoach-dinh-nghe-nghiep-danh-cho-sinh-vien-khoi-nganh-kinh-te\/","title":{"rendered":"K\u1ef9 n\u0103ng ho\u1ea1ch \u0111\u1ecbnh ngh\u1ec1 nghi\u1ec7p d\u00e0nh cho sinh vi\u00ean kh\u1ed1i ng\u00e0nh kinh t\u1ebf"},"content":{"rendered":"<p><em>M\u00e3 kho\u00e1 h\u1ecdc: SSVE-008<br \/>\nPhi\u00ean b\u1ea3n: K\u1ef9 n\u0103ng ho\u1ea1ch \u0111\u1ecbnh ngh\u1ec1 nghi\u1ec7p \u2013 Ti\u1ebfng Vi\u1ec7t<\/em><\/p>\n<p>\u0110\u1ec3 qu\u00e3ng th\u1eddi gian sinh vi\u00ean th\u1eadt s\u1ef1 c\u00f3 \u00fd ngh\u0129a v\u00e0 c\u00f3 k\u1ebf ho\u1ea1ch r\u00f5 r\u00e0ng cho t\u01b0\u01a1ng lai sau khi t\u1ed1t nghi\u1ec7p th\u00ec b\u1ea1n ph\u1ea3i bi\u1ebft c\u00e1ch ho\u1ea1ch \u0111\u1ecbnh ngh\u1ec1 nghi\u1ec7p. Vi\u1ec7c ho\u1ea1ch \u0111\u1ecbnh ngh\u1ec1 nghi\u1ec7p c\u1ea7n \u0111\u01b0\u1ee3c chu\u1ea9n b\u1ecb v\u00e0 th\u1ef1c hi\u1ec7n qua t\u1eebng n\u0103m h\u1ecdc ngay t\u1eeb khi b\u01b0\u1edbc ch\u00e2n v\u00e0o gi\u1ea3ng \u0111\u01b0\u1eddng \u0110\u1ea1i h\u1ecdc, Cao \u0111\u1eb3ng<br \/>\n<a href=\"https:\/\/www.workingskills.net\/vi\/courses\/kham-pha-cac-nganh-nghe-danh-cho-sinh-vien-khoi-nganh-kinh-te\/\" target=\"_blank\" rel=\"noopener noreferrer\">B\u1ea1n \u0111\u00e3 bi\u1ebft r\u00f5 trong t\u01b0\u01a1ng lai m\u00ecnh s\u1ebd l\u00e0m g\u00ec ch\u01b0a?<\/a><br \/>\nB\u1ea1n \u0111\u00e3 c\u00f3 nh\u1eefng k\u1ebf ho\u1ea1ch c\u1ee5 th\u1ec3 n\u00e0o ch\u01b0a?<br \/>\nB\u1ea1n c\u00f3 c\u1ea3m th\u1ea5y h\u00e1o h\u1ee9c v\u00e0 tr\u00e0n \u0111\u1ea7y n\u0103ng l\u01b0\u1ee3ng cho 4 n\u0103m \u0110\u1ea1i h\u1ecdc, Cao \u0111\u1eb3ng kh\u00f4ng?<br \/>\nKh\u00f3a h\u1ecdc k\u1ef9 n\u0103ng ho\u1ea1ch \u0111inh ngh\u1ec1 nghi\u1ec7p s\u1ebd gi\u00fap b\u1ea1n t\u00ecm ra c\u00e2u tr\u1ea3 l\u1eddi cho t\u01b0\u01a1ng lai c\u1ee7a m\u00ecnh!<\/p>\n<p><em>B\u1ea1n s\u1ebd \u0111\u01b0\u1ee3c h\u1ed7 tr\u1ee3 v\u00e0 t\u01b0 v\u1ea5n tr\u1ef1c tuy\u1ebfn mi\u1ec5n ph\u00ed b\u1edfi nh\u1eefng chuy\u00ean gia \u0111\u00e0o t\u1ea1o doanh nghi\u1ec7p c\u1ee7a\u00a0<a href=\"http:\/\/www.talentmind.edu.vn\/\" target=\"_blank\" rel=\"noreferrer noopener\">Talent Mind Education<\/a>\u00a0trong su\u1ed1t 365 ng\u00e0y tr\u1ea3i nghi\u1ec7m kho\u00e1 h\u1ecdc.<\/em><\/p>\n<h3><strong>Sau kh\u00f3a h\u1ecdc k\u1ef9 n\u0103ng ho\u1ea1ch \u0111\u1ecbnh ngh\u1ec1 nghi\u1ec7p n\u00e0y, b\u1ea1n c\u00f3 th\u1ec3:<\/strong><\/h3>\n<ul>\n<li>Bi\u1ebft c\u00e1ch l\u1eadp cho m\u00ecnh k\u1ebf ho\u1ea1ch h\u1ecdc t\u1eadp v\u00e0 tr\u1ea3i nghi\u1ec7m trong 4 n\u0103m \u0110\u1ea1i h\u1ecdc, Cao \u0111\u1eb3ng<\/li>\n<li>X\u00e1c \u0111\u1ecbnh \u0111\u01b0\u1ee3c nh\u1eefng vi\u1ec7c c\u1ea7n ti\u1ebfn h\u00e0nh, nh\u1eefng ho\u1ea1t \u0111\u1ed9ng c\u1ea7n tr\u1ea3i nghi\u1ec7m qua t\u1eebng n\u0103m h\u1ecdc<\/li>\n<li>Bi\u1ebft c\u00e1ch vi\u1ebft v\u00e0 ho\u00e0n thi\u1ec7n CV m\u1ed9t c\u00e1ch chuy\u00ean nghi\u1ec7p ngay t\u1eeb n\u0103m 1<\/li>\n<li>N\u1eafm \u0111\u01b0\u1ee3c c\u00e1c b\u00ed quy\u1ebft gi\u00fap r\u00e8n luy\u1ec7n v\u00e0 ph\u00e1t tri\u1ec3n k\u1ef9 n\u0103ng l\u00e0m vi\u1ec7c chuy\u00ean nghi\u1ec7p theo \u0111\u00fang y\u00eau c\u1ea7u c\u1ee7a doanh nghi\u1ec7p<\/li>\n<\/ul>","protected":false},"excerpt":{"rendered":"<p>M\u00e3 kho\u00e1 h\u1ecdc: SSVE-008 Phi\u00ean b\u1ea3n: K\u1ef9 n\u0103ng ho\u1ea1ch \u0111\u1ecbnh ngh\u1ec1 nghi\u1ec7p \u2013 Ti\u1ebfng Vi\u1ec7t \u0110\u1ec3 qu\u00e3ng th\u1eddi gian sinh vi\u00ean th\u1eadt s\u1ef1 c\u00f3 \u00fd ngh\u0129a v\u00e0 c\u00f3 k\u1ebf ho\u1ea1ch r\u00f5 r\u00e0ng cho t\u01b0\u01a1ng lai sau khi t\u1ed1t nghi\u1ec7p th\u00ec b\u1ea1n ph\u1ea3i bi\u1ebft c\u00e1ch ho\u1ea1ch \u0111\u1ecbnh ngh\u1ec1 nghi\u1ec7p. Vi\u1ec7c ho\u1ea1ch \u0111\u1ecbnh ngh\u1ec1 nghi\u1ec7p c\u1ea7n \u0111\u01b0\u1ee3c [&hellip;]<\/p>","protected":false},"featured_media":650,"comment_status":"open","ping_status":"closed","template":"","meta":{"_uag_custom_page_level_css":"","site-sidebar-layout":"default","site-content-layout":"default","ast-site-content-layout":"","site-content-style":"default","site-sidebar-style":"default","ast-global-header-display":"","ast-banner-title-visibility":"","ast-main-header-display":"","ast-hfb-above-header-display":"","ast-hfb-below-header-display":"","ast-hfb-mobile-header-display":"","site-post-title":"","ast-breadcrumbs-content":"","ast-featured-img":"","footer-sml-layout":"","theme-transparent-header-meta":"default","adv-header-id-meta":"","stick-header-meta":"","header-above-stick-meta":"","header-main-stick-meta":"","header-below-stick-meta":"","astra-migrate-meta-layouts":"default","ast-page-background-enabled":"default","ast-page-background-meta":{"desktop":{"background-color":"","background-image":"","background-repeat":"repeat","background-position":"center center","background-size":"auto","background-attachment":"scroll","background-type":"","background-media":"","overlay-type":"","overlay-color":"","overlay-opacity":"","overlay-gradient":""},"tablet":{"background-color":"","background-image":"","background-repeat":"repeat","background-position":"center center","background-size":"auto","background-attachment":"scroll","background-type":"","background-media":"","overlay-type":"","overlay-color":"","overlay-opacity":"","overlay-gradient":""},"mobile":{"background-color":"","background-image":"","background-repeat":"repeat","background-position":"center center","background-size":"auto","background-attachment":"scroll","background-type":"","background-media":"","overlay-type":"","overlay-color":"","overlay-opacity":"","overlay-gradient":""}},"ast-content-background-meta":{"desktop":{"background-color":"var(--ast-global-color-5)","background-image":"","background-repeat":"repeat","background-position":"center center","background-size":"auto","background-attachment":"scroll","background-type":"","background-media":"","overlay-type":"","overlay-color":"","overlay-opacity":"","overlay-gradient":""},"tablet":{"background-color":"var(--ast-global-color-5)","background-image":"","background-repeat":"repeat","background-position":"center center","background-size":"auto","background-attachment":"scroll","background-type":"","background-media":"","overlay-type":"","overlay-color":"","overlay-opacity":"","overlay-gradient":""},"mobile":{"background-color":"var(--ast-global-color-5)","background-image":"","background-repeat":"repeat","background-position":"center center","background-size":"auto","background-attachment":"scroll","background-type":"","background-media":"","overlay-type":"","overlay-color":"","overlay-opacity":"","overlay-gradient":""}}},"product_brand":[],"product_cat":[375],"product_tag":[637,547,512,638],"class_list":{"0":"post-25973","1":"product","2":"type-product","3":"status-publish","4":"has-post-thumbnail","6":"product_cat-ky-nang-lam-viec-chuyen-nghiep-danh-cho-sinh-vien","7":"product_tag-career-orientation-skills","8":"product_tag-ky-nang-dinh-huong-nghe-nghiep","9":"product_tag-ky-nang-hoach-dinh-nghe-nghiep","10":"product_tag-planning-your-future-career","11":"desktop-align-left","12":"tablet-align-left","13":"mobile-align-left","15":"first","16":"instock","17":"virtual","18":"sold-individually","19":"taxable","20":"purchasable","21":"product-type-courses"},"uagb_featured_image_src":{"full":["https:\/\/www.workingskills.net\/wp-content\/uploads\/bp-attachments\/641\/11.jpg",1080,810,false],"thumbnail":["https:\/\/www.workingskills.net\/wp-content\/uploads\/bp-attachments\/641\/11-150x150.jpg",150,150,true],"medium":["https:\/\/www.workingskills.net\/wp-content\/uploads\/bp-attachments\/641\/11-300x225.jpg",300,225,true],"medium_large":["https:\/\/www.workingskills.net\/wp-content\/uploads\/bp-attachments\/641\/11-768x576.jpg",768,576,true],"large":["https:\/\/www.workingskills.net\/wp-content\/uploads\/bp-attachments\/641\/11-1024x768.jpg",1024,768,true],"1536x1536":["https:\/\/www.workingskills.net\/wp-content\/uploads\/bp-attachments\/641\/11.jpg",1080,810,false],"2048x2048":["https:\/\/www.workingskills.net\/wp-content\/uploads\/bp-attachments\/641\/11.jpg",1080,810,false],"trp-custom-language-flag":["https:\/\/www.workingskills.net\/wp-content\/uploads\/bp-attachments\/641\/11.jpg",16,12,false],"woocommerce_thumbnail":["https:\/\/www.workingskills.net\/wp-content\/uploads\/bp-attachments\/641\/11-300x300.jpg",300,300,true],"woocommerce_single":["https:\/\/www.workingskills.net\/wp-content\/uploads\/bp-attachments\/641\/11-600x450.jpg",600,450,true],"woocommerce_gallery_thumbnail":["https:\/\/www.workingskills.net\/wp-content\/uploads\/bp-attachments\/641\/11-100x100.jpg",100,100,true]},"uagb_author_info":{"display_name":"Working Skills","author_link":"https:\/\/www.workingskills.net\/vi\/author\/"},"uagb_comment_info":0,"uagb_excerpt":"M\u00e3 kho\u00e1 h\u1ecdc: SSVE-008 Phi\u00ean b\u1ea3n: K\u1ef9 n\u0103ng ho\u1ea1ch \u0111\u1ecbnh ngh\u1ec1 nghi\u1ec7p \u2013 Ti\u1ebfng Vi\u1ec7t \u0110\u1ec3 qu\u00e3ng th\u1eddi gian sinh vi\u00ean th\u1eadt s\u1ef1 c\u00f3 \u00fd ngh\u0129a v\u00e0 c\u00f3 k\u1ebf ho\u1ea1ch r\u00f5 r\u00e0ng cho t\u01b0\u01a1ng lai sau khi t\u1ed1t nghi\u1ec7p th\u00ec b\u1ea1n ph\u1ea3i bi\u1ebft c\u00e1ch ho\u1ea1ch \u0111\u1ecbnh ngh\u1ec1 nghi\u1ec7p. Vi\u1ec7c ho\u1ea1ch \u0111\u1ecbnh ngh\u1ec1 nghi\u1ec7p c\u1ea7n \u0111\u01b0\u1ee3c&hellip;","_links":{"self":[{"href":"https:\/\/www.workingskills.net\/vi\/wp-json\/wp\/v2\/product\/25973","targetHints":{"allow":["GET"]}}],"collection":[{"href":"https:\/\/www.workingskills.net\/vi\/wp-json\/wp\/v2\/product"}],"about":[{"href":"https:\/\/www.workingskills.net\/vi\/wp-json\/wp\/v2\/types\/product"}],"replies":[{"embeddable":true,"href":"https:\/\/www.workingskills.net\/vi\/wp-json\/wp\/v2\/comments?post=25973"}],"wp:featuredmedia":[{"embeddable":true,"href":"https:\/\/www.workingskills.net\/vi\/wp-json\/wp\/v2\/media\/650"}],"wp:attachment":[{"href":"https:\/\/www.workingskills.net\/vi\/wp-json\/wp\/v2\/media?parent=25973"}],"wp:term":[{"taxonomy":"product_brand","embeddable":true,"href":"https:\/\/www.workingskills.net\/vi\/wp-json\/wp\/v2\/product_brand?post=25973"},{"taxonomy":"product_cat","embeddable":true,"href":"https:\/\/www.workingskills.net\/vi\/wp-json\/wp\/v2\/product_cat?post=25973"},{"taxonomy":"product_tag","embeddable":true,"href":"https:\/\/www.workingskills.net\/vi\/wp-json\/wp\/v2\/product_tag?post=25973"}],"curies":[{"name":"wp","href":"https:\/\/api.w.org\/{rel}","templated":true}]}}