{"id":25972,"date":"2019-08-01T17:57:40","date_gmt":"2019-08-01T10:57:40","guid":{"rendered":"https:\/\/workingskills.net\/?post_type=product&#038;p=25972"},"modified":"2020-07-24T15:55:53","modified_gmt":"2020-07-24T08:55:53","slug":"kham-pha-cac-nganh-nghe-danh-cho-sinh-vien-khoi-nganh-kinh-te","status":"publish","type":"product","link":"https:\/\/www.workingskills.net\/vi\/san-pham\/kham-pha-cac-nganh-nghe-danh-cho-sinh-vien-khoi-nganh-kinh-te\/","title":{"rendered":"Kh\u00e1m ph\u00e1 c\u00e1c ng\u00e0nh ngh\u1ec1 d\u00e0nh cho sinh vi\u00ean kh\u1ed1i ng\u00e0nh kinh t\u1ebf"},"content":{"rendered":"<p><em>M\u00e3 kho\u00e1 h\u1ecdc: SSVE-007<br \/>\nPhi\u00ean b\u1ea3n: Kh\u00e1m ph\u00e1 c\u00e1c ng\u00e0nh ngh\u1ec1 \u2013 Ti\u1ebfng Vi\u1ec7t<\/em><\/p>\n<p>\u0110\u1ec3 c\u00f3 th\u1ec3\u00a0<a href=\"https:\/\/www.workingskills.net\/vi\/courses\/ky-nang-hoach-dinh-nghe-nghiep-danh-cho-sinh-vien-khoi-nganh-kinh-te\/\" target=\"_blank\" rel=\"noreferrer noopener\" aria-label=\"ho\u1ea1ch \u0111\u1ecbnh k\u1ebf ho\u1ea1ch ngh\u1ec1 nghi\u1ec7p (m\u1edf trong tab m\u1edbi)\">ho\u1ea1ch \u0111\u1ecbnh k\u1ebf ho\u1ea1ch ngh\u1ec1 nghi\u1ec7p<\/a>\u00a0cho 4 n\u0103m \u0110\u1ea1i h\u1ecdc, Cao \u0111\u1eb3ng, b\u00ean c\u1ea1nh vi\u1ec7c hi\u1ec3u r\u00f5 b\u1ea3n th\u00e2n, b\u1ea1n c\u1ea7n ph\u1ea3i bi\u1ebft \u0111\u01b0\u1ee3c xu h\u01b0\u1edbng c\u1ee7a th\u1ebf gi\u1edbi, nhu c\u1ea7u c\u1ee7a th\u1ecb tr\u01b0\u1eddng tuy\u1ec3n d\u1ee5ng hi\u1ec7n nay nh\u01b0 th\u1ebf n\u00e0o. V\u00ec suy cho c\u00f9ng, nh\u1eefng ki\u1ebfn th\u1ee9c hay k\u1ef9 n\u0103ng b\u1ea1n h\u1ecdc \u0111\u01b0\u1ee3c c\u0169ng d\u00f9ng \u0111\u1ec3 ph\u1ee5c v\u1ee5 cho c\u00f4ng vi\u1ec7c m\u00e0 nh\u00e0 tuy\u1ec3n d\u1ee5ng y\u00eau c\u1ea7u.<br \/>\nB\u1ea1n \u0111\u00e3 th\u1eadt s\u1ef1 hi\u1ec3u r\u00f5 ng\u00e0nh ngh\u1ec1 m\u00e0 m\u00ecnh \u0111ang h\u01b0\u1edbng t\u1edbi?<br \/>\nB\u1ea1n \u0111\u00e3 th\u1eadt s\u1ef1 bi\u1ebft sau khi t\u1ed1t nghi\u1ec7p m\u00ecnh s\u1ebd l\u00e0m g\u00ec, c\u00f4ng vi\u1ec7c ra sao?<br \/>\nB\u1ea1n c\u00f3 \u0111ang n\u1eafm b\u1eaft k\u1ecbp xu h\u01b0\u1edbng v\u00e0 nh\u1eefng s\u1ef1 thay \u0111\u1ed5i c\u1ee7a th\u1ebf gi\u1edbi hi\u1ec7n t\u1ea1i?<br \/>\nKh\u00f3a h\u1ecdc n\u00e0y s\u1ebd gi\u00fap b\u1ea1n gi\u1ea3i \u0111\u00e1p nh\u1eefng \u0111i\u1ec1u tr\u00ean.<\/p>\n<p><em>B\u1ea1n s\u1ebd \u0111\u01b0\u1ee3c h\u1ed7 tr\u1ee3 v\u00e0 t\u01b0 v\u1ea5n tr\u1ef1c tuy\u1ebfn mi\u1ec5n ph\u00ed b\u1edfi nh\u1eefng chuy\u00ean gia \u0111\u00e0o t\u1ea1o doanh nghi\u1ec7p c\u1ee7a\u00a0<a href=\"http:\/\/www.talentmind.edu.vn\/\" target=\"_blank\" rel=\"noreferrer noopener\">Talent Mind Education<\/a>\u00a0trong su\u1ed1t 365 ng\u00e0y tr\u1ea3i nghi\u1ec7m kho\u00e1 h\u1ecdc.<\/em><\/p>\n<h3><strong>Sau kh\u00f3a h\u1ecdc kh\u00e1m ph\u00e1 c\u00e1c ng\u00e0nh ngh\u1ec1 n\u00e0y, b\u1ea1n c\u00f3 th\u1ec3:<\/strong><\/h3>\n<ul>\n<li>Bi\u1ebft \u0111\u01b0\u1ee3c m\u1ee9c \u0111\u1ed9 s\u1eb5n s\u00e0ng c\u1ee7a b\u1ea3n th\u00e2n cho h\u00e0nh tr\u00ecnh 4 n\u0103m \u0110\u1ea1i h\u1ecdc, Cao \u0111\u1eb3ng s\u1eafp t\u1edbi.<\/li>\n<li>Bi\u1ebft \u0111\u01b0\u1ee3c m\u1ed9t s\u1ed1 d\u1ef1 \u0111o\u00e1n trong t\u01b0\u01a1ng lai v\u00e0 xu th\u1ebf ph\u00e1t tri\u1ec3n c\u1ee7a th\u1ebf gi\u1edbi<\/li>\n<li>N\u1eafm b\u1eaft \u0111\u01b0\u1ee3c c\u00e1c k\u1ef9 n\u0103ng m\u00e0 nh\u00e0 tuy\u1ec3n d\u1ee5ng y\u00eau c\u1ea7u<\/li>\n<li>Bi\u1ebft \u0111\u01b0\u1ee3c sau khi t\u1ed1t nghi\u1ec7p, v\u1edbi ng\u00e0nh \u0111ang h\u1ecdc, b\u1ea1n c\u00f3 th\u1ec3 l\u00e0m g\u00ec, c\u01a1 h\u1ed9i vi\u1ec7c l\u00e0m ra sao, m\u1ee9c l\u01b0\u01a1ng nh\u01b0 th\u1ebf n\u00e0o, nhu c\u1ea7u c\u1ee7a th\u1ecb tr\u01b0\u1eddng nhi\u1ec1u hay \u00edt, nh\u1eefng c\u01a1 h\u1ed9i ph\u00e1t tri\u1ec3n l\u00e0 g\u00ec\u2026<\/li>\n<\/ul>","protected":false},"excerpt":{"rendered":"<p>M\u00e3 kho\u00e1 h\u1ecdc: SSVE-007 Phi\u00ean b\u1ea3n: Kh\u00e1m ph\u00e1 c\u00e1c ng\u00e0nh ngh\u1ec1 \u2013 Ti\u1ebfng Vi\u1ec7t \u0110\u1ec3 c\u00f3 th\u1ec3\u00a0ho\u1ea1ch \u0111\u1ecbnh k\u1ebf ho\u1ea1ch ngh\u1ec1 nghi\u1ec7p\u00a0cho 4 n\u0103m \u0110\u1ea1i h\u1ecdc, Cao \u0111\u1eb3ng, b\u00ean c\u1ea1nh vi\u1ec7c hi\u1ec3u r\u00f5 b\u1ea3n th\u00e2n, b\u1ea1n c\u1ea7n ph\u1ea3i bi\u1ebft \u0111\u01b0\u1ee3c xu h\u01b0\u1edbng c\u1ee7a th\u1ebf gi\u1edbi, nhu c\u1ea7u c\u1ee7a th\u1ecb tr\u01b0\u1eddng tuy\u1ec3n d\u1ee5ng hi\u1ec7n nay nh\u01b0 [&hellip;]<\/p>","protected":false},"featured_media":1662,"comment_status":"open","ping_status":"closed","template":"","meta":{"_uag_custom_page_level_css":"","site-sidebar-layout":"default","site-content-layout":"default","ast-site-content-layout":"","site-content-style":"default","site-sidebar-style":"default","ast-global-header-display":"","ast-banner-title-visibility":"","ast-main-header-display":"","ast-hfb-above-header-display":"","ast-hfb-below-header-display":"","ast-hfb-mobile-header-display":"","site-post-title":"","ast-breadcrumbs-content":"","ast-featured-img":"","footer-sml-layout":"","theme-transparent-header-meta":"default","adv-header-id-meta":"","stick-header-meta":"","header-above-stick-meta":"","header-main-stick-meta":"","header-below-stick-meta":"","astra-migrate-meta-layouts":"default","ast-page-background-enabled":"default","ast-page-background-meta":{"desktop":{"background-color":"","background-image":"","background-repeat":"repeat","background-position":"center center","background-size":"auto","background-attachment":"scroll","background-type":"","background-media":"","overlay-type":"","overlay-color":"","overlay-opacity":"","overlay-gradient":""},"tablet":{"background-color":"","background-image":"","background-repeat":"repeat","background-position":"center center","background-size":"auto","background-attachment":"scroll","background-type":"","background-media":"","overlay-type":"","overlay-color":"","overlay-opacity":"","overlay-gradient":""},"mobile":{"background-color":"","background-image":"","background-repeat":"repeat","background-position":"center center","background-size":"auto","background-attachment":"scroll","background-type":"","background-media":"","overlay-type":"","overlay-color":"","overlay-opacity":"","overlay-gradient":""}},"ast-content-background-meta":{"desktop":{"background-color":"var(--ast-global-color-5)","background-image":"","background-repeat":"repeat","background-position":"center center","background-size":"auto","background-attachment":"scroll","background-type":"","background-media":"","overlay-type":"","overlay-color":"","overlay-opacity":"","overlay-gradient":""},"tablet":{"background-color":"var(--ast-global-color-5)","background-image":"","background-repeat":"repeat","background-position":"center center","background-size":"auto","background-attachment":"scroll","background-type":"","background-media":"","overlay-type":"","overlay-color":"","overlay-opacity":"","overlay-gradient":""},"mobile":{"background-color":"var(--ast-global-color-5)","background-image":"","background-repeat":"repeat","background-position":"center center","background-size":"auto","background-attachment":"scroll","background-type":"","background-media":"","overlay-type":"","overlay-color":"","overlay-opacity":"","overlay-gradient":""}}},"product_brand":[],"product_cat":[375],"product_tag":[637,639,511,547],"class_list":{"0":"post-25972","1":"product","2":"type-product","3":"status-publish","4":"has-post-thumbnail","6":"product_cat-ky-nang-lam-viec-chuyen-nghiep-danh-cho-sinh-vien","7":"product_tag-career-orientation-skills","8":"product_tag-exploring-professions","9":"product_tag-kham-pha-cac-nganh-nghe","10":"product_tag-ky-nang-dinh-huong-nghe-nghiep","11":"desktop-align-left","12":"tablet-align-left","13":"mobile-align-left","15":"first","16":"instock","17":"virtual","18":"sold-individually","19":"taxable","20":"purchasable","21":"product-type-courses"},"uagb_featured_image_src":{"full":["https:\/\/www.workingskills.net\/wp-content\/uploads\/2016\/11\/Exploring-yourself1.jpeg",350,250,false],"thumbnail":["https:\/\/www.workingskills.net\/wp-content\/uploads\/2016\/11\/Exploring-yourself1-150x150.jpeg",150,150,true],"medium":["https:\/\/www.workingskills.net\/wp-content\/uploads\/2016\/11\/Exploring-yourself1-300x214.jpeg",300,214,true],"medium_large":["https:\/\/www.workingskills.net\/wp-content\/uploads\/2016\/11\/Exploring-yourself1.jpeg",350,250,false],"large":["https:\/\/www.workingskills.net\/wp-content\/uploads\/2016\/11\/Exploring-yourself1.jpeg",350,250,false],"1536x1536":["https:\/\/www.workingskills.net\/wp-content\/uploads\/2016\/11\/Exploring-yourself1.jpeg",350,250,false],"2048x2048":["https:\/\/www.workingskills.net\/wp-content\/uploads\/2016\/11\/Exploring-yourself1.jpeg",350,250,false],"trp-custom-language-flag":["https:\/\/www.workingskills.net\/wp-content\/uploads\/2016\/11\/Exploring-yourself1.jpeg",18,12,false],"woocommerce_thumbnail":["https:\/\/www.workingskills.net\/wp-content\/uploads\/2016\/11\/Exploring-yourself1-300x250.jpeg",300,250,true],"woocommerce_single":["https:\/\/www.workingskills.net\/wp-content\/uploads\/2016\/11\/Exploring-yourself1.jpeg",350,250,false],"woocommerce_gallery_thumbnail":["https:\/\/www.workingskills.net\/wp-content\/uploads\/2016\/11\/Exploring-yourself1-100x100.jpeg",100,100,true]},"uagb_author_info":{"display_name":"Working Skills","author_link":"https:\/\/www.workingskills.net\/vi\/author\/"},"uagb_comment_info":0,"uagb_excerpt":"M\u00e3 kho\u00e1 h\u1ecdc: SSVE-007 Phi\u00ean b\u1ea3n: Kh\u00e1m ph\u00e1 c\u00e1c ng\u00e0nh ngh\u1ec1 \u2013 Ti\u1ebfng Vi\u1ec7t \u0110\u1ec3 c\u00f3 th\u1ec3\u00a0ho\u1ea1ch \u0111\u1ecbnh k\u1ebf ho\u1ea1ch ngh\u1ec1 nghi\u1ec7p\u00a0cho 4 n\u0103m \u0110\u1ea1i h\u1ecdc, Cao \u0111\u1eb3ng, b\u00ean c\u1ea1nh vi\u1ec7c hi\u1ec3u r\u00f5 b\u1ea3n th\u00e2n, b\u1ea1n c\u1ea7n ph\u1ea3i bi\u1ebft \u0111\u01b0\u1ee3c xu h\u01b0\u1edbng c\u1ee7a th\u1ebf gi\u1edbi, nhu c\u1ea7u c\u1ee7a th\u1ecb tr\u01b0\u1eddng tuy\u1ec3n d\u1ee5ng hi\u1ec7n nay nh\u01b0&hellip;","_links":{"self":[{"href":"https:\/\/www.workingskills.net\/vi\/wp-json\/wp\/v2\/product\/25972","targetHints":{"allow":["GET"]}}],"collection":[{"href":"https:\/\/www.workingskills.net\/vi\/wp-json\/wp\/v2\/product"}],"about":[{"href":"https:\/\/www.workingskills.net\/vi\/wp-json\/wp\/v2\/types\/product"}],"replies":[{"embeddable":true,"href":"https:\/\/www.workingskills.net\/vi\/wp-json\/wp\/v2\/comments?post=25972"}],"wp:featuredmedia":[{"embeddable":true,"href":"https:\/\/www.workingskills.net\/vi\/wp-json\/wp\/v2\/media\/1662"}],"wp:attachment":[{"href":"https:\/\/www.workingskills.net\/vi\/wp-json\/wp\/v2\/media?parent=25972"}],"wp:term":[{"taxonomy":"product_brand","embeddable":true,"href":"https:\/\/www.workingskills.net\/vi\/wp-json\/wp\/v2\/product_brand?post=25972"},{"taxonomy":"product_cat","embeddable":true,"href":"https:\/\/www.workingskills.net\/vi\/wp-json\/wp\/v2\/product_cat?post=25972"},{"taxonomy":"product_tag","embeddable":true,"href":"https:\/\/www.workingskills.net\/vi\/wp-json\/wp\/v2\/product_tag?post=25972"}],"curies":[{"name":"wp","href":"https:\/\/api.w.org\/{rel}","templated":true}]}}