{"id":25970,"date":"2019-08-01T15:40:24","date_gmt":"2019-08-01T08:40:24","guid":{"rendered":"https:\/\/workingskills.net\/?post_type=product&#038;p=25970"},"modified":"2020-07-24T15:56:09","modified_gmt":"2020-07-24T08:56:09","slug":"ky-nang-ghi-nho-hieu-qua-danh-cho-sinh-vien-khoi-nganh-kinh-te","status":"publish","type":"product","link":"https:\/\/www.workingskills.net\/vi\/san-pham\/ky-nang-ghi-nho-hieu-qua-danh-cho-sinh-vien-khoi-nganh-kinh-te\/","title":{"rendered":"K\u1ef9 n\u0103ng ghi nh\u1edb hi\u1ec7u qu\u1ea3 d\u00e0nh cho sinh vi\u00ean kh\u1ed1i ng\u00e0nh kinh t\u1ebf"},"content":{"rendered":"<p><em>M\u00e3 kho\u00e1 h\u1ecdc: SSVE-006<br \/>\nPhi\u00ean b\u1ea3n: K\u1ef9 n\u0103ng ghi nh\u1edb hi\u1ec7u qu\u1ea3 \u2013 Ti\u1ebfng Vi\u1ec7t<\/em><\/p>\n<p>\u0110\u1ed1i v\u1edbi sinh vi\u00ean, m\u1ed9t tr\u00ed nh\u1edb t\u1ed1t l\u00e0 \u0111i\u1ec1u c\u1ea7n thi\u1ebft gi\u00fap b\u1ea1n c\u00f3 \u0111\u01b0\u1ee3c k\u1ebft qu\u1ea3 t\u1ed1t trong qu\u00e1 tr\u00ecnh h\u1ecdc t\u1eadp. Kh\u00f4ng nh\u1eefng th\u1ebf, tr\u00ed nh\u1edb t\u1ed1t s\u1ebd gi\u00fap b\u1ea1n c\u00f3 th\u1ec3 n\u1eafm b\u1eaft, h\u1ec7 th\u1ed1ng v\u00e0 v\u1eadn d\u1ee5ng th\u00e0nh th\u1ea1o c\u00e1c ki\u1ebfn th\u1ee9c m\u00e0 m\u00ecnh \u0111\u00e3 h\u1ecdc \u0111\u01b0\u1ee3c. Tr\u00ed nh\u1edb t\u1ed1t c\u0169ng l\u00e0\u00a0<a href=\"https:\/\/www.workingskills.net\/vi\/courses\/cong-cu-hoc-tap-thi-cu-danh-cho-sinh-vien-khoi-nganh-kinh-te\/\" target=\"_blank\" rel=\"noreferrer noopener\" aria-label=\"c\u00f4ng c\u1ee5 h\u1ecdc t\u1eadp (m\u1edf trong tab m\u1edbi)\">c\u00f4ng c\u1ee5 h\u1ecdc t\u1eadp<\/a>\u00a0kh\u00f4ng th\u1ec3 thi\u1ebfu \u0111\u1ed1i v\u1edbi b\u1ea5t k\u1ef3 sinh vi\u00ean n\u00e0o trong m\u1ed7i k\u1ef3 thi. B\u00ean c\u1ea1nh \u0111\u00f3, \u0111\u1ec3 ghi nh\u1edb hi\u1ec7u qu\u1ea3 th\u00ec b\u1ea1n c\u1ea7n ph\u1ea3i r\u00e8n luy\u1ec7n cho m\u00ecnh s\u1ef1 t\u1eadp trung th\u1eadt t\u1ed1t.<br \/>\nB\u1ea1n \u0111\u00e3 bi\u1ebft c\u00e1ch ghi nh\u1edb hi\u1ec7u qu\u1ea3?<br \/>\nB\u1ea1n lu\u00f4n t\u1eadp trung trong qu\u00e1 tr\u00ecnh h\u1ecdc t\u1eadp, l\u00e0m vi\u1ec7c?<br \/>\nN\u1ebfu nh\u01b0 b\u1ea1n kh\u00f4ng t\u1ef1 tin v\u1ec1 kh\u1ea3 n\u0103ng c\u1ee7a m\u00ecnh th\u00ec kh\u00f3a h\u1ecdc n\u00e0y s\u1ebd gi\u00fap khai ph\u00f3ng nh\u1eefng ti\u1ec1m n\u0103ng ch\u01b0a \u0111\u01b0\u1ee3c ph\u00e1t huy c\u1ee7a b\u1ea1n.<\/p>\n<p><em>B\u1ea1n s\u1ebd \u0111\u01b0\u1ee3c h\u1ed7 tr\u1ee3 v\u00e0 t\u01b0 v\u1ea5n tr\u1ef1c tuy\u1ebfn mi\u1ec5n ph\u00ed b\u1edfi nh\u1eefng chuy\u00ean gia \u0111\u00e0o t\u1ea1o doanh nghi\u1ec7p c\u1ee7a\u00a0<a href=\"http:\/\/www.talentmind.edu.vn\/\" target=\"_blank\" rel=\"noreferrer noopener\">Talent Mind Education<\/a>\u00a0trong su\u1ed1t 365 ng\u00e0y tr\u1ea3i nghi\u1ec7m kho\u00e1 h\u1ecdc.<\/em><\/p>\n<h3><strong>Sau kh\u00f3a h\u1ecdc k\u1ef9 n\u0103ng ghi nh\u1edb hi\u1ec7u qu\u1ea3 n\u00e0y, b\u1ea1n c\u00f3 th\u1ec3:<\/strong><\/h3>\n<ul>\n<li>Hi\u1ec3u r\u00f5 v\u1ec1 \u201cs\u1ef1 k\u00ec di\u1ec7u\u201d c\u1ee7a b\u1ed9 n\u00e3o trong c\u00e1ch th\u1ee9c v\u1eadn h\u00e0nh v\u00e0 l\u01b0u tr\u1eef th\u00f4ng tin<\/li>\n<li>Nh\u1eadn bi\u1ebft m\u00ecnh c\u00f3 xu h\u01b0\u1edbng t\u01b0 duy theo n\u00e3o tr\u00e1i hay n\u00e3o ph\u1ea3i<\/li>\n<li>N\u1eafm \u0111\u01b0\u1ee3c c\u00e1c b\u00ed quy\u1ebft \u0111\u1ec3 \u201ch\u1ecdc \u0111\u00e2u nh\u1edb \u0111\u00f3\u201d<\/li>\n<li>Tr\u1ea3i nghi\u1ec7m c\u00e1c th\u1eed th\u00e1ch ki\u1ec3m tra tr\u00ed nh\u1edb c\u1ee7a b\u1ea3n th\u00e2n<\/li>\n<li>L\u00e0m ch\u1ee7 c\u00e1c k\u1ef9 thu\u1eadt gi\u00fap c\u1ea3i thi\u1ec7n kh\u1ea3 n\u0103ng t\u1eadp trung \u2013 y\u1ebfu t\u1ed1 quan tr\u1ecdng gi\u00fap n\u00e2ng cao kh\u1ea3 n\u0103ng ghi nh\u1edb<\/li>\n<\/ul>","protected":false},"excerpt":{"rendered":"<p>M\u00e3 kho\u00e1 h\u1ecdc: SSVE-006 Phi\u00ean b\u1ea3n: K\u1ef9 n\u0103ng ghi nh\u1edb hi\u1ec7u qu\u1ea3 \u2013 Ti\u1ebfng Vi\u1ec7t \u0110\u1ed1i v\u1edbi sinh vi\u00ean, m\u1ed9t tr\u00ed nh\u1edb t\u1ed1t l\u00e0 \u0111i\u1ec1u c\u1ea7n thi\u1ebft gi\u00fap b\u1ea1n c\u00f3 \u0111\u01b0\u1ee3c k\u1ebft qu\u1ea3 t\u1ed1t trong qu\u00e1 tr\u00ecnh h\u1ecdc t\u1eadp. Kh\u00f4ng nh\u1eefng th\u1ebf, tr\u00ed nh\u1edb t\u1ed1t s\u1ebd gi\u00fap b\u1ea1n c\u00f3 th\u1ec3 n\u1eafm b\u1eaft, h\u1ec7 th\u1ed1ng v\u00e0 [&hellip;]<\/p>","protected":false},"featured_media":1658,"comment_status":"open","ping_status":"closed","template":"","meta":{"_uag_custom_page_level_css":"","site-sidebar-layout":"default","site-content-layout":"default","ast-site-content-layout":"","site-content-style":"default","site-sidebar-style":"default","ast-global-header-display":"","ast-banner-title-visibility":"","ast-main-header-display":"","ast-hfb-above-header-display":"","ast-hfb-below-header-display":"","ast-hfb-mobile-header-display":"","site-post-title":"","ast-breadcrumbs-content":"","ast-featured-img":"","footer-sml-layout":"","theme-transparent-header-meta":"default","adv-header-id-meta":"","stick-header-meta":"","header-above-stick-meta":"","header-main-stick-meta":"","header-below-stick-meta":"","astra-migrate-meta-layouts":"default","ast-page-background-enabled":"default","ast-page-background-meta":{"desktop":{"background-color":"","background-image":"","background-repeat":"repeat","background-position":"center center","background-size":"auto","background-attachment":"scroll","background-type":"","background-media":"","overlay-type":"","overlay-color":"","overlay-opacity":"","overlay-gradient":""},"tablet":{"background-color":"","background-image":"","background-repeat":"repeat","background-position":"center center","background-size":"auto","background-attachment":"scroll","background-type":"","background-media":"","overlay-type":"","overlay-color":"","overlay-opacity":"","overlay-gradient":""},"mobile":{"background-color":"","background-image":"","background-repeat":"repeat","background-position":"center center","background-size":"auto","background-attachment":"scroll","background-type":"","background-media":"","overlay-type":"","overlay-color":"","overlay-opacity":"","overlay-gradient":""}},"ast-content-background-meta":{"desktop":{"background-color":"var(--ast-global-color-5)","background-image":"","background-repeat":"repeat","background-position":"center center","background-size":"auto","background-attachment":"scroll","background-type":"","background-media":"","overlay-type":"","overlay-color":"","overlay-opacity":"","overlay-gradient":""},"tablet":{"background-color":"var(--ast-global-color-5)","background-image":"","background-repeat":"repeat","background-position":"center center","background-size":"auto","background-attachment":"scroll","background-type":"","background-media":"","overlay-type":"","overlay-color":"","overlay-opacity":"","overlay-gradient":""},"mobile":{"background-color":"var(--ast-global-color-5)","background-image":"","background-repeat":"repeat","background-position":"center center","background-size":"auto","background-attachment":"scroll","background-type":"","background-media":"","overlay-type":"","overlay-color":"","overlay-opacity":"","overlay-gradient":""}}},"product_brand":[],"product_cat":[375],"product_tag":[640,641,509,507],"class_list":{"0":"post-25970","1":"product","2":"type-product","3":"status-publish","4":"has-post-thumbnail","6":"product_cat-ky-nang-lam-viec-chuyen-nghiep-danh-cho-sinh-vien","7":"product_tag-active-learning-skills","8":"product_tag-improving-your-memory","9":"product_tag-ky-nang-ghi-nho-hieu-qua","10":"product_tag-ky-nang-hoc-tap-tich-cuc","11":"desktop-align-left","12":"tablet-align-left","13":"mobile-align-left","15":"first","16":"instock","17":"virtual","18":"sold-individually","19":"taxable","20":"purchasable","21":"product-type-courses"},"uagb_featured_image_src":{"full":["https:\/\/www.workingskills.net\/wp-content\/uploads\/2016\/11\/Improving-your-memory.jpg",350,250,false],"thumbnail":["https:\/\/www.workingskills.net\/wp-content\/uploads\/2016\/11\/Improving-your-memory-150x150.jpg",150,150,true],"medium":["https:\/\/www.workingskills.net\/wp-content\/uploads\/2016\/11\/Improving-your-memory-300x214.jpg",300,214,true],"medium_large":["https:\/\/www.workingskills.net\/wp-content\/uploads\/2016\/11\/Improving-your-memory.jpg",350,250,false],"large":["https:\/\/www.workingskills.net\/wp-content\/uploads\/2016\/11\/Improving-your-memory.jpg",350,250,false],"1536x1536":["https:\/\/www.workingskills.net\/wp-content\/uploads\/2016\/11\/Improving-your-memory.jpg",350,250,false],"2048x2048":["https:\/\/www.workingskills.net\/wp-content\/uploads\/2016\/11\/Improving-your-memory.jpg",350,250,false],"trp-custom-language-flag":["https:\/\/www.workingskills.net\/wp-content\/uploads\/2016\/11\/Improving-your-memory.jpg",18,12,false],"woocommerce_thumbnail":["https:\/\/www.workingskills.net\/wp-content\/uploads\/2016\/11\/Improving-your-memory-300x250.jpg",300,250,true],"woocommerce_single":["https:\/\/www.workingskills.net\/wp-content\/uploads\/2016\/11\/Improving-your-memory.jpg",350,250,false],"woocommerce_gallery_thumbnail":["https:\/\/www.workingskills.net\/wp-content\/uploads\/2016\/11\/Improving-your-memory-100x100.jpg",100,100,true]},"uagb_author_info":{"display_name":"Working Skills","author_link":"https:\/\/www.workingskills.net\/vi\/author\/"},"uagb_comment_info":0,"uagb_excerpt":"M\u00e3 kho\u00e1 h\u1ecdc: SSVE-006 Phi\u00ean b\u1ea3n: K\u1ef9 n\u0103ng ghi nh\u1edb hi\u1ec7u qu\u1ea3 \u2013 Ti\u1ebfng Vi\u1ec7t \u0110\u1ed1i v\u1edbi sinh vi\u00ean, m\u1ed9t tr\u00ed nh\u1edb t\u1ed1t l\u00e0 \u0111i\u1ec1u c\u1ea7n thi\u1ebft gi\u00fap b\u1ea1n c\u00f3 \u0111\u01b0\u1ee3c k\u1ebft qu\u1ea3 t\u1ed1t trong qu\u00e1 tr\u00ecnh h\u1ecdc t\u1eadp. Kh\u00f4ng nh\u1eefng th\u1ebf, tr\u00ed nh\u1edb t\u1ed1t s\u1ebd gi\u00fap b\u1ea1n c\u00f3 th\u1ec3 n\u1eafm b\u1eaft, h\u1ec7 th\u1ed1ng v\u00e0&hellip;","_links":{"self":[{"href":"https:\/\/www.workingskills.net\/vi\/wp-json\/wp\/v2\/product\/25970","targetHints":{"allow":["GET"]}}],"collection":[{"href":"https:\/\/www.workingskills.net\/vi\/wp-json\/wp\/v2\/product"}],"about":[{"href":"https:\/\/www.workingskills.net\/vi\/wp-json\/wp\/v2\/types\/product"}],"replies":[{"embeddable":true,"href":"https:\/\/www.workingskills.net\/vi\/wp-json\/wp\/v2\/comments?post=25970"}],"wp:featuredmedia":[{"embeddable":true,"href":"https:\/\/www.workingskills.net\/vi\/wp-json\/wp\/v2\/media\/1658"}],"wp:attachment":[{"href":"https:\/\/www.workingskills.net\/vi\/wp-json\/wp\/v2\/media?parent=25970"}],"wp:term":[{"taxonomy":"product_brand","embeddable":true,"href":"https:\/\/www.workingskills.net\/vi\/wp-json\/wp\/v2\/product_brand?post=25970"},{"taxonomy":"product_cat","embeddable":true,"href":"https:\/\/www.workingskills.net\/vi\/wp-json\/wp\/v2\/product_cat?post=25970"},{"taxonomy":"product_tag","embeddable":true,"href":"https:\/\/www.workingskills.net\/vi\/wp-json\/wp\/v2\/product_tag?post=25970"}],"curies":[{"name":"wp","href":"https:\/\/api.w.org\/{rel}","templated":true}]}}