{"id":25969,"date":"2019-08-01T15:39:51","date_gmt":"2019-08-01T08:39:51","guid":{"rendered":"https:\/\/workingskills.net\/?post_type=product&#038;p=25969"},"modified":"2020-07-24T15:56:18","modified_gmt":"2020-07-24T08:56:18","slug":"cong-cu-hoc-tap-thi-cu-danh-cho-sinh-vien-khoi-nganh-kinh-te","status":"publish","type":"product","link":"https:\/\/www.workingskills.net\/vi\/san-pham\/cong-cu-hoc-tap-thi-cu-danh-cho-sinh-vien-khoi-nganh-kinh-te\/","title":{"rendered":"C\u00f4ng c\u1ee5 h\u1ecdc t\u1eadp \u2013 thi c\u1eed d\u00e0nh cho sinh vi\u00ean kh\u1ed1i ng\u00e0nh kinh t\u1ebf"},"content":{"rendered":"<p><em>M\u00e3 kho\u00e1 h\u1ecdc: SSVE-005<br \/>\nPhi\u00ean b\u1ea3n: M\u1ed9t s\u1ed1 c\u00f4ng c\u1ee5 h\u1ecdc t\u1eadp, thi c\u1eed \u2013 Ti\u1ebfng Vi\u1ec7t<\/em><\/p>\n<p>B\u1ea1n c\u00f3 t\u1eebng suy ngh\u0129:<br \/>\nV\u00ec sao m\u00ecnh ch\u0103m ch\u1ec9 h\u1ecdc t\u1eadp ng\u00e0y \u0111\u00eam nh\u01b0ng k\u1ebft qu\u1ea3 thi v\u1eabn kh\u00f4ng cao?<br \/>\n<a href=\"https:\/\/www.workingskills.net\/vi\/courses\/ky-nang-hoc-tap-tich-cuc-danh-cho-sinh-vien-khoi-nganh-kinh-te\/\" target=\"_blank\" rel=\"noreferrer noopener\" aria-label=\"Ph\u01b0\u01a1ng ph\u00e1p h\u1ecdc t\u1eadp (m\u1edf trong tab m\u1edbi)\">Ph\u01b0\u01a1ng ph\u00e1p h\u1ecdc t\u1eadp<\/a>\u00a0c\u1ee7a m\u00ecnh \u0111\u00e3 \u0111\u00fang hay ch\u01b0a?<br \/>\nM\u00ecnh \u0111\u00e3 v\u1eadn d\u1ee5ng h\u1ebft nh\u1eefng k\u1ef9 n\u0103ng, k\u1ef9 thu\u1eadt h\u1ecdc t\u1eadp c\u1ea7n thi\u1ebft ch\u01b0a?<br \/>\nN\u1ebfu b\u1ea1n c\u00f3 ph\u01b0\u01a1ng ph\u00e1p v\u00e0 th\u1eadt s\u1ef1 ch\u0103m ch\u1ec9, nh\u01b0ng k\u1ebft qu\u1ea3 v\u1eabn kh\u00f4ng t\u1ed1t th\u00ec h\u00e3y kh\u00e1m ph\u00e1 ngay c\u00e1c c\u00f4ng c\u1ee5 v\u00e0 b\u00ed k\u00edp trong kh\u00f3a h\u1ecdc k\u1ef9 n\u0103ng n\u00e0y nh\u00e9!<\/p>\n<p><em>B\u1ea1n s\u1ebd \u0111\u01b0\u1ee3c h\u1ed7 tr\u1ee3 v\u00e0 t\u01b0 v\u1ea5n tr\u1ef1c tuy\u1ebfn mi\u1ec5n ph\u00ed b\u1edfi nh\u1eefng chuy\u00ean gia \u0111\u00e0o t\u1ea1o doanh nghi\u1ec7p c\u1ee7a\u00a0<a href=\"http:\/\/www.talentmind.edu.vn\/\" target=\"_blank\" rel=\"noreferrer noopener\">Talent Mind Education<\/a>\u00a0trong su\u1ed1t 365 ng\u00e0y tr\u1ea3i nghi\u1ec7m kho\u00e1 h\u1ecdc.<\/em><\/p>\n<h3><strong>Sau kh\u00f3a h\u1ecdc k\u1ef9 n\u0103ng c\u00f4ng c\u1ee5 h\u1ecdc t\u1eadp \u2013 thi c\u1eed n\u00e0y, b\u1ea1n c\u00f3 th\u1ec3:<\/strong><\/h3>\n<ul>\n<li>L\u00e0m ch\u1ee7 c\u00e1c c\u00f4ng c\u1ee5 c\u01a1 b\u1ea3n v\u00e0 quy\u1ec1n n\u0103ng gi\u00fap b\u1ea1n ph\u00e1t huy t\u1ed1i \u0111a kh\u1ea3 n\u0103ng c\u1ee7a m\u00ecnh<\/li>\n<li>Hi\u1ec3u \u0111\u01b0\u1ee3c y\u00eau c\u1ea7u v\u00e0 nguy\u00ean t\u1eafc c\u1ee7a c\u00e1c d\u1ea1ng b\u00e0i thi th\u01b0\u1eddng g\u1eb7p<\/li>\n<li>N\u1eafm v\u1eefng \u201cb\u00ed k\u00edp\u201d chinh ph\u1ee5c c\u00e1c d\u1ea1ng b\u00e0i thi th\u01b0\u1eddng g\u1eb7p<\/li>\n<li>T\u1ef1 \u0111\u00e1nh gi\u00e1 \u0111\u01b0\u1ee3c m\u1ee9c \u0111\u1ed9 s\u1eb5n s\u00e0ng trong thi c\u1eed c\u1ee7a m\u00ecnh<\/li>\n<\/ul>","protected":false},"excerpt":{"rendered":"<p>M\u00e3 kho\u00e1 h\u1ecdc: SSVE-005 Phi\u00ean b\u1ea3n: M\u1ed9t s\u1ed1 c\u00f4ng c\u1ee5 h\u1ecdc t\u1eadp, thi c\u1eed \u2013 Ti\u1ebfng Vi\u1ec7t B\u1ea1n c\u00f3 t\u1eebng suy ngh\u0129: V\u00ec sao m\u00ecnh ch\u0103m ch\u1ec9 h\u1ecdc t\u1eadp ng\u00e0y \u0111\u00eam nh\u01b0ng k\u1ebft qu\u1ea3 thi v\u1eabn kh\u00f4ng cao? Ph\u01b0\u01a1ng ph\u00e1p h\u1ecdc t\u1eadp\u00a0c\u1ee7a m\u00ecnh \u0111\u00e3 \u0111\u00fang hay ch\u01b0a? M\u00ecnh \u0111\u00e3 v\u1eadn d\u1ee5ng h\u1ebft nh\u1eefng k\u1ef9 n\u0103ng, [&hellip;]<\/p>","protected":false},"featured_media":16674,"comment_status":"open","ping_status":"closed","template":"","meta":{"_uag_custom_page_level_css":"","site-sidebar-layout":"default","site-content-layout":"default","ast-site-content-layout":"","site-content-style":"default","site-sidebar-style":"default","ast-global-header-display":"","ast-banner-title-visibility":"","ast-main-header-display":"","ast-hfb-above-header-display":"","ast-hfb-below-header-display":"","ast-hfb-mobile-header-display":"","site-post-title":"","ast-breadcrumbs-content":"","ast-featured-img":"","footer-sml-layout":"","theme-transparent-header-meta":"default","adv-header-id-meta":"","stick-header-meta":"","header-above-stick-meta":"","header-main-stick-meta":"","header-below-stick-meta":"","astra-migrate-meta-layouts":"default","ast-page-background-enabled":"default","ast-page-background-meta":{"desktop":{"background-color":"","background-image":"","background-repeat":"repeat","background-position":"center center","background-size":"auto","background-attachment":"scroll","background-type":"","background-media":"","overlay-type":"","overlay-color":"","overlay-opacity":"","overlay-gradient":""},"tablet":{"background-color":"","background-image":"","background-repeat":"repeat","background-position":"center center","background-size":"auto","background-attachment":"scroll","background-type":"","background-media":"","overlay-type":"","overlay-color":"","overlay-opacity":"","overlay-gradient":""},"mobile":{"background-color":"","background-image":"","background-repeat":"repeat","background-position":"center center","background-size":"auto","background-attachment":"scroll","background-type":"","background-media":"","overlay-type":"","overlay-color":"","overlay-opacity":"","overlay-gradient":""}},"ast-content-background-meta":{"desktop":{"background-color":"var(--ast-global-color-5)","background-image":"","background-repeat":"repeat","background-position":"center center","background-size":"auto","background-attachment":"scroll","background-type":"","background-media":"","overlay-type":"","overlay-color":"","overlay-opacity":"","overlay-gradient":""},"tablet":{"background-color":"var(--ast-global-color-5)","background-image":"","background-repeat":"repeat","background-position":"center center","background-size":"auto","background-attachment":"scroll","background-type":"","background-media":"","overlay-type":"","overlay-color":"","overlay-opacity":"","overlay-gradient":""},"mobile":{"background-color":"var(--ast-global-color-5)","background-image":"","background-repeat":"repeat","background-position":"center center","background-size":"auto","background-attachment":"scroll","background-type":"","background-media":"","overlay-type":"","overlay-color":"","overlay-opacity":"","overlay-gradient":""}}},"product_brand":[],"product_cat":[375],"product_tag":[640,642,507,508],"class_list":{"0":"post-25969","1":"product","2":"type-product","3":"status-publish","4":"has-post-thumbnail","6":"product_cat-ky-nang-lam-viec-chuyen-nghiep-danh-cho-sinh-vien","7":"product_tag-active-learning-skills","8":"product_tag-examination-toolbox","9":"product_tag-ky-nang-hoc-tap-tich-cuc","10":"product_tag-mot-so-cong-cu-ho-tro-hoc-tap-thi-cu","11":"desktop-align-left","12":"tablet-align-left","13":"mobile-align-left","15":"first","16":"instock","17":"virtual","18":"sold-individually","19":"taxable","20":"purchasable","21":"product-type-courses"},"uagb_featured_image_src":{"full":["https:\/\/www.workingskills.net\/wp-content\/uploads\/2016\/03\/close-up-happy-student-boy-book-library-people-knowledge-education-school-concept-young-man-taking-shelf-55132760.jpg",800,533,false],"thumbnail":["https:\/\/www.workingskills.net\/wp-content\/uploads\/2016\/03\/close-up-happy-student-boy-book-library-people-knowledge-education-school-concept-young-man-taking-shelf-55132760.jpg",150,100,false],"medium":["https:\/\/www.workingskills.net\/wp-content\/uploads\/2016\/03\/close-up-happy-student-boy-book-library-people-knowledge-education-school-concept-young-man-taking-shelf-55132760.jpg",300,200,false],"medium_large":["https:\/\/www.workingskills.net\/wp-content\/uploads\/2016\/03\/close-up-happy-student-boy-book-library-people-knowledge-education-school-concept-young-man-taking-shelf-55132760.jpg",768,512,false],"large":["https:\/\/www.workingskills.net\/wp-content\/uploads\/2016\/03\/close-up-happy-student-boy-book-library-people-knowledge-education-school-concept-young-man-taking-shelf-55132760.jpg",800,533,false],"1536x1536":["https:\/\/www.workingskills.net\/wp-content\/uploads\/2016\/03\/close-up-happy-student-boy-book-library-people-knowledge-education-school-concept-young-man-taking-shelf-55132760.jpg",800,533,false],"2048x2048":["https:\/\/www.workingskills.net\/wp-content\/uploads\/2016\/03\/close-up-happy-student-boy-book-library-people-knowledge-education-school-concept-young-man-taking-shelf-55132760.jpg",800,533,false],"trp-custom-language-flag":["https:\/\/www.workingskills.net\/wp-content\/uploads\/2016\/03\/close-up-happy-student-boy-book-library-people-knowledge-education-school-concept-young-man-taking-shelf-55132760.jpg",18,12,false],"woocommerce_thumbnail":["https:\/\/www.workingskills.net\/wp-content\/uploads\/2016\/03\/close-up-happy-student-boy-book-library-people-knowledge-education-school-concept-young-man-taking-shelf-55132760-300x300.jpg",300,300,true],"woocommerce_single":["https:\/\/www.workingskills.net\/wp-content\/uploads\/2016\/03\/close-up-happy-student-boy-book-library-people-knowledge-education-school-concept-young-man-taking-shelf-55132760-600x400.jpg",600,400,true],"woocommerce_gallery_thumbnail":["https:\/\/www.workingskills.net\/wp-content\/uploads\/2016\/03\/close-up-happy-student-boy-book-library-people-knowledge-education-school-concept-young-man-taking-shelf-55132760-100x100.jpg",100,100,true]},"uagb_author_info":{"display_name":"Working Skills","author_link":"https:\/\/www.workingskills.net\/vi\/author\/"},"uagb_comment_info":0,"uagb_excerpt":"M\u00e3 kho\u00e1 h\u1ecdc: SSVE-005 Phi\u00ean b\u1ea3n: M\u1ed9t s\u1ed1 c\u00f4ng c\u1ee5 h\u1ecdc t\u1eadp, thi c\u1eed \u2013 Ti\u1ebfng Vi\u1ec7t B\u1ea1n c\u00f3 t\u1eebng suy ngh\u0129: V\u00ec sao m\u00ecnh ch\u0103m ch\u1ec9 h\u1ecdc t\u1eadp ng\u00e0y \u0111\u00eam nh\u01b0ng k\u1ebft qu\u1ea3 thi v\u1eabn kh\u00f4ng cao? Ph\u01b0\u01a1ng ph\u00e1p h\u1ecdc t\u1eadp\u00a0c\u1ee7a m\u00ecnh \u0111\u00e3 \u0111\u00fang hay ch\u01b0a? M\u00ecnh \u0111\u00e3 v\u1eadn d\u1ee5ng h\u1ebft nh\u1eefng k\u1ef9 n\u0103ng,&hellip;","_links":{"self":[{"href":"https:\/\/www.workingskills.net\/vi\/wp-json\/wp\/v2\/product\/25969","targetHints":{"allow":["GET"]}}],"collection":[{"href":"https:\/\/www.workingskills.net\/vi\/wp-json\/wp\/v2\/product"}],"about":[{"href":"https:\/\/www.workingskills.net\/vi\/wp-json\/wp\/v2\/types\/product"}],"replies":[{"embeddable":true,"href":"https:\/\/www.workingskills.net\/vi\/wp-json\/wp\/v2\/comments?post=25969"}],"wp:featuredmedia":[{"embeddable":true,"href":"https:\/\/www.workingskills.net\/vi\/wp-json\/wp\/v2\/media\/16674"}],"wp:attachment":[{"href":"https:\/\/www.workingskills.net\/vi\/wp-json\/wp\/v2\/media?parent=25969"}],"wp:term":[{"taxonomy":"product_brand","embeddable":true,"href":"https:\/\/www.workingskills.net\/vi\/wp-json\/wp\/v2\/product_brand?post=25969"},{"taxonomy":"product_cat","embeddable":true,"href":"https:\/\/www.workingskills.net\/vi\/wp-json\/wp\/v2\/product_cat?post=25969"},{"taxonomy":"product_tag","embeddable":true,"href":"https:\/\/www.workingskills.net\/vi\/wp-json\/wp\/v2\/product_tag?post=25969"}],"curies":[{"name":"wp","href":"https:\/\/api.w.org\/{rel}","templated":true}]}}