{"id":25968,"date":"2019-08-01T15:37:26","date_gmt":"2019-08-01T08:37:26","guid":{"rendered":"https:\/\/workingskills.net\/?post_type=product&#038;p=25968"},"modified":"2020-07-24T15:56:30","modified_gmt":"2020-07-24T08:56:30","slug":"ky-nang-hoc-tap-tich-cuc-danh-cho-sinh-vien-khoi-nganh-kinh-te","status":"publish","type":"product","link":"https:\/\/www.workingskills.net\/vi\/san-pham\/ky-nang-hoc-tap-tich-cuc-danh-cho-sinh-vien-khoi-nganh-kinh-te\/","title":{"rendered":"K\u1ef9 n\u0103ng h\u1ecdc t\u1eadp t\u00edch c\u1ef1c d\u00e0nh cho sinh vi\u00ean kh\u1ed1i ng\u00e0nh kinh t\u1ebf"},"content":{"rendered":"<p><em>M\u00e3 kho\u00e1 h\u1ecdc: SSVE-004<br \/>\nPhi\u00ean b\u1ea3n: K\u1ef9 n\u0103ng h\u1ecdc t\u1eadp t\u00edch c\u1ef1c \u2013 Ti\u1ebfng Vi\u1ec7t<\/em><\/p>\n<p>H\u1ecdc t\u1eadp l\u00e0 m\u1ed9t k\u1ef9 n\u0103ng quan tr\u1ecdng v\u00e0 c\u1ea7n thi\u1ebft gi\u00fap sinh vi\u00ean qu\u1ea3n l\u00fd vi\u1ec7c h\u1ecdc m\u1ed9t c\u00e1ch hi\u1ec7u qu\u1ea3.<br \/>\nB\u1ea1n s\u1ebd kh\u00f4ng c\u1ea7n ph\u1ea3i m\u1ea5t nhi\u1ec1u th\u1eddi gian v\u00e0 c\u00f4ng s\u1ee9c cho nh\u1eefng l\u1ea7n \u201cch\u1ea1y deadline\u201d t\u1edbi s\u00e1ng nh\u01b0ng k\u1ebft qu\u1ea3 v\u1eabn kh\u00f4ng cao.<br \/>\nB\u1ea1n s\u1ebd c\u00f3 nhi\u1ec1u th\u1eddi gian \u0111\u1ec3 th\u01b0 gi\u00e3n nh\u1eefng ng\u00e0y cu\u1ed1i tu\u1ea7n nh\u01b0 \u0111\u1ecdc s\u00e1ch, \u0111i ch\u01a1i v\u1edbi b\u1ea1n b\u00e8 m\u00e0 kh\u00f4ng ph\u1ea3i lo l\u1eafng v\u00ec chuy\u1ec7n b\u00e0i v\u1edf ch\u01b0a xong.<br \/>\nKhi l\u00e0m ch\u1ee7 \u0111\u01b0\u1ee3c k\u1ef9 n\u0103ng h\u1ecdc t\u1eadp, b\u1ea1n s\u1ebd th\u1ea5y qu\u00e1 tr\u00ecnh h\u1ecdc t\u1eadp c\u1ee7a m\u00ecnh c\u0169ng tr\u1edf n\u00ean d\u1ec5 d\u00e0ng h\u01a1n, k\u1ebft qu\u1ea3 h\u1ecdc t\u1eadp c\u0169ng t\u1ed1t h\u01a1n.<br \/>\nKh\u00f3a h\u1ecdc n\u00e0y c\u00f9ng v\u1edbi kh\u00f3a h\u1ecdc \u201c<a href=\"https:\/\/www.workingskills.net\/vi\/courses\/mot-so-cong-cu-ho-tro-hoc-tap-thi-cu-danh-cho-sinh-vien-khoi-nganh-kinh-te\/\" target=\"_blank\" rel=\"noreferrer noopener\" aria-label=\"M\u1ed9t s\u1ed1 c\u00f4ng c\u1ee5 h\u1ed7 tr\u1ee3 h\u1ecdc t\u1eadp - thi c\u1eed&quot; (m\u1edf trong tab m\u1edbi)\">M\u1ed9t s\u1ed1 c\u00f4ng c\u1ee5 h\u1ed7 tr\u1ee3 h\u1ecdc t\u1eadp \u2013 thi c\u1eed\u201d\u00a0<\/a>s\u1ebd gi\u00fap b\u1ea1n bi\u1ebfn nh\u1eefng \u0111i\u1ec1u tr\u00ean th\u00e0nh s\u1ef1 th\u1eadt!<\/p>\n<p><em>B\u1ea1n s\u1ebd \u0111\u01b0\u1ee3c h\u1ed7 tr\u1ee3 v\u00e0 t\u01b0 v\u1ea5n tr\u1ef1c tuy\u1ebfn mi\u1ec5n ph\u00ed b\u1edfi nh\u1eefng chuy\u00ean gia \u0111\u00e0o t\u1ea1o doanh nghi\u1ec7p c\u1ee7a\u00a0<a href=\"http:\/\/www.talentmind.edu.vn\/\" target=\"_blank\" rel=\"noreferrer noopener\">Talent Mind Education<\/a>\u00a0trong su\u1ed1t 365 ng\u00e0y tr\u1ea3i nghi\u1ec7m kho\u00e1 h\u1ecdc.<\/em><\/p>\n<h3>\u00a0<strong>Sau kh\u00f3a h\u1ecdc k\u1ef9 n\u0103ng h\u1ecdc t\u1eadp t\u00edch c\u1ef1c n\u00e0y, b\u1ea1n c\u00f3 th\u1ec3:<\/strong><\/h3>\n<ul>\n<li>Kh\u00e1m ph\u00e1 ti\u1ec1m n\u0103ng c\u1ee7a b\u1ea3n th\u00e2n v\u00e0 c\u00e1ch th\u1ee9c h\u1ecdc t\u1eadp ph\u00f9 h\u1ee3p v\u1edbi b\u1ea1n<\/li>\n<li>Hi\u1ec3u r\u00f5 b\u1ea3n ch\u1ea5t c\u1ee7a vi\u1ec7c h\u1ecdc \u0111\u1ec3 kh\u00f4ng c\u00f2n th\u1ea5y vi\u1ec7c h\u1ecdc l\u00e0 s\u1ef1 nh\u00e0m ch\u00e1n<\/li>\n<li>Bi\u1ebft \u0111\u01b0\u1ee3c \u201cch\u00eca kh\u00f3a\u201d \u0111\u1ec3 tr\u1edf th\u00e0nh m\u1ed9t \u201csinh vi\u00ean nghi\u00eam t\u00fac\u201d kh\u00f4ng ch\u1ec9 h\u1ecdc gi\u1ecfi m\u00e0 c\u00f2n c\u00f3 nhi\u1ec1u tr\u1ea3i nghi\u1ec7m<\/li>\n<li>L\u00e0m ch\u1ee7 c\u00e1c k\u1ef9 thu\u1eadt gi\u00fap b\u1ea1n c\u1ea3i thi\u1ec7n k\u1ef9 n\u0103ng h\u1ecdc t\u1eadp hi\u1ec7u qu\u1ea3 nh\u01b0 ph\u01b0\u01a1ng ph\u00e1p POWER<\/li>\n<li>N\u1eafm \u0111\u01b0\u1ee3c 13 nguy\u00ean t\u1eafc \u201cc\u1ed1t l\u00f5i\u201d gi\u00fap b\u1ea1n c\u00f3 nh\u1eefng n\u0103m th\u00e1ng thanh xu\u00e2n th\u1eadt \u0111\u00e1ng nh\u1edb t\u1ea1i m\u00f4i tr\u01b0\u1eddng \u0110\u1ea1i h\u1ecdc, Cao \u0111\u1eb3ng<\/li>\n<\/ul>","protected":false},"excerpt":{"rendered":"<p>M\u00e3 kho\u00e1 h\u1ecdc: SSVE-004 Phi\u00ean b\u1ea3n: K\u1ef9 n\u0103ng h\u1ecdc t\u1eadp t\u00edch c\u1ef1c \u2013 Ti\u1ebfng Vi\u1ec7t H\u1ecdc t\u1eadp l\u00e0 m\u1ed9t k\u1ef9 n\u0103ng quan tr\u1ecdng v\u00e0 c\u1ea7n thi\u1ebft gi\u00fap sinh vi\u00ean qu\u1ea3n l\u00fd vi\u1ec7c h\u1ecdc m\u1ed9t c\u00e1ch hi\u1ec7u qu\u1ea3. B\u1ea1n s\u1ebd kh\u00f4ng c\u1ea7n ph\u1ea3i m\u1ea5t nhi\u1ec1u th\u1eddi gian v\u00e0 c\u00f4ng s\u1ee9c cho nh\u1eefng l\u1ea7n \u201cch\u1ea1y deadline\u201d t\u1edbi [&hellip;]<\/p>","protected":false},"featured_media":1656,"comment_status":"open","ping_status":"closed","template":"","meta":{"_uag_custom_page_level_css":"","site-sidebar-layout":"default","site-content-layout":"default","ast-site-content-layout":"","site-content-style":"default","site-sidebar-style":"default","ast-global-header-display":"","ast-banner-title-visibility":"","ast-main-header-display":"","ast-hfb-above-header-display":"","ast-hfb-below-header-display":"","ast-hfb-mobile-header-display":"","site-post-title":"","ast-breadcrumbs-content":"","ast-featured-img":"","footer-sml-layout":"","theme-transparent-header-meta":"default","adv-header-id-meta":"","stick-header-meta":"","header-above-stick-meta":"","header-main-stick-meta":"","header-below-stick-meta":"","astra-migrate-meta-layouts":"default","ast-page-background-enabled":"default","ast-page-background-meta":{"desktop":{"background-color":"","background-image":"","background-repeat":"repeat","background-position":"center center","background-size":"auto","background-attachment":"scroll","background-type":"","background-media":"","overlay-type":"","overlay-color":"","overlay-opacity":"","overlay-gradient":""},"tablet":{"background-color":"","background-image":"","background-repeat":"repeat","background-position":"center center","background-size":"auto","background-attachment":"scroll","background-type":"","background-media":"","overlay-type":"","overlay-color":"","overlay-opacity":"","overlay-gradient":""},"mobile":{"background-color":"","background-image":"","background-repeat":"repeat","background-position":"center center","background-size":"auto","background-attachment":"scroll","background-type":"","background-media":"","overlay-type":"","overlay-color":"","overlay-opacity":"","overlay-gradient":""}},"ast-content-background-meta":{"desktop":{"background-color":"var(--ast-global-color-5)","background-image":"","background-repeat":"repeat","background-position":"center center","background-size":"auto","background-attachment":"scroll","background-type":"","background-media":"","overlay-type":"","overlay-color":"","overlay-opacity":"","overlay-gradient":""},"tablet":{"background-color":"var(--ast-global-color-5)","background-image":"","background-repeat":"repeat","background-position":"center center","background-size":"auto","background-attachment":"scroll","background-type":"","background-media":"","overlay-type":"","overlay-color":"","overlay-opacity":"","overlay-gradient":""},"mobile":{"background-color":"var(--ast-global-color-5)","background-image":"","background-repeat":"repeat","background-position":"center center","background-size":"auto","background-attachment":"scroll","background-type":"","background-media":"","overlay-type":"","overlay-color":"","overlay-opacity":"","overlay-gradient":""}}},"product_brand":[],"product_cat":[375],"product_tag":[640,507],"class_list":{"0":"post-25968","1":"product","2":"type-product","3":"status-publish","4":"has-post-thumbnail","6":"product_cat-ky-nang-lam-viec-chuyen-nghiep-danh-cho-sinh-vien","7":"product_tag-active-learning-skills","8":"product_tag-ky-nang-hoc-tap-tich-cuc","9":"desktop-align-left","10":"tablet-align-left","11":"mobile-align-left","13":"first","14":"instock","15":"virtual","16":"sold-individually","17":"taxable","18":"purchasable","19":"product-type-courses"},"uagb_featured_image_src":{"full":["https:\/\/www.workingskills.net\/wp-content\/uploads\/2016\/11\/Examination-Toolbox2.jpg",350,250,false],"thumbnail":["https:\/\/www.workingskills.net\/wp-content\/uploads\/2016\/11\/Examination-Toolbox2-150x150.jpg",150,150,true],"medium":["https:\/\/www.workingskills.net\/wp-content\/uploads\/2016\/11\/Examination-Toolbox2-300x214.jpg",300,214,true],"medium_large":["https:\/\/www.workingskills.net\/wp-content\/uploads\/2016\/11\/Examination-Toolbox2.jpg",350,250,false],"large":["https:\/\/www.workingskills.net\/wp-content\/uploads\/2016\/11\/Examination-Toolbox2.jpg",350,250,false],"1536x1536":["https:\/\/www.workingskills.net\/wp-content\/uploads\/2016\/11\/Examination-Toolbox2.jpg",350,250,false],"2048x2048":["https:\/\/www.workingskills.net\/wp-content\/uploads\/2016\/11\/Examination-Toolbox2.jpg",350,250,false],"trp-custom-language-flag":["https:\/\/www.workingskills.net\/wp-content\/uploads\/2016\/11\/Examination-Toolbox2.jpg",18,12,false],"woocommerce_thumbnail":["https:\/\/www.workingskills.net\/wp-content\/uploads\/2016\/11\/Examination-Toolbox2-300x250.jpg",300,250,true],"woocommerce_single":["https:\/\/www.workingskills.net\/wp-content\/uploads\/2016\/11\/Examination-Toolbox2.jpg",350,250,false],"woocommerce_gallery_thumbnail":["https:\/\/www.workingskills.net\/wp-content\/uploads\/2016\/11\/Examination-Toolbox2-100x100.jpg",100,100,true]},"uagb_author_info":{"display_name":"Working Skills","author_link":"https:\/\/www.workingskills.net\/vi\/author\/"},"uagb_comment_info":1,"uagb_excerpt":"M\u00e3 kho\u00e1 h\u1ecdc: SSVE-004 Phi\u00ean b\u1ea3n: K\u1ef9 n\u0103ng h\u1ecdc t\u1eadp t\u00edch c\u1ef1c \u2013 Ti\u1ebfng Vi\u1ec7t H\u1ecdc t\u1eadp l\u00e0 m\u1ed9t k\u1ef9 n\u0103ng quan tr\u1ecdng v\u00e0 c\u1ea7n thi\u1ebft gi\u00fap sinh vi\u00ean qu\u1ea3n l\u00fd vi\u1ec7c h\u1ecdc m\u1ed9t c\u00e1ch hi\u1ec7u qu\u1ea3. B\u1ea1n s\u1ebd kh\u00f4ng c\u1ea7n ph\u1ea3i m\u1ea5t nhi\u1ec1u th\u1eddi gian v\u00e0 c\u00f4ng s\u1ee9c cho nh\u1eefng l\u1ea7n \u201cch\u1ea1y deadline\u201d t\u1edbi&hellip;","_links":{"self":[{"href":"https:\/\/www.workingskills.net\/vi\/wp-json\/wp\/v2\/product\/25968","targetHints":{"allow":["GET"]}}],"collection":[{"href":"https:\/\/www.workingskills.net\/vi\/wp-json\/wp\/v2\/product"}],"about":[{"href":"https:\/\/www.workingskills.net\/vi\/wp-json\/wp\/v2\/types\/product"}],"replies":[{"embeddable":true,"href":"https:\/\/www.workingskills.net\/vi\/wp-json\/wp\/v2\/comments?post=25968"}],"wp:featuredmedia":[{"embeddable":true,"href":"https:\/\/www.workingskills.net\/vi\/wp-json\/wp\/v2\/media\/1656"}],"wp:attachment":[{"href":"https:\/\/www.workingskills.net\/vi\/wp-json\/wp\/v2\/media?parent=25968"}],"wp:term":[{"taxonomy":"product_brand","embeddable":true,"href":"https:\/\/www.workingskills.net\/vi\/wp-json\/wp\/v2\/product_brand?post=25968"},{"taxonomy":"product_cat","embeddable":true,"href":"https:\/\/www.workingskills.net\/vi\/wp-json\/wp\/v2\/product_cat?post=25968"},{"taxonomy":"product_tag","embeddable":true,"href":"https:\/\/www.workingskills.net\/vi\/wp-json\/wp\/v2\/product_tag?post=25968"}],"curies":[{"name":"wp","href":"https:\/\/api.w.org\/{rel}","templated":true}]}}