{"id":25909,"date":"2019-07-30T15:45:52","date_gmt":"2019-07-30T08:45:52","guid":{"rendered":"https:\/\/workingskills.net\/?post_type=product&#038;p=25909"},"modified":"2020-07-24T15:56:55","modified_gmt":"2020-07-24T08:56:55","slug":"ky-nang-giao-tiep-co-ban-danh-cho-sinh-vien-khoi-nganh-kinh-te","status":"publish","type":"product","link":"https:\/\/www.workingskills.net\/vi\/san-pham\/ky-nang-giao-tiep-co-ban-danh-cho-sinh-vien-khoi-nganh-kinh-te\/","title":{"rendered":"K\u1ef9 n\u0103ng giao ti\u1ebfp c\u01a1 b\u1ea3n d\u00e0nh cho sinh vi\u00ean kh\u1ed1i ng\u00e0nh kinh t\u1ebf"},"content":{"rendered":"<p><em data-rich-text-format-boundary=\"true\">M\u00e3 kho\u00e1 h\u1ecdc: SSVE-001<br data-rich-text-line-break=\"true\" \/>Phi\u00ean b\u1ea3n: K\u1ef9 n\u0103ng giao ti\u1ebfp c\u01a1 b\u1ea3n &#8211; Ti\u1ebfng Vi\u1ec7t<\/em><\/p>\n<p>B\u1ea1n mu\u1ed1n t\u1ef1 tin trong trao \u0111\u1ed5i, chia s\u1ebb \u00fd ki\u1ebfn v\u1edbi b\u1ea1n b\u00e8, th\u1ea7y c\u00f4, m\u1ecdi ng\u01b0\u1eddi xung quanh? <br data-rich-text-line-break=\"true\" \/>B\u1ea1n mu\u1ed1n thuy\u1ebft tr\u00ecnh c\u00e1c \u0111\u1ec1 t\u00e0i m\u1ed9t c\u00e1ch \u1ea5n t\u01b0\u1ee3ng? <br data-rich-text-line-break=\"true\" \/>B\u1ea1n mu\u1ed1n c\u00f3 m\u1ed9t k\u1ef9 n\u0103ng giao ti\u1ebfp th\u1eadt t\u1ed1t \u0111\u1ec3 l\u00e0m vi\u1ec7c v\u1edbi m\u1ecdi ng\u01b0\u1eddi m\u1ed9t c\u00e1ch hi\u1ec7u qu\u1ea3? <br data-rich-text-line-break=\"true\" \/>\u0110\u1ec3 \u0111\u1ea1t \u0111\u01b0\u1ee3c nh\u1eefng \u0111i\u1ec1u \u0111\u00f3, b\u00ean c\u1ea1nh vi\u1ec7c th\u1ef1c h\u00e0nh v\u00e0 r\u00e8n luy\u1ec7n <a href=\"https:\/\/www.workingskills.net\/vi\/courses\/ky-nang-giao-tiep-nang-cao-danh-cho-sinh-vien-khoi-nganh-kinh-te\/\" target=\"_blank\" rel=\"noreferrer noopener\" aria-label=\"nh\u1eefng k\u1ef9 thu\u1eadt giao ti\u1ebfp hi\u1ec7u qu\u1ea3 (m\u1edf trong tab m\u1edbi)\">nh\u1eefng k\u1ef9 thu\u1eadt giao ti\u1ebfp hi\u1ec7u qu\u1ea3<\/a> th\u00ec b\u1ea1n c\u1ea7n n\u1eafm v\u1eefng nh\u1eefng nguy\u00ean t\u1eafc n\u1ec1n t\u1ea3ng. <br data-rich-text-line-break=\"true\" \/>\u0110\u00e2y l\u00e0 kho\u00e1 h\u1ecdc s\u1ebd gi\u00fap b\u1ea1n th\u1ef1c hi\u1ec7n \u0111i\u1ec1u \u0111\u00f3!<\/p>\n<p><em data-rich-text-format-boundary=\"true\">B\u1ea1n s\u1ebd \u0111\u01b0\u1ee3c h\u1ed7 tr\u1ee3 v\u00e0 t\u01b0 v\u1ea5n tr\u1ef1c tuy\u1ebfn mi\u1ec5n ph\u00ed b\u1edfi nh\u1eefng chuy\u00ean gia \u0111\u00e0o t\u1ea1o doanh nghi\u1ec7p c\u1ee7a\u00a0<a href=\"http:\/\/www.talentmind.edu.vn\/\" target=\"_blank\" rel=\"noreferrer noopener\">Talent Mind Education<\/a>\u00a0trong su\u1ed1t 365 ng\u00e0y tr\u1ea3i nghi\u1ec7m kho\u00e1 h\u1ecdc.<\/em><\/p>\n<h3><strong data-rich-text-format-boundary=\"true\">Sau kh\u00f3a h\u1ecdc k\u1ef9 n\u0103ng giao ti\u1ebfp c\u01a1 b\u1ea3n n\u00e0y, b\u1ea1n c\u00f3 th\u1ec3:<\/strong><\/h3>\n<ul class=\"block-editor-rich-text__editable editor-rich-text__editable\" role=\"textbox\" contenteditable=\"true\" aria-multiline=\"true\" data-is-placeholder-visible=\"false\" aria-label=\"Vi\u1ebft danh s\u00e1ch\u2026\" aria-autocomplete=\"list\">\n<li>Hi\u1ec3u r\u00f5 &#8220;b\u00ed m\u1eadt&#8221; n\u1ec1n t\u1ea3ng c\u1ee7a giao ti\u1ebfp l\u00e0 g\u00ec.<\/li>\n<li>Kh\u00e1m ph\u00e1 \u0111\u01b0\u1ee3c nh\u1eefng r\u00e0o c\u1ea3n \u0111ang h\u1ea1n ch\u1ebf kh\u1ea3 n\u0103ng giao ti\u1ebfp c\u1ee7a b\u1ea3n th\u00e2n.<\/li>\n<li>Hi\u1ec3u r\u00f5 \u0111\u1eb7c \u0111i\u1ec3m c\u1ee7a t\u1eebng k\u00eanh giao ti\u1ebfp v\u00e0 s\u1eed d\u1ee5ng hi\u1ec7u qu\u1ea3 nh\u1eefng k\u00eanh giao ti\u1ebfp \u0111\u00f3.<\/li>\n<li>K\u1ebft h\u1ee3p linh ho\u1ea1t l\u1eddi n\u00f3i (ng\u00f4n ng\u1eef) v\u00e0 h\u00e0nh \u0111\u1ed9ng c\u01a1 th\u1ec3 (phi ng\u00f4n ng\u1eef) \u0111\u1ec3 t\u1ea1o s\u1ee9c h\u00fat khi giao ti\u1ebfp.<\/li>\n<\/ul>","protected":false},"excerpt":{"rendered":"<p>M\u00e3 kho\u00e1 h\u1ecdc: SSVE-001Phi\u00ean b\u1ea3n: K\u1ef9 n\u0103ng giao ti\u1ebfp c\u01a1 b\u1ea3n &#8211; Ti\u1ebfng Vi\u1ec7t B\u1ea1n mu\u1ed1n t\u1ef1 tin trong trao \u0111\u1ed5i, chia s\u1ebb \u00fd ki\u1ebfn v\u1edbi b\u1ea1n b\u00e8, th\u1ea7y c\u00f4, m\u1ecdi ng\u01b0\u1eddi xung quanh? B\u1ea1n mu\u1ed1n thuy\u1ebft tr\u00ecnh c\u00e1c \u0111\u1ec1 t\u00e0i m\u1ed9t c\u00e1ch \u1ea5n t\u01b0\u1ee3ng? B\u1ea1n mu\u1ed1n c\u00f3 m\u1ed9t k\u1ef9 n\u0103ng giao ti\u1ebfp th\u1eadt t\u1ed1t [&hellip;]<\/p>","protected":false},"featured_media":1677,"comment_status":"open","ping_status":"closed","template":"","meta":{"_uag_custom_page_level_css":"","site-sidebar-layout":"default","site-content-layout":"default","ast-site-content-layout":"","site-content-style":"default","site-sidebar-style":"default","ast-global-header-display":"","ast-banner-title-visibility":"","ast-main-header-display":"","ast-hfb-above-header-display":"","ast-hfb-below-header-display":"","ast-hfb-mobile-header-display":"","site-post-title":"","ast-breadcrumbs-content":"","ast-featured-img":"","footer-sml-layout":"","theme-transparent-header-meta":"default","adv-header-id-meta":"","stick-header-meta":"","header-above-stick-meta":"","header-main-stick-meta":"","header-below-stick-meta":"","astra-migrate-meta-layouts":"default","ast-page-background-enabled":"default","ast-page-background-meta":{"desktop":{"background-color":"","background-image":"","background-repeat":"repeat","background-position":"center center","background-size":"auto","background-attachment":"scroll","background-type":"","background-media":"","overlay-type":"","overlay-color":"","overlay-opacity":"","overlay-gradient":""},"tablet":{"background-color":"","background-image":"","background-repeat":"repeat","background-position":"center center","background-size":"auto","background-attachment":"scroll","background-type":"","background-media":"","overlay-type":"","overlay-color":"","overlay-opacity":"","overlay-gradient":""},"mobile":{"background-color":"","background-image":"","background-repeat":"repeat","background-position":"center center","background-size":"auto","background-attachment":"scroll","background-type":"","background-media":"","overlay-type":"","overlay-color":"","overlay-opacity":"","overlay-gradient":""}},"ast-content-background-meta":{"desktop":{"background-color":"var(--ast-global-color-5)","background-image":"","background-repeat":"repeat","background-position":"center center","background-size":"auto","background-attachment":"scroll","background-type":"","background-media":"","overlay-type":"","overlay-color":"","overlay-opacity":"","overlay-gradient":""},"tablet":{"background-color":"var(--ast-global-color-5)","background-image":"","background-repeat":"repeat","background-position":"center center","background-size":"auto","background-attachment":"scroll","background-type":"","background-media":"","overlay-type":"","overlay-color":"","overlay-opacity":"","overlay-gradient":""},"mobile":{"background-color":"var(--ast-global-color-5)","background-image":"","background-repeat":"repeat","background-position":"center center","background-size":"auto","background-attachment":"scroll","background-type":"","background-media":"","overlay-type":"","overlay-color":"","overlay-opacity":"","overlay-gradient":""}}},"product_brand":[],"product_cat":[375],"product_tag":[646,643,546,467],"class_list":{"0":"post-25909","1":"product","2":"type-product","3":"status-publish","4":"has-post-thumbnail","6":"product_cat-ky-nang-lam-viec-chuyen-nghiep-danh-cho-sinh-vien","7":"product_tag-basic-communication-skills","8":"product_tag-communication-skills","9":"product_tag-ky-nang-giao-tiep","10":"product_tag-ky-nang-giao-tiep-co-ban","11":"desktop-align-left","12":"tablet-align-left","13":"mobile-align-left","15":"first","16":"instock","17":"virtual","18":"sold-individually","19":"taxable","20":"purchasable","21":"product-type-courses"},"uagb_featured_image_src":{"full":["https:\/\/www.workingskills.net\/wp-content\/uploads\/2016\/11\/listenning.jpg",350,250,false],"thumbnail":["https:\/\/www.workingskills.net\/wp-content\/uploads\/2016\/11\/listenning-150x150.jpg",150,150,true],"medium":["https:\/\/www.workingskills.net\/wp-content\/uploads\/2016\/11\/listenning-300x214.jpg",300,214,true],"medium_large":["https:\/\/www.workingskills.net\/wp-content\/uploads\/2016\/11\/listenning.jpg",350,250,false],"large":["https:\/\/www.workingskills.net\/wp-content\/uploads\/2016\/11\/listenning.jpg",350,250,false],"1536x1536":["https:\/\/www.workingskills.net\/wp-content\/uploads\/2016\/11\/listenning.jpg",350,250,false],"2048x2048":["https:\/\/www.workingskills.net\/wp-content\/uploads\/2016\/11\/listenning.jpg",350,250,false],"trp-custom-language-flag":["https:\/\/www.workingskills.net\/wp-content\/uploads\/2016\/11\/listenning.jpg",18,12,false],"woocommerce_thumbnail":["https:\/\/www.workingskills.net\/wp-content\/uploads\/2016\/11\/listenning-300x250.jpg",300,250,true],"woocommerce_single":["https:\/\/www.workingskills.net\/wp-content\/uploads\/2016\/11\/listenning.jpg",350,250,false],"woocommerce_gallery_thumbnail":["https:\/\/www.workingskills.net\/wp-content\/uploads\/2016\/11\/listenning-100x100.jpg",100,100,true]},"uagb_author_info":{"display_name":"Working Skills","author_link":"https:\/\/www.workingskills.net\/vi\/author\/"},"uagb_comment_info":0,"uagb_excerpt":"M\u00e3 kho\u00e1 h\u1ecdc: SSVE-001Phi\u00ean b\u1ea3n: K\u1ef9 n\u0103ng giao ti\u1ebfp c\u01a1 b\u1ea3n &#8211; Ti\u1ebfng Vi\u1ec7t B\u1ea1n mu\u1ed1n t\u1ef1 tin trong trao \u0111\u1ed5i, chia s\u1ebb \u00fd ki\u1ebfn v\u1edbi b\u1ea1n b\u00e8, th\u1ea7y c\u00f4, m\u1ecdi ng\u01b0\u1eddi xung quanh? B\u1ea1n mu\u1ed1n thuy\u1ebft tr\u00ecnh c\u00e1c \u0111\u1ec1 t\u00e0i m\u1ed9t c\u00e1ch \u1ea5n t\u01b0\u1ee3ng? B\u1ea1n mu\u1ed1n c\u00f3 m\u1ed9t k\u1ef9 n\u0103ng giao ti\u1ebfp th\u1eadt t\u1ed1t&hellip;","_links":{"self":[{"href":"https:\/\/www.workingskills.net\/vi\/wp-json\/wp\/v2\/product\/25909","targetHints":{"allow":["GET"]}}],"collection":[{"href":"https:\/\/www.workingskills.net\/vi\/wp-json\/wp\/v2\/product"}],"about":[{"href":"https:\/\/www.workingskills.net\/vi\/wp-json\/wp\/v2\/types\/product"}],"replies":[{"embeddable":true,"href":"https:\/\/www.workingskills.net\/vi\/wp-json\/wp\/v2\/comments?post=25909"}],"wp:featuredmedia":[{"embeddable":true,"href":"https:\/\/www.workingskills.net\/vi\/wp-json\/wp\/v2\/media\/1677"}],"wp:attachment":[{"href":"https:\/\/www.workingskills.net\/vi\/wp-json\/wp\/v2\/media?parent=25909"}],"wp:term":[{"taxonomy":"product_brand","embeddable":true,"href":"https:\/\/www.workingskills.net\/vi\/wp-json\/wp\/v2\/product_brand?post=25909"},{"taxonomy":"product_cat","embeddable":true,"href":"https:\/\/www.workingskills.net\/vi\/wp-json\/wp\/v2\/product_cat?post=25909"},{"taxonomy":"product_tag","embeddable":true,"href":"https:\/\/www.workingskills.net\/vi\/wp-json\/wp\/v2\/product_tag?post=25909"}],"curies":[{"name":"wp","href":"https:\/\/api.w.org\/{rel}","templated":true}]}}