{"id":35594,"date":"2020-08-24T11:20:43","date_gmt":"2020-08-24T04:20:43","guid":{"rendered":"https:\/\/workingskills.net\/?page_id=35594"},"modified":"2020-08-24T11:21:05","modified_gmt":"2020-08-24T04:21:05","slug":"chinh-sach-cam-ket-hoan-tien","status":"publish","type":"page","link":"https:\/\/www.workingskills.net\/vi\/chinh-sach-cam-ket-hoan-tien\/","title":{"rendered":"Ch\u00ednh S\u00e1ch Cam K\u1ebft Ho\u00e0n Ti\u1ec1n"},"content":{"rendered":"<p>Workingskills.net &#8211; Qu\u1ea3n l\u00fd b\u1edfi C\u00f4ng ty TNHH \u0110\u1ea7u T\u01b0 Gi\u00e1o D\u1ee5c Tr\u00ed Tu\u1ec7 T\u00e0i N\u0103ng &#8211; cam k\u1ebft ho\u00e0n ti\u1ec1n cho kh\u00e1ch h\u00e0ng \u0111\u00e3 mua kh\u00f3a h\u1ecdc k\u1ef9 n\u0103ng tr\u1ef1c tuy\u1ebfn tr\u00ean trang web www.workingskills.net v\u1edbi c\u00e1c quy \u0111\u1ecbnh nh\u01b0 sau:<\/p>\n\n\n\n<ul class=\"wp-block-list\"><li>Kh\u00e1ch h\u00e0ng sau khi mua kh\u00f3a h\u1ecdc k\u1ef9 n\u0103ng tr\u1ef1c tuy\u1ebfn tr\u00ean trang web www.workingskills.net \u0111\u01b0\u1ee3c quy\u1ec1n y\u00eau c\u1ea7u ho\u00e0n ti\u1ec1n n\u1ebfu kh\u00f4ng h\u00e0i l\u00f2ng v\u1ec1 s\u1ea3n ph\u1ea9m m\u00e0 kh\u00f4ng c\u1ea7n n\u00eau ra b\u1ea5t k\u1ef3 l\u00fd do g\u00ec!<\/li><li>Y\u00eau c\u1ea7u ho\u00e0n ti\u1ec1n c\u1ee7a b\u1ea1n c\u1ea7n \u0111\u00e1p \u1ee9ng c\u00e1c \u0111i\u1ec1u ki\u1ec7n sau:<ol><li>Y\u00eau c\u1ea7u ho\u00e0n ti\u1ec1n ph\u1ea3i \u0111\u01b0\u1ee3c g\u1edfi v\u1ec1 email <a href=\"mailto:ztest.contact@talentmind.edu.vn\">workingskills.contact@talentmind.edu.vn<\/a> trong th\u1eddi h\u1ea1n 72 gi\u1edd (3 ng\u00e0y) k\u1ec3 t\u1eeb th\u1eddi \u0111i\u1ec3m b\u1ea1n ho\u00e0n th\u00e0nh vi\u1ec7c \u0111\u1eb7t mua kh\u00f3a h\u1ecdc. Th\u00f4ng tin n\u1ed9i dung email c\u1ea7n cung c\u1ea5p:<ul><li>T\u00ean t\u00e0i kho\u1ea3n b\u1ea1n \u0111\u00e3 \u0111\u0103ng k\u00fd tr\u00ean h\u1ec7 th\u1ed1ng www.workingskills.net<\/li><li>Email<\/li><li>S\u1ed1 \u0111i\u1ec7n tho\u1ea1i<\/li><li>Kh\u00f3a h\u1ecdc b\u1ea1n \u0111\u00e3 mua v\u00e0 mu\u1ed1n y\u00eau c\u1ea7u ho\u00e0n ti\u1ec1n.<\/li><\/ul><\/li><li>B\u1ea1n ch\u1ec9 m\u1edbi truy c\u1eadp s\u1eed d\u1ee5ng kh\u00f3a h\u1ecdc n\u00e0y kh\u00f4ng qu\u00e1 30% t\u1ed5ng n\u1ed9i dung c\u1ee7a kh\u00f3a h\u1ecdc. V\u00ed d\u1ee5: B\u1ea1n mua Kh\u00f3a h\u1ecdc &#8220;K\u1ef9 n\u0103ng ph\u1ecfng v\u1ea5n&#8221; v\u1edbi 10 b\u00e0i h\u1ecdc. Y\u00eau c\u1ea7u ho\u00e0n ti\u1ec1n c\u1ee7a b\u1ea1n s\u1ebd \u0111\u01b0\u1ee3c ch\u1ea5p nh\u1eadn n\u1ebfu b\u1ea1n \u0111\u00e3 truy c\u1eadp kh\u00f4ng qu\u00e1 3 b\u00e0i h\u1ecdc.<\/li><li>Ti\u1ec1n s\u1ebd \u0111\u01b0\u1ee3c ho\u00e0n tr\u1ea3 qua ng\u00e2n h\u00e0ng v\u1ec1 \u0111\u00fang t\u00e0i kho\u1ea3n ng\u00e2n h\u00e0ng c\u1ee7a ng\u01b0\u1eddi \u0111\u00e3 s\u1eed d\u1ee5ng thanh to\u00e1n kh\u00f3a h\u1ecdc n\u00e0y.<ul><li>Th\u1eddi h\u1ea1n ho\u00e0n tr\u1ea3 s\u1ebd \u0111\u01b0\u1ee3c th\u1ef1c hi\u1ec7n trong v\u00f2ng 07 ng\u00e0y l\u00e0m vi\u1ec7c.<\/li><li>To\u00e0n b\u1ed9 s\u1ed1 ti\u1ec1n b\u1ea1n \u0111\u00e3 thanh to\u00e1n s\u1ebd \u0111\u01b0\u1ee3c ho\u00e0n tr\u1ea3 l\u1ea1i v\u00e0 b\u1ea1n s\u1ebd ph\u1ea3i ch\u1ecbu chi ph\u00ed chuy\u1ec3n kho\u1ea3n ng\u00e2n h\u00e0ng n\u1ebfu c\u00f3.<\/li><\/ul><\/li><\/ol><\/li><li>B\u1ea1n c\u1ea7n t\u01b0 v\u1ea5n th\u00eam th\u00f4ng tin, vui l\u00f2ng li\u00ean h\u1ec7:<ul><li>Ban Qu\u1ea3n Tr\u1ecb Workingskills.net<\/li><li>Email: <a href=\"mailto:ztest.contact@talentmind.edu.vn\"><a href=\"mailto:ztest.contact@talentmind.edu.vn\">workingskills.contact@talentmind.edu.vn<\/a><\/a><\/li><li>\u0110i\u1ec7n tho\u1ea1i: (028) 6258 4389 &#8211; 037 300 4648<\/li><li>Zalo: 037 300 4648<\/li><\/ul><\/li><\/ul>","protected":false},"excerpt":{"rendered":"<p>Workingskills.net &#8211; Qu\u1ea3n l\u00fd b\u1edfi C\u00f4ng ty TNHH \u0110\u1ea7u T\u01b0 Gi\u00e1o D\u1ee5c Tr\u00ed Tu\u1ec7 T\u00e0i N\u0103ng &#8211; cam k\u1ebft ho\u00e0n ti\u1ec1n cho kh\u00e1ch h\u00e0ng \u0111\u00e3 mua kh\u00f3a h\u1ecdc k\u1ef9 n\u0103ng tr\u1ef1c tuy\u1ebfn tr\u00ean trang web www.workingskills.net v\u1edbi c\u00e1c quy \u0111\u1ecbnh nh\u01b0 sau: Kh\u00e1ch h\u00e0ng sau khi mua kh\u00f3a h\u1ecdc k\u1ef9 n\u0103ng tr\u1ef1c tuy\u1ebfn tr\u00ean trang [&hellip;]<\/p>","protected":false},"author":16,"featured_media":0,"parent":0,"menu_order":0,"comment_status":"closed","ping_status":"closed","template":"","meta":{"_uag_custom_page_level_css":"","site-sidebar-layout":"default","site-content-layout":"default","ast-site-content-layout":"","site-content-style":"default","site-sidebar-style":"default","ast-global-header-display":"","ast-banner-title-visibility":"","ast-main-header-display":"","ast-hfb-above-header-display":"","ast-hfb-below-header-display":"","ast-hfb-mobile-header-display":"","site-post-title":"","ast-breadcrumbs-content":"","ast-featured-img":"","footer-sml-layout":"","theme-transparent-header-meta":"default","adv-header-id-meta":"","stick-header-meta":"","header-above-stick-meta":"","header-main-stick-meta":"","header-below-stick-meta":"","astra-migrate-meta-layouts":"default","ast-page-background-enabled":"default","ast-page-background-meta":{"desktop":{"background-color":"","background-image":"","background-repeat":"repeat","background-position":"center center","background-size":"auto","background-attachment":"scroll","background-type":"","background-media":"","overlay-type":"","overlay-color":"","overlay-opacity":"","overlay-gradient":""},"tablet":{"background-color":"","background-image":"","background-repeat":"repeat","background-position":"center center","background-size":"auto","background-attachment":"scroll","background-type":"","background-media":"","overlay-type":"","overlay-color":"","overlay-opacity":"","overlay-gradient":""},"mobile":{"background-color":"","background-image":"","background-repeat":"repeat","background-position":"center center","background-size":"auto","background-attachment":"scroll","background-type":"","background-media":"","overlay-type":"","overlay-color":"","overlay-opacity":"","overlay-gradient":""}},"ast-content-background-meta":{"desktop":{"background-color":"var(--ast-global-color-5)","background-image":"","background-repeat":"repeat","background-position":"center center","background-size":"auto","background-attachment":"scroll","background-type":"","background-media":"","overlay-type":"","overlay-color":"","overlay-opacity":"","overlay-gradient":""},"tablet":{"background-color":"var(--ast-global-color-5)","background-image":"","background-repeat":"repeat","background-position":"center center","background-size":"auto","background-attachment":"scroll","background-type":"","background-media":"","overlay-type":"","overlay-color":"","overlay-opacity":"","overlay-gradient":""},"mobile":{"background-color":"var(--ast-global-color-5)","background-image":"","background-repeat":"repeat","background-position":"center center","background-size":"auto","background-attachment":"scroll","background-type":"","background-media":"","overlay-type":"","overlay-color":"","overlay-opacity":"","overlay-gradient":""}},"footnotes":""},"class_list":["post-35594","page","type-page","status-publish","hentry"],"uagb_featured_image_src":{"full":false,"thumbnail":false,"medium":false,"medium_large":false,"large":false,"1536x1536":false,"2048x2048":false,"trp-custom-language-flag":false,"woocommerce_thumbnail":false,"woocommerce_single":false,"woocommerce_gallery_thumbnail":false},"uagb_author_info":{"display_name":"Working Skills","author_link":"https:\/\/www.workingskills.net\/vi\/author\/duypham\/"},"uagb_comment_info":0,"uagb_excerpt":"Workingskills.net &#8211; Qu\u1ea3n l\u00fd b\u1edfi C\u00f4ng ty TNHH \u0110\u1ea7u T\u01b0 Gi\u00e1o D\u1ee5c Tr\u00ed Tu\u1ec7 T\u00e0i N\u0103ng &#8211; cam k\u1ebft ho\u00e0n ti\u1ec1n cho kh\u00e1ch h\u00e0ng \u0111\u00e3 mua kh\u00f3a h\u1ecdc k\u1ef9 n\u0103ng tr\u1ef1c tuy\u1ebfn tr\u00ean trang web www.workingskills.net v\u1edbi c\u00e1c quy \u0111\u1ecbnh nh\u01b0 sau: Kh\u00e1ch h\u00e0ng sau khi mua kh\u00f3a h\u1ecdc k\u1ef9 n\u0103ng tr\u1ef1c tuy\u1ebfn tr\u00ean trang&hellip;","_links":{"self":[{"href":"https:\/\/www.workingskills.net\/vi\/wp-json\/wp\/v2\/pages\/35594","targetHints":{"allow":["GET"]}}],"collection":[{"href":"https:\/\/www.workingskills.net\/vi\/wp-json\/wp\/v2\/pages"}],"about":[{"href":"https:\/\/www.workingskills.net\/vi\/wp-json\/wp\/v2\/types\/page"}],"author":[{"embeddable":true,"href":"https:\/\/www.workingskills.net\/vi\/wp-json\/wp\/v2\/users\/16"}],"replies":[{"embeddable":true,"href":"https:\/\/www.workingskills.net\/vi\/wp-json\/wp\/v2\/comments?post=35594"}],"version-history":[{"count":0,"href":"https:\/\/www.workingskills.net\/vi\/wp-json\/wp\/v2\/pages\/35594\/revisions"}],"wp:attachment":[{"href":"https:\/\/www.workingskills.net\/vi\/wp-json\/wp\/v2\/media?parent=35594"}],"curies":[{"name":"wp","href":"https:\/\/api.w.org\/{rel}","templated":true}]}}