{"id":3063,"date":"2017-01-02T21:39:57","date_gmt":"2017-01-02T14:39:57","guid":{"rendered":"https:\/\/workingskills.net\/doi-ngu-giang-vien-bien-soan-va-ban-co-van\/"},"modified":"2019-07-17T15:57:53","modified_gmt":"2019-07-17T08:57:53","slug":"doi-ngu-giang-vien-bien-soan-va-ban-co-van","status":"publish","type":"page","link":"https:\/\/www.workingskills.net\/vi\/doi-ngu-giang-vien-bien-soan-va-ban-co-van\/","title":{"rendered":"\u0110\u1ed9i Ng\u0169 Gi\u1ea3ng Vi\u00ean Bi\u00ean So\u1ea1n v\u00e0 Ban C\u1ed1 V\u1ea5n"},"content":{"rendered":"<p style=\"text-align: justify\"><span style=\"font-family: tahoma, arial, helvetica, sans-serif;font-size: 12pt;color: #000080\"><strong>\u0110\u1ed9i ng\u0169 gi\u1ea3ng vi\u00ean bi\u00ean so\u1ea1n<\/strong><\/span><\/p>\n<p style=\"text-align: justify\"><span style=\"font-size: 10pt;font-family: tahoma, arial, helvetica, sans-serif\">\u0110\u1ed9i ng\u0169 gi\u1ea3ng vi\u00ean c\u1ee7a c\u00f4ng ty <a title=\"C\u00f4ng ty Talent Mind Education\" href=\"http:\/\/www.talentmind.edu.vn\" target=\"_blank\" rel=\"noopener noreferrer\">Talent Mind Education<\/a>\u00a0kinh nghi\u1ec7m trong \u0111\u00e0o t\u1ea1o v\u00e0 hu\u1ea5n luy\u1ec7n, ph\u00e1t tri\u1ec3n ngu\u1ed3n nh\u00e2n l\u1ef1c, qu\u1ea3n l\u00fd, l\u00e3nh \u0111\u1ea1o v\u00e0 \u0111i\u1ec1u h\u00e0nh cho c\u00e1c t\u1ed5 ch\u1ee9c doanh nghi\u1ec7p, t\u1eadp \u0111o\u00e0n \u0111a qu\u1ed1c gia v\u00e0 Vi\u1ec7t Nam. C\u00e1c gi\u1ea3ng vi\u00ean c\u1ee7a Talent Mind Education c\u00f3 b\u1eb1ng Ti\u1ebfn s\u0129, Th\u1ea1c s\u0129, Th\u1ea1c s\u0129 Qu\u1ea3n tr\u1ecb Kinh doanh c\u00f3 n\u1ec1n t\u1ea3ng ki\u1ebfn th\u1ee9c t\u1ed1t v\u00e0 gi\u00e0u tr\u1ea3i nghi\u1ec7m th\u1ef1c t\u1ebf.<\/span><\/p>\n<p style=\"text-align: justify\"><span style=\"font-family: tahoma, arial, helvetica, sans-serif\"><strong><span style=\"font-size: 10pt\">Tr\u01b0\u1edfng Ban gi\u1ea3ng vi\u00ean bi\u00ean so\u1ea1n:\u00a0<\/span><\/strong><\/span><\/p>\n<p><a href=\"http:\/\/www.kynangchuyennghiep.vn\/wp-content\/uploads\/2015\/01\/Hoang-Nguyen-photo.png\"><img decoding=\"async\" class=\"wp-image-519\" src=\"http:\/\/www.kynangchuyennghiep.vn\/wp-content\/uploads\/2015\/01\/Hoang-Nguyen-photo-278x300.png\" alt=\"Hoang Nguyen photo\" width=\"176\" height=\"190\" \/><\/a><\/p>\n<p style=\"text-align: justify\"><span style=\"font-family: tahoma, arial, helvetica, sans-serif\"><strong>Ti\u1ebfn s\u0129 Nguy\u1ec5n Huy Ho\u00e0ng<\/strong><\/span><br \/><span style=\"font-family: tahoma, arial, helvetica, sans-serif\">&#8211; CEO &#8211; Talent Mind Education.<\/span><br \/><span style=\"font-family: tahoma, arial, helvetica, sans-serif\">&#8211; C\u1ed1 v\u1ea5n doanh nghi\u1ec7p KMS Technology, HUI.<\/span><br \/><span style=\"font-family: tahoma, arial, helvetica, sans-serif\">&#8211; Gi\u00e1m \u0111\u1ed1c C\u1ed5ng th\u00f4ng tin th\u1ef1c t\u1eadp <a title=\"C\u1ed5ng th\u00f4ng tin th\u1ef1c t\u1eadp\" href=\"http:\/\/www.internship.edu.vn\" target=\"_blank\" rel=\"noopener noreferrer\">www.internship.edu.vn<\/a> c\u1ea7u n\u1ed1i Doanh nghi\u1ec7p &#8211; Sinh vi\u00ean \u2013 Nh\u00e0 tr\u01b0\u1eddng.<\/span><br \/><span style=\"font-family: tahoma, arial, helvetica, sans-serif\">&#8211; Ban t\u01b0 v\u1ea5n doanh nghi\u1ec7p \u2013 B\u00e1o Doanh Nh\u00e2n S\u00e0i G\u00f2n.<\/span><br \/><span style=\"font-family: tahoma, arial, helvetica, sans-serif\">&#8211; Gi\u1ea3ng vi\u00ean \u0111\u00e0o t\u1ea1o v\u00e0 hu\u1ea5n luy\u1ec7n nh\u00e2n s\u1ef1 doanh nghi\u1ec7p.<\/span><br \/><span style=\"font-family: tahoma, arial, helvetica, sans-serif\">&#8211; Gi\u1ea3ng vi\u00ean th\u1ec9nh gi\u1ea3ng \u0110H B\u00e1ch Khoa TPHCM, \u0110H C\u00f4ng Nghi\u1ec7p TPHCM.<\/span><br \/><span style=\"font-family: tahoma, arial, helvetica, sans-serif\">&#8211; Di\u1ec5n gi\u1ea3 kh\u00e1ch m\u1eddi c\u1ee7a HTV, VTV, \u0110H B\u00e1ch Khoa TPHCM, \u0110H Khoa H\u1ecdc T\u1ef1 Nhi\u00ean TPHCM, \u0110H C\u00f4ng Nghi\u1ec7p TPHCM, \u0110H Qu\u1ed1c T\u1ebf TPHCM, \u0110H \u0110\u00e0 L\u1ea1t, \u0110H Hu\u1ebf, \u0110H B\u00e1ch Khoa \u0110\u00e0 N\u1eb5ng, \u0110H C\u1ea7n Th\u01a1.v.v.<br \/>V\u1edbi kinh nghi\u1ec7m l\u00e0m vi\u1ec7c trong c\u00e1c t\u1eadp \u0111o\u00e0n \u0111a qu\u1ed1c gia th\u00f4ng qua c\u00e1c vai tr\u00f2 gi\u00e1m \u0111\u1ed1c d\u1ef1 \u00e1n, gi\u00e1m \u0111\u1ed1c k\u1ef9 thu\u1eadt, l\u00e3nh \u0111\u1ea1o nh\u00f3m d\u1ef1 \u00e1n cao c\u1ea5p, gi\u00e1m \u0111\u1ed1c \u0111\u00e0o t\u1ea1o, gi\u00e1m \u0111\u1ed1c nghi\u00ean c\u1ee9u ph\u00e1t tri\u1ec3n, chuy\u00ean gia hu\u1ea5n luy\u1ec7n ph\u00e1t tri\u1ec3n t\u00e0i n\u0103ng qu\u1ea3n l\u00fd, c\u1ed1 v\u1ea5n chi\u1ebfn l\u01b0\u1ee3c ph\u00e1t tri\u1ec3n con ng\u01b0\u1eddi, Ti\u1ebfn s\u0129 Nguy\u1ec5n Huy Ho\u00e0ng \u0111\u00e3 ph\u00e1t tri\u1ec3n th\u00e0nh c\u00f4ng c\u00e1c ch\u01b0\u01a1ng tr\u00ecnh \u0111\u00e0o t\u1ea1o v\u00e0 hu\u1ea5n luy\u1ec7n d\u00e0nh cho \u0111\u1ed9i ng\u0169 qu\u1ea3n l\u00fd v\u00e0 l\u00e3nh \u0111\u1ea1o n\u00f2ng c\u1ed1t c\u1ee7a doanh nghi\u1ec7p. Ti\u1ebfn s\u0129 Ho\u00e0ng \u0111\u00e3 l\u00e0m vi\u1ec7c v\u00e0 hu\u1ea5n luy\u1ec7n ph\u00e1t tri\u1ec3n \u0111\u1ed9i ng\u0169 qu\u1ea3n l\u00fd, l\u00e3nh \u0111\u1ea1o v\u00e0 nh\u00e2n vi\u00ean t\u00e0i n\u0103ng cho c\u00e1c t\u1ed5 ch\u1ee9c doanh nghi\u1ec7p Samsung Vi\u1ec7t Nam, Doosan Vi\u1ec7t Nam,TMA Solutions, KMS-Technology, IBM France, Novitell Denmark, CSLA HongKong, Toshiba System Technology Japan, NTT Software Japan, v.v.<\/span><\/p>\n<p style=\"text-align: justify\"><span style=\"font-family: tahoma, arial, helvetica, sans-serif;text-align: justify\">B\u00ean c\u1ea1nh \u0111\u00f3, Ti\u1ebfn s\u0129 Ho\u00e0ng \u0111\u00e3 v\u00e0 \u0111ang tr\u1ef1c ti\u1ebfp th\u1ef1c hi\u1ec7n ch\u01b0\u01a1ng tr\u00ecnh h\u1ed7 tr\u1ee3 ph\u1ed1i h\u1ee3p c\u00e1c tr\u01b0\u1eddng \u0111\u1ea1i h\u1ecdc, cao \u0111\u1eb3ng n\u00e2ng cao ch\u1ea5t l\u01b0\u1ee3ng \u0111\u00e0o t\u1ea1o th\u00f4ng qua c\u00e1c ch\u01b0\u01a1ng tr\u00ecnh:<\/span><br \/><span style=\"font-family: tahoma, arial, helvetica, sans-serif\">&#8211; Ch\u01b0\u01a1ng tr\u00ecnh hu\u1ea5n luy\u1ec7n n\u00e2ng cao k\u1ef9 n\u0103ng chuy\u00ean nghi\u1ec7p d\u00e0nh cho c\u00e1c gi\u1ea3ng vi\u00ean tr\u01b0\u1eddng \u0110H B\u00e1ch Khoa TPHCM v\u00e0 \u0110H Khoa H\u1ecdc T\u1ef1 Nhi\u00ean TPHCM, \u0110H Tin H\u1ecdc v\u00e0 Ngo\u1ea1i Ng\u1eef TPHCM v\u00e0 c\u00e1c Tr\u01b0\u1eddng \u0111\u1ea1i h\u1ecdc cao \u0111\u1eb3ng kh\u00e1c.<\/span><br \/><span style=\"font-family: tahoma, arial, helvetica, sans-serif\"><span style=\"font-size: 10pt\">&#8211; Ch\u01b0\u01a1ng tr\u00ecnh \u0111\u00e0o t\u1ea1o hu\u1ea5n luy\u1ec7n k\u1ef9 n\u0103ng l\u00e0m vi\u1ec7c chuy\u00ean nghi\u1ec7p d\u00e0nh cho c\u00e1c sinh vi\u00ean t\u00e0i n\u0103ng.<br \/><\/span>&#8211; Chu\u1ed7i 100 h\u1ed9i th\u1ea3o k\u1ef9 n\u0103ng chuy\u00ean nghi\u1ec7p d\u00e0nh cho sinh vi\u00ean t\u1ea1i c\u00e1c tr\u01b0\u1eddng \u0111\u1ea1i h\u1ecdc cao \u0111\u1eb3ng t\u1ea1i TP H\u1ed3 Ch\u00ed Minh v\u00e0 m\u1edf r\u1ed9ng \u1edf ph\u00eda nam.<\/span><br \/><span style=\"font-size: 10pt;font-family: tahoma, arial, helvetica, sans-serif\">Ti\u1ebfn s\u0129 Nguy\u1ec5n Huy Ho\u00e0ng t\u1ed1t nghi\u1ec7p chuy\u00ean ng\u00e0nh v\u1ec1 C\u00f4ng Ngh\u1ec7 Th\u00f4ng Tin v\u00e0 T\u00e2m L\u00fd Gi\u00e1o D\u1ee5c. \u00d4ng \u0111\u1ea1t c\u00e1c ch\u1ee9ng ch\u1ec9 v\u1ec1 qu\u1ea3n l\u00fd, l\u00e3nh \u0111\u1ea1o chi\u1ebfn l\u01b0\u1ee3c v\u00e0 tham v\u1ea5n t\u00e2m l\u00fd.<\/span><\/p>\n<p style=\"text-align: justify\"><span style=\"font-size: 12pt;color: #000080;font-family: tahoma, arial, helvetica, sans-serif\"><strong>Ban C\u1ed1 V\u1ea5n<\/strong><\/span><\/p>\n<p><a href=\"http:\/\/www.kynangchuyennghiep.vn\/wp-content\/uploads\/2015\/01\/Nick.jpg\"><img decoding=\"async\" class=\"wp-image-520\" src=\"http:\/\/www.kynangchuyennghiep.vn\/wp-content\/uploads\/2015\/01\/Nick.jpg\" alt=\"Nick Owen\" width=\"176\" height=\"160\" \/><\/a><\/p>\n<p style=\"text-align: justify\"><span style=\"font-family: tahoma, arial, helvetica, sans-serif\"><strong>Gi\u00e1o s\u01b0 Nick Owen\u00a0<br \/><\/strong>&#8211; \u00a0Gi\u00e1m \u0111\u1ed1c Nick Owen Associates Ltd, V\u01b0\u01a1ng Qu\u1ed1c Anh.<\/span><br \/><span style=\"font-family: tahoma, arial, helvetica, sans-serif\">&#8211; Gi\u00e1o s\u01b0 th\u1ec9nh gi\u1ea3ng c\u1ee7a De Baak Development Centrum, Noordwijk, H\u00e0 Lan v\u00e0 CEDEP\/INSEAD, Fontainebleau, Ph\u00e1p.<\/span><br \/><span style=\"font-family: tahoma, arial, helvetica, sans-serif\">&#8211; T\u00e1c gi\u1ea3 c\u1ee7a 3 quy\u1ebfn s\u00e1ch b\u00e1n ch\u1ea1y nh\u1ea5t v\u00e0 nhi\u1ec1u \u1ea5n ph\u1ea9m kh\u00e1c:<\/span><br \/><span style=\"font-family: tahoma, arial, helvetica, sans-serif\">The Salmon of Knowledge: Stories for Work, Life, the Dark Shadow, u0026amp; Oneself, Crownhouse, UK, 2009.<\/span><br \/><span style=\"font-family: tahoma, arial, helvetica, sans-serif\">More Magic of Metaphor: Stories for Leaders, Influencers and Motivators, Crownhouse, UK, 2004.<\/span><br \/><span style=\"font-family: tahoma, arial, helvetica, sans-serif\">The Magic of Metaphor: 77 Stories for Teachers, Trainers, and Thinkers, Crownhouse, UK, 2001.<\/span><br \/><span style=\"font-family: tahoma, arial, helvetica, sans-serif\">V\u1edbi kinh nghi\u1ec7m qu\u1ed1c t\u1ebf trong c\u00e1c vai tr\u00f2 kh\u00e1c nhau nh\u01b0 chuy\u00ean gia t\u01b0 v\u1ea5n, chuy\u00ean gia hu\u1ea5n luy\u1ec7n, \u0111\u1ea1o di\u1ec5n, gi\u00e1m \u0111\u1ed1c doanh nghi\u1ec7p,v\u00e0 l\u00e0 nh\u00e0 l\u00e3nh \u0111\u1ea1o l\u00e0m vi\u1ec7c cho nhi\u1ec1u t\u1ed5 ch\u1ee9c \u0111a v\u00e0 li\u00ean v\u0103n h\u00f3a (multi-cultural and inter-cultural), Gi\u00e1o s\u01b0 Nick Owen tin t\u01b0\u1edfng r\u1eb1ng then ch\u1ed1t c\u1ee7a s\u1ef1 th\u00e0nh c\u00f4ng c\u1ee7a b\u1ea5t k\u1ef3 doanh nghi\u1ec7p n\u00e0o, d\u00f9 quy m\u00f4 l\u1edbn hay nh\u1ecf, l\u00e0 s\u1ef1 huy \u0111\u1ed9ng n\u1ed9i l\u1ef1c c\u1ee7a to\u00e0n \u0111\u1ed9i ng\u0169 nh\u00e2n vi\u00ean; v\u00e0 s\u1ef1 ph\u00e1t tri\u1ec3n \u201ck\u1ef9 n\u0103ng m\u1ec1m\u201d trong n\u1ed9i b\u1ed9 doanh nghi\u1ec7p t\u1ea1o \u0111i\u1ec1u ki\u1ec7n cho c\u00e1c \u201ck\u1ef9 n\u0103ng c\u1ee9ng\u201d ph\u00e1t tri\u1ec3n. C\u00f4ng vi\u1ec7c c\u1ee7a G.S. Nick Owen l\u00e0 gi\u00fap \u201cc\u00e1c chuy\u00ean gia\u201d qu\u00ean \u0111i chuy\u00ean m\u00f4n c\u1ee7a h\u1ecd v\u00e0 nh\u00ecn th\u1ea5y m\u1ed9t b\u1ee9c tranh h\u1ec7 th\u1ed1ng t\u1ed5ng th\u1ec3 r\u1ed9ng l\u1edbn h\u01a1n; n\u00f3i c\u00e1ch kh\u00e1c l\u00e0 chuy\u1ec3n t\u1eeb c\u00e1ch nh\u00ecn, suy ngh\u0129 c\u1ee7a m\u1ed9t chuy\u00ean gia sang qua c\u00e1ch t\u01b0 duy c\u1ee7a m\u1ed9t nh\u00e0 qu\u1ea3n l\u00fd, v\u00e0 cu\u1ed1i c\u00f9ng l\u00e0 t\u01b0 duy c\u1ee7a m\u1ed9t nh\u00e0 l\u00e3nh \u0111\u1ea1o.<\/span><br \/><span style=\"font-family: tahoma, arial, helvetica, sans-serif\">Gi\u00e1o s\u01b0 Nick Owen \u0111\u00e3 ph\u00e1t tri\u1ec3n v\u00e0 cung c\u1ea5p nhi\u1ec1u ch\u01b0\u01a1ng tr\u00ecnh \u0111\u00e0o t\u1ea1o cho c\u00e1c t\u1eadp \u0111o\u00e0n to\u00e0n c\u1ea7u bao g\u1ed3m Aviva, Zurich, Oracle, AON,HSBC, Shell Oil, CNN News, SABMiller c\u0169ng nh\u01b0 c\u00e1c t\u1ed5 ch\u1ee9c l\u1edbn kh\u00e1c trong l\u0129nh v\u1ef1c c\u00f4ng ngh\u1ec7, d\u1ecbch v\u1ee5 t\u00e0i ch\u00ednh, y t\u1ebf, v\u00e0 d\u1ecbch v\u1ee5 c\u00f4ng c\u1ee7a qu\u1ed1c gia \u1edf Ch\u00e2u \u00c2u, Ch\u00e2u \u00c1, Ch\u00e2u M\u1ef9 Latinh v\u00e0 Ch\u00e2u Phi.<\/span><\/p>\n<p><a href=\"http:\/\/www.kynangchuyennghiep.vn\/wp-content\/uploads\/2015\/01\/Anthony1.jpg\"><img decoding=\"async\" class=\"alignleft wp-image-523\" src=\"http:\/\/www.kynangchuyennghiep.vn\/wp-content\/uploads\/2015\/01\/Anthony1.jpg\" alt=\"Anthony\" width=\"176\" height=\"201\" \/><\/a><\/p>\n<p style=\"text-align: justify\"><span style=\"font-family: tahoma, arial, helvetica, sans-serif\">\u00a0<strong><span style=\"font-size: 10pt\">\u00d4ng Anthony Salmon<br \/><\/span><\/strong>\u00d4ng Anthony Salmon l\u00e0 chuy\u00ean gia kinh nghi\u1ec7m v\u1ec1 l\u0129nh v\u1ef1c qu\u1ea3n l\u00fd v\u00e0 \u0111\u1ed9ng vi\u00ean tinh th\u1ea7n cho c\u00e1c t\u1ed5 ch\u1ee9c t\u1ea1i V\u01b0\u01a1ng Qu\u1ed1c Anh v\u00e0 to\u00e0n c\u1ea7u trong qu\u00e1 tr\u00ecnh gi\u1edbi thi\u1ec7u c\u00f4ng ngh\u1ec7, s\u00e1ng t\u1ea1o \u0111\u1ed5i m\u1edbi v\u00e0 c\u01a1 h\u1ed9i kinh doanh, bao g\u1ed3m c\u1ea3 s\u1ef1 h\u00f2a nh\u1eadp c\u00e1c n\u1ec1n v\u0103n h\u00f3a v\u00e0 c\u00e1c gi\u00e1 tr\u1ecb kh\u00e1c nhau, \u0111\u1eb7c bi\u1ec7t gi\u1eefa c\u00e1c qu\u1ed1c gia Ch\u00e2u \u00c1 v\u00e0 Ch\u00e2u \u00c2u.<\/span><br \/><span style=\"font-family: tahoma, arial, helvetica, sans-serif\">Anthony Salmon l\u00e0 th\u00e0nh vi\u00ean c\u1ee7a nh\u00f3m ti\u00ean phong x\u00e2y d\u1ef1ng chu\u1ea9n m\u1ea1ng di \u0111\u1ed9ng GSM (2G) &#8211; l\u00e0 c\u00f4ng ngh\u1ec7 \u0111i\u1ec7n tho\u1ea1i di \u0111\u1ed9ng c\u00f3 s\u1ee9c \u1ea3nh h\u01b0\u1edfng to l\u1edbn \u1edf Anh qu\u1ed1c v\u00e0 tr\u00ean kh\u1eafp th\u1ebf gi\u1edbi. Anthony ti\u1ebfp t\u1ee5c tham gia trong l\u0129nh v\u1ef1c ph\u00e1t tri\u1ec3n kinh doanh, t\u1eadp trung v\u00e0o chi\u1ebfn l\u01b0\u1ee3c kinh doanh c\u00e1c s\u1ea3n ph\u1ea9m v\u00e0 d\u1ecbch v\u1ee5 d\u1ef1a tr\u00ean n\u1ec1n t\u1ea3ng c\u00f4ng ngh\u1ec7 2.5G v\u00e0 3G nh\u1eb1m gi\u1edbi thi\u1ec7u, x\u00e2y d\u1ef1ng v\u00e0 th\u01b0\u01a1ng m\u1ea1i h\u00f3a c\u00e1c s\u1ea3n ph\u1ea9m m\u1edbi v\u1ec1 d\u1eef li\u1ec7u v\u00e0 truy\u1ec1n th\u00f4ng.<\/span><br \/><span style=\"font-family: tahoma, arial, helvetica, sans-serif\">Anthony Salmon \u0111\u1ea1t \u0111\u01b0\u1ee3c th\u00e0nh c\u00f4ng k\u1ec3 tr\u00ean trong qu\u00e1 tr\u00ecnh l\u00e0m vi\u1ec7c v\u00e0 h\u1ee3p t\u00e1c v\u1edbi c\u00e1c c\u00f4ng ty SKT, IBM, Ericsson, Nokia, Vodafone, Maxis, Reliance Globalcom, Bharti Telecom, v.v.<\/span><br \/><span style=\"font-family: tahoma, arial, helvetica, sans-serif\">\u00d4ng quan t\u00e2m v\u00e0 tham gia v\u00e0o c\u00e1c ch\u01b0\u01a1ng tr\u00ecnh ph\u00e1t tri\u1ec3n ngu\u1ed3n nh\u00e2n l\u1ef1c, \u0111\u1eb7c bi\u1ec7t l\u00e0 ch\u01b0\u01a1ng tr\u00ecnh n\u00e2ng cao k\u1ef9 n\u0103ng chuy\u00ean nghi\u1ec7p d\u00e0nh cho c\u00e1c t\u00e0i n\u0103ng tr\u1ebb.<br \/><\/span>\u00a0<\/p>\n<p><a href=\"http:\/\/www.kynangchuyennghiep.vn\/wp-content\/uploads\/2015\/01\/DR-.PHAM-THI-TUYET-LOAN.jpg\"><img loading=\"lazy\" decoding=\"async\" class=\"wp-image-522\" src=\"http:\/\/www.kynangchuyennghiep.vn\/wp-content\/uploads\/2015\/01\/DR-.PHAM-THI-TUYET-LOAN-254x300.jpg\" alt=\"DR .PHAM THI TUYET LOAN\" width=\"176\" height=\"208\" \/><\/a><\/p>\n<p style=\"text-align: justify\"><span style=\"font-family: tahoma, arial, helvetica, sans-serif\"><strong><span style=\"font-size: 10pt\"> Ti\u1ebfn s\u0129 Ph\u1ea1m Th\u1ecb Tuy\u1ebft Loan<br \/><\/span><\/strong>&#8211; Gi\u00e1m \u0111\u1ed1c k\u1ef9 thu\u1eadt \u2013 Harvey Nash Vi\u1ec7t Nam.<\/span><br \/><span style=\"font-family: tahoma, arial, helvetica, sans-serif\">&#8211; Gi\u00e1m \u0111\u1ed1c d\u1ef1 \u00e1n Nash Tech.<\/span><br \/><span style=\"font-family: tahoma, arial, helvetica, sans-serif\">&#8211; Kinh nghi\u1ec7m l\u00e0m vi\u1ec7c trong c\u00e1c t\u1eadp \u0111o\u00e0n France Telecom, TMA Solutions, CSC, Harvey Nash th\u00f4ng qua c\u00e1c vai tr\u00f2 nghi\u00ean c\u1ee9u ph\u00e1t tri\u1ec3n, gi\u00e1m \u0111\u1ed1c d\u1ef1 \u00e1n, gi\u00e1m \u0111\u1ed1c k\u1ef9 thu\u1eadt, l\u00e3nh \u0111\u1ea1o nh\u00f3m d\u1ef1 \u00e1n cao c\u1ea5p, chuy\u00ean gia hu\u1ea5n luy\u1ec7n ph\u00e1t tri\u1ec3n \u0111\u1ed9i ng\u0169 nh\u00e2n s\u1ef1.<\/span><br \/><span style=\"font-family: tahoma, arial, helvetica, sans-serif\">Ti\u1ebfn s\u0129 Ph\u1ea1m Th\u1ecb Tuy\u1ebft Loan lu\u00f4n theo s\u00e1t c\u00e1c ch\u01b0\u01a1ng tr\u00ecnh ph\u00e1t tri\u1ec3n nh\u00e2n l\u1ef1c v\u00e0 t\u00e2m huy\u1ebft v\u1edbi ch\u01b0\u01a1ng tr\u00ecnh n\u00e2ng cao k\u1ef9 n\u0103ng v\u00e0 n\u0103ng l\u1ef1c th\u1ef1c h\u00e0nh c\u1ee7a sinh vi\u00ean c\u00e1c tr\u01b0\u1eddng \u0111\u1ea1i h\u1ecdc cao \u0111\u1eb3ng.<\/span><\/p>","protected":false},"excerpt":{"rendered":"<p>\u0110\u1ed9i ng\u0169 gi\u1ea3ng vi\u00ean bi\u00ean so\u1ea1n \u0110\u1ed9i ng\u0169 gi\u1ea3ng vi\u00ean c\u1ee7a c\u00f4ng ty Talent Mind Education\u00a0kinh nghi\u1ec7m trong \u0111\u00e0o t\u1ea1o v\u00e0 hu\u1ea5n luy\u1ec7n, ph\u00e1t tri\u1ec3n ngu\u1ed3n nh\u00e2n l\u1ef1c, qu\u1ea3n l\u00fd, l\u00e3nh \u0111\u1ea1o v\u00e0 \u0111i\u1ec1u h\u00e0nh cho c\u00e1c t\u1ed5 ch\u1ee9c doanh nghi\u1ec7p, t\u1eadp \u0111o\u00e0n \u0111a qu\u1ed1c gia v\u00e0 Vi\u1ec7t Nam. C\u00e1c gi\u1ea3ng vi\u00ean c\u1ee7a Talent Mind [&hellip;]<\/p>","protected":false},"author":14,"featured_media":0,"parent":0,"menu_order":0,"comment_status":"open","ping_status":"open","template":"","meta":{"_uag_custom_page_level_css":"","site-sidebar-layout":"default","site-content-layout":"","ast-site-content-layout":"","site-content-style":"default","site-sidebar-style":"default","ast-global-header-display":"","ast-banner-title-visibility":"","ast-main-header-display":"","ast-hfb-above-header-display":"","ast-hfb-below-header-display":"","ast-hfb-mobile-header-display":"","site-post-title":"","ast-breadcrumbs-content":"","ast-featured-img":"","footer-sml-layout":"","theme-transparent-header-meta":"","adv-header-id-meta":"","stick-header-meta":"","header-above-stick-meta":"","header-main-stick-meta":"","header-below-stick-meta":"","astra-migrate-meta-layouts":"default","ast-page-background-enabled":"default","ast-page-background-meta":{"desktop":{"background-color":"","background-image":"","background-repeat":"repeat","background-position":"center center","background-size":"auto","background-attachment":"scroll","background-type":"","background-media":"","overlay-type":"","overlay-color":"","overlay-opacity":"","overlay-gradient":""},"tablet":{"background-color":"","background-image":"","background-repeat":"repeat","background-position":"center center","background-size":"auto","background-attachment":"scroll","background-type":"","background-media":"","overlay-type":"","overlay-color":"","overlay-opacity":"","overlay-gradient":""},"mobile":{"background-color":"","background-image":"","background-repeat":"repeat","background-position":"center center","background-size":"auto","background-attachment":"scroll","background-type":"","background-media":"","overlay-type":"","overlay-color":"","overlay-opacity":"","overlay-gradient":""}},"ast-content-background-meta":{"desktop":{"background-color":"var(--ast-global-color-5)","background-image":"","background-repeat":"repeat","background-position":"center center","background-size":"auto","background-attachment":"scroll","background-type":"","background-media":"","overlay-type":"","overlay-color":"","overlay-opacity":"","overlay-gradient":""},"tablet":{"background-color":"var(--ast-global-color-5)","background-image":"","background-repeat":"repeat","background-position":"center center","background-size":"auto","background-attachment":"scroll","background-type":"","background-media":"","overlay-type":"","overlay-color":"","overlay-opacity":"","overlay-gradient":""},"mobile":{"background-color":"var(--ast-global-color-5)","background-image":"","background-repeat":"repeat","background-position":"center center","background-size":"auto","background-attachment":"scroll","background-type":"","background-media":"","overlay-type":"","overlay-color":"","overlay-opacity":"","overlay-gradient":""}},"footnotes":""},"class_list":["post-3063","page","type-page","status-publish","hentry"],"uagb_featured_image_src":{"full":false,"thumbnail":false,"medium":false,"medium_large":false,"large":false,"1536x1536":false,"2048x2048":false,"trp-custom-language-flag":false,"woocommerce_thumbnail":false,"woocommerce_single":false,"woocommerce_gallery_thumbnail":false},"uagb_author_info":{"display_name":"Professional Skills","author_link":"https:\/\/www.workingskills.net\/vi\/author\/kncn\/"},"uagb_comment_info":0,"uagb_excerpt":"\u0110\u1ed9i ng\u0169 gi\u1ea3ng vi\u00ean bi\u00ean so\u1ea1n \u0110\u1ed9i ng\u0169 gi\u1ea3ng vi\u00ean c\u1ee7a c\u00f4ng ty Talent Mind Education\u00a0kinh nghi\u1ec7m trong \u0111\u00e0o t\u1ea1o v\u00e0 hu\u1ea5n luy\u1ec7n, ph\u00e1t tri\u1ec3n ngu\u1ed3n nh\u00e2n l\u1ef1c, qu\u1ea3n l\u00fd, l\u00e3nh \u0111\u1ea1o v\u00e0 \u0111i\u1ec1u h\u00e0nh cho c\u00e1c t\u1ed5 ch\u1ee9c doanh nghi\u1ec7p, t\u1eadp \u0111o\u00e0n \u0111a qu\u1ed1c gia v\u00e0 Vi\u1ec7t Nam. C\u00e1c gi\u1ea3ng vi\u00ean c\u1ee7a Talent Mind&hellip;","_links":{"self":[{"href":"https:\/\/www.workingskills.net\/vi\/wp-json\/wp\/v2\/pages\/3063","targetHints":{"allow":["GET"]}}],"collection":[{"href":"https:\/\/www.workingskills.net\/vi\/wp-json\/wp\/v2\/pages"}],"about":[{"href":"https:\/\/www.workingskills.net\/vi\/wp-json\/wp\/v2\/types\/page"}],"author":[{"embeddable":true,"href":"https:\/\/www.workingskills.net\/vi\/wp-json\/wp\/v2\/users\/14"}],"replies":[{"embeddable":true,"href":"https:\/\/www.workingskills.net\/vi\/wp-json\/wp\/v2\/comments?post=3063"}],"version-history":[{"count":0,"href":"https:\/\/www.workingskills.net\/vi\/wp-json\/wp\/v2\/pages\/3063\/revisions"}],"wp:attachment":[{"href":"https:\/\/www.workingskills.net\/vi\/wp-json\/wp\/v2\/media?parent=3063"}],"curies":[{"name":"wp","href":"https:\/\/api.w.org\/{rel}","templated":true}]}}