{"id":147,"date":"2016-01-06T09:33:36","date_gmt":"2016-01-06T15:33:36","guid":{"rendered":"http:\/\/demos.buddyboss.com\/social-learner-learndash\/?page_id=147"},"modified":"2023-06-07T15:30:05","modified_gmt":"2023-06-07T08:30:05","slug":"blog","status":"publish","type":"page","link":"https:\/\/www.workingskills.net\/vi\/blog\/","title":{"rendered":"Practice skills every day"},"content":{"rendered":"<p><strong>Improving Skills &#8211; Building Capacity Every Day<\/strong><\/p>\n\n\n\n      <div id=\"post-grid-lazy-29270\" class=\"post-grid-lazy\"><img decoding=\"async\" alt=\"\" src=\"\" \/><\/div>\n    <script>\n      jQuery('#post-grid-lazy-29270').ready(function($) {\n        $('#post-grid-lazy-29270').fadeOut();\n        $('#post-grid-29270   ').fadeIn();\n      })\n    <\/script>\n    <style type=\"text\/css\">\n      #post-grid-29270 {\n        display: none;\n      }\n\n      .post-grid-lazy {\n        text-align: center;\n      }\n    <\/style>\n    <div data-options='{&quot;id&quot;:&quot;29270&quot;,&quot;lazy_load&quot;:&quot;yes&quot;,&quot;masonry_enable&quot;:&quot;no&quot;,&quot;view_type&quot;:&quot;grid&quot;}' id=\"post-grid-29270\" class=\"post-grid grid\">\n        <div class=\"grid-items\">\n      <div class=\"item item-29932 skin flat even 0\">\n        <div class=\"layer-wrapper layout-\">\n        <div class=\"layer-media\"><a href=\"https:\/\/www.workingskills.net\/vi\/phan-2-dai-hoc-cuoc-doi-no-hoa-hay-cuoc-song-be-tac-on-gioi-bi-kip-cho-cac-ban-sinh-vien-day-roi\/\"><img decoding=\"async\" src=\"https:\/\/www.internship.edu.vn\/wp-content\/uploads\/L%C3%A0m-sao-%C4%91%E1%BB%83-k%E1%BA%BFt-th%C3%A2n-v%E1%BB%9Bi-b%E1%BA%A1n-m%E1%BB%9Bi-b%C3%A2y-gi%E1%BB%9D.-Kh%C3%B4ng-bi%E1%BA%BFt-b%E1%BA%A1n-c%C3%B9ng-ph%C3%B2ng-c%C3%B3-h%E1%BB%A3p-v%E1%BB%9Bi-m%C3%ACnh-kh%C3%B4ng.-Tui-n%C3%B3i-chuy%E1%BB%87n-c%C3%B3-nh%E1%BA%A1t-qu%C3%A1-kh%C3%B4ng-ta.-C%C3%B3-l%E1%BA%BB-tui-s%E1%BA%BD-k%E1%BA%BFt-th%C3%BAc-cu%E1%BB%99c-%C4%91%E1%BB%9Di-%C4%91%E1%BA%A1i-h%E1%BB%8Dc-trong-c%C3%B4-%C4%91%C6%A1n-l%E1%BA%BB-b%C3%B3-1.png\" \/><\/a><\/div>\n  <div class=\"layer-content\">\n        <div class=\"element element_0  title_link\">\n                    <a target=\"\"\n                href=\"https:\/\/www.workingskills.net\/vi\/phan-2-dai-hoc-cuoc-doi-no-hoa-hay-cuoc-song-be-tac-on-gioi-bi-kip-cho-cac-ban-sinh-vien-day-roi\/\">(Ph\u1ea7n 2) \u0110\u1ea1i H\u1ecdc \u201c Cu\u1ed9c \u0110\u1eddi N\u1edf Hoa Hay Cu\u1ed9c S\u1ed1ng B\u1ebf T\u1eafc\u201d. \u01a0n Gi\u1eddi B\u00ed K\u00edp Cho C\u00e1c...<\/a>\n            <\/div>\n    <div class=\"element element_1  excerpt\">\n        (Ph\u1ea7n 2) \u0110\u1ea1i H\u1ecdc \u201c Cu\u1ed9c \u0110\u1eddi N\u1edf Hoa Hay Cu\u1ed9c S\u1ed1ng B\u1ebf T\u1eafc\u201d. \u01a0n Gi\u1eddi B\u00ed K\u00edp Cho C\u00e1c            <\/div>\n            <a class=\"element element_2  read_more\"\n            target=\"\"\n            href=\"https:\/\/www.workingskills.net\/vi\/phan-2-dai-hoc-cuoc-doi-no-hoa-hay-cuoc-song-be-tac-on-gioi-bi-kip-cho-cac-ban-sinh-vien-day-roi\/\"><\/a>\n      <\/div>\n    <\/div>\n  <\/div><div class=\"item item-29923 skin flat odd 1\">\n        <div class=\"layer-wrapper layout-\">\n        <div class=\"layer-media\"><a href=\"https:\/\/www.workingskills.net\/vi\/gioi-thieu-ve-phan-mem-xmind\/\"><img decoding=\"async\" src=\"https:\/\/student.workingskills.net\/wp-content\/uploads\/sites\/3\/2019\/03\/Untitled-Design-1-300x251.png\" \/><\/a><\/div>\n  <div class=\"layer-content\">\n        <div class=\"element element_0  title_link\">\n                    <a target=\"\"\n                href=\"https:\/\/www.workingskills.net\/vi\/gioi-thieu-ve-phan-mem-xmind\/\">Gi\u1edbi Thi\u1ec7u V\u1ec1 Ph\u1ea7n M\u1ec1m Xmind<\/a>\n            <\/div>\n    <div class=\"element element_1  excerpt\">\n        Gi\u1edbi Thi\u1ec7u V\u1ec1 Ph\u1ea7n M\u1ec1m Xmind Ch\u00fang ta \u0111\u1ec1u bi\u1ebft s\u01a1 \u0111\u1ed3 t\u01b0 duy l\u00e0 m\u1ed9t c\u00f4ng c\u1ee5 h\u1ed7 tr\u1ee3            <\/div>\n            <a class=\"element element_2  read_more\"\n            target=\"\"\n            href=\"https:\/\/www.workingskills.net\/vi\/gioi-thieu-ve-phan-mem-xmind\/\"><\/a>\n      <\/div>\n    <\/div>\n  <\/div><div class=\"item item-29874 skin flat even 2\">\n        <div class=\"layer-wrapper layout-\">\n        <div class=\"layer-media\"><a href=\"https:\/\/www.workingskills.net\/vi\/cach-thuc-phat-huy-nhung-tiem-nang-trong-con-nguoi-ban\/\"><img decoding=\"async\" src=\"https:\/\/www.internship.edu.vn\/wp-content\/uploads\/home-16personalities.png\" \/><\/a><\/div>\n  <div class=\"layer-content\">\n        <div class=\"element element_0  title_link\">\n                    <a target=\"\"\n                href=\"https:\/\/www.workingskills.net\/vi\/cach-thuc-phat-huy-nhung-tiem-nang-trong-con-nguoi-ban\/\">C\u00e1ch Th\u1ee9c Ph\u00e1t Huy Nh\u1eefng Ti\u1ec1m N\u0103ng Trong Con Ng\u01b0\u1eddi B\u1ea1n<\/a>\n            <\/div>\n    <div class=\"element element_1  excerpt\">\n        C\u00e1ch Th\u1ee9c Ph\u00e1t Huy Nh\u1eefng Ti\u1ec1m N\u0103ng Trong Con Ng\u01b0\u1eddi B\u1ea1n N\u1ebfu bi\u1ebft m\u00ecnh c\u00f3 \u0111\u00f4i c\u00e1nh \u0111\u1ea7y uy l\u1ef1c            <\/div>\n            <a class=\"element element_2  read_more\"\n            target=\"\"\n            href=\"https:\/\/www.workingskills.net\/vi\/cach-thuc-phat-huy-nhung-tiem-nang-trong-con-nguoi-ban\/\"><\/a>\n      <\/div>\n    <\/div>\n  <\/div><div class=\"item item-29876 skin flat odd 3\">\n        <div class=\"layer-wrapper layout-\">\n        <div class=\"layer-media\"><a href=\"https:\/\/www.workingskills.net\/vi\/10-bai-trac-nghiem-mien-phi-kham-pha-ban-than\/\"><img decoding=\"async\" src=\"https:\/\/www.internship.edu.vn\/wp-content\/uploads\/Untitled-Design-6.jpg\" \/><\/a><\/div>\n  <div class=\"layer-content\">\n        <div class=\"element element_0  title_link\">\n                    <a target=\"\"\n                href=\"https:\/\/www.workingskills.net\/vi\/10-bai-trac-nghiem-mien-phi-kham-pha-ban-than\/\">10 B\u00e0i Tr\u1eafc Nghi\u1ec7m Mi\u1ec5n Ph\u00ed \u2013 Kh\u00e1m Ph\u00e1 B\u1ea3n Th\u00e2n<\/a>\n            <\/div>\n    <div class=\"element element_1  excerpt\">\n        10 B\u00e0i Tr\u1eafc Nghi\u1ec7m Mi\u1ec5n Ph\u00ed \u2013 Kh\u00e1m Ph\u00e1 B\u1ea3n Th\u00e2n C\u00f3 bao gi\u1edd b\u1ea1n t\u1ef1 h\u1ecfi m\u00ecnh l\u00e0 ng\u01b0\u1eddi            <\/div>\n            <a class=\"element element_2  read_more\"\n            target=\"\"\n            href=\"https:\/\/www.workingskills.net\/vi\/10-bai-trac-nghiem-mien-phi-kham-pha-ban-than\/\"><\/a>\n      <\/div>\n    <\/div>\n  <\/div>    <\/div>\n    <div class=\"pagination\">\n      <div class=\"paginate\">\n    <span aria-label=\"Trang 1\" aria-current=\"page\" class=\"page-numbers current\" data-no-translation-aria-label=\"\">1<\/span>\n<a aria-label=\"Trang 2\" class=\"page-numbers\" href=\"https:\/\/www.workingskills.net\/vi\/wp-json\/wp\/v2\/pages\/147\/page\/2\/\" data-no-translation-aria-label=\"\">2<\/a>\n<a class=\"next page-numbers\" href=\"https:\/\/www.workingskills.net\/vi\/wp-json\/wp\/v2\/pages\/147\/page\/2\/\">Next \u00bb<\/a>  <\/div>\n  <style type=\"text\/css\">\n    #post-grid-29270 .pagination .page-numbers {\n      font-size: 16px;\n      color: #fff;\n      background: #646464;\n    }\n\n    #post-grid-29270 .pagination .page-numbers:hover,\n    #post-grid-29270 .pagination .page-numbers.current {\n      background: #4b4b4b;\n    }\n  <\/style>\n  <\/div>\n      <script>\n          <\/script>\n    <style type=\"text\/css\">\n    #post-grid-29270 .element_0 {\n      display: block;font-size: 21px;line-height: normal;padding: 5px 10px;text-align: left; text-decoration: none;    }\n\n    #post-grid-29270 .element_1 {\n      display: block;font-size: 14px;padding: 5px 10px;text-align: left;    }\n\n    #post-grid-29270 .element_2 {\n      display: block;font-size: 12px;font-weight: bold;padding: 0 10px;text-align: left;text-decoration: none;    }\n\n    #post-grid-29270 .element_0:hover{}#post-grid-29270 .element_1:hover{}#post-grid-29270 .element_2:hover{}  <\/style>\n  <style type=\"text\/css\">\n    #post-grid-29270 {\n      padding: 5px;\n          }\n\n    #post-grid-29270 .item {\n      padding: 0px;\n      background: #fff;\n          }\n\n    #post-grid-29270 .item .layer-media {\n      height:auto;    }\n\n    @media only screen and (min-width: 0px) and (max-width: 767px) {\n      #post-grid-29270 .grid-items {\n        text-align: center;\n              }\n\n      #post-grid-29270 .item {\n        width: 90%;\n        margin: 5px;\n        display: inline-block;\n        vertical-align: top;\n        height:auto;      }\n    }\n\n    @media only screen and (min-width: 768px) and (max-width: 1023px) {\n      #post-grid-29270 .grid-items {\n        text-align: center;\n              }\n\n      #post-grid-29270 .item {\n        width: 320px;\n        margin: 5px;\n        display: inline-block;\n        vertical-align: top;\n        max-height:auto;      }\n    }\n\n    @media only screen and (min-width: 1024px) {\n      #post-grid-29270 .grid-items {\n        text-align: center;\n              }\n\n      #post-grid-29270 .item {\n        width: 320px;\n        display: inline-block;\n        margin: 5px;\n        vertical-align: top;\n        height:auto;      }\n    }\n\n      <\/style>\n  <\/div>\n\n\n\n\n<p><strong>Improving Skills &#8211; Beautify Life<\/strong><\/p>\n\n\n\n      <div id=\"post-grid-lazy-29271\" class=\"post-grid-lazy\"><img decoding=\"async\" alt=\"\" src=\"\" \/><\/div>\n    <script>\n      jQuery('#post-grid-lazy-29271').ready(function($) {\n        $('#post-grid-lazy-29271').fadeOut();\n        $('#post-grid-29271   ').fadeIn();\n      })\n    <\/script>\n    <style type=\"text\/css\">\n      #post-grid-29271 {\n        display: none;\n      }\n\n      .post-grid-lazy {\n        text-align: center;\n      }\n    <\/style>\n    <div data-options='{&quot;id&quot;:&quot;29271&quot;,&quot;lazy_load&quot;:&quot;yes&quot;,&quot;masonry_enable&quot;:&quot;no&quot;,&quot;view_type&quot;:&quot;grid&quot;}' id=\"post-grid-29271\" class=\"post-grid grid\">\n        <div class=\"grid-items\">\n      <div class=\"item item-29869 skin flat even 0\">\n        <div class=\"layer-wrapper layout-\">\n        <div class=\"layer-media\"><a href=\"https:\/\/www.workingskills.net\/vi\/13-dieu-ban-nen-tu-bo-de-thanh-cong\/\"><img decoding=\"async\" src=\"https:\/\/lh6.googleusercontent.com\/XKb4POhcfXNrLEs4ho6JA1MpAu_lIe6Fun4zBiMkJe2efO2HPrwBsTP3PfWQ4KwWnDNSiHYEhVpcOjyMg2qCxC_FdfLl9iUjzFsVyPYqf2vwY5HFymCSkcFldkP5T8V4InwQHuU_\" \/><\/a><\/div>\n  <div class=\"layer-content\">\n        <div class=\"element element_0  title_link\">\n                    <a target=\"\"\n                href=\"https:\/\/www.workingskills.net\/vi\/13-dieu-ban-nen-tu-bo-de-thanh-cong\/\">13 \u0110i\u1ec1u B\u1ea1n N\u00ean T\u1eeb B\u1ecf \u0110\u1ec3 Th\u00e0nh C\u00f4ng<\/a>\n            <\/div>\n    <div class=\"element element_1  excerpt\">\n        13 \u0110i\u1ec1u B\u1ea1n N\u00ean T\u1eeb B\u1ecf \u0110\u1ec3 Th\u00e0nh C\u00f4ng \u201cV\u00e0o ng\u00e0y t\u1eadn th\u1ebf, ng\u01b0\u1eddi m\u00e0 b\u1ea1n tr\u1edf th\u00e0nh s\u1ebd g\u1eb7p            <\/div>\n            <a class=\"element element_2  read_more\"\n            target=\"\"\n            href=\"https:\/\/www.workingskills.net\/vi\/13-dieu-ban-nen-tu-bo-de-thanh-cong\/\"><\/a>\n      <\/div>\n    <\/div>\n  <\/div><div class=\"item item-29277 skin flat odd 1\">\n        <div class=\"layer-wrapper layout-\">\n        <div class=\"layer-media\"><a href=\"https:\/\/www.workingskills.net\/vi\/hay-nuoi-duong-may-man-cho-chinh-minh\/\"><img decoding=\"async\" alt=\"\" src=\"https:\/\/www.workingskills.net\/wp-content\/uploads\/2020\/04\/Exploring-yourself2-300x214.jpeg\" \/><\/a><\/div>\n  <div class=\"layer-content\">\n        <div class=\"element element_0  title_link\">\n                    <a target=\"\"\n                href=\"https:\/\/www.workingskills.net\/vi\/hay-nuoi-duong-may-man-cho-chinh-minh\/\">H\u00e3y nu\u00f4i d\u01b0\u1ee1ng may m\u1eafn cho ch\u00ednh m\u00ecnh!<\/a>\n            <\/div>\n    <div class=\"element element_1  excerpt\">\n        Trong c\u00f4ng vi\u1ec7c v\u00e0 cu\u1ed9c s\u1ed1ng, b\u00ean c\u1ea1nh s\u1ef1 n\u1ed7 l\u1ef1c ph\u1ea5n \u0111\u1ea5u kh\u00f4ng ng\u1eebng ngh\u1ec9, b\u1ea1n c\u1ea7n ph\u1ea3i c\u00f3            <\/div>\n            <a class=\"element element_2  read_more\"\n            target=\"\"\n            href=\"https:\/\/www.workingskills.net\/vi\/hay-nuoi-duong-may-man-cho-chinh-minh\/\"><\/a>\n      <\/div>\n    <\/div>\n  <\/div><div class=\"item item-29273 skin flat even 2\">\n        <div class=\"layer-wrapper layout-\">\n        <div class=\"layer-media\"><a href=\"https:\/\/www.workingskills.net\/vi\/cac-dieu-nen-lam-va-nen-tranh-khi-tham-du-phong-van\/\"><img decoding=\"async\" alt=\"\" src=\"https:\/\/www.workingskills.net\/wp-content\/uploads\/2019\/07\/job-interview-300x214.jpg\" \/><\/a><\/div>\n  <div class=\"layer-content\">\n        <div class=\"element element_0  title_link\">\n                    <a target=\"\"\n                href=\"https:\/\/www.workingskills.net\/vi\/cac-dieu-nen-lam-va-nen-tranh-khi-tham-du-phong-van\/\">C\u00e1c \u0111i\u1ec1u n\u00ean l\u00e0m v\u00e0 n\u00ean tr\u00e1nh khi tham d\u1ef1 ph\u1ecfng v\u1ea5n<\/a>\n            <\/div>\n    <div class=\"element element_1  excerpt\">\n        1. Nh\u1eefng \u0111i\u1ec1u n\u00ean l\u00e0m khi tham d\u1ef1 ph\u1ecfng v\u1ea5n \u0102n\u00a0m\u1eb7c nghi\u00eam t\u00fac ph\u00f9 h\u1ee3p v\u1edbi v\u1ecb tr\u00ed tuy\u1ec3n d\u1ee5ngBi\u1ebft            <\/div>\n            <a class=\"element element_2  read_more\"\n            target=\"\"\n            href=\"https:\/\/www.workingskills.net\/vi\/cac-dieu-nen-lam-va-nen-tranh-khi-tham-du-phong-van\/\"><\/a>\n      <\/div>\n    <\/div>\n  <\/div>    <\/div>\n    <div class=\"pagination\">\n      <div class=\"paginate\">\n      <\/div>\n  <style type=\"text\/css\">\n    #post-grid-29271 .pagination .page-numbers {\n      font-size: 16px;\n      color: #fff;\n      background: #646464;\n    }\n\n    #post-grid-29271 .pagination .page-numbers:hover,\n    #post-grid-29271 .pagination .page-numbers.current {\n      background: #4b4b4b;\n    }\n  <\/style>\n  <\/div>\n      <script>\n          <\/script>\n    <style type=\"text\/css\">\n    #post-grid-29271 .element_0 {\n      display: block;font-size: 21px;line-height: normal;padding: 5px 10px;text-align: left; text-decoration: none;    }\n\n    #post-grid-29271 .element_1 {\n      display: block;font-size: 14px;padding: 5px 10px;text-align: left;    }\n\n    #post-grid-29271 .element_2 {\n      display: block;font-size: 12px;font-weight: bold;padding: 0 10px;text-align: left;text-decoration: none;    }\n\n    #post-grid-29271 .element_0:hover{}#post-grid-29271 .element_1:hover{}#post-grid-29271 .element_2:hover{}  <\/style>\n  <style type=\"text\/css\">\n    #post-grid-29271 {\n      padding: 5px;\n          }\n\n    #post-grid-29271 .item {\n      padding: 0px;\n      background: #fff;\n          }\n\n    #post-grid-29271 .item .layer-media {\n      height:auto;    }\n\n    @media only screen and (min-width: 0px) and (max-width: 767px) {\n      #post-grid-29271 .grid-items {\n        text-align: center;\n              }\n\n      #post-grid-29271 .item {\n        width: 90%;\n        margin: 5px;\n        display: inline-block;\n        vertical-align: top;\n        height:auto;      }\n    }\n\n    @media only screen and (min-width: 768px) and (max-width: 1023px) {\n      #post-grid-29271 .grid-items {\n        text-align: center;\n              }\n\n      #post-grid-29271 .item {\n        width: 320px;\n        margin: 5px;\n        display: inline-block;\n        vertical-align: top;\n        max-height:auto;      }\n    }\n\n    @media only screen and (min-width: 1024px) {\n      #post-grid-29271 .grid-items {\n        text-align: center;\n              }\n\n      #post-grid-29271 .item {\n        width: 320px;\n        display: inline-block;\n        margin: 5px;\n        vertical-align: top;\n        height:auto;      }\n    }\n\n      <\/style>\n  <\/div>\n\n\n\n\n<p><\/p>","protected":false},"excerpt":{"rendered":"<p>Improving Skills &#8211; Building Capacity Every Day Improving Skills &#8211; Beautify Life<\/p>","protected":false},"author":2,"featured_media":0,"parent":0,"menu_order":0,"comment_status":"closed","ping_status":"closed","template":"elementor_header_footer","meta":{"_uag_custom_page_level_css":"","site-sidebar-layout":"right-sidebar","site-content-layout":"default","ast-site-content-layout":"","site-content-style":"default","site-sidebar-style":"default","ast-global-header-display":"","ast-banner-title-visibility":"","ast-main-header-display":"","ast-hfb-above-header-display":"","ast-hfb-below-header-display":"","ast-hfb-mobile-header-display":"","site-post-title":"disabled","ast-breadcrumbs-content":"","ast-featured-img":"disabled","footer-sml-layout":"","theme-transparent-header-meta":"default","adv-header-id-meta":"","stick-header-meta":"","header-above-stick-meta":"","header-main-stick-meta":"","header-below-stick-meta":"","astra-migrate-meta-layouts":"default","ast-page-background-enabled":"default","ast-page-background-meta":{"desktop":{"background-color":"","background-image":"","background-repeat":"repeat","background-position":"center center","background-size":"auto","background-attachment":"scroll","background-type":"","background-media":"","overlay-type":"","overlay-color":"","overlay-opacity":"","overlay-gradient":""},"tablet":{"background-color":"","background-image":"","background-repeat":"repeat","background-position":"center center","background-size":"auto","background-attachment":"scroll","background-type":"","background-media":"","overlay-type":"","overlay-color":"","overlay-opacity":"","overlay-gradient":""},"mobile":{"background-color":"","background-image":"","background-repeat":"repeat","background-position":"center center","background-size":"auto","background-attachment":"scroll","background-type":"","background-media":"","overlay-type":"","overlay-color":"","overlay-opacity":"","overlay-gradient":""}},"ast-content-background-meta":{"desktop":{"background-color":"var(--ast-global-color-5)","background-image":"","background-repeat":"repeat","background-position":"center center","background-size":"auto","background-attachment":"scroll","background-type":"","background-media":"","overlay-type":"","overlay-color":"","overlay-opacity":"","overlay-gradient":""},"tablet":{"background-color":"var(--ast-global-color-5)","background-image":"","background-repeat":"repeat","background-position":"center center","background-size":"auto","background-attachment":"scroll","background-type":"","background-media":"","overlay-type":"","overlay-color":"","overlay-opacity":"","overlay-gradient":""},"mobile":{"background-color":"var(--ast-global-color-5)","background-image":"","background-repeat":"repeat","background-position":"center center","background-size":"auto","background-attachment":"scroll","background-type":"","background-media":"","overlay-type":"","overlay-color":"","overlay-opacity":"","overlay-gradient":""}},"footnotes":""},"class_list":["post-147","page","type-page","status-publish","hentry"],"uagb_featured_image_src":{"full":false,"thumbnail":false,"medium":false,"medium_large":false,"large":false,"1536x1536":false,"2048x2048":false,"trp-custom-language-flag":false,"woocommerce_thumbnail":false,"woocommerce_single":false,"woocommerce_gallery_thumbnail":false},"uagb_author_info":{"display_name":"","author_link":"https:\/\/www.workingskills.net\/vi\/author\/"},"uagb_comment_info":0,"uagb_excerpt":"Improving Skills &#8211; Building Capacity Every Day Improving Skills &#8211; Beautify Life","_links":{"self":[{"href":"https:\/\/www.workingskills.net\/vi\/wp-json\/wp\/v2\/pages\/147","targetHints":{"allow":["GET"]}}],"collection":[{"href":"https:\/\/www.workingskills.net\/vi\/wp-json\/wp\/v2\/pages"}],"about":[{"href":"https:\/\/www.workingskills.net\/vi\/wp-json\/wp\/v2\/types\/page"}],"author":[{"embeddable":true,"href":"https:\/\/www.workingskills.net\/vi\/wp-json\/wp\/v2\/users\/2"}],"replies":[{"embeddable":true,"href":"https:\/\/www.workingskills.net\/vi\/wp-json\/wp\/v2\/comments?post=147"}],"version-history":[{"count":0,"href":"https:\/\/www.workingskills.net\/vi\/wp-json\/wp\/v2\/pages\/147\/revisions"}],"wp:attachment":[{"href":"https:\/\/www.workingskills.net\/vi\/wp-json\/wp\/v2\/media?parent=147"}],"curies":[{"name":"wp","href":"https:\/\/api.w.org\/{rel}","templated":true}]}}